{"id":8809,"date":"2023-10-11T12:22:40","date_gmt":"2023-10-11T10:22:40","guid":{"rendered":"https:\/\/mymodulo.pl\/sklep\/?post_type=product&#038;p=8809"},"modified":"2023-10-11T13:10:09","modified_gmt":"2023-10-11T11:10:09","slug":"kolo-mech-plaski-poduszkowy-i-chrobotek","status":"publish","type":"product","link":"https:\/\/mymodulo.pl\/sklep\/produkt\/kolo-mech-plaski-poduszkowy-i-chrobotek\/","title":{"rendered":"Ko\u0142o Mech p\u0142aski, poduszkowy i chrobotek"},"content":{"rendered":"<p><strong>Heksagon Mech<\/strong>\u00a0to <strong>panele dekoracyjne z mchu od Skotiwood<\/strong> &#8211; chrobotka reniferowego. G\u0119sta pokrywa mchu, gruba na kilka centymetr\u00f3w osadzona zosta\u0142a w d\u0119bowej ramie wyko\u0144czonej olejem. Panele mo\u017cna zastosowa\u0107 jako wzmocnienie kompozycji z drewnianych heksagon\u00f3w lub jako samodzielny obraz. Jest to idealne rozwi\u0105zanie dla os\u00f3b, kt\u00f3re chc\u0105 wprowadzi\u0107 ro\u015bliny do swojej przestrzeni, a jednocze\u015bnie ceni\u0105 \u0142atwo\u015b\u0107 utrzymania. Rozwi\u0105zanie, kt\u00f3re b\u0119dzie zachwyca\u0142o zar\u00f3wno domownik\u00f3w, pracownik\u00f3w czy Waszych go\u015bci.<\/p>\n<p><strong>Ro\u015bliny stabilizowane<\/strong> nie wymagaj\u0105 podlewania ani piel\u0119gnacji, poniewa\u017c zosta\u0142y one poddane procesowi stabilizacji.\u00a0 S\u0105 one bogate w chlorofil, dzi\u0119ki czemu mog\u0105 \u017cy\u0107 bez dost\u0119pu do naturalnego \u015bwiat\u0142a s\u0142onecznego<\/p>\n<p>&nbsp;<\/p>\n<h2 style=\"text-align: center;\">Mech p\u0142aski, poduszkowy i chrobotek<\/h2>\n<p>&nbsp;<\/p>\n<p><img loading=\"lazy\" class=\"aligncenter wp-image-8815 size-full\" src=\"https:\/\/mymodulo.pl\/sklep\/wp-content\/uploads\/2023\/10\/25_kolo-mech-plaski-poduszkowy-chrobotek.jpg\" alt=\"panel drewniany, mech chrobotek, ro\u015bliny stabilizowane\" width=\"800\" height=\"800\" srcset=\"https:\/\/mymodulo.pl\/sklep\/wp-content\/uploads\/2023\/10\/25_kolo-mech-plaski-poduszkowy-chrobotek.jpg 800w, https:\/\/mymodulo.pl\/sklep\/wp-content\/uploads\/2023\/10\/25_kolo-mech-plaski-poduszkowy-chrobotek-300x300.jpg 300w, https:\/\/mymodulo.pl\/sklep\/wp-content\/uploads\/2023\/10\/25_kolo-mech-plaski-poduszkowy-chrobotek-150x150.jpg 150w, https:\/\/mymodulo.pl\/sklep\/wp-content\/uploads\/2023\/10\/25_kolo-mech-plaski-poduszkowy-chrobotek-768x768.jpg 768w, https:\/\/mymodulo.pl\/sklep\/wp-content\/uploads\/2023\/10\/25_kolo-mech-plaski-poduszkowy-chrobotek-187x187.jpg 187w, https:\/\/mymodulo.pl\/sklep\/wp-content\/uploads\/2023\/10\/25_kolo-mech-plaski-poduszkowy-chrobotek-390x390.jpg 390w, https:\/\/mymodulo.pl\/sklep\/wp-content\/uploads\/2023\/10\/25_kolo-mech-plaski-poduszkowy-chrobotek-600x600.jpg 600w, https:\/\/mymodulo.pl\/sklep\/wp-content\/uploads\/2023\/10\/25_kolo-mech-plaski-poduszkowy-chrobotek-100x100.jpg 100w\" sizes=\"(max-width: 800px) 100vw, 800px\" \/><\/p>\n<h3>Inspiracje<\/h3>\n<p><img loading=\"lazy\" class=\"wp-image-8717 size-medium alignnone\" src=\"https:\/\/mymodulo.pl\/sklep\/wp-content\/uploads\/2023\/10\/310735689_1176015939933708_2269677871023830765_n-300x225.jpg\" alt=\"panel drewniany, mech chrobotek, ro\u015bliny stabilizowane\" width=\"300\" height=\"225\" srcset=\"https:\/\/mymodulo.pl\/sklep\/wp-content\/uploads\/2023\/10\/310735689_1176015939933708_2269677871023830765_n-300x225.jpg 300w, https:\/\/mymodulo.pl\/sklep\/wp-content\/uploads\/2023\/10\/310735689_1176015939933708_2269677871023830765_n-1024x768.jpg 1024w, https:\/\/mymodulo.pl\/sklep\/wp-content\/uploads\/2023\/10\/310735689_1176015939933708_2269677871023830765_n-768x576.jpg 768w, https:\/\/mymodulo.pl\/sklep\/wp-content\/uploads\/2023\/10\/310735689_1176015939933708_2269677871023830765_n-1536x1152.jpg 1536w, https:\/\/mymodulo.pl\/sklep\/wp-content\/uploads\/2023\/10\/310735689_1176015939933708_2269677871023830765_n-249x187.jpg 249w, https:\/\/mymodulo.pl\/sklep\/wp-content\/uploads\/2023\/10\/310735689_1176015939933708_2269677871023830765_n-1260x945.jpg 1260w, https:\/\/mymodulo.pl\/sklep\/wp-content\/uploads\/2023\/10\/310735689_1176015939933708_2269677871023830765_n-600x450.jpg 600w, https:\/\/mymodulo.pl\/sklep\/wp-content\/uploads\/2023\/10\/310735689_1176015939933708_2269677871023830765_n.jpg 2000w\" sizes=\"(max-width: 300px) 100vw, 300px\" \/><img loading=\"lazy\" class=\"alignnone size-medium wp-image-8853\" src=\"https:\/\/mymodulo.pl\/sklep\/wp-content\/uploads\/2023\/10\/300411660_596344282195071_4938598025727909034_n-300x225.jpg\" alt=\"\" width=\"300\" height=\"225\" srcset=\"https:\/\/mymodulo.pl\/sklep\/wp-content\/uploads\/2023\/10\/300411660_596344282195071_4938598025727909034_n-300x225.jpg 300w, https:\/\/mymodulo.pl\/sklep\/wp-content\/uploads\/2023\/10\/300411660_596344282195071_4938598025727909034_n-1024x768.jpg 1024w, https:\/\/mymodulo.pl\/sklep\/wp-content\/uploads\/2023\/10\/300411660_596344282195071_4938598025727909034_n-768x576.jpg 768w, https:\/\/mymodulo.pl\/sklep\/wp-content\/uploads\/2023\/10\/300411660_596344282195071_4938598025727909034_n-1536x1152.jpg 1536w, https:\/\/mymodulo.pl\/sklep\/wp-content\/uploads\/2023\/10\/300411660_596344282195071_4938598025727909034_n-249x187.jpg 249w, https:\/\/mymodulo.pl\/sklep\/wp-content\/uploads\/2023\/10\/300411660_596344282195071_4938598025727909034_n-1260x945.jpg 1260w, https:\/\/mymodulo.pl\/sklep\/wp-content\/uploads\/2023\/10\/300411660_596344282195071_4938598025727909034_n-600x450.jpg 600w, https:\/\/mymodulo.pl\/sklep\/wp-content\/uploads\/2023\/10\/300411660_596344282195071_4938598025727909034_n.jpg 2048w\" sizes=\"(max-width: 300px) 100vw, 300px\" \/> <img loading=\"lazy\" class=\"alignnone size-medium wp-image-8854\" src=\"https:\/\/mymodulo.pl\/sklep\/wp-content\/uploads\/2023\/10\/300562037_1059045864752635_5203547036590319192_n-300x225.jpg\" alt=\"\" width=\"300\" height=\"225\" srcset=\"https:\/\/mymodulo.pl\/sklep\/wp-content\/uploads\/2023\/10\/300562037_1059045864752635_5203547036590319192_n-300x225.jpg 300w, https:\/\/mymodulo.pl\/sklep\/wp-content\/uploads\/2023\/10\/300562037_1059045864752635_5203547036590319192_n-1024x768.jpg 1024w, https:\/\/mymodulo.pl\/sklep\/wp-content\/uploads\/2023\/10\/300562037_1059045864752635_5203547036590319192_n-768x576.jpg 768w, https:\/\/mymodulo.pl\/sklep\/wp-content\/uploads\/2023\/10\/300562037_1059045864752635_5203547036590319192_n-1536x1152.jpg 1536w, https:\/\/mymodulo.pl\/sklep\/wp-content\/uploads\/2023\/10\/300562037_1059045864752635_5203547036590319192_n-249x187.jpg 249w, https:\/\/mymodulo.pl\/sklep\/wp-content\/uploads\/2023\/10\/300562037_1059045864752635_5203547036590319192_n-1260x945.jpg 1260w, https:\/\/mymodulo.pl\/sklep\/wp-content\/uploads\/2023\/10\/300562037_1059045864752635_5203547036590319192_n-600x450.jpg 600w, https:\/\/mymodulo.pl\/sklep\/wp-content\/uploads\/2023\/10\/300562037_1059045864752635_5203547036590319192_n.jpg 2048w\" sizes=\"(max-width: 300px) 100vw, 300px\" \/><\/p>\n<p>&nbsp;<\/p>\n<h3>Materia\u0142<\/h3>\n<p>100% naturalne drewno<\/p>\n<h3>Wymiary<\/h3>\n<p>26 x 30 cm, bok = 15 cm<\/p>\n<h3>Dost\u0119pne kolory ramki<\/h3>\n<p><img loading=\"lazy\" class=\"alignnone size-medium wp-image-3597\" src=\"https:\/\/mymodulo.pl\/sklep\/wp-content\/uploads\/2019\/04\/koloratka-300x106.jpg\" alt=\"\" width=\"300\" height=\"106\" srcset=\"https:\/\/mymodulo.pl\/sklep\/wp-content\/uploads\/2019\/04\/koloratka-300x106.jpg 300w, https:\/\/mymodulo.pl\/sklep\/wp-content\/uploads\/2019\/04\/koloratka-768x273.jpg 768w, https:\/\/mymodulo.pl\/sklep\/wp-content\/uploads\/2019\/04\/koloratka-1024x363.jpg 1024w, https:\/\/mymodulo.pl\/sklep\/wp-content\/uploads\/2019\/04\/koloratka-280x99.jpg 280w, https:\/\/mymodulo.pl\/sklep\/wp-content\/uploads\/2019\/04\/koloratka-1260x447.jpg 1260w, https:\/\/mymodulo.pl\/sklep\/wp-content\/uploads\/2019\/04\/koloratka-600x213.jpg 600w, https:\/\/mymodulo.pl\/sklep\/wp-content\/uploads\/2019\/04\/koloratka.jpg 1341w\" sizes=\"(max-width: 300px) 100vw, 300px\" \/><\/p>\n<p><span style=\"color: #ff0000;\"><em>Wa\u017cne: widoczna na ekranie monitora kolorystyka mo\u017ce nieznacznie odbiega\u0107 od oryginalnej kolorystyki z powodu r\u00f3\u017cnych rodzaj\u00f3w monitor\u00f3w oraz ich skalibrowania.<\/em><\/span><\/p>\n<h3>Monta\u017c &#8211; warunki monta\u017cu<\/h3>\n<p>Panele montuje si\u0119 na klej monta\u017cowy. Nale\u017cy unika\u0107 bardzo d\u0142ugiego, bezpo\u015bredniego nas\u0142onecznienia oraz \u017ar\u00f3de\u0142 ciep\u0142a, takich jak grzejniki. Skrajne warunki mog\u0105 negatywnie wp\u0142yn\u0105\u0107 na trwa\u0142o\u015b\u0107 ro\u015blin stabilizowanych. Najlepiej si\u0119 czuj\u0105 je\u015bli wilgotno\u015b\u0107 we wn\u0119trzu utrzymuje si\u0119 na poziomie oko\u0142o 40-60%.<\/p>\n<p><img loading=\"lazy\" class=\"aligncenter wp-image-8817 size-full\" src=\"https:\/\/mymodulo.pl\/sklep\/wp-content\/uploads\/2023\/10\/kolo-mech-poduszkowy-plaski-chrobotek-3.jpg\" alt=\"panel drewniany, mech chrobotek, ro\u015bliny stabilizowane\" width=\"800\" height=\"800\" srcset=\"https:\/\/mymodulo.pl\/sklep\/wp-content\/uploads\/2023\/10\/kolo-mech-poduszkowy-plaski-chrobotek-3.jpg 800w, https:\/\/mymodulo.pl\/sklep\/wp-content\/uploads\/2023\/10\/kolo-mech-poduszkowy-plaski-chrobotek-3-300x300.jpg 300w, https:\/\/mymodulo.pl\/sklep\/wp-content\/uploads\/2023\/10\/kolo-mech-poduszkowy-plaski-chrobotek-3-150x150.jpg 150w, https:\/\/mymodulo.pl\/sklep\/wp-content\/uploads\/2023\/10\/kolo-mech-poduszkowy-plaski-chrobotek-3-768x768.jpg 768w, https:\/\/mymodulo.pl\/sklep\/wp-content\/uploads\/2023\/10\/kolo-mech-poduszkowy-plaski-chrobotek-3-187x187.jpg 187w, https:\/\/mymodulo.pl\/sklep\/wp-content\/uploads\/2023\/10\/kolo-mech-poduszkowy-plaski-chrobotek-3-390x390.jpg 390w, https:\/\/mymodulo.pl\/sklep\/wp-content\/uploads\/2023\/10\/kolo-mech-poduszkowy-plaski-chrobotek-3-600x600.jpg 600w, https:\/\/mymodulo.pl\/sklep\/wp-content\/uploads\/2023\/10\/kolo-mech-poduszkowy-plaski-chrobotek-3-100x100.jpg 100w\" sizes=\"(max-width: 800px) 100vw, 800px\" \/><\/p>\n<p>&nbsp;<\/p>\n<p>&nbsp;<\/p>\n<p>&nbsp;<\/p>\n","protected":false},"excerpt":{"rendered":"<p>Produkt realizowany pod zam\u00f3wienie<br \/>\nCzas realizacji ok 1-2 tygodnie<\/p>\n","protected":false},"featured_media":8815,"template":"","meta":[],"product_cat":[667,671,670,673],"product_tag":[],"_links":{"self":[{"href":"https:\/\/mymodulo.pl\/sklep\/wp-json\/wp\/v2\/product\/8809"}],"collection":[{"href":"https:\/\/mymodulo.pl\/sklep\/wp-json\/wp\/v2\/product"}],"about":[{"href":"https:\/\/mymodulo.pl\/sklep\/wp-json\/wp\/v2\/types\/product"}],"wp:featuredmedia":[{"embeddable":true,"href":"https:\/\/mymodulo.pl\/sklep\/wp-json\/wp\/v2\/media\/8815"}],"wp:attachment":[{"href":"https:\/\/mymodulo.pl\/sklep\/wp-json\/wp\/v2\/media?parent=8809"}],"wp:term":[{"taxonomy":"product_cat","embeddable":true,"href":"https:\/\/mymodulo.pl\/sklep\/wp-json\/wp\/v2\/product_cat?post=8809"},{"taxonomy":"product_tag","embeddable":true,"href":"https:\/\/mymodulo.pl\/sklep\/wp-json\/wp\/v2\/product_tag?post=8809"}],"curies":[{"name":"wp","href":"https:\/\/api.w.org\/{rel}","templated":true}]}}