{"id":8687,"date":"2023-10-04T14:31:05","date_gmt":"2023-10-04T12:31:05","guid":{"rendered":"https:\/\/mymodulo.pl\/sklep\/?post_type=product&#038;p=8687"},"modified":"2025-11-09T19:54:44","modified_gmt":"2025-11-09T18:54:44","slug":"heksagon-polka-drewniana-mech-plaski-poduszkowy-amarantus-oraz-bluszcz","status":"publish","type":"product","link":"https:\/\/mymodulo.pl\/sklep\/produkt\/heksagon-polka-drewniana-mech-plaski-poduszkowy-amarantus-oraz-bluszcz\/","title":{"rendered":"Heksagon P\u00f3\u0142ka drewniana \u2013 mech p\u0142aski, poduszkowy, amarantus oraz bluszcz"},"content":{"rendered":"<p><strong>Drewniane p\u00f3\u0142ki i panele \u015bcienne marki SkotiWood<\/strong> to produkty wykonane w 100% z naturalnego drewna. Cechuje je najwy\u017csza jako\u015b\u0107 i ponadczasowy design. Dzi\u0119ki panelom drewnianym mo\u017cna nada\u0107 wyj\u0105tkowego charakteru ka\u017cdemu wn\u0119trzu. Ka\u017cde pomieszczenie mo\u017cna odmieni\u0107 w bardzo prosty spos\u00f3b, dzi\u0119ki panelom drewnianym SkotiWood.\u00a0 Panel znajd\u0105 swoje zastosowanie zar\u00f3wno w salonie, przedpokoju, pokoju dziecka, ale r\u00f3wnie\u017c w obiektach u\u017cytkowych. Drewno to materia\u0142 ponadczasowy i przede wszystkim naturalny.<\/p>\n<p><strong>Ro\u015bliny stabilizowane<\/strong> nie wymagaj\u0105 podlewania ani piel\u0119gnacji, poniewa\u017c zosta\u0142y one poddane procesowi stabilizacji.\u00a0 S\u0105 one bogate w chlorofil, dzi\u0119ki czemu mog\u0105 \u017cy\u0107 bez dost\u0119pu do naturalnego \u015bwiat\u0142a s\u0142onecznego.<\/p>\n<p>Nale\u017cy unika\u0107 bardzo d\u0142ugiego, bezpo\u015bredniego nas\u0142onecznienia oraz \u017ar\u00f3de\u0142 ciep\u0142a, takich jak grzejniki. Skrajne warunki mog\u0105 negatywnie wp\u0142yn\u0105\u0107 na trwa\u0142o\u015b\u0107 ro\u015blin stabilizowanych. Najlepiej si\u0119 czuj\u0105 je\u015bli wilgotno\u015b\u0107 we wn\u0119trzu utrzymuje si\u0119 na poziomie oko\u0142o 40-60%.<\/p>\n<p>&nbsp;<\/p>\n<h1 class=\"woo_c-product-details-title product_title entry-title\" style=\"text-align: center;\">P\u00f3\u0142ka drewniana \u2013 mech p\u0142aski, poduszkowy, amarantus oraz bluszcz<\/h1>\n<p>&nbsp;<\/p>\n<p><img loading=\"lazy\" class=\"aligncenter wp-image-8801 size-full\" src=\"https:\/\/mymodulo.pl\/sklep\/wp-content\/uploads\/2023\/10\/387854938_6957917837593157_5275303586907017863_n.jpg\" alt=\"panel drewniany, mech chrobotek, ro\u015bliny stabilizowane\" width=\"960\" height=\"720\" srcset=\"https:\/\/mymodulo.pl\/sklep\/wp-content\/uploads\/2023\/10\/387854938_6957917837593157_5275303586907017863_n.jpg 960w, https:\/\/mymodulo.pl\/sklep\/wp-content\/uploads\/2023\/10\/387854938_6957917837593157_5275303586907017863_n-300x225.jpg 300w, https:\/\/mymodulo.pl\/sklep\/wp-content\/uploads\/2023\/10\/387854938_6957917837593157_5275303586907017863_n-768x576.jpg 768w, https:\/\/mymodulo.pl\/sklep\/wp-content\/uploads\/2023\/10\/387854938_6957917837593157_5275303586907017863_n-249x187.jpg 249w, https:\/\/mymodulo.pl\/sklep\/wp-content\/uploads\/2023\/10\/387854938_6957917837593157_5275303586907017863_n-600x450.jpg 600w\" sizes=\"(max-width: 960px) 100vw, 960px\" \/><\/p>\n<p>&nbsp;<\/p>\n<p>&nbsp;<\/p>\n<p>&nbsp;<\/p>\n<p>&nbsp;<\/p>\n<h4><strong><span style=\"color: #008000;\">Wa\u017cne! Cena dotyczy samej p\u00f3\u0142ki z ro\u015blinami &#8211; w zestawie nie ma elementu, kt\u00f3ry znajduje si\u0119 na zdj\u0119ciu pod p\u00f3\u0142k\u0105.<\/span><\/strong><\/h4>\n<p>&nbsp;<\/p>\n<p>&nbsp;<\/p>\n<p>&nbsp;<\/p>\n<h3>Realizacje i inspiracje<\/h3>\n<p><img loading=\"lazy\" class=\"aligncenter wp-image-8570 size-full\" src=\"https:\/\/mymodulo.pl\/sklep\/wp-content\/uploads\/2023\/09\/heksagon_polka_skotiwood_inspiracje5-scaled-1.jpg\" alt=\"p\u00f3\u0142ka drewniana heksagon\" width=\"1024\" height=\"767\" srcset=\"https:\/\/mymodulo.pl\/sklep\/wp-content\/uploads\/2023\/09\/heksagon_polka_skotiwood_inspiracje5-scaled-1.jpg 1024w, https:\/\/mymodulo.pl\/sklep\/wp-content\/uploads\/2023\/09\/heksagon_polka_skotiwood_inspiracje5-scaled-1-300x225.jpg 300w, https:\/\/mymodulo.pl\/sklep\/wp-content\/uploads\/2023\/09\/heksagon_polka_skotiwood_inspiracje5-scaled-1-768x575.jpg 768w, https:\/\/mymodulo.pl\/sklep\/wp-content\/uploads\/2023\/09\/heksagon_polka_skotiwood_inspiracje5-scaled-1-250x187.jpg 250w, https:\/\/mymodulo.pl\/sklep\/wp-content\/uploads\/2023\/09\/heksagon_polka_skotiwood_inspiracje5-scaled-1-600x449.jpg 600w\" sizes=\"(max-width: 1024px) 100vw, 1024px\" \/><\/p>\n<h3>Materia\u0142<\/h3>\n<p>100% naturalne drewno<\/p>\n<h3>Wymiary<\/h3>\n<p>30&#215;26 cm<br \/>\nBok = 15 cm<br \/>\nG\u0142\u0119boko\u015b\u0107 10,6 cm<\/p>\n<h3><img loading=\"lazy\" class=\"alignnone size-medium wp-image-8574\" src=\"https:\/\/mymodulo.pl\/sklep\/wp-content\/uploads\/2023\/09\/polka_heksagon_xl_wymiary_skotiwood-300x276.jpg\" alt=\"p\u00f3\u0142ka drewniana heksagon\" width=\"300\" height=\"276\" srcset=\"https:\/\/mymodulo.pl\/sklep\/wp-content\/uploads\/2023\/09\/polka_heksagon_xl_wymiary_skotiwood-300x276.jpg 300w, https:\/\/mymodulo.pl\/sklep\/wp-content\/uploads\/2023\/09\/polka_heksagon_xl_wymiary_skotiwood-203x187.jpg 203w, https:\/\/mymodulo.pl\/sklep\/wp-content\/uploads\/2023\/09\/polka_heksagon_xl_wymiary_skotiwood.jpg 458w\" sizes=\"(max-width: 300px) 100vw, 300px\" \/><\/h3>\n<p>&nbsp;<\/p>\n<h3>Dost\u0119pne kolory<\/h3>\n<p><img loading=\"lazy\" class=\"alignnone size-medium wp-image-3597\" src=\"https:\/\/mymodulo.pl\/sklep\/wp-content\/uploads\/2019\/04\/koloratka-300x106.jpg\" alt=\"\" width=\"300\" height=\"106\" srcset=\"https:\/\/mymodulo.pl\/sklep\/wp-content\/uploads\/2019\/04\/koloratka-300x106.jpg 300w, https:\/\/mymodulo.pl\/sklep\/wp-content\/uploads\/2019\/04\/koloratka-768x273.jpg 768w, https:\/\/mymodulo.pl\/sklep\/wp-content\/uploads\/2019\/04\/koloratka-1024x363.jpg 1024w, https:\/\/mymodulo.pl\/sklep\/wp-content\/uploads\/2019\/04\/koloratka-280x99.jpg 280w, https:\/\/mymodulo.pl\/sklep\/wp-content\/uploads\/2019\/04\/koloratka-1260x447.jpg 1260w, https:\/\/mymodulo.pl\/sklep\/wp-content\/uploads\/2019\/04\/koloratka-600x213.jpg 600w, https:\/\/mymodulo.pl\/sklep\/wp-content\/uploads\/2019\/04\/koloratka.jpg 1341w\" sizes=\"(max-width: 300px) 100vw, 300px\" \/><\/p>\n<p><span style=\"color: #ff0000;\"><em>Wa\u017cne: widoczna na ekranie monitora kolorystyka mo\u017ce nieznacznie odbiega\u0107 od oryginalnej kolorystyki z powodu r\u00f3\u017cnych rodzaj\u00f3w monitor\u00f3w oraz ich skalibrowania.<\/em><\/span><\/p>\n<h3>Monta\u017c \u2013 warunki monta\u017cu<\/h3>\n<p>Panele montuje si\u0119 na klej monta\u017cowy. Nale\u017cy unika\u0107 bardzo d\u0142ugiego, bezpo\u015bredniego nas\u0142onecznienia oraz \u017ar\u00f3de\u0142 ciep\u0142a, takich jak grzejniki. Skrajne warunki mog\u0105 negatywnie wp\u0142yn\u0105\u0107 na trwa\u0142o\u015b\u0107 ro\u015blin stabilizowanych. Najlepiej si\u0119 czuj\u0105 je\u015bli wilgotno\u015b\u0107 we wn\u0119trzu utrzymuje si\u0119 na poziomie oko\u0142o 40-60%.<\/p>\n<p>&nbsp;<\/p>\n<p>&nbsp;<\/p>\n<p>&nbsp;<\/p>\n","protected":false},"excerpt":{"rendered":"<p>Produkt wycofany przez producenta.<\/p>\n","protected":false},"featured_media":8693,"template":"","meta":[],"product_cat":[667,671,669,672,670,673],"product_tag":[],"_links":{"self":[{"href":"https:\/\/mymodulo.pl\/sklep\/wp-json\/wp\/v2\/product\/8687"}],"collection":[{"href":"https:\/\/mymodulo.pl\/sklep\/wp-json\/wp\/v2\/product"}],"about":[{"href":"https:\/\/mymodulo.pl\/sklep\/wp-json\/wp\/v2\/types\/product"}],"wp:featuredmedia":[{"embeddable":true,"href":"https:\/\/mymodulo.pl\/sklep\/wp-json\/wp\/v2\/media\/8693"}],"wp:attachment":[{"href":"https:\/\/mymodulo.pl\/sklep\/wp-json\/wp\/v2\/media?parent=8687"}],"wp:term":[{"taxonomy":"product_cat","embeddable":true,"href":"https:\/\/mymodulo.pl\/sklep\/wp-json\/wp\/v2\/product_cat?post=8687"},{"taxonomy":"product_tag","embeddable":true,"href":"https:\/\/mymodulo.pl\/sklep\/wp-json\/wp\/v2\/product_tag?post=8687"}],"curies":[{"name":"wp","href":"https:\/\/api.w.org\/{rel}","templated":true}]}}