{"id":8526,"date":"2023-09-19T13:07:21","date_gmt":"2023-09-19T11:07:21","guid":{"rendered":"https:\/\/mymodulo.pl\/sklep\/?post_type=product&#038;p=8526"},"modified":"2026-04-14T14:09:51","modified_gmt":"2026-04-14T12:09:51","slug":"panel-akustyczny-biurkowy-cell-140x40-kopia","status":"publish","type":"product","link":"https:\/\/mymodulo.pl\/sklep\/produkt\/panel-akustyczny-biurkowy-cell-140x40-kopia\/","title":{"rendered":"Panel akustyczny biurkowy Cell 120&#215;40"},"content":{"rendered":"<p>Akustyczne panele biurkowe z kolekcji <strong>CELL marki Marbet Felt\u00a0<\/strong> t\u0142umi\u0105 ha\u0142as, a r\u00f3wnocze\u015bnie pe\u0142ni\u0105 funkcj\u0119 ekranu wizualnego, odgradzaj\u0105c od gwaru rozm\u00f3w, odg\u0142osu krok\u00f3w, d\u017awi\u0119ku telefon\u00f3w i ca\u0142ego biurowego zgie\u0142ku. Stworzone dzi\u0119ki nim kameralne miejsce pracy pozostaje wci\u0105\u017c cz\u0119\u015bci\u0105 przestrzeni ca\u0142ego biura.<\/p>\n<p>Prostok\u0105tne panele biurkowe CELL\u00a0 s\u0105 dost\u0119pne w pi\u0119ciu wielko\u015bciach i wielu wariantach kolorystycznych. Dzi\u0119ki temu mog\u0105 harmonijnie wpisywa\u0107 si\u0119 w aran\u017cacj\u0119 biura lub te\u017c stanowi\u0107 atrakcyjny akcent.<\/p>\n<p>Panele wykonane s\u0105 z ekologicznej w\u0142\u00f3kniny rPET budz\u0105cej skojarzenia z we\u0142n\u0105. Tworz\u0105 przytulny nastr\u00f3j, wprowadzaj\u0105 ciep\u0142\u0105, domow\u0105 atmosfer\u0119 do przestrzeni biurowych, s\u0142u\u017c\u0105c\u0105 kreatywno\u015bci i wydajno\u015bci pracownik\u00f3w.<\/p>\n<p>Zobacz tak\u017ce:\u00a0<a href=\"https:\/\/mymodulo.pl\/sklep\/kategoria-produktu\/dla-biura\/panele-akustyczne\/\">Inne panele akustyczne z filcu<\/a><\/p>\n<p>&nbsp;<\/p>\n<h2 class=\"sow-headline\" style=\"text-align: center;\">Stosuj\u0105c panele biurkowe CELL, zyskasz w\u0142asny k\u0105t do indywidualnej pracy.<\/h2>\n<h2 class=\"sow-headline\" style=\"text-align: center;\"><img loading=\"lazy\" class=\"aligncenter wp-image-8513 size-full\" src=\"https:\/\/mymodulo.pl\/sklep\/wp-content\/uploads\/2023\/09\/CELL_Marbet-Felt_11-1.png\" alt=\"panel akustyczny biurkowy \" width=\"368\" height=\"368\" srcset=\"https:\/\/mymodulo.pl\/sklep\/wp-content\/uploads\/2023\/09\/CELL_Marbet-Felt_11-1.png 368w, https:\/\/mymodulo.pl\/sklep\/wp-content\/uploads\/2023\/09\/CELL_Marbet-Felt_11-1-300x300.png 300w, https:\/\/mymodulo.pl\/sklep\/wp-content\/uploads\/2023\/09\/CELL_Marbet-Felt_11-1-150x150.png 150w, https:\/\/mymodulo.pl\/sklep\/wp-content\/uploads\/2023\/09\/CELL_Marbet-Felt_11-1-187x187.png 187w, https:\/\/mymodulo.pl\/sklep\/wp-content\/uploads\/2023\/09\/CELL_Marbet-Felt_11-1-100x100.png 100w\" sizes=\"(max-width: 368px) 100vw, 368px\" \/><\/h2>\n<p>&nbsp;<\/p>\n<h3>Recykling, ochrona planety<\/h3>\n<p><strong>Panele akustyczne Petfelt<\/strong> z kolekcji CELL marki MarbetFelt\u00a0 nale\u017c\u0105 do grupy produkt\u00f3w monomateria\u0142owych wykonanych w ca\u0142o\u015bci z w\u0142\u00f3knin poliestrowych, w tym z ponad 50% w\u0142\u00f3kien rPET pochodz\u0105cych z recyklingu butelek PET. Co wa\u017cne, dzi\u0119ki specjalnej technologii panele nadaj\u0105 si\u0119 do 100% przetworzenia. To nasz spos\u00f3b na minimalizowanie odpad\u00f3w plastikowych za\u015bmiecaj\u0105cych oceany i degraduj\u0105cych \u015brodowisko naszej planety.<\/p>\n<p>Wytworzona z nich ekologiczna w\u0142\u00f3knina rPET to materia\u0142 wytrzyma\u0142y, o wysokich w\u0142a\u015bciwo\u015bciach akustycznych, a tak\u017ce przyjemny dla oczu i uszu oraz bezpieczny dla otoczenia. W\u0142\u00f3knina rPET jest tak\u017ce odporna na d\u0142ugotrwa\u0142e dzia\u0142anie alkoholowych \u015brodk\u00f3w dezynfekuj\u0105cych.<\/p>\n<p><img loading=\"lazy\" class=\"aligncenter wp-image-8515 size-full\" src=\"https:\/\/mymodulo.pl\/sklep\/wp-content\/uploads\/2023\/09\/CELL_Marbet-Felt_45-1.png\" alt=\"panel akustyczny biurkowy\" width=\"368\" height=\"368\" srcset=\"https:\/\/mymodulo.pl\/sklep\/wp-content\/uploads\/2023\/09\/CELL_Marbet-Felt_45-1.png 368w, https:\/\/mymodulo.pl\/sklep\/wp-content\/uploads\/2023\/09\/CELL_Marbet-Felt_45-1-300x300.png 300w, https:\/\/mymodulo.pl\/sklep\/wp-content\/uploads\/2023\/09\/CELL_Marbet-Felt_45-1-150x150.png 150w, https:\/\/mymodulo.pl\/sklep\/wp-content\/uploads\/2023\/09\/CELL_Marbet-Felt_45-1-187x187.png 187w, https:\/\/mymodulo.pl\/sklep\/wp-content\/uploads\/2023\/09\/CELL_Marbet-Felt_45-1-100x100.png 100w\" sizes=\"(max-width: 368px) 100vw, 368px\" \/><\/p>\n<h3>Monta\u017c<\/h3>\n<p>Panel nie posiada otwor\u00f3w pod monta\u017c oku\u0107. Okucia mocujemy bezpo\u015brednio do panelu za pomoc\u0105 \u015brub wkr\u0119canych przy u\u017cyciu wkr\u0119tarki. Okucia maj\u0105 by\u0107 przykr\u0119cone w przet\u0142oczeniach w panelu.<\/p>\n<h3>Dost\u0119pne wymiary<\/h3>\n<p>120&#215;40 cm CEB-3<\/p>\n<p><img loading=\"lazy\" class=\"size-medium wp-image-8509 aligncenter\" src=\"https:\/\/mymodulo.pl\/sklep\/wp-content\/uploads\/2023\/09\/CEB-3-300x300.jpg\" alt=\"panel akustyczny biurkowy\" width=\"300\" height=\"300\" srcset=\"https:\/\/mymodulo.pl\/sklep\/wp-content\/uploads\/2023\/09\/CEB-3-300x300.jpg 300w, https:\/\/mymodulo.pl\/sklep\/wp-content\/uploads\/2023\/09\/CEB-3-150x150.jpg 150w, https:\/\/mymodulo.pl\/sklep\/wp-content\/uploads\/2023\/09\/CEB-3-187x187.jpg 187w, https:\/\/mymodulo.pl\/sklep\/wp-content\/uploads\/2023\/09\/CEB-3-390x390.jpg 390w, https:\/\/mymodulo.pl\/sklep\/wp-content\/uploads\/2023\/09\/CEB-3-100x100.jpg 100w, https:\/\/mymodulo.pl\/sklep\/wp-content\/uploads\/2023\/09\/CEB-3.jpg 500w\" sizes=\"(max-width: 300px) 100vw, 300px\" \/><\/p>\n<p>&nbsp;<\/p>\n<p>Inne warianty znajdziesz w pozosta\u0142ych kartach produkt\u00f3w:<br \/>\n160 x 40 cm\u00a0 \u00a0 \u00a0CEB-4<br \/>\n140&#215;40 cm\u00a0 \u00a0 \u00a0 \u00a0CEB-41<br \/>\n80&#215;40 cm\u00a0 \u00a0 \u00a0 \u00a0 \u00a0CEB-2<br \/>\n160&#215;80 cm\u00a0 \u00a0 \u00a0 \u00a0CEB-8<\/p>\n<h3>Akustyka<\/h3>\n<p>Doskona\u0142\u0105 izolacyjno\u015b\u0107 paneli akustycznych CELL potwierdzaj\u0105 badania wykonane zgodnie z obowi\u0105zuj\u0105c\u0105 norm\u0105 PN ISO 10053:2001 przeprowadzone przez Laboratorium Akustyki Technicznej w Katedrze Mechaniki i Wibroakustyki AGH w Krakowie.<\/p>\n<p>Panele akustyczne CELL poprawiaj\u0105 akustyk\u0119 wn\u0119trz r\u00f3wnie\u017c dzi\u0119ki w\u0142a\u015bciwo\u015bciom absorpcyjnym (klasa D) zgodnie z norm\u0105 PN-EN ISO 354:2005. Parametry d\u017awi\u0119kowe wynikaj\u0105 zar\u00f3wno z u\u017cytego materia\u0142u, jak i formy.<\/p>\n<h3>Trudnopalno\u015b\u0107<\/h3>\n<p>Panel jako ca\u0142o\u015b\u0107 posiada klas\u0119 B odporno\u015bci na ogie\u0144.<\/p>\n<h3>Dost\u0119pna kolorystyka oku\u0107<\/h3>\n<p><img loading=\"lazy\" class=\"aligncenter wp-image-8516 size-full\" src=\"https:\/\/mymodulo.pl\/sklep\/wp-content\/uploads\/2023\/09\/Group-91.png\" alt=\"panel akustyczny biurkowy\" width=\"654\" height=\"204\" srcset=\"https:\/\/mymodulo.pl\/sklep\/wp-content\/uploads\/2023\/09\/Group-91.png 654w, https:\/\/mymodulo.pl\/sklep\/wp-content\/uploads\/2023\/09\/Group-91-300x94.png 300w, https:\/\/mymodulo.pl\/sklep\/wp-content\/uploads\/2023\/09\/Group-91-280x87.png 280w, https:\/\/mymodulo.pl\/sklep\/wp-content\/uploads\/2023\/09\/Group-91-600x187.png 600w\" sizes=\"(max-width: 654px) 100vw, 654px\" \/><\/p>\n<p>Okucia dost\u0119pne s\u0105 w 4 wybarwieniach RAL<br \/>\nszary 7046 MAT<br \/>\nbia\u0142y 9003 MAT<br \/>\nczarny 9005 MAT<br \/>\npomara\u0144czowy 2005 PO\u0141YSK 5 % do ceny panela z wybranej grupy cenowej &#8211; skontaktuj si\u0119 z nami w celu wyceny<br \/>\nkontakt@mymodulo.pl<\/p>\n<p>&nbsp;<\/p>\n<h3>Dost\u0119pna kolorystyka<\/h3>\n<p>&nbsp;<\/p>\n<p><strong>W\u0141\u00d3KNINA FILCOWA (rPET) &#8211; BAZOWA<\/strong><br \/>\nSk\u0142ad: 100% PES z udzia\u0142em ponad 50% w\u0142\u00f3kien rPET*; Gramatura: 1000 g\/m2<br \/>\n*rPET \u2013 w\u0142\u00f3knina pochodz\u0105ca z recyklingu butelek PET<br \/>\nW\u0142\u00f3knina kolor rPET<span style=\"color: #000080;\"> stanowi baz\u0119 dla kolorowych w\u0142\u00f3knin filcowych z grupy FL i TEX<\/span><\/p>\n<style type=\"text\/css\">\n\t\t\t\t#gallery-1 {\n\t\t\t\t\tmargin: auto;\n\t\t\t\t}\n\t\t\t\t#gallery-1 .gallery-item {\n\t\t\t\t\tfloat: left;\n\t\t\t\t\tmargin-top: 10px;\n\t\t\t\t\ttext-align: center;\n\t\t\t\t\twidth: 33%;\n\t\t\t\t}\n\t\t\t\t#gallery-1 .gallery-caption {\n\t\t\t\t\tmargin-left: 0;\n\t\t\t\t}\n\t\t\t<\/style><!-- see gallery_shortcode() in wp-includes\/media.php -->\n\t\t\t\n\t\t<div id=\"gallery-1\" class=\"gallery galleryid-8526 mfp-gallery mfp-gallery--images gallery-columns-3 gallery-size-thumbnail\"><div class=\"row zn_image_gallery \"><div class=\"col-sm-6 col-md-4 col-lg-4\"><a href=\"https:\/\/mymodulo.pl\/sklep\/wp-content\/uploads\/2021\/10\/rPET1100.jpg\" title=\"rPET1100\" class=\"hoverBorder\"><img width=\"150\" height=\"150\" src=\"https:\/\/mymodulo.pl\/sklep\/wp-content\/uploads\/2021\/10\/rPET1100-150x150.jpg\" class=\"attachment-thumbnail size-thumbnail\" alt=\"PANELE AKUSTYCZNE\" loading=\"lazy\" fid=\"219\" link=\"none\" orderby=\"rml\" srcset=\"https:\/\/mymodulo.pl\/sklep\/wp-content\/uploads\/2021\/10\/rPET1100-150x150.jpg 150w, https:\/\/mymodulo.pl\/sklep\/wp-content\/uploads\/2021\/10\/rPET1100-390x390.jpg 390w, https:\/\/mymodulo.pl\/sklep\/wp-content\/uploads\/2021\/10\/rPET1100-100x100.jpg 100w\" sizes=\"(max-width: 150px) 100vw, 150px\" \/><span class=\"gallery_caption\">rPET1100<\/span><\/a><\/div><\/div><\/div>\n<p>&nbsp;<\/p>\n<div id=\"panel-gb3376-6156ef6919572-2-1-3\" class=\"so-panel widget widget_sow-headline\" data-index=\"5\">\n<div class=\"panel-widget-style panel-widget-style-for-gb3376-6156ef6919572-2-1-3\">\n<div class=\"so-widget-sow-headline so-widget-sow-headline-default-11bab14b9af8-3376 so-widget-fittext-wrapper\" data-fit-text-compressor=\"0.85\">\n<div class=\"sow-headline-container \">\n<p class=\"sow-headline\"><strong>Grupa TEX &#8211; OGNIOODPORNE<\/strong><\/p>\n<\/div>\n<\/div>\n<\/div>\n<\/div>\n<div id=\"panel-gb3376-6156ef6919572-2-1-4\" class=\"so-panel widget widget_sow-editor panel-last-child\" data-index=\"6\">\n<div class=\"panel-widget-style panel-widget-style-for-gb3376-6156ef6919572-2-1-4\">\n<div class=\"so-widget-sow-editor so-widget-sow-editor-base\">\n<div class=\"siteorigin-widget-tinymce textwidget\">\n<p>W\u0141\u00d3KNINA FILCOWA (TEX) \u2013 TEXFEL\u00ae INTERIORS<br \/>\nSk\u0142ad: 100% PES; Klasa odporno\u015bci na ogie\u0144: EN 13501-1 + A1: B-s1, dASTM E-84-18: klasa A;<br \/>\nWytrzyma\u0142o\u015b\u0107 na \u015bcieranie: UNE-EN 14465 + A1: klasa AISO 12947-2 \/ AC:&gt; 50 000 cykli \u015bcierania Martindale; Odporno\u015b\u0107 na \u015bwiat\u0142o: klasa A, D\u017awi\u0119koch\u0142onno\u015b\u0107: UNE-EN ISO 354: \u03b1W = 0,15 (H); EN ISO 11654: klasa E,<br \/>\nSTANDARD 100 firmy OEKO-TEX\u00ae<\/p>\n<\/div>\n<\/div>\n<style type=\"text\/css\">\n\t\t\t\t#gallery-2 {\n\t\t\t\t\tmargin: auto;\n\t\t\t\t}\n\t\t\t\t#gallery-2 .gallery-item {\n\t\t\t\t\tfloat: left;\n\t\t\t\t\tmargin-top: 10px;\n\t\t\t\t\ttext-align: center;\n\t\t\t\t\twidth: 16%;\n\t\t\t\t}\n\t\t\t\t#gallery-2 .gallery-caption {\n\t\t\t\t\tmargin-left: 0;\n\t\t\t\t}\n\t\t\t<\/style><!-- see gallery_shortcode() in wp-includes\/media.php -->\n\t\t\t\n\t\t<div id=\"gallery-2\" class=\"gallery galleryid-8526 mfp-gallery mfp-gallery--images gallery-columns-6 gallery-size-thumbnail\"><div class=\"row zn_image_gallery \"><div class=\"col-sm-6 col-md-4 col-lg-2\"><a href=\"https:\/\/mymodulo.pl\/sklep\/wp-content\/uploads\/2023\/09\/TEX499SOL.jpg\" title=\"TEX499SOL\" class=\"hoverBorder\"><img width=\"150\" height=\"150\" src=\"https:\/\/mymodulo.pl\/sklep\/wp-content\/uploads\/2023\/09\/TEX499SOL-150x150.jpg\" class=\"attachment-thumbnail size-thumbnail\" alt=\"\" loading=\"lazy\" fid=\"218\" link=\"none\" columns=\"6\" orderby=\"rml\" srcset=\"https:\/\/mymodulo.pl\/sklep\/wp-content\/uploads\/2023\/09\/TEX499SOL-150x150.jpg 150w, https:\/\/mymodulo.pl\/sklep\/wp-content\/uploads\/2023\/09\/TEX499SOL-300x300.jpg 300w, https:\/\/mymodulo.pl\/sklep\/wp-content\/uploads\/2023\/09\/TEX499SOL-187x187.jpg 187w, https:\/\/mymodulo.pl\/sklep\/wp-content\/uploads\/2023\/09\/TEX499SOL-390x390.jpg 390w, https:\/\/mymodulo.pl\/sklep\/wp-content\/uploads\/2023\/09\/TEX499SOL-100x100.jpg 100w, https:\/\/mymodulo.pl\/sklep\/wp-content\/uploads\/2023\/09\/TEX499SOL.jpg 400w\" sizes=\"(max-width: 150px) 100vw, 150px\" \/><span class=\"gallery_caption\">TEX499SOL<\/span><\/a><\/div><div class=\"col-sm-6 col-md-4 col-lg-2\"><a href=\"https:\/\/mymodulo.pl\/sklep\/wp-content\/uploads\/2023\/09\/TEX456SOL.jpg\" title=\"TEX456SOL\" class=\"hoverBorder\"><img width=\"150\" height=\"150\" src=\"https:\/\/mymodulo.pl\/sklep\/wp-content\/uploads\/2023\/09\/TEX456SOL-150x150.jpg\" class=\"attachment-thumbnail size-thumbnail\" alt=\"\" loading=\"lazy\" fid=\"218\" link=\"none\" columns=\"6\" orderby=\"rml\" srcset=\"https:\/\/mymodulo.pl\/sklep\/wp-content\/uploads\/2023\/09\/TEX456SOL-150x150.jpg 150w, https:\/\/mymodulo.pl\/sklep\/wp-content\/uploads\/2023\/09\/TEX456SOL-300x300.jpg 300w, https:\/\/mymodulo.pl\/sklep\/wp-content\/uploads\/2023\/09\/TEX456SOL-187x187.jpg 187w, https:\/\/mymodulo.pl\/sklep\/wp-content\/uploads\/2023\/09\/TEX456SOL-390x390.jpg 390w, https:\/\/mymodulo.pl\/sklep\/wp-content\/uploads\/2023\/09\/TEX456SOL-100x100.jpg 100w, https:\/\/mymodulo.pl\/sklep\/wp-content\/uploads\/2023\/09\/TEX456SOL.jpg 400w\" sizes=\"(max-width: 150px) 100vw, 150px\" \/><span class=\"gallery_caption\">TEX456SOL<\/span><\/a><\/div><div class=\"col-sm-6 col-md-4 col-lg-2\"><a href=\"https:\/\/mymodulo.pl\/sklep\/wp-content\/uploads\/2021\/10\/TEX496ML.jpg\" title=\"TEX496ML\" class=\"hoverBorder\"><img width=\"150\" height=\"150\" src=\"https:\/\/mymodulo.pl\/sklep\/wp-content\/uploads\/2021\/10\/TEX496ML-150x150.jpg\" class=\"attachment-thumbnail size-thumbnail\" alt=\"panele akustyczne\" loading=\"lazy\" fid=\"218\" link=\"none\" columns=\"6\" orderby=\"rml\" srcset=\"https:\/\/mymodulo.pl\/sklep\/wp-content\/uploads\/2021\/10\/TEX496ML-150x150.jpg 150w, https:\/\/mymodulo.pl\/sklep\/wp-content\/uploads\/2021\/10\/TEX496ML-390x390.jpg 390w, https:\/\/mymodulo.pl\/sklep\/wp-content\/uploads\/2021\/10\/TEX496ML-100x100.jpg 100w\" sizes=\"(max-width: 150px) 100vw, 150px\" \/><span class=\"gallery_caption\">TEX496ML<\/span><\/a><\/div><div class=\"col-sm-6 col-md-4 col-lg-2\"><a href=\"https:\/\/mymodulo.pl\/sklep\/wp-content\/uploads\/2021\/10\/TEX494ML.jpg\" title=\"TEX494ML\" class=\"hoverBorder\"><img width=\"150\" height=\"150\" src=\"https:\/\/mymodulo.pl\/sklep\/wp-content\/uploads\/2021\/10\/TEX494ML-150x150.jpg\" class=\"attachment-thumbnail size-thumbnail\" alt=\"panele akustyczne\" loading=\"lazy\" fid=\"218\" link=\"none\" columns=\"6\" orderby=\"rml\" srcset=\"https:\/\/mymodulo.pl\/sklep\/wp-content\/uploads\/2021\/10\/TEX494ML-150x150.jpg 150w, https:\/\/mymodulo.pl\/sklep\/wp-content\/uploads\/2021\/10\/TEX494ML-390x390.jpg 390w, https:\/\/mymodulo.pl\/sklep\/wp-content\/uploads\/2021\/10\/TEX494ML-100x100.jpg 100w\" sizes=\"(max-width: 150px) 100vw, 150px\" \/><span class=\"gallery_caption\">TEX494ML<\/span><\/a><\/div><div class=\"col-sm-6 col-md-4 col-lg-2\"><a href=\"https:\/\/mymodulo.pl\/sklep\/wp-content\/uploads\/2021\/10\/TEX446ML.jpg\" title=\"TEX446ML\" class=\"hoverBorder\"><img width=\"150\" height=\"150\" src=\"https:\/\/mymodulo.pl\/sklep\/wp-content\/uploads\/2021\/10\/TEX446ML-150x150.jpg\" class=\"attachment-thumbnail size-thumbnail\" alt=\"panele akustyczne\" loading=\"lazy\" fid=\"218\" link=\"none\" columns=\"6\" orderby=\"rml\" srcset=\"https:\/\/mymodulo.pl\/sklep\/wp-content\/uploads\/2021\/10\/TEX446ML-150x150.jpg 150w, https:\/\/mymodulo.pl\/sklep\/wp-content\/uploads\/2021\/10\/TEX446ML-390x390.jpg 390w, https:\/\/mymodulo.pl\/sklep\/wp-content\/uploads\/2021\/10\/TEX446ML-100x100.jpg 100w\" sizes=\"(max-width: 150px) 100vw, 150px\" \/><span class=\"gallery_caption\">TEX446ML<\/span><\/a><\/div><div class=\"col-sm-6 col-md-4 col-lg-2\"><a href=\"https:\/\/mymodulo.pl\/sklep\/wp-content\/uploads\/2021\/10\/TEX432ML.jpg\" title=\"TEX432ML\" class=\"hoverBorder\"><img width=\"150\" height=\"150\" src=\"https:\/\/mymodulo.pl\/sklep\/wp-content\/uploads\/2021\/10\/TEX432ML-150x150.jpg\" class=\"attachment-thumbnail size-thumbnail\" alt=\"panele akustyczne\" loading=\"lazy\" fid=\"218\" link=\"none\" columns=\"6\" orderby=\"rml\" srcset=\"https:\/\/mymodulo.pl\/sklep\/wp-content\/uploads\/2021\/10\/TEX432ML-150x150.jpg 150w, https:\/\/mymodulo.pl\/sklep\/wp-content\/uploads\/2021\/10\/TEX432ML-390x390.jpg 390w, https:\/\/mymodulo.pl\/sklep\/wp-content\/uploads\/2021\/10\/TEX432ML-100x100.jpg 100w\" sizes=\"(max-width: 150px) 100vw, 150px\" \/><span class=\"gallery_caption\">TEX432ML<\/span><\/a><\/div><\/div><div class=\"row zn_image_gallery \"><div class=\"col-sm-6 col-md-4 col-lg-2\"><a href=\"https:\/\/mymodulo.pl\/sklep\/wp-content\/uploads\/2021\/10\/TEX428ML.jpg\" title=\"TEX428ML\" class=\"hoverBorder\"><img width=\"150\" height=\"150\" src=\"https:\/\/mymodulo.pl\/sklep\/wp-content\/uploads\/2021\/10\/TEX428ML-150x150.jpg\" class=\"attachment-thumbnail size-thumbnail\" alt=\"panel akustyczny\" loading=\"lazy\" fid=\"218\" link=\"none\" columns=\"6\" orderby=\"rml\" srcset=\"https:\/\/mymodulo.pl\/sklep\/wp-content\/uploads\/2021\/10\/TEX428ML-150x150.jpg 150w, https:\/\/mymodulo.pl\/sklep\/wp-content\/uploads\/2021\/10\/TEX428ML-390x390.jpg 390w, https:\/\/mymodulo.pl\/sklep\/wp-content\/uploads\/2021\/10\/TEX428ML-100x100.jpg 100w\" sizes=\"(max-width: 150px) 100vw, 150px\" \/><span class=\"gallery_caption\">TEX428ML<\/span><\/a><\/div><div class=\"col-sm-6 col-md-4 col-lg-2\"><a href=\"https:\/\/mymodulo.pl\/sklep\/wp-content\/uploads\/2021\/10\/TEX426ML.jpg\" title=\"TEX426ML\" class=\"hoverBorder\"><img width=\"150\" height=\"150\" src=\"https:\/\/mymodulo.pl\/sklep\/wp-content\/uploads\/2021\/10\/TEX426ML-150x150.jpg\" class=\"attachment-thumbnail size-thumbnail\" alt=\"\" loading=\"lazy\" fid=\"218\" link=\"none\" columns=\"6\" orderby=\"rml\" srcset=\"https:\/\/mymodulo.pl\/sklep\/wp-content\/uploads\/2021\/10\/TEX426ML-150x150.jpg 150w, https:\/\/mymodulo.pl\/sklep\/wp-content\/uploads\/2021\/10\/TEX426ML-390x390.jpg 390w, https:\/\/mymodulo.pl\/sklep\/wp-content\/uploads\/2021\/10\/TEX426ML-100x100.jpg 100w\" sizes=\"(max-width: 150px) 100vw, 150px\" \/><span class=\"gallery_caption\">TEX426ML<\/span><\/a><\/div><div class=\"col-sm-6 col-md-4 col-lg-2\"><a href=\"https:\/\/mymodulo.pl\/sklep\/wp-content\/uploads\/2021\/10\/TEX424ML.jpg\" title=\"TEX424ML\" class=\"hoverBorder\"><img width=\"150\" height=\"150\" src=\"https:\/\/mymodulo.pl\/sklep\/wp-content\/uploads\/2021\/10\/TEX424ML-150x150.jpg\" class=\"attachment-thumbnail size-thumbnail\" alt=\"panele akustyczne\" loading=\"lazy\" fid=\"218\" link=\"none\" columns=\"6\" orderby=\"rml\" srcset=\"https:\/\/mymodulo.pl\/sklep\/wp-content\/uploads\/2021\/10\/TEX424ML-150x150.jpg 150w, https:\/\/mymodulo.pl\/sklep\/wp-content\/uploads\/2021\/10\/TEX424ML-390x390.jpg 390w, https:\/\/mymodulo.pl\/sklep\/wp-content\/uploads\/2021\/10\/TEX424ML-100x100.jpg 100w\" sizes=\"(max-width: 150px) 100vw, 150px\" \/><span class=\"gallery_caption\">TEX424ML<\/span><\/a><\/div><div class=\"col-sm-6 col-md-4 col-lg-2\"><a href=\"https:\/\/mymodulo.pl\/sklep\/wp-content\/uploads\/2021\/10\/TEX423ML.jpg\" title=\"TEX423ML\" class=\"hoverBorder\"><img width=\"150\" height=\"150\" src=\"https:\/\/mymodulo.pl\/sklep\/wp-content\/uploads\/2021\/10\/TEX423ML-150x150.jpg\" class=\"attachment-thumbnail size-thumbnail\" alt=\"panele akustyczne\" loading=\"lazy\" fid=\"218\" link=\"none\" columns=\"6\" orderby=\"rml\" srcset=\"https:\/\/mymodulo.pl\/sklep\/wp-content\/uploads\/2021\/10\/TEX423ML-150x150.jpg 150w, https:\/\/mymodulo.pl\/sklep\/wp-content\/uploads\/2021\/10\/TEX423ML-390x390.jpg 390w, https:\/\/mymodulo.pl\/sklep\/wp-content\/uploads\/2021\/10\/TEX423ML-100x100.jpg 100w\" sizes=\"(max-width: 150px) 100vw, 150px\" \/><span class=\"gallery_caption\">TEX423ML<\/span><\/a><\/div><div class=\"col-sm-6 col-md-4 col-lg-2\"><a href=\"https:\/\/mymodulo.pl\/sklep\/wp-content\/uploads\/2021\/10\/Tex409ML.jpg\" title=\"Tex409ML\" class=\"hoverBorder\"><img width=\"150\" height=\"150\" src=\"https:\/\/mymodulo.pl\/sklep\/wp-content\/uploads\/2021\/10\/Tex409ML-150x150.jpg\" class=\"attachment-thumbnail size-thumbnail\" alt=\"panele akustyczne\" loading=\"lazy\" fid=\"218\" link=\"none\" columns=\"6\" orderby=\"rml\" srcset=\"https:\/\/mymodulo.pl\/sklep\/wp-content\/uploads\/2021\/10\/Tex409ML-150x150.jpg 150w, https:\/\/mymodulo.pl\/sklep\/wp-content\/uploads\/2021\/10\/Tex409ML-390x390.jpg 390w, https:\/\/mymodulo.pl\/sklep\/wp-content\/uploads\/2021\/10\/Tex409ML-100x100.jpg 100w\" sizes=\"(max-width: 150px) 100vw, 150px\" \/><span class=\"gallery_caption\">Tex409ML<\/span><\/a><\/div><div class=\"col-sm-6 col-md-4 col-lg-2\"><a href=\"https:\/\/mymodulo.pl\/sklep\/wp-content\/uploads\/2021\/10\/TEX405ML.jpg\" title=\"TEX450ML\" class=\"hoverBorder\"><img width=\"150\" height=\"150\" src=\"https:\/\/mymodulo.pl\/sklep\/wp-content\/uploads\/2021\/10\/TEX405ML-150x150.jpg\" class=\"attachment-thumbnail size-thumbnail\" alt=\"panele akustyczne\" loading=\"lazy\" fid=\"218\" link=\"none\" columns=\"6\" orderby=\"rml\" srcset=\"https:\/\/mymodulo.pl\/sklep\/wp-content\/uploads\/2021\/10\/TEX405ML-150x150.jpg 150w, https:\/\/mymodulo.pl\/sklep\/wp-content\/uploads\/2021\/10\/TEX405ML-390x390.jpg 390w, https:\/\/mymodulo.pl\/sklep\/wp-content\/uploads\/2021\/10\/TEX405ML-100x100.jpg 100w\" sizes=\"(max-width: 150px) 100vw, 150px\" \/><span class=\"gallery_caption\">TEX450ML<\/span><\/a><\/div><\/div><div class=\"row zn_image_gallery \"><div class=\"col-sm-6 col-md-4 col-lg-2\"><a href=\"https:\/\/mymodulo.pl\/sklep\/wp-content\/uploads\/2021\/10\/Tex401ML.jpg\" title=\"Tex401ML\" class=\"hoverBorder\"><img width=\"150\" height=\"150\" src=\"https:\/\/mymodulo.pl\/sklep\/wp-content\/uploads\/2021\/10\/Tex401ML-150x150.jpg\" class=\"attachment-thumbnail size-thumbnail\" alt=\"panele akustyczne\" loading=\"lazy\" fid=\"218\" link=\"none\" columns=\"6\" orderby=\"rml\" srcset=\"https:\/\/mymodulo.pl\/sklep\/wp-content\/uploads\/2021\/10\/Tex401ML-150x150.jpg 150w, https:\/\/mymodulo.pl\/sklep\/wp-content\/uploads\/2021\/10\/Tex401ML-390x390.jpg 390w, https:\/\/mymodulo.pl\/sklep\/wp-content\/uploads\/2021\/10\/Tex401ML-100x100.jpg 100w\" sizes=\"(max-width: 150px) 100vw, 150px\" \/><span class=\"gallery_caption\">Tex401ML<\/span><\/a><\/div><div class=\"col-sm-6 col-md-4 col-lg-2\"><a href=\"https:\/\/mymodulo.pl\/sklep\/wp-content\/uploads\/2021\/10\/Tex400ML.jpg\" title=\"Tex400ML\" class=\"hoverBorder\"><img width=\"150\" height=\"150\" src=\"https:\/\/mymodulo.pl\/sklep\/wp-content\/uploads\/2021\/10\/Tex400ML-150x150.jpg\" class=\"attachment-thumbnail size-thumbnail\" alt=\"panele akustyczne\" loading=\"lazy\" fid=\"218\" link=\"none\" columns=\"6\" orderby=\"rml\" srcset=\"https:\/\/mymodulo.pl\/sklep\/wp-content\/uploads\/2021\/10\/Tex400ML-150x150.jpg 150w, https:\/\/mymodulo.pl\/sklep\/wp-content\/uploads\/2021\/10\/Tex400ML-390x390.jpg 390w, https:\/\/mymodulo.pl\/sklep\/wp-content\/uploads\/2021\/10\/Tex400ML-100x100.jpg 100w\" sizes=\"(max-width: 150px) 100vw, 150px\" \/><span class=\"gallery_caption\">Tex400ML<\/span><\/a><\/div><\/div><\/div>\n<p>&nbsp;<\/p>\n<\/div>\n<p>Zdj\u0119cia: Marbet Sp. z o.o.<\/p>\n<div class=\"panel-widget-style panel-widget-style-for-gb3376-6156ef6919572-2-1-4\">\n<div class=\"so-widget-sow-editor so-widget-sow-editor-base\">\n<h3><span style=\"color: #000080;\">W celu otrzymania dokument\u00f3w dotycz\u0105cych akustyki, trudnopalno\u015bci czy instrukcji monta\u017cu prosimy o\u00a0 przes\u0142anie wiadomo\u015bci na <\/span><a href=\"mailto:kontakt@mymodulo.pl\"><span style=\"color: #000080;\">kontakt@mymodulo.pl<\/span><\/a><\/h3>\n<\/div>\n<\/div>\n<\/div>\n","protected":false},"excerpt":{"rendered":"<p><span style=\"color: #000000;\"><strong>Czas realizacji ok 3-5 tygodni<\/strong><\/span><br \/>\n<span style=\"color: #000000;\"><strong>Wybrane kolory nale\u017cy wpisa\u0107 w polu: uwagi do zam\u00f3wienia<\/strong><\/span><\/p>\n","protected":false},"featured_media":8513,"template":"","meta":[],"product_cat":[631,629,664],"product_tag":[],"_links":{"self":[{"href":"https:\/\/mymodulo.pl\/sklep\/wp-json\/wp\/v2\/product\/8526"}],"collection":[{"href":"https:\/\/mymodulo.pl\/sklep\/wp-json\/wp\/v2\/product"}],"about":[{"href":"https:\/\/mymodulo.pl\/sklep\/wp-json\/wp\/v2\/types\/product"}],"wp:featuredmedia":[{"embeddable":true,"href":"https:\/\/mymodulo.pl\/sklep\/wp-json\/wp\/v2\/media\/8513"}],"wp:attachment":[{"href":"https:\/\/mymodulo.pl\/sklep\/wp-json\/wp\/v2\/media?parent=8526"}],"wp:term":[{"taxonomy":"product_cat","embeddable":true,"href":"https:\/\/mymodulo.pl\/sklep\/wp-json\/wp\/v2\/product_cat?post=8526"},{"taxonomy":"product_tag","embeddable":true,"href":"https:\/\/mymodulo.pl\/sklep\/wp-json\/wp\/v2\/product_tag?post=8526"}],"curies":[{"name":"wp","href":"https:\/\/api.w.org\/{rel}","templated":true}]}}