{"id":7480,"date":"2023-03-14T10:44:42","date_gmt":"2023-03-14T09:44:42","guid":{"rendered":"https:\/\/mymodulo.pl\/sklep\/?post_type=product&#038;p=7480"},"modified":"2023-04-25T11:43:23","modified_gmt":"2023-04-25T09:43:23","slug":"mozaika-drewniana","status":"publish","type":"product","link":"https:\/\/mymodulo.pl\/sklep\/produkt\/mozaika-drewniana\/","title":{"rendered":"Mozaika drewniana &#8211; panel dekoracyjny"},"content":{"rendered":"<h3><b>Mozaika drewniana od SkotiWood<\/b><\/h3>\n<p><b><\/b>Unikalne, w 100%\u00a0r\u0119cznie robione, drewniane\u00a0panele dekoracyjne w formie mozaiki\u00a0od polskiego producenta.<br \/>\nProdukt wyj\u0105tkowy i ponadczasowy.<\/p>\n<p>Mozaika jest <b>nikatowa<\/b> \u2013 mozaika to projekt autorski firmy SkotiWood, z unikalnym rysunkiem s\u0142oj\u00f3w drewna na ka\u017cdym jej fragmencie.<\/p>\n<p>Mozaika jest<b> r\u0119kodzie\u0142em, <\/b>\u00a0tak przygotowanym i obrobionym aby ka\u017cdy kto zdecyduje si\u0119 na zakup cieszy\u0142 si\u0119 najwy\u017csz\u0105 jako\u015bci\u0105.<\/p>\n<p>Mozaika wykonana jest z\u00a0 <b>naturalnego drewna<\/b>. To ponadczasowy materia\u0142 \u2013 nie wyblaknie, nie z\u017c\u00f3\u0142knie i nie b\u0119dzie na nim wida\u0107 odcisk\u00f3w r\u0105k czy delikatnych otar\u0107, jak na pustej \u015bcianie.<\/p>\n<p>&nbsp;<\/p>\n<h3>Realizacje i inspiracje<\/h3>\n<style type=\"text\/css\">\n\t\t\t\t#gallery-1 {\n\t\t\t\t\tmargin: auto;\n\t\t\t\t}\n\t\t\t\t#gallery-1 .gallery-item {\n\t\t\t\t\tfloat: left;\n\t\t\t\t\tmargin-top: 10px;\n\t\t\t\t\ttext-align: center;\n\t\t\t\t\twidth: 33%;\n\t\t\t\t}\n\t\t\t\t#gallery-1 .gallery-caption {\n\t\t\t\t\tmargin-left: 0;\n\t\t\t\t}\n\t\t\t<\/style><!-- see gallery_shortcode() in wp-includes\/media.php -->\n\t\t\t\n\t\t<div id=\"gallery-1\" class=\"gallery galleryid-7480 mfp-gallery mfp-gallery--images gallery-columns-3 gallery-size-medium\"><div class=\"row zn_image_gallery \"><div class=\"col-sm-6 col-md-4 col-lg-4\"><a href=\"https:\/\/mymodulo.pl\/sklep\/wp-content\/uploads\/2023\/03\/SmartSelect_20221201_170530_Gallery-1.jpg\" title=\"\" class=\"hoverBorder\"><img width=\"300\" height=\"214\" src=\"https:\/\/mymodulo.pl\/sklep\/wp-content\/uploads\/2023\/03\/SmartSelect_20221201_170530_Gallery-1-300x214.jpg\" class=\"attachment-medium size-medium\" alt=\"\" loading=\"lazy\" fid=\"229\" link=\"none\" orderby=\"rml\" size=\"medium\" srcset=\"https:\/\/mymodulo.pl\/sklep\/wp-content\/uploads\/2023\/03\/SmartSelect_20221201_170530_Gallery-1-300x214.jpg 300w, https:\/\/mymodulo.pl\/sklep\/wp-content\/uploads\/2023\/03\/SmartSelect_20221201_170530_Gallery-1-1024x731.jpg 1024w, https:\/\/mymodulo.pl\/sklep\/wp-content\/uploads\/2023\/03\/SmartSelect_20221201_170530_Gallery-1-768x548.jpg 768w, https:\/\/mymodulo.pl\/sklep\/wp-content\/uploads\/2023\/03\/SmartSelect_20221201_170530_Gallery-1-262x187.jpg 262w, https:\/\/mymodulo.pl\/sklep\/wp-content\/uploads\/2023\/03\/SmartSelect_20221201_170530_Gallery-1-600x428.jpg 600w, https:\/\/mymodulo.pl\/sklep\/wp-content\/uploads\/2023\/03\/SmartSelect_20221201_170530_Gallery-1.jpg 1035w\" sizes=\"(max-width: 300px) 100vw, 300px\" \/><span class=\"gallery_caption\"><\/span><\/a><\/div><div class=\"col-sm-6 col-md-4 col-lg-4\"><a href=\"https:\/\/mymodulo.pl\/sklep\/wp-content\/uploads\/2023\/03\/IMG_20210103_180029-scaled.jpg\" title=\"\" class=\"hoverBorder\"><img width=\"300\" height=\"224\" src=\"https:\/\/mymodulo.pl\/sklep\/wp-content\/uploads\/2023\/03\/IMG_20210103_180029-300x224.jpg\" class=\"attachment-medium size-medium\" alt=\"\" loading=\"lazy\" fid=\"229\" link=\"none\" orderby=\"rml\" size=\"medium\" srcset=\"https:\/\/mymodulo.pl\/sklep\/wp-content\/uploads\/2023\/03\/IMG_20210103_180029-300x224.jpg 300w, https:\/\/mymodulo.pl\/sklep\/wp-content\/uploads\/2023\/03\/IMG_20210103_180029-1024x766.jpg 1024w, https:\/\/mymodulo.pl\/sklep\/wp-content\/uploads\/2023\/03\/IMG_20210103_180029-768x575.jpg 768w, https:\/\/mymodulo.pl\/sklep\/wp-content\/uploads\/2023\/03\/IMG_20210103_180029-2048x1532.jpg 2048w, https:\/\/mymodulo.pl\/sklep\/wp-content\/uploads\/2023\/03\/IMG_20210103_180029-250x187.jpg 250w, https:\/\/mymodulo.pl\/sklep\/wp-content\/uploads\/2023\/03\/IMG_20210103_180029-1260x943.jpg 1260w, https:\/\/mymodulo.pl\/sklep\/wp-content\/uploads\/2023\/03\/IMG_20210103_180029-600x449.jpg 600w\" sizes=\"(max-width: 300px) 100vw, 300px\" \/><span class=\"gallery_caption\"><\/span><\/a><\/div><div class=\"col-sm-6 col-md-4 col-lg-4\"><a href=\"https:\/\/mymodulo.pl\/sklep\/wp-content\/uploads\/2023\/03\/20220917_111359-scaled.jpg\" title=\"\" class=\"hoverBorder\"><img width=\"300\" height=\"225\" src=\"https:\/\/mymodulo.pl\/sklep\/wp-content\/uploads\/2023\/03\/20220917_111359-300x225.jpg\" class=\"attachment-medium size-medium\" alt=\"\" loading=\"lazy\" fid=\"229\" link=\"none\" orderby=\"rml\" size=\"medium\" srcset=\"https:\/\/mymodulo.pl\/sklep\/wp-content\/uploads\/2023\/03\/20220917_111359-300x225.jpg 300w, https:\/\/mymodulo.pl\/sklep\/wp-content\/uploads\/2023\/03\/20220917_111359-1024x768.jpg 1024w, https:\/\/mymodulo.pl\/sklep\/wp-content\/uploads\/2023\/03\/20220917_111359-768x576.jpg 768w, https:\/\/mymodulo.pl\/sklep\/wp-content\/uploads\/2023\/03\/20220917_111359-2048x1536.jpg 2048w, https:\/\/mymodulo.pl\/sklep\/wp-content\/uploads\/2023\/03\/20220917_111359-249x187.jpg 249w, https:\/\/mymodulo.pl\/sklep\/wp-content\/uploads\/2023\/03\/20220917_111359-1260x945.jpg 1260w, https:\/\/mymodulo.pl\/sklep\/wp-content\/uploads\/2023\/03\/20220917_111359-600x450.jpg 600w\" sizes=\"(max-width: 300px) 100vw, 300px\" \/><span class=\"gallery_caption\"><\/span><\/a><\/div><\/div><\/div>\n<h3>Wyko\u0144czenie<\/h3>\n<p>fornir d\u0119bowy, zabezpieczony olejem bezbarwnym;<\/p>\n<h3>Wymiary:<\/h3>\n<p><img loading=\"lazy\" class=\"alignnone size-medium wp-image-7936\" src=\"https:\/\/mymodulo.pl\/sklep\/wp-content\/uploads\/2023\/03\/DREWNIANA-MOZAIKA-NA-SCIANE-DEBOWE-PLYTKI-3D-LAMEL-300x165.jpg\" alt=\"panel drewniany, mozaika drewniana\" width=\"300\" height=\"165\" srcset=\"https:\/\/mymodulo.pl\/sklep\/wp-content\/uploads\/2023\/03\/DREWNIANA-MOZAIKA-NA-SCIANE-DEBOWE-PLYTKI-3D-LAMEL-300x165.jpg 300w, https:\/\/mymodulo.pl\/sklep\/wp-content\/uploads\/2023\/03\/DREWNIANA-MOZAIKA-NA-SCIANE-DEBOWE-PLYTKI-3D-LAMEL-280x154.jpg 280w, https:\/\/mymodulo.pl\/sklep\/wp-content\/uploads\/2023\/03\/DREWNIANA-MOZAIKA-NA-SCIANE-DEBOWE-PLYTKI-3D-LAMEL-600x331.jpg 600w, https:\/\/mymodulo.pl\/sklep\/wp-content\/uploads\/2023\/03\/DREWNIANA-MOZAIKA-NA-SCIANE-DEBOWE-PLYTKI-3D-LAMEL.jpg 720w\" sizes=\"(max-width: 300px) 100vw, 300px\" \/> <img loading=\"lazy\" class=\"alignnone size-medium wp-image-7937\" src=\"https:\/\/mymodulo.pl\/sklep\/wp-content\/uploads\/2023\/03\/DREWNIANA-MOZAIKA-NA-SCIANE-DEBOWE-PLYTKI-3D-LAMEL-Dlugosc-24-7-cm-300x250.jpg\" alt=\"\" width=\"300\" height=\"250\" srcset=\"https:\/\/mymodulo.pl\/sklep\/wp-content\/uploads\/2023\/03\/DREWNIANA-MOZAIKA-NA-SCIANE-DEBOWE-PLYTKI-3D-LAMEL-Dlugosc-24-7-cm-300x250.jpg 300w, https:\/\/mymodulo.pl\/sklep\/wp-content\/uploads\/2023\/03\/DREWNIANA-MOZAIKA-NA-SCIANE-DEBOWE-PLYTKI-3D-LAMEL-Dlugosc-24-7-cm-224x187.jpg 224w, https:\/\/mymodulo.pl\/sklep\/wp-content\/uploads\/2023\/03\/DREWNIANA-MOZAIKA-NA-SCIANE-DEBOWE-PLYTKI-3D-LAMEL-Dlugosc-24-7-cm-600x500.jpg 600w, https:\/\/mymodulo.pl\/sklep\/wp-content\/uploads\/2023\/03\/DREWNIANA-MOZAIKA-NA-SCIANE-DEBOWE-PLYTKI-3D-LAMEL-Dlugosc-24-7-cm.jpg 720w\" sizes=\"(max-width: 300px) 100vw, 300px\" \/><\/p>\n<ul>\n<li>wymiary: 28,6 (szeroko\u015b\u0107) x 24,7 cm (wysoko\u015b\u0107)<\/li>\n<li>grubo\u015b\u0107: 9\u201321 mm<\/li>\n<li>waga: oko\u0142o 1,2kg<\/li>\n<li>powierzchnia: oko\u0142o 0,07 m2<\/li>\n<li>zapotrzebowanie na m2: oko\u0142o 14 sztuk<\/li>\n<\/ul>\n<h3>Akustyka<\/h3>\n<p><b>Dzi\u0119ki zastosowaniu paneli SkotiWood wyg\u0142uszysz pomieszczenie<\/b>\u00a0i\u00a0<b>st\u0142umisz echo<\/b>. Dlaczego? Bo jest wykonana z drewna, kt\u00f3re naturalnie poch\u0142ania ha\u0142as. Z kolei przestrzenna struktura, kt\u00f3r\u0105 nadali\u015bmy panelom, rozprasza d\u017awi\u0119k.<\/p>\n<h3>Monta\u017c<\/h3>\n<p>Rekomendowany spos\u00f3b monta\u017cu: klej monta\u017cowy np. mamut<br \/>\n|Monta\u017c jest dziecinnie prosty. Ka\u017cdy panel przyklejamy do \u015bciany na klej monta\u017cowy.<\/p>\n<p>&nbsp;<\/p>\n<p><img loading=\"lazy\" class=\"aligncenter wp-image-7462 size-large\" src=\"https:\/\/mymodulo.pl\/sklep\/wp-content\/uploads\/2023\/03\/IMG_20210103_175845-766x1024.jpg\" alt=\"\" width=\"766\" height=\"1024\" srcset=\"https:\/\/mymodulo.pl\/sklep\/wp-content\/uploads\/2023\/03\/IMG_20210103_175845-766x1024.jpg 766w, https:\/\/mymodulo.pl\/sklep\/wp-content\/uploads\/2023\/03\/IMG_20210103_175845-224x300.jpg 224w, https:\/\/mymodulo.pl\/sklep\/wp-content\/uploads\/2023\/03\/IMG_20210103_175845-768x1026.jpg 768w, https:\/\/mymodulo.pl\/sklep\/wp-content\/uploads\/2023\/03\/IMG_20210103_175845-1532x2048.jpg 1532w, https:\/\/mymodulo.pl\/sklep\/wp-content\/uploads\/2023\/03\/IMG_20210103_175845-140x187.jpg 140w, https:\/\/mymodulo.pl\/sklep\/wp-content\/uploads\/2023\/03\/IMG_20210103_175845-1260x1684.jpg 1260w, https:\/\/mymodulo.pl\/sklep\/wp-content\/uploads\/2023\/03\/IMG_20210103_175845-600x802.jpg 600w, https:\/\/mymodulo.pl\/sklep\/wp-content\/uploads\/2023\/03\/IMG_20210103_175845-scaled.jpg 1916w\" sizes=\"(max-width: 766px) 100vw, 766px\" \/><\/p>\n<p>&nbsp;<\/p>\n<p>&nbsp;<\/p>\n","protected":false},"excerpt":{"rendered":"<p>Cena dotyczy 1 sztuki.<br \/>\nCzas realizacji do 21 dni roboczych.<\/p>\n","protected":false},"featured_media":7938,"template":"","meta":[],"product_cat":[582],"product_tag":[],"_links":{"self":[{"href":"https:\/\/mymodulo.pl\/sklep\/wp-json\/wp\/v2\/product\/7480"}],"collection":[{"href":"https:\/\/mymodulo.pl\/sklep\/wp-json\/wp\/v2\/product"}],"about":[{"href":"https:\/\/mymodulo.pl\/sklep\/wp-json\/wp\/v2\/types\/product"}],"wp:featuredmedia":[{"embeddable":true,"href":"https:\/\/mymodulo.pl\/sklep\/wp-json\/wp\/v2\/media\/7938"}],"wp:attachment":[{"href":"https:\/\/mymodulo.pl\/sklep\/wp-json\/wp\/v2\/media?parent=7480"}],"wp:term":[{"taxonomy":"product_cat","embeddable":true,"href":"https:\/\/mymodulo.pl\/sklep\/wp-json\/wp\/v2\/product_cat?post=7480"},{"taxonomy":"product_tag","embeddable":true,"href":"https:\/\/mymodulo.pl\/sklep\/wp-json\/wp\/v2\/product_tag?post=7480"}],"curies":[{"name":"wp","href":"https:\/\/api.w.org\/{rel}","templated":true}]}}