{"id":7451,"date":"2023-03-14T09:52:53","date_gmt":"2023-03-14T08:52:53","guid":{"rendered":"https:\/\/mymodulo.pl\/sklep\/?post_type=product&#038;p=7451"},"modified":"2023-04-25T14:46:28","modified_gmt":"2023-04-25T12:46:28","slug":"mozaika-z-chrobotkiem","status":"publish","type":"product","link":"https:\/\/mymodulo.pl\/sklep\/produkt\/mozaika-z-chrobotkiem\/","title":{"rendered":"Mozaika drewniana &#8211; panel dekoracyjny z chrobotkiem"},"content":{"rendered":"<p><b>Mozaika drewniana z mchem chrobotkiem reniferowym\u00a0<\/b>to nowo\u015b\u0107 przygotowana przez mark\u0119 Skoti Wood.<br \/>\nChrobotek jest prawdziwym porostem pochodz\u0105cym ze skandynawskich las\u00f3w. Sprowadzany tylko i wy\u0142\u0105cznie z certyfikowanych plantacji w Finlandii. Chrobotek od kilku lat jest wykorzystywany w dekoracji wn\u0119trz. Jest to niezwykle oryginalna dekoracja, kt\u00f3ra zachwyci go\u015bci i domownik\u00f3w. Chrobotek jest idealny dla os\u00f3b zapracowanych, nie maj\u0105cych czasu na dbanie o ro\u015bliny. Chrobotek jest ca\u0142kowicie bezobs\u0142ugowy. Ponadto b\u0119dzie informowa\u0142 o poziomie wilgotno\u015bci. Bowiem wilgo\u0107 czerpie z otoczenia, nie nale\u017cy go podlewa\u0107 ani nawet zrasza\u0107. Je\u017celi wilgotno\u015b\u0107 w Twoim domu spadnie poni\u017cej 40% chrobotek stanie si\u0119 twardy i szorstki. Przy wilgotno\u015bci na poziomie 40-60% chrobotek jest mi\u0119kki i puszysty. Chrobotek przepi\u0119knie prezentuje si\u0119 w po\u0142\u0105czeniu z drewnianymi elementami.<\/p>\n<p><img loading=\"lazy\" class=\"aligncenter wp-image-7941 size-full\" src=\"https:\/\/mymodulo.pl\/sklep\/wp-content\/uploads\/2023\/03\/c4290bcb445ca3ed39c98e24cbd7.jpg\" alt=\"panel drewniany, mozaika drewniana\" width=\"720\" height=\"539\" srcset=\"https:\/\/mymodulo.pl\/sklep\/wp-content\/uploads\/2023\/03\/c4290bcb445ca3ed39c98e24cbd7.jpg 720w, https:\/\/mymodulo.pl\/sklep\/wp-content\/uploads\/2023\/03\/c4290bcb445ca3ed39c98e24cbd7-300x225.jpg 300w, https:\/\/mymodulo.pl\/sklep\/wp-content\/uploads\/2023\/03\/c4290bcb445ca3ed39c98e24cbd7-250x187.jpg 250w, https:\/\/mymodulo.pl\/sklep\/wp-content\/uploads\/2023\/03\/c4290bcb445ca3ed39c98e24cbd7-600x449.jpg 600w\" sizes=\"(max-width: 720px) 100vw, 720px\" \/><\/p>\n<h3>Realizacje i inspiracje<\/h3>\n<style type=\"text\/css\">\n\t\t\t\t#gallery-1 {\n\t\t\t\t\tmargin: auto;\n\t\t\t\t}\n\t\t\t\t#gallery-1 .gallery-item {\n\t\t\t\t\tfloat: left;\n\t\t\t\t\tmargin-top: 10px;\n\t\t\t\t\ttext-align: center;\n\t\t\t\t\twidth: 33%;\n\t\t\t\t}\n\t\t\t\t#gallery-1 .gallery-caption {\n\t\t\t\t\tmargin-left: 0;\n\t\t\t\t}\n\t\t\t<\/style><!-- see gallery_shortcode() in wp-includes\/media.php -->\n\t\t\t\n\t\t<div id=\"gallery-1\" class=\"gallery galleryid-7451 mfp-gallery mfp-gallery--images gallery-columns-3 gallery-size-medium\"><div class=\"row zn_image_gallery \"><div class=\"col-sm-6 col-md-4 col-lg-4\"><a href=\"https:\/\/mymodulo.pl\/sklep\/wp-content\/uploads\/2023\/03\/SmartSelect_20221201_170530_Gallery-1.jpg\" title=\"\" class=\"hoverBorder\"><img width=\"300\" height=\"214\" src=\"https:\/\/mymodulo.pl\/sklep\/wp-content\/uploads\/2023\/03\/SmartSelect_20221201_170530_Gallery-1-300x214.jpg\" class=\"attachment-medium size-medium\" alt=\"\" loading=\"lazy\" fid=\"229\" link=\"none\" orderby=\"rml\" size=\"medium\" srcset=\"https:\/\/mymodulo.pl\/sklep\/wp-content\/uploads\/2023\/03\/SmartSelect_20221201_170530_Gallery-1-300x214.jpg 300w, https:\/\/mymodulo.pl\/sklep\/wp-content\/uploads\/2023\/03\/SmartSelect_20221201_170530_Gallery-1-1024x731.jpg 1024w, https:\/\/mymodulo.pl\/sklep\/wp-content\/uploads\/2023\/03\/SmartSelect_20221201_170530_Gallery-1-768x548.jpg 768w, https:\/\/mymodulo.pl\/sklep\/wp-content\/uploads\/2023\/03\/SmartSelect_20221201_170530_Gallery-1-262x187.jpg 262w, https:\/\/mymodulo.pl\/sklep\/wp-content\/uploads\/2023\/03\/SmartSelect_20221201_170530_Gallery-1-600x428.jpg 600w, https:\/\/mymodulo.pl\/sklep\/wp-content\/uploads\/2023\/03\/SmartSelect_20221201_170530_Gallery-1.jpg 1035w\" sizes=\"(max-width: 300px) 100vw, 300px\" \/><span class=\"gallery_caption\"><\/span><\/a><\/div><div class=\"col-sm-6 col-md-4 col-lg-4\"><a href=\"https:\/\/mymodulo.pl\/sklep\/wp-content\/uploads\/2023\/03\/IMG_20210103_180029-scaled.jpg\" title=\"\" class=\"hoverBorder\"><img width=\"300\" height=\"224\" src=\"https:\/\/mymodulo.pl\/sklep\/wp-content\/uploads\/2023\/03\/IMG_20210103_180029-300x224.jpg\" class=\"attachment-medium size-medium\" alt=\"\" loading=\"lazy\" fid=\"229\" link=\"none\" orderby=\"rml\" size=\"medium\" srcset=\"https:\/\/mymodulo.pl\/sklep\/wp-content\/uploads\/2023\/03\/IMG_20210103_180029-300x224.jpg 300w, https:\/\/mymodulo.pl\/sklep\/wp-content\/uploads\/2023\/03\/IMG_20210103_180029-1024x766.jpg 1024w, https:\/\/mymodulo.pl\/sklep\/wp-content\/uploads\/2023\/03\/IMG_20210103_180029-768x575.jpg 768w, https:\/\/mymodulo.pl\/sklep\/wp-content\/uploads\/2023\/03\/IMG_20210103_180029-2048x1532.jpg 2048w, https:\/\/mymodulo.pl\/sklep\/wp-content\/uploads\/2023\/03\/IMG_20210103_180029-250x187.jpg 250w, https:\/\/mymodulo.pl\/sklep\/wp-content\/uploads\/2023\/03\/IMG_20210103_180029-1260x943.jpg 1260w, https:\/\/mymodulo.pl\/sklep\/wp-content\/uploads\/2023\/03\/IMG_20210103_180029-600x449.jpg 600w\" sizes=\"(max-width: 300px) 100vw, 300px\" \/><span class=\"gallery_caption\"><\/span><\/a><\/div><div class=\"col-sm-6 col-md-4 col-lg-4\"><a href=\"https:\/\/mymodulo.pl\/sklep\/wp-content\/uploads\/2023\/03\/20220917_111359-scaled.jpg\" title=\"\" class=\"hoverBorder\"><img width=\"300\" height=\"225\" src=\"https:\/\/mymodulo.pl\/sklep\/wp-content\/uploads\/2023\/03\/20220917_111359-300x225.jpg\" class=\"attachment-medium size-medium\" alt=\"\" loading=\"lazy\" fid=\"229\" link=\"none\" orderby=\"rml\" size=\"medium\" srcset=\"https:\/\/mymodulo.pl\/sklep\/wp-content\/uploads\/2023\/03\/20220917_111359-300x225.jpg 300w, https:\/\/mymodulo.pl\/sklep\/wp-content\/uploads\/2023\/03\/20220917_111359-1024x768.jpg 1024w, https:\/\/mymodulo.pl\/sklep\/wp-content\/uploads\/2023\/03\/20220917_111359-768x576.jpg 768w, https:\/\/mymodulo.pl\/sklep\/wp-content\/uploads\/2023\/03\/20220917_111359-2048x1536.jpg 2048w, https:\/\/mymodulo.pl\/sklep\/wp-content\/uploads\/2023\/03\/20220917_111359-249x187.jpg 249w, https:\/\/mymodulo.pl\/sklep\/wp-content\/uploads\/2023\/03\/20220917_111359-1260x945.jpg 1260w, https:\/\/mymodulo.pl\/sklep\/wp-content\/uploads\/2023\/03\/20220917_111359-600x450.jpg 600w\" sizes=\"(max-width: 300px) 100vw, 300px\" \/><span class=\"gallery_caption\"><\/span><\/a><\/div><\/div><\/div>\n<h3>Materia\u0142<\/h3>\n<p>Sklejka + okleina d\u0119bowa<\/p>\n<h3>Wymiary:<\/h3>\n<ul>\n<li>panel jest szeroki na 28,6 i wysoki na 24,7 cm<\/li>\n<li>grubo\u015b\u0107 element\u00f3w fornirowanych wynosi od 9 do 21 mm<\/li>\n<li>grubo\u015b\u0107 mchu to oko\u0142o 5 cm<\/li>\n<li>waga 1 panelu to1,2kg<\/li>\n<li>powierzchnia 1 panelu to oko\u0142o 0,07 m2<\/li>\n<li>na 1m2 dekoracji potrzebujesz oko\u0142o 14 sztuk<\/li>\n<li>mozaika jest pokryta fornirem d\u0119bowym, kt\u00f3ry zabezpieczyli\u015bmy olejem bezbarwnym<\/li>\n<\/ul>\n<h3>Kilka s\u0142\u00f3w o chrobotku<\/h3>\n<ul>\n<li><b>Filtruje powietrze<\/b> z py\u0142\u00f3w, toksyn i brzydkich zapach\u00f3w<\/li>\n<li>Poch\u0142ania nadmiar wilgoci, przez co <b><b>zapobiega rozwojowi grzyb\u00f3w i ple\u015bni<\/b><\/b><\/li>\n<li><b>Nie przyci\u0105ga kurzu ani insekt\u00f3w<\/b> (\u017cegnajcie, roztocza!), bo dzi\u0119ki pokryciu impregnatem jest antystatyczny<\/li>\n<li><b>Chrobotek podpowie Ci<\/b>, \u017ce\u00a0<b>powietrze\u00a0<\/b>jest dla Ciebie\u00a0<b>zbyt suche<\/b>. Dlaczego? Bo optymalna wilgotno\u015b\u0107 dla Twojego cia\u0142a i dla tego porostu jest taka sama(40\u201360%). A jak to zrobi? B\u0119dzie mniej mi\u0119kki i puszysty (ale tylko do ponownego nawil\u017cenia).<\/li>\n<li>Chrobotka reniferowego nie trzeba podlewa\u0107 ani przycina\u0107.<\/li>\n<li><b>Panele<\/b>\u00a0dekoracyjne z chrobotkiem reniferowym\u00a0<b>nie s\u0105 wodoodporne<\/b>. Nie k\u0142ad\u017a ich na \u015bcianie przy kuchennym blacie ani w miejscu, gdzie b\u0119dzie na nie pryska\u0107 woda. Porosty nie lubi\u0105 te\u017c le\u017ce\u0107 w pe\u0142nym s\u0142o\u0144cu. Ale niestraszne im ciemne \u0142azienki, przedpokoje czy biura.<b>Wskaz\u00f3wki dotycz\u0105ce piel\u0119gnacji<\/b>:<\/li>\n<\/ul>\n<ul>\n<li>Nie dotykaj porostu, a zachowa form\u0119 nawet do 10 lat.<\/li>\n<li>Chrobotek zacz\u0105\u0142 twardnie\u0107? W\u0142\u0105cz w pobli\u017cu nawil\u017cacz powietrza.<\/li>\n<li>Odkurzaj panele szczotk\u0105 z w\u0142osiem lub przecieraj je wilgotn\u0105 \u015bciereczk\u0105. Je\u015bli chcesz si\u0119 szczeg\u00f3lnie zatroszczy\u0107 o fornirowane elementy mozaiki, wyczy\u015b\u0107 je p\u0142ynem do mebli olejowanych.<\/li>\n<\/ul>\n<h3>Monta\u017c<\/h3>\n<p>Rekomendowany spos\u00f3b monta\u017cu: klej monta\u017cowy np. mamut<br \/>\nMonta\u017c jest dziecinnie prosty. Ka\u017cdy panel przyklejamy do \u015bciany na klej monta\u017cowy.<\/p>\n<p>&nbsp;<\/p>\n<p>&nbsp;<\/p>\n<p><img loading=\"lazy\" class=\"aligncenter wp-image-7462 size-large\" src=\"https:\/\/mymodulo.pl\/sklep\/wp-content\/uploads\/2023\/03\/IMG_20210103_175845-766x1024.jpg\" alt=\"\" width=\"766\" height=\"1024\" srcset=\"https:\/\/mymodulo.pl\/sklep\/wp-content\/uploads\/2023\/03\/IMG_20210103_175845-766x1024.jpg 766w, https:\/\/mymodulo.pl\/sklep\/wp-content\/uploads\/2023\/03\/IMG_20210103_175845-224x300.jpg 224w, https:\/\/mymodulo.pl\/sklep\/wp-content\/uploads\/2023\/03\/IMG_20210103_175845-768x1026.jpg 768w, https:\/\/mymodulo.pl\/sklep\/wp-content\/uploads\/2023\/03\/IMG_20210103_175845-1532x2048.jpg 1532w, https:\/\/mymodulo.pl\/sklep\/wp-content\/uploads\/2023\/03\/IMG_20210103_175845-140x187.jpg 140w, https:\/\/mymodulo.pl\/sklep\/wp-content\/uploads\/2023\/03\/IMG_20210103_175845-1260x1684.jpg 1260w, https:\/\/mymodulo.pl\/sklep\/wp-content\/uploads\/2023\/03\/IMG_20210103_175845-600x802.jpg 600w, https:\/\/mymodulo.pl\/sklep\/wp-content\/uploads\/2023\/03\/IMG_20210103_175845-scaled.jpg 1916w\" sizes=\"(max-width: 766px) 100vw, 766px\" \/><\/p>\n<p>&nbsp;<\/p>\n<p>&nbsp;<\/p>\n","protected":false},"excerpt":{"rendered":"<p>Cena dotyczy 1 sztuki.<br \/>\nCzas realizacji do 21 dni roboczych.<\/p>\n","protected":false},"featured_media":7948,"template":"","meta":[],"product_cat":[582],"product_tag":[],"_links":{"self":[{"href":"https:\/\/mymodulo.pl\/sklep\/wp-json\/wp\/v2\/product\/7451"}],"collection":[{"href":"https:\/\/mymodulo.pl\/sklep\/wp-json\/wp\/v2\/product"}],"about":[{"href":"https:\/\/mymodulo.pl\/sklep\/wp-json\/wp\/v2\/types\/product"}],"wp:featuredmedia":[{"embeddable":true,"href":"https:\/\/mymodulo.pl\/sklep\/wp-json\/wp\/v2\/media\/7948"}],"wp:attachment":[{"href":"https:\/\/mymodulo.pl\/sklep\/wp-json\/wp\/v2\/media?parent=7451"}],"wp:term":[{"taxonomy":"product_cat","embeddable":true,"href":"https:\/\/mymodulo.pl\/sklep\/wp-json\/wp\/v2\/product_cat?post=7451"},{"taxonomy":"product_tag","embeddable":true,"href":"https:\/\/mymodulo.pl\/sklep\/wp-json\/wp\/v2\/product_tag?post=7451"}],"curies":[{"name":"wp","href":"https:\/\/api.w.org\/{rel}","templated":true}]}}