{"id":7343,"date":"2023-01-16T17:59:00","date_gmt":"2023-01-16T16:59:00","guid":{"rendered":"https:\/\/mymodulo.pl\/sklep\/?post_type=product&#038;p=7343"},"modified":"2023-01-16T20:53:30","modified_gmt":"2023-01-16T19:53:30","slug":"lamele-na-filcu-woodline-30x270","status":"publish","type":"product","link":"https:\/\/mymodulo.pl\/sklep\/produkt\/lamele-na-filcu-woodline-30x270\/","title":{"rendered":"Lamele na filcu Woodline 30&#215;270"},"content":{"rendered":"<section id=\"tax-title\"><span style=\"font-size: 16px;\">Kolekcja <strong>paneli lamelowych na filcowym podk\u0142adzie od Marbet Design<\/strong> przeznaczona jest do wn\u0119trz domowych. Panele pe\u0142ni\u0105 rol\u0119 nietuzinkowej dekoracji. Pozwalaj\u0105 tak\u017ce na wizualne wydzielenie przestrzeni o r\u00f3\u017cnym przeznaczeniu \u2013 miejsca relaksu, strefy dziennej, domowego biura, jadalni. Dzi\u0119ki filcowemu podk\u0142adowi i przestrzennej strukturze wspomagaj\u0105 wyg\u0142uszenie pomieszczenia, niweluj\u0105c pog\u0142os.<\/span><\/section>\n<section><\/section>\n<section><\/section>\n<section><img loading=\"lazy\" class=\"aligncenter wp-image-7344 size-large\" src=\"https:\/\/mymodulo.pl\/sklep\/wp-content\/uploads\/2023\/01\/WOODLINE-WL-2700x300-czarny_dab-sonoma-682x1024.jpg\" alt=\"lamele na podk\u0142adzie filcowym\" width=\"682\" height=\"1024\" srcset=\"https:\/\/mymodulo.pl\/sklep\/wp-content\/uploads\/2023\/01\/WOODLINE-WL-2700x300-czarny_dab-sonoma-682x1024.jpg 682w, https:\/\/mymodulo.pl\/sklep\/wp-content\/uploads\/2023\/01\/WOODLINE-WL-2700x300-czarny_dab-sonoma-200x300.jpg 200w, https:\/\/mymodulo.pl\/sklep\/wp-content\/uploads\/2023\/01\/WOODLINE-WL-2700x300-czarny_dab-sonoma-768x1152.jpg 768w, https:\/\/mymodulo.pl\/sklep\/wp-content\/uploads\/2023\/01\/WOODLINE-WL-2700x300-czarny_dab-sonoma-1024x1536.jpg 1024w, https:\/\/mymodulo.pl\/sklep\/wp-content\/uploads\/2023\/01\/WOODLINE-WL-2700x300-czarny_dab-sonoma-125x187.jpg 125w, https:\/\/mymodulo.pl\/sklep\/wp-content\/uploads\/2023\/01\/WOODLINE-WL-2700x300-czarny_dab-sonoma-1260x1890.jpg 1260w, https:\/\/mymodulo.pl\/sklep\/wp-content\/uploads\/2023\/01\/WOODLINE-WL-2700x300-czarny_dab-sonoma-600x900.jpg 600w, https:\/\/mymodulo.pl\/sklep\/wp-content\/uploads\/2023\/01\/WOODLINE-WL-2700x300-czarny_dab-sonoma.jpg 1333w\" sizes=\"(max-width: 682px) 100vw, 682px\" \/><\/section>\n<section><\/section>\n<section><\/section>\n<section>Panele lamelowe od Marbet Design dost\u0119pne s\u0105 w dw\u00f3ch kszta\u0142tach, trzech wymiarach oraz r\u00f3\u017cnych wersjach kolorystycznych. Takie opcje daj\u0105 nam wiele mo\u017cliwych kombinacji. Tym samym panele lamelowe znajduj\u0105 zastosowanie w r\u00f3\u017cnych pomieszczeniach. Zar\u00f3wno w salonie, sypialni czy przedpokoju lub domowym biurze.\u00a0<\/section>\n<h3><img loading=\"lazy\" class=\"alignnone size-medium wp-image-7345\" src=\"https:\/\/mymodulo.pl\/sklep\/wp-content\/uploads\/2023\/01\/WOODLINE-WL-2700x300-czarny_dab-jasny-200x300.jpg\" alt=\"lamele na podk\u0142adzie filcowym \" width=\"200\" height=\"300\" srcset=\"https:\/\/mymodulo.pl\/sklep\/wp-content\/uploads\/2023\/01\/WOODLINE-WL-2700x300-czarny_dab-jasny-200x300.jpg 200w, https:\/\/mymodulo.pl\/sklep\/wp-content\/uploads\/2023\/01\/WOODLINE-WL-2700x300-czarny_dab-jasny-682x1024.jpg 682w, https:\/\/mymodulo.pl\/sklep\/wp-content\/uploads\/2023\/01\/WOODLINE-WL-2700x300-czarny_dab-jasny-768x1152.jpg 768w, https:\/\/mymodulo.pl\/sklep\/wp-content\/uploads\/2023\/01\/WOODLINE-WL-2700x300-czarny_dab-jasny-1024x1536.jpg 1024w, https:\/\/mymodulo.pl\/sklep\/wp-content\/uploads\/2023\/01\/WOODLINE-WL-2700x300-czarny_dab-jasny-125x187.jpg 125w, https:\/\/mymodulo.pl\/sklep\/wp-content\/uploads\/2023\/01\/WOODLINE-WL-2700x300-czarny_dab-jasny-1260x1890.jpg 1260w, https:\/\/mymodulo.pl\/sklep\/wp-content\/uploads\/2023\/01\/WOODLINE-WL-2700x300-czarny_dab-jasny-600x900.jpg 600w, https:\/\/mymodulo.pl\/sklep\/wp-content\/uploads\/2023\/01\/WOODLINE-WL-2700x300-czarny_dab-jasny.jpg 1333w\" sizes=\"(max-width: 200px) 100vw, 200px\" \/> <img loading=\"lazy\" class=\"alignnone size-medium wp-image-7346\" src=\"https:\/\/mymodulo.pl\/sklep\/wp-content\/uploads\/2023\/01\/WOODLINE-WL-2700x300-szary_dab-ciemny-200x300.jpg\" alt=\"lamele na podk\u0142adzie filcowym \" width=\"200\" height=\"300\" srcset=\"https:\/\/mymodulo.pl\/sklep\/wp-content\/uploads\/2023\/01\/WOODLINE-WL-2700x300-szary_dab-ciemny-200x300.jpg 200w, https:\/\/mymodulo.pl\/sklep\/wp-content\/uploads\/2023\/01\/WOODLINE-WL-2700x300-szary_dab-ciemny-682x1024.jpg 682w, https:\/\/mymodulo.pl\/sklep\/wp-content\/uploads\/2023\/01\/WOODLINE-WL-2700x300-szary_dab-ciemny-768x1152.jpg 768w, https:\/\/mymodulo.pl\/sklep\/wp-content\/uploads\/2023\/01\/WOODLINE-WL-2700x300-szary_dab-ciemny-1024x1536.jpg 1024w, https:\/\/mymodulo.pl\/sklep\/wp-content\/uploads\/2023\/01\/WOODLINE-WL-2700x300-szary_dab-ciemny-125x187.jpg 125w, https:\/\/mymodulo.pl\/sklep\/wp-content\/uploads\/2023\/01\/WOODLINE-WL-2700x300-szary_dab-ciemny-1260x1890.jpg 1260w, https:\/\/mymodulo.pl\/sklep\/wp-content\/uploads\/2023\/01\/WOODLINE-WL-2700x300-szary_dab-ciemny-600x900.jpg 600w, https:\/\/mymodulo.pl\/sklep\/wp-content\/uploads\/2023\/01\/WOODLINE-WL-2700x300-szary_dab-ciemny.jpg 1333w\" sizes=\"(max-width: 200px) 100vw, 200px\" \/> <img loading=\"lazy\" class=\"alignnone size-medium wp-image-7347\" src=\"https:\/\/mymodulo.pl\/sklep\/wp-content\/uploads\/2023\/01\/WOODLINE-WL-2700x300-szary_dab-sonoma-200x300.jpg\" alt=\"lamele na podk\u0142adzie filcowym \" width=\"200\" height=\"300\" srcset=\"https:\/\/mymodulo.pl\/sklep\/wp-content\/uploads\/2023\/01\/WOODLINE-WL-2700x300-szary_dab-sonoma-200x300.jpg 200w, https:\/\/mymodulo.pl\/sklep\/wp-content\/uploads\/2023\/01\/WOODLINE-WL-2700x300-szary_dab-sonoma-682x1024.jpg 682w, https:\/\/mymodulo.pl\/sklep\/wp-content\/uploads\/2023\/01\/WOODLINE-WL-2700x300-szary_dab-sonoma-768x1152.jpg 768w, https:\/\/mymodulo.pl\/sklep\/wp-content\/uploads\/2023\/01\/WOODLINE-WL-2700x300-szary_dab-sonoma-1024x1536.jpg 1024w, https:\/\/mymodulo.pl\/sklep\/wp-content\/uploads\/2023\/01\/WOODLINE-WL-2700x300-szary_dab-sonoma-125x187.jpg 125w, https:\/\/mymodulo.pl\/sklep\/wp-content\/uploads\/2023\/01\/WOODLINE-WL-2700x300-szary_dab-sonoma-1260x1890.jpg 1260w, https:\/\/mymodulo.pl\/sklep\/wp-content\/uploads\/2023\/01\/WOODLINE-WL-2700x300-szary_dab-sonoma-600x900.jpg 600w, https:\/\/mymodulo.pl\/sklep\/wp-content\/uploads\/2023\/01\/WOODLINE-WL-2700x300-szary_dab-sonoma.jpg 1333w\" sizes=\"(max-width: 200px) 100vw, 200px\" \/><img loading=\"lazy\" class=\"alignnone size-medium wp-image-7370\" src=\"https:\/\/mymodulo.pl\/sklep\/wp-content\/uploads\/2023\/01\/WOODLINE-WL-2700x300-szary_dab-jasny-200x300.jpg\" alt=\"\" width=\"200\" height=\"300\" srcset=\"https:\/\/mymodulo.pl\/sklep\/wp-content\/uploads\/2023\/01\/WOODLINE-WL-2700x300-szary_dab-jasny-200x300.jpg 200w, https:\/\/mymodulo.pl\/sklep\/wp-content\/uploads\/2023\/01\/WOODLINE-WL-2700x300-szary_dab-jasny-682x1024.jpg 682w, https:\/\/mymodulo.pl\/sklep\/wp-content\/uploads\/2023\/01\/WOODLINE-WL-2700x300-szary_dab-jasny-768x1152.jpg 768w, https:\/\/mymodulo.pl\/sklep\/wp-content\/uploads\/2023\/01\/WOODLINE-WL-2700x300-szary_dab-jasny-1024x1536.jpg 1024w, https:\/\/mymodulo.pl\/sklep\/wp-content\/uploads\/2023\/01\/WOODLINE-WL-2700x300-szary_dab-jasny-125x187.jpg 125w, https:\/\/mymodulo.pl\/sklep\/wp-content\/uploads\/2023\/01\/WOODLINE-WL-2700x300-szary_dab-jasny-1260x1890.jpg 1260w, https:\/\/mymodulo.pl\/sklep\/wp-content\/uploads\/2023\/01\/WOODLINE-WL-2700x300-szary_dab-jasny-600x900.jpg 600w, https:\/\/mymodulo.pl\/sklep\/wp-content\/uploads\/2023\/01\/WOODLINE-WL-2700x300-szary_dab-jasny.jpg 1333w\" sizes=\"(max-width: 200px) 100vw, 200px\" \/><\/h3>\n<h3>Materia\u0142<\/h3>\n<section>Panele WOODLINE s\u0105 wyrobami sk\u0142adaj\u0105cymi si\u0119 z podk\u0142adu wykonanego z poliestru oraz listew MDF z oklein\u0105.<\/section>\n<h3>Dost\u0119pne wymiary<\/h3>\n<section>30&#215;270 cm\u00a0<\/section>\n<section>40&#215;270 cm\u00a0<\/section>\n<section><\/section>\n<section>w innej zak\u0142adce dost\u0119pne s\u0105 panele o wymiarze 30&#215;30 cm\u00a0<\/section>\n<section><\/section>\n<h3>Dost\u0119pna kolorystyka<\/h3>\n<p>Podk\u0142ady wyst\u0119puj\u0105 w dw\u00f3ch kolorach: czarnym oraz szarym.<\/p>\n<p>Listwy wyst\u0119puj\u0105 w 8 dekorach: czarny mat, d\u0105b sonoma, d\u0105b jasny, d\u0105b ciemny<\/p>\n<p>&nbsp;<\/p>\n<p><img loading=\"lazy\" class=\"alignnone size-medium wp-image-7365\" src=\"https:\/\/mymodulo.pl\/sklep\/wp-content\/uploads\/2023\/01\/WOODLINE_detal1-200x300.jpg\" alt=\"\" width=\"200\" height=\"300\" srcset=\"https:\/\/mymodulo.pl\/sklep\/wp-content\/uploads\/2023\/01\/WOODLINE_detal1-200x300.jpg 200w, https:\/\/mymodulo.pl\/sklep\/wp-content\/uploads\/2023\/01\/WOODLINE_detal1-683x1024.jpg 683w, https:\/\/mymodulo.pl\/sklep\/wp-content\/uploads\/2023\/01\/WOODLINE_detal1-768x1152.jpg 768w, https:\/\/mymodulo.pl\/sklep\/wp-content\/uploads\/2023\/01\/WOODLINE_detal1-1024x1536.jpg 1024w, https:\/\/mymodulo.pl\/sklep\/wp-content\/uploads\/2023\/01\/WOODLINE_detal1-1365x2048.jpg 1365w, https:\/\/mymodulo.pl\/sklep\/wp-content\/uploads\/2023\/01\/WOODLINE_detal1-125x187.jpg 125w, https:\/\/mymodulo.pl\/sklep\/wp-content\/uploads\/2023\/01\/WOODLINE_detal1-1260x1890.jpg 1260w, https:\/\/mymodulo.pl\/sklep\/wp-content\/uploads\/2023\/01\/WOODLINE_detal1-600x900.jpg 600w, https:\/\/mymodulo.pl\/sklep\/wp-content\/uploads\/2023\/01\/WOODLINE_detal1-scaled.jpg 1707w\" sizes=\"(max-width: 200px) 100vw, 200px\" \/><img loading=\"lazy\" class=\"alignnone size-medium wp-image-7366\" src=\"https:\/\/mymodulo.pl\/sklep\/wp-content\/uploads\/2023\/01\/WOODLINE_detal2-200x300.jpg\" alt=\"\" width=\"200\" height=\"300\" srcset=\"https:\/\/mymodulo.pl\/sklep\/wp-content\/uploads\/2023\/01\/WOODLINE_detal2-200x300.jpg 200w, https:\/\/mymodulo.pl\/sklep\/wp-content\/uploads\/2023\/01\/WOODLINE_detal2-683x1024.jpg 683w, https:\/\/mymodulo.pl\/sklep\/wp-content\/uploads\/2023\/01\/WOODLINE_detal2-768x1152.jpg 768w, https:\/\/mymodulo.pl\/sklep\/wp-content\/uploads\/2023\/01\/WOODLINE_detal2-1024x1536.jpg 1024w, https:\/\/mymodulo.pl\/sklep\/wp-content\/uploads\/2023\/01\/WOODLINE_detal2-1365x2048.jpg 1365w, https:\/\/mymodulo.pl\/sklep\/wp-content\/uploads\/2023\/01\/WOODLINE_detal2-125x187.jpg 125w, https:\/\/mymodulo.pl\/sklep\/wp-content\/uploads\/2023\/01\/WOODLINE_detal2-1260x1890.jpg 1260w, https:\/\/mymodulo.pl\/sklep\/wp-content\/uploads\/2023\/01\/WOODLINE_detal2-600x900.jpg 600w, https:\/\/mymodulo.pl\/sklep\/wp-content\/uploads\/2023\/01\/WOODLINE_detal2-scaled.jpg 1707w\" sizes=\"(max-width: 200px) 100vw, 200px\" \/><\/p>\n<h3>Monta\u017c<\/h3>\n<p>Rekomendowany spos\u00f3b monta\u017cu to uniwersalny klej monta\u017cowy np. Mamut<\/p>\n<h3>Dostawa<\/h3>\n<p>Panele lamelowe Woodline dostarczane s\u0105 na paletach lub p\u00f3\u0142paletach. S\u0105 to przesy\u0142ki d\u0142u\u017cycowe i ich dostawa mo\u017ce trwa\u0107 1-3 dni robocze od momentu wysy\u0142ki.<\/p>\n<section><\/section>\n<section><\/section>\n","protected":false},"excerpt":{"rendered":"<p>Czas realizacji 5-10 dni roboczych<\/p>\n","protected":false},"featured_media":7344,"template":"","meta":[],"product_cat":[631,630,648,649,651],"product_tag":[],"_links":{"self":[{"href":"https:\/\/mymodulo.pl\/sklep\/wp-json\/wp\/v2\/product\/7343"}],"collection":[{"href":"https:\/\/mymodulo.pl\/sklep\/wp-json\/wp\/v2\/product"}],"about":[{"href":"https:\/\/mymodulo.pl\/sklep\/wp-json\/wp\/v2\/types\/product"}],"wp:featuredmedia":[{"embeddable":true,"href":"https:\/\/mymodulo.pl\/sklep\/wp-json\/wp\/v2\/media\/7344"}],"wp:attachment":[{"href":"https:\/\/mymodulo.pl\/sklep\/wp-json\/wp\/v2\/media?parent=7343"}],"wp:term":[{"taxonomy":"product_cat","embeddable":true,"href":"https:\/\/mymodulo.pl\/sklep\/wp-json\/wp\/v2\/product_cat?post=7343"},{"taxonomy":"product_tag","embeddable":true,"href":"https:\/\/mymodulo.pl\/sklep\/wp-json\/wp\/v2\/product_tag?post=7343"}],"curies":[{"name":"wp","href":"https:\/\/api.w.org\/{rel}","templated":true}]}}