{"id":6997,"date":"2022-08-03T10:14:29","date_gmt":"2022-08-03T08:14:29","guid":{"rendered":"https:\/\/mymodulo.pl\/sklep\/?post_type=product&#038;p=6997"},"modified":"2022-08-03T10:42:22","modified_gmt":"2022-08-03T08:42:22","slug":"panel-filcowy-klocek-60x30","status":"publish","type":"product","link":"https:\/\/mymodulo.pl\/sklep\/produkt\/panel-filcowy-klocek-60x30\/","title":{"rendered":"Panel filcowy klocek 60&#215;30"},"content":{"rendered":"<p><a href=\"https:\/\/mymodulo.pl\/sklep\/kategoria-produktu\/dla-domu\/panele-filcowe-obubble-dla-domu\/\"><strong>Panele filcowe<\/strong><\/a> to nowo\u015b\u0107 i \u015bwietna alternatywa dla pustej \u015bciany. Sprawdz\u0105 si\u0119 zar\u00f3wno w salonie, dzieci\u0119cym\u00a0 pokoju jak i nowoczesnym biurze. Panele s\u0105 produktem ekologicznym, w 60% wykonane z recyklingu. Panele filcowe to materia\u0142, kt\u00f3ry zapewni \u015bwietne wyg\u0142uszenie ka\u017cdego pomieszczenia. Dost\u0119pne s\u0105 w 14 wyj\u0105tkowych kolorach i w wielu interesuj\u0105cych kszta\u0142tach.<\/p>\n<p><img loading=\"lazy\" class=\"aligncenter wp-image-6979 size-large\" src=\"https:\/\/mymodulo.pl\/sklep\/wp-content\/uploads\/2022\/08\/2b-1024x683.jpg\" alt=\"klocki panele filcowe\" width=\"1024\" height=\"683\" srcset=\"https:\/\/mymodulo.pl\/sklep\/wp-content\/uploads\/2022\/08\/2b-1024x683.jpg 1024w, https:\/\/mymodulo.pl\/sklep\/wp-content\/uploads\/2022\/08\/2b-300x200.jpg 300w, https:\/\/mymodulo.pl\/sklep\/wp-content\/uploads\/2022\/08\/2b-768x512.jpg 768w, https:\/\/mymodulo.pl\/sklep\/wp-content\/uploads\/2022\/08\/2b-1536x1024.jpg 1536w, https:\/\/mymodulo.pl\/sklep\/wp-content\/uploads\/2022\/08\/2b-2048x1365.jpg 2048w, https:\/\/mymodulo.pl\/sklep\/wp-content\/uploads\/2022\/08\/2b-280x187.jpg 280w, https:\/\/mymodulo.pl\/sklep\/wp-content\/uploads\/2022\/08\/2b-1260x840.jpg 1260w, https:\/\/mymodulo.pl\/sklep\/wp-content\/uploads\/2022\/08\/2b-600x400.jpg 600w\" sizes=\"(max-width: 1024px) 100vw, 1024px\" \/><\/p>\n<p>&nbsp;<\/p>\n<h3><strong>Materia\u0142: FILC<\/strong><\/h3>\n<p>Panele w 60% wykonane z recyclingu, z butelek PET.<br \/>\nWarstwa spodnia: zawsze w kolorze szarym<br \/>\nWarstwa wierzchnia: mi\u0142a, przyjemna w dotyku w dowolnym kolorze ze wzornika<\/p>\n<p>&nbsp;<\/p>\n<h3><strong>Wymiar<\/strong><\/h3>\n<p>60x30cm<\/p>\n<p><img loading=\"lazy\" class=\"alignnone size-medium wp-image-7012\" src=\"https:\/\/mymodulo.pl\/sklep\/wp-content\/uploads\/2022\/08\/60x30-niebieski-300x198.jpg\" alt=\"klocki panele filcowe\" width=\"300\" height=\"198\" \/><\/p>\n<p>&nbsp;<\/p>\n<h3>Dost\u0119pne opcje:<\/h3>\n<p>30 x 30 cm<br \/>\n60 x 30 cm<br \/>\n30 x1 5 cm<br \/>\n60 x 15 cm<br \/>\n15 x 15\u00a0 cm<\/p>\n<h3>Dost\u0119pne kolory<\/h3>\n<style type=\"text\/css\">\n\t\t\t\t#gallery-1 {\n\t\t\t\t\tmargin: auto;\n\t\t\t\t}\n\t\t\t\t#gallery-1 .gallery-item {\n\t\t\t\t\tfloat: left;\n\t\t\t\t\tmargin-top: 10px;\n\t\t\t\t\ttext-align: center;\n\t\t\t\t\twidth: 16%;\n\t\t\t\t}\n\t\t\t\t#gallery-1 .gallery-caption {\n\t\t\t\t\tmargin-left: 0;\n\t\t\t\t}\n\t\t\t<\/style><!-- see gallery_shortcode() in wp-includes\/media.php -->\n\t\t\t\n\t\t<div id=\"gallery-1\" class=\"gallery galleryid-6997 mfp-gallery mfp-gallery--images gallery-columns-6 gallery-size-thumbnail\"><div class=\"row zn_image_gallery \"><div class=\"col-sm-6 col-md-4 col-lg-2\"><a href=\"https:\/\/mymodulo.pl\/sklep\/wp-content\/uploads\/2025\/03\/20250317_154721-scaled.jpg\" title=\"FF-016\" class=\"hoverBorder\"><img width=\"150\" height=\"150\" src=\"https:\/\/mymodulo.pl\/sklep\/wp-content\/uploads\/2025\/03\/20250317_154721-150x150.jpg\" class=\"attachment-thumbnail size-thumbnail\" alt=\"\" loading=\"lazy\" fid=\"227\" columns=\"6\" orderby=\"rml\" srcset=\"https:\/\/mymodulo.pl\/sklep\/wp-content\/uploads\/2025\/03\/20250317_154721-150x150.jpg 150w, https:\/\/mymodulo.pl\/sklep\/wp-content\/uploads\/2025\/03\/20250317_154721-390x390.jpg 390w, https:\/\/mymodulo.pl\/sklep\/wp-content\/uploads\/2025\/03\/20250317_154721-100x100.jpg 100w\" sizes=\"(max-width: 150px) 100vw, 150px\" \/><span class=\"gallery_caption\">FF-016<\/span><\/a><\/div><div class=\"col-sm-6 col-md-4 col-lg-2\"><a href=\"https:\/\/mymodulo.pl\/sklep\/wp-content\/uploads\/2025\/03\/20250317_152011-scaled.jpg\" title=\"FF-023\" class=\"hoverBorder\"><img width=\"150\" height=\"150\" src=\"https:\/\/mymodulo.pl\/sklep\/wp-content\/uploads\/2025\/03\/20250317_152011-150x150.jpg\" class=\"attachment-thumbnail size-thumbnail\" alt=\"\" loading=\"lazy\" fid=\"227\" columns=\"6\" orderby=\"rml\" srcset=\"https:\/\/mymodulo.pl\/sklep\/wp-content\/uploads\/2025\/03\/20250317_152011-150x150.jpg 150w, https:\/\/mymodulo.pl\/sklep\/wp-content\/uploads\/2025\/03\/20250317_152011-390x390.jpg 390w, https:\/\/mymodulo.pl\/sklep\/wp-content\/uploads\/2025\/03\/20250317_152011-100x100.jpg 100w\" sizes=\"(max-width: 150px) 100vw, 150px\" \/><span class=\"gallery_caption\">FF-023<\/span><\/a><\/div><div class=\"col-sm-6 col-md-4 col-lg-2\"><a href=\"https:\/\/mymodulo.pl\/sklep\/wp-content\/uploads\/2025\/03\/20250317_152003-scaled.jpg\" title=\"FF-022\" class=\"hoverBorder\"><img width=\"150\" height=\"150\" src=\"https:\/\/mymodulo.pl\/sklep\/wp-content\/uploads\/2025\/03\/20250317_152003-150x150.jpg\" class=\"attachment-thumbnail size-thumbnail\" alt=\"\" loading=\"lazy\" fid=\"227\" columns=\"6\" orderby=\"rml\" srcset=\"https:\/\/mymodulo.pl\/sklep\/wp-content\/uploads\/2025\/03\/20250317_152003-150x150.jpg 150w, https:\/\/mymodulo.pl\/sklep\/wp-content\/uploads\/2025\/03\/20250317_152003-390x390.jpg 390w, https:\/\/mymodulo.pl\/sklep\/wp-content\/uploads\/2025\/03\/20250317_152003-100x100.jpg 100w\" sizes=\"(max-width: 150px) 100vw, 150px\" \/><span class=\"gallery_caption\">FF-022<\/span><\/a><\/div><div class=\"col-sm-6 col-md-4 col-lg-2\"><a href=\"https:\/\/mymodulo.pl\/sklep\/wp-content\/uploads\/2025\/03\/20250317_151958-scaled.jpg\" title=\"FN-011\" class=\"hoverBorder\"><img width=\"150\" height=\"150\" src=\"https:\/\/mymodulo.pl\/sklep\/wp-content\/uploads\/2025\/03\/20250317_151958-150x150.jpg\" class=\"attachment-thumbnail size-thumbnail\" alt=\"\" loading=\"lazy\" fid=\"227\" columns=\"6\" orderby=\"rml\" srcset=\"https:\/\/mymodulo.pl\/sklep\/wp-content\/uploads\/2025\/03\/20250317_151958-150x150.jpg 150w, https:\/\/mymodulo.pl\/sklep\/wp-content\/uploads\/2025\/03\/20250317_151958-390x390.jpg 390w, https:\/\/mymodulo.pl\/sklep\/wp-content\/uploads\/2025\/03\/20250317_151958-100x100.jpg 100w\" sizes=\"(max-width: 150px) 100vw, 150px\" \/><span class=\"gallery_caption\">FN-011<\/span><\/a><\/div><div class=\"col-sm-6 col-md-4 col-lg-2\"><a href=\"https:\/\/mymodulo.pl\/sklep\/wp-content\/uploads\/2025\/03\/20250317_151948-scaled.jpg\" title=\"FN-010\" class=\"hoverBorder\"><img width=\"150\" height=\"150\" src=\"https:\/\/mymodulo.pl\/sklep\/wp-content\/uploads\/2025\/03\/20250317_151948-150x150.jpg\" class=\"attachment-thumbnail size-thumbnail\" alt=\"\" loading=\"lazy\" fid=\"227\" columns=\"6\" orderby=\"rml\" srcset=\"https:\/\/mymodulo.pl\/sklep\/wp-content\/uploads\/2025\/03\/20250317_151948-150x150.jpg 150w, https:\/\/mymodulo.pl\/sklep\/wp-content\/uploads\/2025\/03\/20250317_151948-390x390.jpg 390w, https:\/\/mymodulo.pl\/sklep\/wp-content\/uploads\/2025\/03\/20250317_151948-100x100.jpg 100w\" sizes=\"(max-width: 150px) 100vw, 150px\" \/><span class=\"gallery_caption\">FN-010<\/span><\/a><\/div><div class=\"col-sm-6 col-md-4 col-lg-2\"><a href=\"https:\/\/mymodulo.pl\/sklep\/wp-content\/uploads\/2025\/03\/20250317_151932-scaled.jpg\" title=\"FN-007\" class=\"hoverBorder\"><img width=\"150\" height=\"150\" src=\"https:\/\/mymodulo.pl\/sklep\/wp-content\/uploads\/2025\/03\/20250317_151932-150x150.jpg\" class=\"attachment-thumbnail size-thumbnail\" alt=\"\" loading=\"lazy\" fid=\"227\" columns=\"6\" orderby=\"rml\" srcset=\"https:\/\/mymodulo.pl\/sklep\/wp-content\/uploads\/2025\/03\/20250317_151932-150x150.jpg 150w, https:\/\/mymodulo.pl\/sklep\/wp-content\/uploads\/2025\/03\/20250317_151932-390x390.jpg 390w, https:\/\/mymodulo.pl\/sklep\/wp-content\/uploads\/2025\/03\/20250317_151932-100x100.jpg 100w\" sizes=\"(max-width: 150px) 100vw, 150px\" \/><span class=\"gallery_caption\">FN-007<\/span><\/a><\/div><\/div><div class=\"row zn_image_gallery \"><div class=\"col-sm-6 col-md-4 col-lg-2\"><a href=\"https:\/\/mymodulo.pl\/sklep\/wp-content\/uploads\/2025\/03\/20250317_151923-scaled.jpg\" title=\"FN-014\" class=\"hoverBorder\"><img width=\"150\" height=\"150\" src=\"https:\/\/mymodulo.pl\/sklep\/wp-content\/uploads\/2025\/03\/20250317_151923-150x150.jpg\" class=\"attachment-thumbnail size-thumbnail\" alt=\"\" loading=\"lazy\" fid=\"227\" columns=\"6\" orderby=\"rml\" srcset=\"https:\/\/mymodulo.pl\/sklep\/wp-content\/uploads\/2025\/03\/20250317_151923-150x150.jpg 150w, https:\/\/mymodulo.pl\/sklep\/wp-content\/uploads\/2025\/03\/20250317_151923-390x390.jpg 390w, https:\/\/mymodulo.pl\/sklep\/wp-content\/uploads\/2025\/03\/20250317_151923-100x100.jpg 100w\" sizes=\"(max-width: 150px) 100vw, 150px\" \/><span class=\"gallery_caption\">FN-014<\/span><\/a><\/div><div class=\"col-sm-6 col-md-4 col-lg-2\"><a href=\"https:\/\/mymodulo.pl\/sklep\/wp-content\/uploads\/2025\/03\/20250317_151916-scaled.jpg\" title=\"FN-005\" class=\"hoverBorder\"><img width=\"150\" height=\"150\" src=\"https:\/\/mymodulo.pl\/sklep\/wp-content\/uploads\/2025\/03\/20250317_151916-150x150.jpg\" class=\"attachment-thumbnail size-thumbnail\" alt=\"\" loading=\"lazy\" fid=\"227\" columns=\"6\" orderby=\"rml\" srcset=\"https:\/\/mymodulo.pl\/sklep\/wp-content\/uploads\/2025\/03\/20250317_151916-150x150.jpg 150w, https:\/\/mymodulo.pl\/sklep\/wp-content\/uploads\/2025\/03\/20250317_151916-390x390.jpg 390w, https:\/\/mymodulo.pl\/sklep\/wp-content\/uploads\/2025\/03\/20250317_151916-100x100.jpg 100w\" sizes=\"(max-width: 150px) 100vw, 150px\" \/><span class=\"gallery_caption\">FN-005<\/span><\/a><\/div><div class=\"col-sm-6 col-md-4 col-lg-2\"><a href=\"https:\/\/mymodulo.pl\/sklep\/wp-content\/uploads\/2025\/03\/20250317_151910-scaled.jpg\" title=\"FN-004\" class=\"hoverBorder\"><img width=\"150\" height=\"150\" src=\"https:\/\/mymodulo.pl\/sklep\/wp-content\/uploads\/2025\/03\/20250317_151910-150x150.jpg\" class=\"attachment-thumbnail size-thumbnail\" alt=\"\" loading=\"lazy\" fid=\"227\" columns=\"6\" orderby=\"rml\" srcset=\"https:\/\/mymodulo.pl\/sklep\/wp-content\/uploads\/2025\/03\/20250317_151910-150x150.jpg 150w, https:\/\/mymodulo.pl\/sklep\/wp-content\/uploads\/2025\/03\/20250317_151910-390x390.jpg 390w, https:\/\/mymodulo.pl\/sklep\/wp-content\/uploads\/2025\/03\/20250317_151910-100x100.jpg 100w\" sizes=\"(max-width: 150px) 100vw, 150px\" \/><span class=\"gallery_caption\">FN-004<\/span><\/a><\/div><div class=\"col-sm-6 col-md-4 col-lg-2\"><a href=\"https:\/\/mymodulo.pl\/sklep\/wp-content\/uploads\/2025\/03\/20250317_151846-scaled.jpg\" title=\"FF-018\" class=\"hoverBorder\"><img width=\"150\" height=\"150\" src=\"https:\/\/mymodulo.pl\/sklep\/wp-content\/uploads\/2025\/03\/20250317_151846-150x150.jpg\" class=\"attachment-thumbnail size-thumbnail\" alt=\"\" loading=\"lazy\" fid=\"227\" columns=\"6\" orderby=\"rml\" srcset=\"https:\/\/mymodulo.pl\/sklep\/wp-content\/uploads\/2025\/03\/20250317_151846-150x150.jpg 150w, https:\/\/mymodulo.pl\/sklep\/wp-content\/uploads\/2025\/03\/20250317_151846-390x390.jpg 390w, https:\/\/mymodulo.pl\/sklep\/wp-content\/uploads\/2025\/03\/20250317_151846-100x100.jpg 100w\" sizes=\"(max-width: 150px) 100vw, 150px\" \/><span class=\"gallery_caption\">FF-018<\/span><\/a><\/div><div class=\"col-sm-6 col-md-4 col-lg-2\"><a href=\"https:\/\/mymodulo.pl\/sklep\/wp-content\/uploads\/2025\/03\/20250317_151823-scaled.jpg\" title=\"FF-002\" class=\"hoverBorder\"><img width=\"150\" height=\"150\" src=\"https:\/\/mymodulo.pl\/sklep\/wp-content\/uploads\/2025\/03\/20250317_151823-150x150.jpg\" class=\"attachment-thumbnail size-thumbnail\" alt=\"\" loading=\"lazy\" fid=\"227\" columns=\"6\" orderby=\"rml\" srcset=\"https:\/\/mymodulo.pl\/sklep\/wp-content\/uploads\/2025\/03\/20250317_151823-150x150.jpg 150w, https:\/\/mymodulo.pl\/sklep\/wp-content\/uploads\/2025\/03\/20250317_151823-390x390.jpg 390w, https:\/\/mymodulo.pl\/sklep\/wp-content\/uploads\/2025\/03\/20250317_151823-100x100.jpg 100w\" sizes=\"(max-width: 150px) 100vw, 150px\" \/><span class=\"gallery_caption\">FF-002<\/span><\/a><\/div><div class=\"col-sm-6 col-md-4 col-lg-2\"><a href=\"https:\/\/mymodulo.pl\/sklep\/wp-content\/uploads\/2025\/03\/20250317_151812-scaled.jpg\" title=\"FF-024\" class=\"hoverBorder\"><img width=\"150\" height=\"150\" src=\"https:\/\/mymodulo.pl\/sklep\/wp-content\/uploads\/2025\/03\/20250317_151812-150x150.jpg\" class=\"attachment-thumbnail size-thumbnail\" alt=\"\" loading=\"lazy\" fid=\"227\" columns=\"6\" orderby=\"rml\" srcset=\"https:\/\/mymodulo.pl\/sklep\/wp-content\/uploads\/2025\/03\/20250317_151812-150x150.jpg 150w, https:\/\/mymodulo.pl\/sklep\/wp-content\/uploads\/2025\/03\/20250317_151812-390x390.jpg 390w, https:\/\/mymodulo.pl\/sklep\/wp-content\/uploads\/2025\/03\/20250317_151812-100x100.jpg 100w\" sizes=\"(max-width: 150px) 100vw, 150px\" \/><span class=\"gallery_caption\">FF-024<\/span><\/a><\/div><\/div><div class=\"row zn_image_gallery \"><div class=\"col-sm-6 col-md-4 col-lg-2\"><a href=\"https:\/\/mymodulo.pl\/sklep\/wp-content\/uploads\/2025\/03\/20250317_151702-scaled.jpg\" title=\"FF-025\" class=\"hoverBorder\"><img width=\"150\" height=\"150\" src=\"https:\/\/mymodulo.pl\/sklep\/wp-content\/uploads\/2025\/03\/20250317_151702-150x150.jpg\" class=\"attachment-thumbnail size-thumbnail\" alt=\"\" loading=\"lazy\" fid=\"227\" columns=\"6\" orderby=\"rml\" srcset=\"https:\/\/mymodulo.pl\/sklep\/wp-content\/uploads\/2025\/03\/20250317_151702-150x150.jpg 150w, https:\/\/mymodulo.pl\/sklep\/wp-content\/uploads\/2025\/03\/20250317_151702-390x390.jpg 390w, https:\/\/mymodulo.pl\/sklep\/wp-content\/uploads\/2025\/03\/20250317_151702-100x100.jpg 100w\" sizes=\"(max-width: 150px) 100vw, 150px\" \/><span class=\"gallery_caption\">FF-025<\/span><\/a><\/div><div class=\"col-sm-6 col-md-4 col-lg-2\"><a href=\"https:\/\/mymodulo.pl\/sklep\/wp-content\/uploads\/2025\/03\/20250317_151649-scaled.jpg\" title=\"FF-021\" class=\"hoverBorder\"><img width=\"150\" height=\"150\" src=\"https:\/\/mymodulo.pl\/sklep\/wp-content\/uploads\/2025\/03\/20250317_151649-150x150.jpg\" class=\"attachment-thumbnail size-thumbnail\" alt=\"\" loading=\"lazy\" fid=\"227\" columns=\"6\" orderby=\"rml\" srcset=\"https:\/\/mymodulo.pl\/sklep\/wp-content\/uploads\/2025\/03\/20250317_151649-150x150.jpg 150w, https:\/\/mymodulo.pl\/sklep\/wp-content\/uploads\/2025\/03\/20250317_151649-390x390.jpg 390w, https:\/\/mymodulo.pl\/sklep\/wp-content\/uploads\/2025\/03\/20250317_151649-100x100.jpg 100w\" sizes=\"(max-width: 150px) 100vw, 150px\" \/><span class=\"gallery_caption\">FF-021<\/span><\/a><\/div><div class=\"col-sm-6 col-md-4 col-lg-2\"><a href=\"https:\/\/mymodulo.pl\/sklep\/wp-content\/uploads\/2025\/03\/20250317_151641-scaled.jpg\" title=\"FF-020\" class=\"hoverBorder\"><img width=\"150\" height=\"150\" src=\"https:\/\/mymodulo.pl\/sklep\/wp-content\/uploads\/2025\/03\/20250317_151641-150x150.jpg\" class=\"attachment-thumbnail size-thumbnail\" alt=\"\" loading=\"lazy\" fid=\"227\" columns=\"6\" orderby=\"rml\" srcset=\"https:\/\/mymodulo.pl\/sklep\/wp-content\/uploads\/2025\/03\/20250317_151641-150x150.jpg 150w, https:\/\/mymodulo.pl\/sklep\/wp-content\/uploads\/2025\/03\/20250317_151641-390x390.jpg 390w, https:\/\/mymodulo.pl\/sklep\/wp-content\/uploads\/2025\/03\/20250317_151641-100x100.jpg 100w\" sizes=\"(max-width: 150px) 100vw, 150px\" \/><span class=\"gallery_caption\">FF-020<\/span><\/a><\/div><div class=\"col-sm-6 col-md-4 col-lg-2\"><a href=\"https:\/\/mymodulo.pl\/sklep\/wp-content\/uploads\/2025\/03\/20250317_151626-scaled.jpg\" title=\"FN-013\" class=\"hoverBorder\"><img width=\"150\" height=\"150\" src=\"https:\/\/mymodulo.pl\/sklep\/wp-content\/uploads\/2025\/03\/20250317_151626-150x150.jpg\" class=\"attachment-thumbnail size-thumbnail\" alt=\"\" loading=\"lazy\" fid=\"227\" columns=\"6\" orderby=\"rml\" srcset=\"https:\/\/mymodulo.pl\/sklep\/wp-content\/uploads\/2025\/03\/20250317_151626-150x150.jpg 150w, https:\/\/mymodulo.pl\/sklep\/wp-content\/uploads\/2025\/03\/20250317_151626-390x390.jpg 390w, https:\/\/mymodulo.pl\/sklep\/wp-content\/uploads\/2025\/03\/20250317_151626-100x100.jpg 100w\" sizes=\"(max-width: 150px) 100vw, 150px\" \/><span class=\"gallery_caption\">FN-013<\/span><\/a><\/div><div class=\"col-sm-6 col-md-4 col-lg-2\"><a href=\"https:\/\/mymodulo.pl\/sklep\/wp-content\/uploads\/2025\/03\/20250317_151616-scaled.jpg\" title=\"FN-009\" class=\"hoverBorder\"><img width=\"150\" height=\"150\" src=\"https:\/\/mymodulo.pl\/sklep\/wp-content\/uploads\/2025\/03\/20250317_151616-150x150.jpg\" class=\"attachment-thumbnail size-thumbnail\" alt=\"\" loading=\"lazy\" fid=\"227\" columns=\"6\" orderby=\"rml\" srcset=\"https:\/\/mymodulo.pl\/sklep\/wp-content\/uploads\/2025\/03\/20250317_151616-150x150.jpg 150w, https:\/\/mymodulo.pl\/sklep\/wp-content\/uploads\/2025\/03\/20250317_151616-390x390.jpg 390w, https:\/\/mymodulo.pl\/sklep\/wp-content\/uploads\/2025\/03\/20250317_151616-100x100.jpg 100w\" sizes=\"(max-width: 150px) 100vw, 150px\" \/><span class=\"gallery_caption\">FN-009<\/span><\/a><\/div><div class=\"col-sm-6 col-md-4 col-lg-2\"><a href=\"https:\/\/mymodulo.pl\/sklep\/wp-content\/uploads\/2025\/03\/20250317_151606-scaled.jpg\" title=\"FN-012\" class=\"hoverBorder\"><img width=\"150\" height=\"150\" src=\"https:\/\/mymodulo.pl\/sklep\/wp-content\/uploads\/2025\/03\/20250317_151606-150x150.jpg\" class=\"attachment-thumbnail size-thumbnail\" alt=\"\" loading=\"lazy\" fid=\"227\" columns=\"6\" orderby=\"rml\" srcset=\"https:\/\/mymodulo.pl\/sklep\/wp-content\/uploads\/2025\/03\/20250317_151606-150x150.jpg 150w, https:\/\/mymodulo.pl\/sklep\/wp-content\/uploads\/2025\/03\/20250317_151606-390x390.jpg 390w, https:\/\/mymodulo.pl\/sklep\/wp-content\/uploads\/2025\/03\/20250317_151606-100x100.jpg 100w\" sizes=\"(max-width: 150px) 100vw, 150px\" \/><span class=\"gallery_caption\">FN-012<\/span><\/a><\/div><\/div><div class=\"row zn_image_gallery \"><div class=\"col-sm-6 col-md-4 col-lg-2\"><a href=\"https:\/\/mymodulo.pl\/sklep\/wp-content\/uploads\/2025\/03\/20250317_151557-scaled.jpg\" title=\"FN-006\" class=\"hoverBorder\"><img width=\"150\" height=\"150\" src=\"https:\/\/mymodulo.pl\/sklep\/wp-content\/uploads\/2025\/03\/20250317_151557-150x150.jpg\" class=\"attachment-thumbnail size-thumbnail\" alt=\"\" loading=\"lazy\" fid=\"227\" columns=\"6\" orderby=\"rml\" srcset=\"https:\/\/mymodulo.pl\/sklep\/wp-content\/uploads\/2025\/03\/20250317_151557-150x150.jpg 150w, https:\/\/mymodulo.pl\/sklep\/wp-content\/uploads\/2025\/03\/20250317_151557-390x390.jpg 390w, https:\/\/mymodulo.pl\/sklep\/wp-content\/uploads\/2025\/03\/20250317_151557-100x100.jpg 100w\" sizes=\"(max-width: 150px) 100vw, 150px\" \/><span class=\"gallery_caption\">FN-006<\/span><\/a><\/div><\/div><\/div>\n<p>&nbsp;<\/p>\n<p><strong>Uwaga!<\/strong><\/p>\n<p>Dok\u0142adamy wszelkich stara\u0144, aby kolory przedstawiane na ekranie jak najdok\u0142adniej odzwierciedla\u0142y kolory naszych produkt\u00f3w. Nie jeste\u015bmy jednak w\u00a0stanie zagwarantowa\u0107 ich idealnego odwzorowania. Zar\u00f3wno kolory zaprezentowane we wzorniku\u00a0 jak i\u00a0kolory na zdj\u0119ciach naszych realizacji czy wizualizacji mog\u0105 si\u0119 nieznacznie r\u00f3\u017cni\u0107 od rzeczywistych \u2013\u00a0wynika to z\u00a0r\u00f3\u017cnorodno\u015bci dost\u0119pnego sprz\u0119tu \u00a0komputerowego oraz jego indywidualnych ustawie\u0144 a\u00a0w szczeg\u00f3lno\u015bci ustawie\u0144 monitora i\u00a0karty graficznej. Oznaczenia NCS maj\u0105 charakter pogl\u0105dowy i nie odzwierciedlaj\u0105 precyzyjnie danej barwy. Szczeg\u00f3lnie zdj\u0119cia realizacji nie s\u0105 w \u017cadnym stopniu odwzorowaniem rzeczywisto\u015bci. Zdj\u0119cia wykonywane s\u0105 w r\u00f3\u017cnych warunkach, w r\u00f3\u017cnym \u015bwietle i r\u00f3\u017cnymi aparatami.<\/p>\n<p>Zgodno\u015b\u0107 koloru gwarantowana jest dla danej partii. Sprzedawca nie gwarantuje uzyskania identycznego koloru dla paneli wyprodukowanych w partiach p\u00f3\u017aniejszych.<\/p>\n<p>Prosimy o przemy\u015blane zakupy.<\/p>\n","protected":false},"excerpt":{"rendered":"<p>Czas realizacji 5-10 dni roboczych<\/p>\n","protected":false},"featured_media":7012,"template":"","meta":[],"product_cat":[631,643,644,645],"product_tag":[],"_links":{"self":[{"href":"https:\/\/mymodulo.pl\/sklep\/wp-json\/wp\/v2\/product\/6997"}],"collection":[{"href":"https:\/\/mymodulo.pl\/sklep\/wp-json\/wp\/v2\/product"}],"about":[{"href":"https:\/\/mymodulo.pl\/sklep\/wp-json\/wp\/v2\/types\/product"}],"wp:featuredmedia":[{"embeddable":true,"href":"https:\/\/mymodulo.pl\/sklep\/wp-json\/wp\/v2\/media\/7012"}],"wp:attachment":[{"href":"https:\/\/mymodulo.pl\/sklep\/wp-json\/wp\/v2\/media?parent=6997"}],"wp:term":[{"taxonomy":"product_cat","embeddable":true,"href":"https:\/\/mymodulo.pl\/sklep\/wp-json\/wp\/v2\/product_cat?post=6997"},{"taxonomy":"product_tag","embeddable":true,"href":"https:\/\/mymodulo.pl\/sklep\/wp-json\/wp\/v2\/product_tag?post=6997"}],"curies":[{"name":"wp","href":"https:\/\/api.w.org\/{rel}","templated":true}]}}