{"id":6404,"date":"2022-04-22T20:50:09","date_gmt":"2022-04-22T18:50:09","guid":{"rendered":"https:\/\/mymodulo.pl\/sklep\/?post_type=product&#038;p=6404"},"modified":"2024-02-28T08:57:52","modified_gmt":"2024-02-28T07:57:52","slug":"panel-korkowy-concave","status":"publish","type":"product","link":"https:\/\/mymodulo.pl\/sklep\/produkt\/panel-korkowy-concave\/","title":{"rendered":"Panel korkowy CONCAVE"},"content":{"rendered":"<p>CORKBEE to Polska marka \u0142\u0105cz\u0105ca w sobie zami\u0142owanie do naturalnego designu i prostych form. CORKBEE stawia na wysok\u0105 jako\u015b\u0107 i szczero\u015b\u0107 materia\u0142u. Kluczowe jest tworzenie rzeczy wyj\u0105tkowych, kt\u00f3re sprawdz\u0105 si\u0119 w ka\u017cdym wn\u0119trzu.<\/p>\n<p>Corkwall\u00a0 to kolekcja przyjaznych dla \u015brodowiska\u00a0 \u015bciennych paneli 3D. Panele wykonane s\u0105 z naturalnego korka tym samym s\u0105 przyjazne dla \u015brodowiska. Panele corkwall to po\u0142\u0105czenie najwy\u017cszej jako\u015bci i unikatowego designu.<\/p>\n<p>Panele \u015bcienne 3D sprawi\u0105, \u017ce ka\u017cde pomieszczenie stanie si\u0119 wyj\u0105tkowe i przytulne. Wp\u0142yn\u0105 na popraw\u0119 akustyki i zadbaj\u0105 o odpowiedni mikroklimat w pomieszczeniu. Panele corkwall posiadaj\u0105 bardzo wa\u017cn\u0105 zalet\u0119, s\u0105 biodegradowalne, powstaj\u0105 bez szk\u00f3d dla \u015brodowiska naturalnego.<\/p>\n<h3><\/h3>\n<p><img loading=\"lazy\" class=\"wp-image-6417 size-full aligncenter\" src=\"https:\/\/mymodulo.pl\/sklep\/wp-content\/uploads\/2022\/04\/xconcave.jpg.pagespeed.ic_.bS35u75-AS.png\" alt=\"akustyczne panele korkowe \" width=\"800\" height=\"533\" srcset=\"https:\/\/mymodulo.pl\/sklep\/wp-content\/uploads\/2022\/04\/xconcave.jpg.pagespeed.ic_.bS35u75-AS.png 800w, https:\/\/mymodulo.pl\/sklep\/wp-content\/uploads\/2022\/04\/xconcave.jpg.pagespeed.ic_.bS35u75-AS-300x200.png 300w, https:\/\/mymodulo.pl\/sklep\/wp-content\/uploads\/2022\/04\/xconcave.jpg.pagespeed.ic_.bS35u75-AS-768x512.png 768w, https:\/\/mymodulo.pl\/sklep\/wp-content\/uploads\/2022\/04\/xconcave.jpg.pagespeed.ic_.bS35u75-AS-280x187.png 280w, https:\/\/mymodulo.pl\/sklep\/wp-content\/uploads\/2022\/04\/xconcave.jpg.pagespeed.ic_.bS35u75-AS-600x400.png 600w\" sizes=\"(max-width: 800px) 100vw, 800px\" \/><\/p>\n<p>&nbsp;<\/p>\n<h3><strong>Mo\u017cliwo\u015bci u\u0142o\u017cenia<\/strong><\/h3>\n<p><img loading=\"lazy\" class=\"wp-image-6416 size-full aligncenter\" src=\"https:\/\/mymodulo.pl\/sklep\/wp-content\/uploads\/2022\/04\/xuklady-concave.jpg.pagespeed.ic_.AmnVUxnMhv.png\" alt=\"panele korkowe akustyczne \" width=\"800\" height=\"800\" srcset=\"https:\/\/mymodulo.pl\/sklep\/wp-content\/uploads\/2022\/04\/xuklady-concave.jpg.pagespeed.ic_.AmnVUxnMhv.png 800w, https:\/\/mymodulo.pl\/sklep\/wp-content\/uploads\/2022\/04\/xuklady-concave.jpg.pagespeed.ic_.AmnVUxnMhv-300x300.png 300w, https:\/\/mymodulo.pl\/sklep\/wp-content\/uploads\/2022\/04\/xuklady-concave.jpg.pagespeed.ic_.AmnVUxnMhv-150x150.png 150w, https:\/\/mymodulo.pl\/sklep\/wp-content\/uploads\/2022\/04\/xuklady-concave.jpg.pagespeed.ic_.AmnVUxnMhv-768x768.png 768w, https:\/\/mymodulo.pl\/sklep\/wp-content\/uploads\/2022\/04\/xuklady-concave.jpg.pagespeed.ic_.AmnVUxnMhv-187x187.png 187w, https:\/\/mymodulo.pl\/sklep\/wp-content\/uploads\/2022\/04\/xuklady-concave.jpg.pagespeed.ic_.AmnVUxnMhv-390x390.png 390w, https:\/\/mymodulo.pl\/sklep\/wp-content\/uploads\/2022\/04\/xuklady-concave.jpg.pagespeed.ic_.AmnVUxnMhv-600x600.png 600w, https:\/\/mymodulo.pl\/sklep\/wp-content\/uploads\/2022\/04\/xuklady-concave.jpg.pagespeed.ic_.AmnVUxnMhv-100x100.png 100w\" sizes=\"(max-width: 800px) 100vw, 800px\" \/><\/p>\n<p>&nbsp;<\/p>\n<h3><strong>Zalety<\/strong><\/h3>\n<ul>\n<li>lekkie<\/li>\n<li>\u0142atwe w monta\u017cu<\/li>\n<li>naturalna izolacja akustyczna i termiczna<\/li>\n<li>wiele mo\u017cliwo\u015bci u\u0142o\u017cenia<\/li>\n<li>przyjazne \u015brodowisku<\/li>\n<li>odnawialne, nadaj\u0105ce si\u0119 do recyklingu<\/li>\n<li>8 dost\u0119pnych kolor\u00f3w<\/li>\n<\/ul>\n<p>&nbsp;<\/p>\n<h3><strong>Materia\u0142<\/strong><\/h3>\n<p class=\"Tre\">Korek aglomerowany formowany pod ci\u015bnieniem Do produkcji paneli corkWALL u\u017cywany jest korek.\u00a0 Do produkcji u\u017cywane s\u0105 odpady\u00a0 z produkcji kork\u00f3w do win.\u00a0 Granulat korkowy formowany jest\u00a0 przy u\u017cyciu ci\u015bnienia, temperatury i spoiwa w formach do tego stworzonych.<\/p>\n<p>&nbsp;<\/p>\n<h3><strong>Wymiar<\/strong><\/h3>\n<p>25 cm x 25 cm<br \/>\ngrubo\u015b\u0107: 25 mm<\/p>\n<p>Liczba paneli dla 1m2 = 16 sztuk<\/p>\n<p>&nbsp;<\/p>\n<p>Minimalne zam\u00f3wienie 6 sztuk<\/p>\n<p>&nbsp;<\/p>\n<h3>Trudnopalno\u015b\u0107<\/h3>\n<p>Panele korkowe w podstawowej opcji nie s\u0105 trudnopalne.<\/p>\n<p>Istnieje mo\u017cliwo\u015b\u0107 pokrycia paneli impregnatem przeciwogniowym w celu uzyskania produktu trudnozapalnego C-s2,d0<br \/>\nKoszt impregnacji 2 z\u0142\/1 panel<\/p>\n<p>&nbsp;<\/p>\n<h3><strong>Dost\u0119pne kolory<\/strong><\/h3>\n<style type=\"text\/css\">\n\t\t\t\t#gallery-1 {\n\t\t\t\t\tmargin: auto;\n\t\t\t\t}\n\t\t\t\t#gallery-1 .gallery-item {\n\t\t\t\t\tfloat: left;\n\t\t\t\t\tmargin-top: 10px;\n\t\t\t\t\ttext-align: center;\n\t\t\t\t\twidth: 33%;\n\t\t\t\t}\n\t\t\t\t#gallery-1 .gallery-caption {\n\t\t\t\t\tmargin-left: 0;\n\t\t\t\t}\n\t\t\t<\/style><!-- see gallery_shortcode() in wp-includes\/media.php -->\n\t\t\t\n\t\t<div id=\"gallery-1\" class=\"gallery galleryid-6404 mfp-gallery mfp-gallery--images gallery-columns-3 gallery-size-medium\"><div class=\"row zn_image_gallery \"><div class=\"col-sm-6 col-md-4 col-lg-4\"><a href=\"https:\/\/mymodulo.pl\/sklep\/wp-content\/uploads\/2022\/04\/yellow.jpg\" title=\"yellow\" class=\"hoverBorder\"><img width=\"300\" height=\"300\" src=\"https:\/\/mymodulo.pl\/sklep\/wp-content\/uploads\/2022\/04\/yellow-300x300.jpg\" class=\"attachment-medium size-medium\" alt=\"akustyczne panele \u015bcienne korkowe\" loading=\"lazy\" fid=\"225\" link=\"none\" orderby=\"rml\" size=\"medium\" srcset=\"https:\/\/mymodulo.pl\/sklep\/wp-content\/uploads\/2022\/04\/yellow-300x300.jpg 300w, https:\/\/mymodulo.pl\/sklep\/wp-content\/uploads\/2022\/04\/yellow-150x150.jpg 150w, https:\/\/mymodulo.pl\/sklep\/wp-content\/uploads\/2022\/04\/yellow-187x187.jpg 187w, https:\/\/mymodulo.pl\/sklep\/wp-content\/uploads\/2022\/04\/yellow-390x390.jpg 390w, https:\/\/mymodulo.pl\/sklep\/wp-content\/uploads\/2022\/04\/yellow-100x100.jpg 100w, https:\/\/mymodulo.pl\/sklep\/wp-content\/uploads\/2022\/04\/yellow.jpg 600w\" sizes=\"(max-width: 300px) 100vw, 300px\" \/><span class=\"gallery_caption\">yellow<\/span><\/a><\/div><div class=\"col-sm-6 col-md-4 col-lg-4\"><a href=\"https:\/\/mymodulo.pl\/sklep\/wp-content\/uploads\/2022\/04\/natural.jpg\" title=\"natural\" class=\"hoverBorder\"><img width=\"300\" height=\"300\" src=\"https:\/\/mymodulo.pl\/sklep\/wp-content\/uploads\/2022\/04\/natural-300x300.jpg\" class=\"attachment-medium size-medium\" alt=\"akustyczne panele \u015bcienne korkowe\" loading=\"lazy\" fid=\"225\" link=\"none\" orderby=\"rml\" size=\"medium\" srcset=\"https:\/\/mymodulo.pl\/sklep\/wp-content\/uploads\/2022\/04\/natural-300x300.jpg 300w, https:\/\/mymodulo.pl\/sklep\/wp-content\/uploads\/2022\/04\/natural-150x150.jpg 150w, https:\/\/mymodulo.pl\/sklep\/wp-content\/uploads\/2022\/04\/natural-187x187.jpg 187w, https:\/\/mymodulo.pl\/sklep\/wp-content\/uploads\/2022\/04\/natural-390x390.jpg 390w, https:\/\/mymodulo.pl\/sklep\/wp-content\/uploads\/2022\/04\/natural-100x100.jpg 100w, https:\/\/mymodulo.pl\/sklep\/wp-content\/uploads\/2022\/04\/natural.jpg 600w\" sizes=\"(max-width: 300px) 100vw, 300px\" \/><span class=\"gallery_caption\">natural<\/span><\/a><\/div><div class=\"col-sm-6 col-md-4 col-lg-4\"><a href=\"https:\/\/mymodulo.pl\/sklep\/wp-content\/uploads\/2022\/04\/maroon.jpg\" title=\"maroon\" class=\"hoverBorder\"><img width=\"300\" height=\"300\" src=\"https:\/\/mymodulo.pl\/sklep\/wp-content\/uploads\/2022\/04\/maroon-300x300.jpg\" class=\"attachment-medium size-medium\" alt=\"akustyczne panele \u015bcienne korkowe\" loading=\"lazy\" fid=\"225\" link=\"none\" orderby=\"rml\" size=\"medium\" srcset=\"https:\/\/mymodulo.pl\/sklep\/wp-content\/uploads\/2022\/04\/maroon-300x300.jpg 300w, https:\/\/mymodulo.pl\/sklep\/wp-content\/uploads\/2022\/04\/maroon-150x150.jpg 150w, https:\/\/mymodulo.pl\/sklep\/wp-content\/uploads\/2022\/04\/maroon-187x187.jpg 187w, https:\/\/mymodulo.pl\/sklep\/wp-content\/uploads\/2022\/04\/maroon-390x390.jpg 390w, https:\/\/mymodulo.pl\/sklep\/wp-content\/uploads\/2022\/04\/maroon-100x100.jpg 100w, https:\/\/mymodulo.pl\/sklep\/wp-content\/uploads\/2022\/04\/maroon.jpg 600w\" sizes=\"(max-width: 300px) 100vw, 300px\" \/><span class=\"gallery_caption\">maroon<\/span><\/a><\/div><\/div><div class=\"row zn_image_gallery \"><div class=\"col-sm-6 col-md-4 col-lg-4\"><a href=\"https:\/\/mymodulo.pl\/sklep\/wp-content\/uploads\/2022\/04\/ivory.jpg\" title=\"ivory\" class=\"hoverBorder\"><img width=\"300\" height=\"300\" src=\"https:\/\/mymodulo.pl\/sklep\/wp-content\/uploads\/2022\/04\/ivory-300x300.jpg\" class=\"attachment-medium size-medium\" alt=\"\" loading=\"lazy\" fid=\"225\" link=\"none\" orderby=\"rml\" size=\"medium\" srcset=\"https:\/\/mymodulo.pl\/sklep\/wp-content\/uploads\/2022\/04\/ivory-300x300.jpg 300w, https:\/\/mymodulo.pl\/sklep\/wp-content\/uploads\/2022\/04\/ivory-150x150.jpg 150w, https:\/\/mymodulo.pl\/sklep\/wp-content\/uploads\/2022\/04\/ivory-187x187.jpg 187w, https:\/\/mymodulo.pl\/sklep\/wp-content\/uploads\/2022\/04\/ivory-390x390.jpg 390w, https:\/\/mymodulo.pl\/sklep\/wp-content\/uploads\/2022\/04\/ivory-100x100.jpg 100w, https:\/\/mymodulo.pl\/sklep\/wp-content\/uploads\/2022\/04\/ivory.jpg 600w\" sizes=\"(max-width: 300px) 100vw, 300px\" \/><span class=\"gallery_caption\">ivory<\/span><\/a><\/div><div class=\"col-sm-6 col-md-4 col-lg-4\"><a href=\"https:\/\/mymodulo.pl\/sklep\/wp-content\/uploads\/2022\/04\/grey.jpg\" title=\"grey\" class=\"hoverBorder\"><img width=\"300\" height=\"300\" src=\"https:\/\/mymodulo.pl\/sklep\/wp-content\/uploads\/2022\/04\/grey-300x300.jpg\" class=\"attachment-medium size-medium\" alt=\"akustyczne panele \u015bcienne korkowe\" loading=\"lazy\" fid=\"225\" link=\"none\" orderby=\"rml\" size=\"medium\" srcset=\"https:\/\/mymodulo.pl\/sklep\/wp-content\/uploads\/2022\/04\/grey-300x300.jpg 300w, https:\/\/mymodulo.pl\/sklep\/wp-content\/uploads\/2022\/04\/grey-150x150.jpg 150w, https:\/\/mymodulo.pl\/sklep\/wp-content\/uploads\/2022\/04\/grey-187x187.jpg 187w, https:\/\/mymodulo.pl\/sklep\/wp-content\/uploads\/2022\/04\/grey-390x390.jpg 390w, https:\/\/mymodulo.pl\/sklep\/wp-content\/uploads\/2022\/04\/grey-100x100.jpg 100w, https:\/\/mymodulo.pl\/sklep\/wp-content\/uploads\/2022\/04\/grey.jpg 600w\" sizes=\"(max-width: 300px) 100vw, 300px\" \/><span class=\"gallery_caption\">grey<\/span><\/a><\/div><div class=\"col-sm-6 col-md-4 col-lg-4\"><a href=\"https:\/\/mymodulo.pl\/sklep\/wp-content\/uploads\/2022\/04\/green.jpg\" title=\"green\" class=\"hoverBorder\"><img width=\"300\" height=\"300\" src=\"https:\/\/mymodulo.pl\/sklep\/wp-content\/uploads\/2022\/04\/green-300x300.jpg\" class=\"attachment-medium size-medium\" alt=\"akustyczne panele \u015bcienne korkowe\" loading=\"lazy\" fid=\"225\" link=\"none\" orderby=\"rml\" size=\"medium\" srcset=\"https:\/\/mymodulo.pl\/sklep\/wp-content\/uploads\/2022\/04\/green-300x300.jpg 300w, https:\/\/mymodulo.pl\/sklep\/wp-content\/uploads\/2022\/04\/green-150x150.jpg 150w, https:\/\/mymodulo.pl\/sklep\/wp-content\/uploads\/2022\/04\/green-187x187.jpg 187w, https:\/\/mymodulo.pl\/sklep\/wp-content\/uploads\/2022\/04\/green-390x390.jpg 390w, https:\/\/mymodulo.pl\/sklep\/wp-content\/uploads\/2022\/04\/green-100x100.jpg 100w, https:\/\/mymodulo.pl\/sklep\/wp-content\/uploads\/2022\/04\/green.jpg 600w\" sizes=\"(max-width: 300px) 100vw, 300px\" \/><span class=\"gallery_caption\">green<\/span><\/a><\/div><\/div><div class=\"row zn_image_gallery \"><div class=\"col-sm-6 col-md-4 col-lg-4\"><a href=\"https:\/\/mymodulo.pl\/sklep\/wp-content\/uploads\/2022\/04\/deep-blue.jpg\" title=\"deep blue\" class=\"hoverBorder\"><img width=\"300\" height=\"300\" src=\"https:\/\/mymodulo.pl\/sklep\/wp-content\/uploads\/2022\/04\/deep-blue-300x300.jpg\" class=\"attachment-medium size-medium\" alt=\"akustyczne panele \u015bcienne korkowe\" loading=\"lazy\" fid=\"225\" link=\"none\" orderby=\"rml\" size=\"medium\" srcset=\"https:\/\/mymodulo.pl\/sklep\/wp-content\/uploads\/2022\/04\/deep-blue-300x300.jpg 300w, https:\/\/mymodulo.pl\/sklep\/wp-content\/uploads\/2022\/04\/deep-blue-150x150.jpg 150w, https:\/\/mymodulo.pl\/sklep\/wp-content\/uploads\/2022\/04\/deep-blue-187x187.jpg 187w, https:\/\/mymodulo.pl\/sklep\/wp-content\/uploads\/2022\/04\/deep-blue-390x390.jpg 390w, https:\/\/mymodulo.pl\/sklep\/wp-content\/uploads\/2022\/04\/deep-blue-100x100.jpg 100w, https:\/\/mymodulo.pl\/sklep\/wp-content\/uploads\/2022\/04\/deep-blue.jpg 600w\" sizes=\"(max-width: 300px) 100vw, 300px\" \/><span class=\"gallery_caption\">deep blue<\/span><\/a><\/div><div class=\"col-sm-6 col-md-4 col-lg-4\"><a href=\"https:\/\/mymodulo.pl\/sklep\/wp-content\/uploads\/2022\/04\/dark-green.jpg\" title=\"dark green\" class=\"hoverBorder\"><img width=\"300\" height=\"300\" src=\"https:\/\/mymodulo.pl\/sklep\/wp-content\/uploads\/2022\/04\/dark-green-300x300.jpg\" class=\"attachment-medium size-medium\" alt=\"akustyczne panele \u015bcienne korkowe\" loading=\"lazy\" fid=\"225\" link=\"none\" orderby=\"rml\" size=\"medium\" srcset=\"https:\/\/mymodulo.pl\/sklep\/wp-content\/uploads\/2022\/04\/dark-green-300x300.jpg 300w, https:\/\/mymodulo.pl\/sklep\/wp-content\/uploads\/2022\/04\/dark-green-150x150.jpg 150w, https:\/\/mymodulo.pl\/sklep\/wp-content\/uploads\/2022\/04\/dark-green-187x187.jpg 187w, https:\/\/mymodulo.pl\/sklep\/wp-content\/uploads\/2022\/04\/dark-green-390x390.jpg 390w, https:\/\/mymodulo.pl\/sklep\/wp-content\/uploads\/2022\/04\/dark-green-100x100.jpg 100w, https:\/\/mymodulo.pl\/sklep\/wp-content\/uploads\/2022\/04\/dark-green.jpg 600w\" sizes=\"(max-width: 300px) 100vw, 300px\" \/><span class=\"gallery_caption\">dark green<\/span><\/a><\/div><div class=\"col-sm-6 col-md-4 col-lg-4\"><a href=\"https:\/\/mymodulo.pl\/sklep\/wp-content\/uploads\/2022\/04\/brown.jpg\" title=\"brown\" class=\"hoverBorder\"><img width=\"300\" height=\"300\" src=\"https:\/\/mymodulo.pl\/sklep\/wp-content\/uploads\/2022\/04\/brown-300x300.jpg\" class=\"attachment-medium size-medium\" alt=\"akustyczne panele \u015bcienne korkowe\" loading=\"lazy\" fid=\"225\" link=\"none\" orderby=\"rml\" size=\"medium\" srcset=\"https:\/\/mymodulo.pl\/sklep\/wp-content\/uploads\/2022\/04\/brown-300x300.jpg 300w, https:\/\/mymodulo.pl\/sklep\/wp-content\/uploads\/2022\/04\/brown-150x150.jpg 150w, https:\/\/mymodulo.pl\/sklep\/wp-content\/uploads\/2022\/04\/brown-187x187.jpg 187w, https:\/\/mymodulo.pl\/sklep\/wp-content\/uploads\/2022\/04\/brown-390x390.jpg 390w, https:\/\/mymodulo.pl\/sklep\/wp-content\/uploads\/2022\/04\/brown-100x100.jpg 100w, https:\/\/mymodulo.pl\/sklep\/wp-content\/uploads\/2022\/04\/brown.jpg 600w\" sizes=\"(max-width: 300px) 100vw, 300px\" \/><span class=\"gallery_caption\">brown<\/span><\/a><\/div><\/div><div class=\"row zn_image_gallery \"><div class=\"col-sm-6 col-md-4 col-lg-4\"><a href=\"https:\/\/mymodulo.pl\/sklep\/wp-content\/uploads\/2022\/04\/blue.jpg\" title=\"blue\" class=\"hoverBorder\"><img width=\"300\" height=\"300\" src=\"https:\/\/mymodulo.pl\/sklep\/wp-content\/uploads\/2022\/04\/blue-300x300.jpg\" class=\"attachment-medium size-medium\" alt=\"akustyczne panele \u015bcienne korkowe\" loading=\"lazy\" fid=\"225\" link=\"none\" orderby=\"rml\" size=\"medium\" srcset=\"https:\/\/mymodulo.pl\/sklep\/wp-content\/uploads\/2022\/04\/blue-300x300.jpg 300w, https:\/\/mymodulo.pl\/sklep\/wp-content\/uploads\/2022\/04\/blue-150x150.jpg 150w, https:\/\/mymodulo.pl\/sklep\/wp-content\/uploads\/2022\/04\/blue-187x187.jpg 187w, https:\/\/mymodulo.pl\/sklep\/wp-content\/uploads\/2022\/04\/blue-390x390.jpg 390w, https:\/\/mymodulo.pl\/sklep\/wp-content\/uploads\/2022\/04\/blue-100x100.jpg 100w, https:\/\/mymodulo.pl\/sklep\/wp-content\/uploads\/2022\/04\/blue.jpg 600w\" sizes=\"(max-width: 300px) 100vw, 300px\" \/><span class=\"gallery_caption\">blue<\/span><\/a><\/div><div class=\"col-sm-6 col-md-4 col-lg-4\"><a href=\"https:\/\/mymodulo.pl\/sklep\/wp-content\/uploads\/2022\/04\/black.jpg\" title=\"black\" class=\"hoverBorder\"><img width=\"300\" height=\"300\" src=\"https:\/\/mymodulo.pl\/sklep\/wp-content\/uploads\/2022\/04\/black-300x300.jpg\" class=\"attachment-medium size-medium\" alt=\"akustyczne panele \u015bcienne korkowe\" loading=\"lazy\" fid=\"225\" link=\"none\" orderby=\"rml\" size=\"medium\" srcset=\"https:\/\/mymodulo.pl\/sklep\/wp-content\/uploads\/2022\/04\/black-300x300.jpg 300w, https:\/\/mymodulo.pl\/sklep\/wp-content\/uploads\/2022\/04\/black-150x150.jpg 150w, https:\/\/mymodulo.pl\/sklep\/wp-content\/uploads\/2022\/04\/black-187x187.jpg 187w, https:\/\/mymodulo.pl\/sklep\/wp-content\/uploads\/2022\/04\/black-390x390.jpg 390w, https:\/\/mymodulo.pl\/sklep\/wp-content\/uploads\/2022\/04\/black-100x100.jpg 100w, https:\/\/mymodulo.pl\/sklep\/wp-content\/uploads\/2022\/04\/black.jpg 600w\" sizes=\"(max-width: 300px) 100vw, 300px\" \/><span class=\"gallery_caption\">black<\/span><\/a><\/div><\/div><\/div>\n<p>&nbsp;<\/p>\n<p><strong>UWAGA! WA\u017bNE!<\/strong><\/p>\n<p>Dok\u0142adamy wszelkich stara\u0144, aby kolory przedstawiane na ekranie jak najdok\u0142adniej odzwierciedla\u0142y kolory naszych produkt\u00f3w. Nie jeste\u015bmy jednak w stanie zagwarantowa\u0107 ich idealnego odwzorowania. Zar\u00f3wno kolory zaprezentowane we wzorniku\u00a0 jak i kolory na zdj\u0119ciach naszych realizacji czy wizualizacji mog\u0105 si\u0119 nieznacznie r\u00f3\u017cni\u0107 od rzeczywistych \u2013 wynika to z r\u00f3\u017cnorodno\u015bci dost\u0119pnego sprz\u0119tu \u00a0komputerowego oraz jego indywidualnych ustawie\u0144 a w szczeg\u00f3lno\u015bci ustawie\u0144 monitora i karty graficznej.\u00a0 Szczeg\u00f3lnie zdj\u0119cia realizacji nie s\u0105 w \u017cadnym stopniu odwzorowaniem rzeczywisto\u015bci. Zdj\u0119cia wykonywane s\u0105 w r\u00f3\u017cnych warunkach, w r\u00f3\u017cnym \u015bwietle i r\u00f3\u017cnymi aparatami.<\/p>\n<p>Zgodno\u015b\u0107 koloru gwarantowana jest dla danej partii. Sprzedawca nie gwarantuje uzyskania identycznego koloru dla paneli wyprodukowanych w partiach p\u00f3\u017aniejszych.<\/p>\n<p>Prosimy o przemy\u015blane zakupy.<\/p>\n<p>&nbsp;<\/p>\n<h3 style=\"text-align: center;\"><\/h3>\n","protected":false},"excerpt":{"rendered":"<p>Korkowy panel \u015bcienny 3D<br \/>\nCena dotyczy 1 elementu<\/p>\n<p>Produkt dost\u0119pny na zam\u00f3wienie. Czas realizacji 10-20 dni roboczych.<\/p>\n","protected":false},"featured_media":6402,"template":"","meta":[],"product_cat":[631,630,579],"product_tag":[],"_links":{"self":[{"href":"https:\/\/mymodulo.pl\/sklep\/wp-json\/wp\/v2\/product\/6404"}],"collection":[{"href":"https:\/\/mymodulo.pl\/sklep\/wp-json\/wp\/v2\/product"}],"about":[{"href":"https:\/\/mymodulo.pl\/sklep\/wp-json\/wp\/v2\/types\/product"}],"wp:featuredmedia":[{"embeddable":true,"href":"https:\/\/mymodulo.pl\/sklep\/wp-json\/wp\/v2\/media\/6402"}],"wp:attachment":[{"href":"https:\/\/mymodulo.pl\/sklep\/wp-json\/wp\/v2\/media?parent=6404"}],"wp:term":[{"taxonomy":"product_cat","embeddable":true,"href":"https:\/\/mymodulo.pl\/sklep\/wp-json\/wp\/v2\/product_cat?post=6404"},{"taxonomy":"product_tag","embeddable":true,"href":"https:\/\/mymodulo.pl\/sklep\/wp-json\/wp\/v2\/product_tag?post=6404"}],"curies":[{"name":"wp","href":"https:\/\/api.w.org\/{rel}","templated":true}]}}