{"id":5973,"date":"2021-10-15T17:26:37","date_gmt":"2021-10-15T15:26:37","guid":{"rendered":"https:\/\/mymodulo.pl\/sklep\/?post_type=product&#038;p=5973"},"modified":"2024-12-17T10:13:49","modified_gmt":"2024-12-17T09:13:49","slug":"lamele-laminowane-3l-dab-klasyczny","status":"publish","type":"product","link":"https:\/\/mymodulo.pl\/sklep\/produkt\/lamele-laminowane-3l-dab-klasyczny\/","title":{"rendered":"Lamele laminowane 3L d\u0105b klasyczny"},"content":{"rendered":"<h1 style=\"text-align: center;\"><\/h1>\n<p><img loading=\"lazy\" class=\"size-full wp-image-3778 aligncenter\" src=\"https:\/\/mymodulo.pl\/sklep\/wp-content\/uploads\/2021\/01\/26112332_784728728401960_1832217184639819710_n.jpg\" alt=\"\" width=\"200\" height=\"200\" srcset=\"https:\/\/mymodulo.pl\/sklep\/wp-content\/uploads\/2021\/01\/26112332_784728728401960_1832217184639819710_n.jpg 200w, https:\/\/mymodulo.pl\/sklep\/wp-content\/uploads\/2021\/01\/26112332_784728728401960_1832217184639819710_n-150x150.jpg 150w, https:\/\/mymodulo.pl\/sklep\/wp-content\/uploads\/2021\/01\/26112332_784728728401960_1832217184639819710_n-187x187.jpg 187w, https:\/\/mymodulo.pl\/sklep\/wp-content\/uploads\/2021\/01\/26112332_784728728401960_1832217184639819710_n-100x100.jpg 100w\" sizes=\"(max-width: 200px) 100vw, 200px\" \/><\/p>\n<p>&nbsp;<\/p>\n<p><img loading=\"lazy\" class=\"aligncenter wp-image-5963 size-large\" src=\"https:\/\/mymodulo.pl\/sklep\/wp-content\/uploads\/2021\/10\/Jadalnia_re-819x1024.jpg\" alt=\"Lamele drewniane laminowane - pakiet 3L | myMODULO.pl\" width=\"819\" height=\"1024\" srcset=\"https:\/\/mymodulo.pl\/sklep\/wp-content\/uploads\/2021\/10\/Jadalnia_re-819x1024.jpg 819w, https:\/\/mymodulo.pl\/sklep\/wp-content\/uploads\/2021\/10\/Jadalnia_re-240x300.jpg 240w, https:\/\/mymodulo.pl\/sklep\/wp-content\/uploads\/2021\/10\/Jadalnia_re-768x960.jpg 768w, https:\/\/mymodulo.pl\/sklep\/wp-content\/uploads\/2021\/10\/Jadalnia_re-150x187.jpg 150w, https:\/\/mymodulo.pl\/sklep\/wp-content\/uploads\/2021\/10\/Jadalnia_re-1260x1575.jpg 1260w, https:\/\/mymodulo.pl\/sklep\/wp-content\/uploads\/2021\/10\/Jadalnia_re-600x750.jpg 600w, https:\/\/mymodulo.pl\/sklep\/wp-content\/uploads\/2021\/10\/Jadalnia_re.jpg 1536w\" sizes=\"(max-width: 819px) 100vw, 819px\" \/><\/p>\n<p>&nbsp;<\/p>\n<h3 style=\"text-align: center;\"><span style=\"font-family: arial, helvetica, sans-serif;\">LAMELE LAMINOWANE<br \/>\nKOLOR: D\u0104B KLASYCZNY<\/span><\/h3>\n<p class=\"duze-napisy font-main\" style=\"text-align: center;\">Laminowana p\u0142yta meblowa, kt\u00f3ra u\u017cywana jest do produkcji lameli laminowanych posiada szereg zalet. Niesamowita \u0142atwo\u015b\u0107 w utrzymaniu w czysto\u015bci, powtarzalno\u015b\u0107 barw na prze\u0142omie czasu czy odporno\u015b\u0107 na zarysowania i otarcia to tylko niekt\u00f3re z nich.<\/p>\n<p>&nbsp;<\/p>\n<p><img loading=\"lazy\" class=\"wp-image-5965 size-large aligncenter\" src=\"https:\/\/mymodulo.pl\/sklep\/wp-content\/uploads\/2021\/10\/zajawka-zblizenie-576x1024.jpg\" alt=\"lamele drewniane laminowane \" width=\"576\" height=\"1024\" srcset=\"https:\/\/mymodulo.pl\/sklep\/wp-content\/uploads\/2021\/10\/zajawka-zblizenie-576x1024.jpg 576w, https:\/\/mymodulo.pl\/sklep\/wp-content\/uploads\/2021\/10\/zajawka-zblizenie-169x300.jpg 169w, https:\/\/mymodulo.pl\/sklep\/wp-content\/uploads\/2021\/10\/zajawka-zblizenie-768x1365.jpg 768w, https:\/\/mymodulo.pl\/sklep\/wp-content\/uploads\/2021\/10\/zajawka-zblizenie-105x187.jpg 105w, https:\/\/mymodulo.pl\/sklep\/wp-content\/uploads\/2021\/10\/zajawka-zblizenie-600x1067.jpg 600w, https:\/\/mymodulo.pl\/sklep\/wp-content\/uploads\/2021\/10\/zajawka-zblizenie.jpg 1080w\" sizes=\"(max-width: 576px) 100vw, 576px\" \/><\/p>\n<h3><\/h3>\n<h3 style=\"text-align: center;\">RODZAJE PAKIET\u00d3W<\/h3>\n<div class=\"wpb_text_column wpb_content_element wpb_animate_when_almost_visible wpb_fadeIn fadeIn vc_custom_1623427498996 wpb_start_animation animated\">\n<div class=\"wpb_wrapper\">\n<p class=\"duze-napisy font-main\" style=\"text-align: center;\">Do wyboru masz 3 rodzaje pakiet\u00f3w standardowych:<\/p>\n<p class=\"duze-napisy font-main\" style=\"text-align: center;\">2 \u2013 lamelkowy\u00a0[2L]\n<p class=\"duze-napisy font-main\" style=\"text-align: center;\">3 \u2013 lamelkowy [3L]\n<p class=\"duze-napisy font-main\" style=\"text-align: center;\">4 \u2013 lamelkowy [4L]\n<p class=\"duze-napisy font-main\" style=\"text-align: center;\">4 &#8211; lamelkowy, ko\u0144cowy [4LK]\n<p class=\"duze-napisy font-main\" style=\"text-align: center;\">Dzi\u0119ki temu bezproblemowo zagospodarujesz dowoln\u0105 \u015bcian\u0119 pakietami lameli.<\/p>\n<p><img loading=\"lazy\" class=\"wp-image-5969 size-large aligncenter\" src=\"https:\/\/mymodulo.pl\/sklep\/wp-content\/uploads\/2021\/10\/razempakiety-na-szarym-1-1024x618.jpg\" alt=\"lamele drewniane laminowane \" width=\"1024\" height=\"618\" srcset=\"https:\/\/mymodulo.pl\/sklep\/wp-content\/uploads\/2021\/10\/razempakiety-na-szarym-1-1024x618.jpg 1024w, https:\/\/mymodulo.pl\/sklep\/wp-content\/uploads\/2021\/10\/razempakiety-na-szarym-1-300x181.jpg 300w, https:\/\/mymodulo.pl\/sklep\/wp-content\/uploads\/2021\/10\/razempakiety-na-szarym-1-768x463.jpg 768w, https:\/\/mymodulo.pl\/sklep\/wp-content\/uploads\/2021\/10\/razempakiety-na-szarym-1-280x169.jpg 280w, https:\/\/mymodulo.pl\/sklep\/wp-content\/uploads\/2021\/10\/razempakiety-na-szarym-1-1260x760.jpg 1260w, https:\/\/mymodulo.pl\/sklep\/wp-content\/uploads\/2021\/10\/razempakiety-na-szarym-1-600x362.jpg 600w, https:\/\/mymodulo.pl\/sklep\/wp-content\/uploads\/2021\/10\/razempakiety-na-szarym-1.jpg 1800w\" sizes=\"(max-width: 1024px) 100vw, 1024px\" \/><\/p>\n<\/div>\n<\/div>\n<p>&nbsp;<\/p>\n<h3 style=\"text-align: center;\"><span style=\"font-family: arial, helvetica, sans-serif;\">WYB\u00d3R KOLORU T\u0141A<\/span><\/h3>\n<p style=\"text-align: center;\"><span style=\"font-family: arial, helvetica, sans-serif;\">Dost\u0119pne s\u0105 3 kolory t\u0142a\u00a0<\/span><\/p>\n<p style=\"text-align: center;\">Czarny\u00a0 \u00a0 \u00a0 \u00a0 \u00a0 \u00a0 \u00a0 \u00a0 \u00a0 \u00a0 \u00a0 \u00a0 \u00a0 \u00a0 \u00a0 \u00a0 \u00a0 \u00a0 \u00a0 \u00a0 \u00a0 \u00a0 Bia\u0142y\u00a0 \u00a0 \u00a0 \u00a0 \u00a0 \u00a0 \u00a0 \u00a0 \u00a0 \u00a0 \u00a0 \u00a0 \u00a0 \u00a0 \u00a0 \u00a0 \u00a0Grafitowy<\/p>\n<style type=\"text\/css\">\n\t\t\t\t#gallery-1 {\n\t\t\t\t\tmargin: auto;\n\t\t\t\t}\n\t\t\t\t#gallery-1 .gallery-item {\n\t\t\t\t\tfloat: left;\n\t\t\t\t\tmargin-top: 10px;\n\t\t\t\t\ttext-align: center;\n\t\t\t\t\twidth: 33%;\n\t\t\t\t}\n\t\t\t\t#gallery-1 .gallery-caption {\n\t\t\t\t\tmargin-left: 0;\n\t\t\t\t}\n\t\t\t<\/style><!-- see gallery_shortcode() in wp-includes\/media.php -->\n\t\t\t\n\t\t<div id=\"gallery-1\" class=\"gallery galleryid-5973 mfp-gallery mfp-gallery--images gallery-columns-3 gallery-size-medium\"><div class=\"row zn_image_gallery \"><div class=\"col-sm-6 col-md-4 col-lg-4\"><a href=\"https:\/\/mymodulo.pl\/sklep\/wp-content\/uploads\/2021\/10\/grafit.jpg\" title=\"Grafitowe t\u0142o\" class=\"hoverBorder\"><img width=\"300\" height=\"173\" src=\"https:\/\/mymodulo.pl\/sklep\/wp-content\/uploads\/2021\/10\/grafit-300x173.jpg\" class=\"attachment-medium size-medium\" alt=\"lamele drewniane laminowane\" loading=\"lazy\" fid=\"223\" link=\"none\" orderby=\"rml\" size=\"medium\" srcset=\"https:\/\/mymodulo.pl\/sklep\/wp-content\/uploads\/2021\/10\/grafit-300x173.jpg 300w, https:\/\/mymodulo.pl\/sklep\/wp-content\/uploads\/2021\/10\/grafit-768x443.jpg 768w, https:\/\/mymodulo.pl\/sklep\/wp-content\/uploads\/2021\/10\/grafit-1024x591.jpg 1024w, https:\/\/mymodulo.pl\/sklep\/wp-content\/uploads\/2021\/10\/grafit-280x162.jpg 280w, https:\/\/mymodulo.pl\/sklep\/wp-content\/uploads\/2021\/10\/grafit-1260x727.jpg 1260w, https:\/\/mymodulo.pl\/sklep\/wp-content\/uploads\/2021\/10\/grafit-600x346.jpg 600w, https:\/\/mymodulo.pl\/sklep\/wp-content\/uploads\/2021\/10\/grafit.jpg 1600w\" sizes=\"(max-width: 300px) 100vw, 300px\" \/><span class=\"gallery_caption\">Grafitowe t\u0142o<\/span><\/a><\/div><div class=\"col-sm-6 col-md-4 col-lg-4\"><a href=\"https:\/\/mymodulo.pl\/sklep\/wp-content\/uploads\/2021\/10\/Czarny-1.jpg\" title=\"Czarne t\u0142o\" class=\"hoverBorder\"><img width=\"300\" height=\"173\" src=\"https:\/\/mymodulo.pl\/sklep\/wp-content\/uploads\/2021\/10\/Czarny-1-300x173.jpg\" class=\"attachment-medium size-medium\" alt=\"lamele drewniane laminowane\" loading=\"lazy\" fid=\"223\" link=\"none\" orderby=\"rml\" size=\"medium\" srcset=\"https:\/\/mymodulo.pl\/sklep\/wp-content\/uploads\/2021\/10\/Czarny-1-300x173.jpg 300w, https:\/\/mymodulo.pl\/sklep\/wp-content\/uploads\/2021\/10\/Czarny-1-768x443.jpg 768w, https:\/\/mymodulo.pl\/sklep\/wp-content\/uploads\/2021\/10\/Czarny-1-1024x591.jpg 1024w, https:\/\/mymodulo.pl\/sklep\/wp-content\/uploads\/2021\/10\/Czarny-1-280x162.jpg 280w, https:\/\/mymodulo.pl\/sklep\/wp-content\/uploads\/2021\/10\/Czarny-1-1260x727.jpg 1260w, https:\/\/mymodulo.pl\/sklep\/wp-content\/uploads\/2021\/10\/Czarny-1-600x346.jpg 600w, https:\/\/mymodulo.pl\/sklep\/wp-content\/uploads\/2021\/10\/Czarny-1.jpg 1600w\" sizes=\"(max-width: 300px) 100vw, 300px\" \/><span class=\"gallery_caption\">Czarne t\u0142o<\/span><\/a><\/div><div class=\"col-sm-6 col-md-4 col-lg-4\"><a href=\"https:\/\/mymodulo.pl\/sklep\/wp-content\/uploads\/2021\/10\/Bialy-1.jpg\" title=\"Bia\u0142e t\u0142o\" class=\"hoverBorder\"><img width=\"300\" height=\"173\" src=\"https:\/\/mymodulo.pl\/sklep\/wp-content\/uploads\/2021\/10\/Bialy-1-300x173.jpg\" class=\"attachment-medium size-medium\" alt=\"lamele drewniane laminowane\" loading=\"lazy\" fid=\"223\" link=\"none\" orderby=\"rml\" size=\"medium\" srcset=\"https:\/\/mymodulo.pl\/sklep\/wp-content\/uploads\/2021\/10\/Bialy-1-300x173.jpg 300w, https:\/\/mymodulo.pl\/sklep\/wp-content\/uploads\/2021\/10\/Bialy-1-768x443.jpg 768w, https:\/\/mymodulo.pl\/sklep\/wp-content\/uploads\/2021\/10\/Bialy-1-1024x591.jpg 1024w, https:\/\/mymodulo.pl\/sklep\/wp-content\/uploads\/2021\/10\/Bialy-1-280x162.jpg 280w, https:\/\/mymodulo.pl\/sklep\/wp-content\/uploads\/2021\/10\/Bialy-1-1260x727.jpg 1260w, https:\/\/mymodulo.pl\/sklep\/wp-content\/uploads\/2021\/10\/Bialy-1-600x346.jpg 600w, https:\/\/mymodulo.pl\/sklep\/wp-content\/uploads\/2021\/10\/Bialy-1.jpg 1600w\" sizes=\"(max-width: 300px) 100vw, 300px\" \/><span class=\"gallery_caption\">Bia\u0142e t\u0142o<\/span><\/a><\/div><\/div><\/div>\n<p>&nbsp;<\/p>\n<h3 style=\"text-align: center;\"><span style=\"font-family: arial, helvetica, sans-serif;\">WYMIARY<\/span><\/h3>\n<p style=\"text-align: center;\"><span style=\"font-family: arial, helvetica, sans-serif;\">Maksymalna dost\u0119pna d\u0142ugo\u015b\u0107 ka\u017cdego pakietu wynosi 275cm. Na Twoje \u017cyczenie, przygotujemy pakiet doci\u0119ty na wskazany przez Ciebie wymiar. Dzi\u0119ki temu monta\u017c b\u0119dzie jeszcze \u0142atwiejszy.<\/span><\/p>\n<p><img loading=\"lazy\" class=\"alignnone wp-image-3770 size-large\" src=\"https:\/\/mymodulo.pl\/sklep\/wp-content\/uploads\/2021\/01\/Wymiary-2045_40_3S-1024x346.png\" alt=\"lamele drewniane\" width=\"1024\" height=\"346\" srcset=\"https:\/\/mymodulo.pl\/sklep\/wp-content\/uploads\/2021\/01\/Wymiary-2045_40_3S-1024x346.png 1024w, https:\/\/mymodulo.pl\/sklep\/wp-content\/uploads\/2021\/01\/Wymiary-2045_40_3S-300x102.png 300w, https:\/\/mymodulo.pl\/sklep\/wp-content\/uploads\/2021\/01\/Wymiary-2045_40_3S-768x260.png 768w, https:\/\/mymodulo.pl\/sklep\/wp-content\/uploads\/2021\/01\/Wymiary-2045_40_3S-280x95.png 280w, https:\/\/mymodulo.pl\/sklep\/wp-content\/uploads\/2021\/01\/Wymiary-2045_40_3S-600x203.png 600w, https:\/\/mymodulo.pl\/sklep\/wp-content\/uploads\/2021\/01\/Wymiary-2045_40_3S.png 1200w\" sizes=\"(max-width: 1024px) 100vw, 1024px\" \/><\/p>\n<p>&nbsp;<\/p>\n<p><img loading=\"lazy\" class=\"alignnone wp-image-5978 size-large\" src=\"https:\/\/mymodulo.pl\/sklep\/wp-content\/uploads\/2021\/10\/Czarny-1-1-1024x591.jpg\" alt=\"\" width=\"1024\" height=\"591\" srcset=\"https:\/\/mymodulo.pl\/sklep\/wp-content\/uploads\/2021\/10\/Czarny-1-1-1024x591.jpg 1024w, https:\/\/mymodulo.pl\/sklep\/wp-content\/uploads\/2021\/10\/Czarny-1-1-300x173.jpg 300w, https:\/\/mymodulo.pl\/sklep\/wp-content\/uploads\/2021\/10\/Czarny-1-1-768x443.jpg 768w, https:\/\/mymodulo.pl\/sklep\/wp-content\/uploads\/2021\/10\/Czarny-1-1-280x162.jpg 280w, https:\/\/mymodulo.pl\/sklep\/wp-content\/uploads\/2021\/10\/Czarny-1-1-1260x727.jpg 1260w, https:\/\/mymodulo.pl\/sklep\/wp-content\/uploads\/2021\/10\/Czarny-1-1-600x346.jpg 600w, https:\/\/mymodulo.pl\/sklep\/wp-content\/uploads\/2021\/10\/Czarny-1-1.jpg 1600w\" sizes=\"(max-width: 1024px) 100vw, 1024px\" \/><\/p>\n<p>&nbsp;<\/p>\n<h3 style=\"text-align: center;\"><span style=\"font-family: arial, helvetica, sans-serif;\">MONTA\u017b<\/span><\/h3>\n<p style=\"text-align: center;\"><span style=\"font-family: arial, helvetica, sans-serif;\">Do zamontowania pakiet\u00f3w lameli nie potrzebujesz specjalistycznych narz\u0119dzi, umiej\u0119tno\u015bci ani wiedzy. Wystarcz\u0105 ch\u0119ci, klej z wyciskaczem i wolny\u00a0 czas.<\/span><\/p>\n<p><img loading=\"lazy\" class=\"aligncenter wp-image-3693 size-large\" src=\"https:\/\/mymodulo.pl\/sklep\/wp-content\/uploads\/2021\/01\/krzywa-sciana-3-1024x576.jpg\" alt=\"\" width=\"1024\" height=\"576\" srcset=\"https:\/\/mymodulo.pl\/sklep\/wp-content\/uploads\/2021\/01\/krzywa-sciana-3-1024x576.jpg 1024w, https:\/\/mymodulo.pl\/sklep\/wp-content\/uploads\/2021\/01\/krzywa-sciana-3-300x169.jpg 300w, https:\/\/mymodulo.pl\/sklep\/wp-content\/uploads\/2021\/01\/krzywa-sciana-3-768x432.jpg 768w, https:\/\/mymodulo.pl\/sklep\/wp-content\/uploads\/2021\/01\/krzywa-sciana-3-280x158.jpg 280w, https:\/\/mymodulo.pl\/sklep\/wp-content\/uploads\/2021\/01\/krzywa-sciana-3-1260x709.jpg 1260w, https:\/\/mymodulo.pl\/sklep\/wp-content\/uploads\/2021\/01\/krzywa-sciana-3-600x338.jpg 600w, https:\/\/mymodulo.pl\/sklep\/wp-content\/uploads\/2021\/01\/krzywa-sciana-3.jpg 1920w\" sizes=\"(max-width: 1024px) 100vw, 1024px\" \/><\/p>\n<p><img loading=\"lazy\" class=\"aligncenter wp-image-3692 size-large\" src=\"https:\/\/mymodulo.pl\/sklep\/wp-content\/uploads\/2021\/01\/klejenie-2-1024x576.jpg\" alt=\"\" width=\"1024\" height=\"576\" srcset=\"https:\/\/mymodulo.pl\/sklep\/wp-content\/uploads\/2021\/01\/klejenie-2-1024x576.jpg 1024w, https:\/\/mymodulo.pl\/sklep\/wp-content\/uploads\/2021\/01\/klejenie-2-300x169.jpg 300w, https:\/\/mymodulo.pl\/sklep\/wp-content\/uploads\/2021\/01\/klejenie-2-768x432.jpg 768w, https:\/\/mymodulo.pl\/sklep\/wp-content\/uploads\/2021\/01\/klejenie-2-280x158.jpg 280w, https:\/\/mymodulo.pl\/sklep\/wp-content\/uploads\/2021\/01\/klejenie-2-1260x709.jpg 1260w, https:\/\/mymodulo.pl\/sklep\/wp-content\/uploads\/2021\/01\/klejenie-2-600x338.jpg 600w, https:\/\/mymodulo.pl\/sklep\/wp-content\/uploads\/2021\/01\/klejenie-2.jpg 1920w\" sizes=\"(max-width: 1024px) 100vw, 1024px\" \/><\/p>\n<p><img loading=\"lazy\" class=\"aligncenter wp-image-3694 size-large\" src=\"https:\/\/mymodulo.pl\/sklep\/wp-content\/uploads\/2021\/01\/Przyklej-i-dopchnij-2-1024x576.jpg\" alt=\"\" width=\"1024\" height=\"576\" srcset=\"https:\/\/mymodulo.pl\/sklep\/wp-content\/uploads\/2021\/01\/Przyklej-i-dopchnij-2-1024x576.jpg 1024w, https:\/\/mymodulo.pl\/sklep\/wp-content\/uploads\/2021\/01\/Przyklej-i-dopchnij-2-300x169.jpg 300w, https:\/\/mymodulo.pl\/sklep\/wp-content\/uploads\/2021\/01\/Przyklej-i-dopchnij-2-768x432.jpg 768w, https:\/\/mymodulo.pl\/sklep\/wp-content\/uploads\/2021\/01\/Przyklej-i-dopchnij-2-280x158.jpg 280w, https:\/\/mymodulo.pl\/sklep\/wp-content\/uploads\/2021\/01\/Przyklej-i-dopchnij-2-1260x709.jpg 1260w, https:\/\/mymodulo.pl\/sklep\/wp-content\/uploads\/2021\/01\/Przyklej-i-dopchnij-2-600x338.jpg 600w, https:\/\/mymodulo.pl\/sklep\/wp-content\/uploads\/2021\/01\/Przyklej-i-dopchnij-2.jpg 1920w\" sizes=\"(max-width: 1024px) 100vw, 1024px\" \/><\/p>\n<p>&nbsp;<\/p>\n<h3 style=\"text-align: center;\"><span style=\"font-family: arial, helvetica, sans-serif;\">CI\u0118CIE<\/span><\/h3>\n<p style=\"text-align: center;\"><span style=\"font-family: arial, helvetica, sans-serif;\">Je\u015bli chcesz otrzyma\u0107 pakiety doci\u0119te na konkretny wymiar, napisz o tym w uwagach do swojego zam\u00f3wienia.<\/span><br \/>\n<span style=\"font-family: arial, helvetica, sans-serif;\">Pami\u0119taj, \u017ce maksymalna d\u0142ugo\u015b\u0107 pakiet\u00f3w wynosi 275cm.<\/span><\/p>\n<p>&nbsp;<\/p>\n<p style=\"text-align: left;\">Zobacz tak\u017ce: <a href=\"https:\/\/mymodulo.pl\/sklep\/kategoria-produktu\/dla-domu\/lamele-drewniane\/\">Inne lamele drewniane<\/a><\/p>\n","protected":false},"excerpt":{"rendered":"<p><span style=\"font-family: arial, helvetica, sans-serif;\">Produkt archiwalny.<\/span><\/p>\n","protected":false},"featured_media":5977,"template":"","meta":[],"product_cat":[653,655],"product_tag":[],"_links":{"self":[{"href":"https:\/\/mymodulo.pl\/sklep\/wp-json\/wp\/v2\/product\/5973"}],"collection":[{"href":"https:\/\/mymodulo.pl\/sklep\/wp-json\/wp\/v2\/product"}],"about":[{"href":"https:\/\/mymodulo.pl\/sklep\/wp-json\/wp\/v2\/types\/product"}],"wp:featuredmedia":[{"embeddable":true,"href":"https:\/\/mymodulo.pl\/sklep\/wp-json\/wp\/v2\/media\/5977"}],"wp:attachment":[{"href":"https:\/\/mymodulo.pl\/sklep\/wp-json\/wp\/v2\/media?parent=5973"}],"wp:term":[{"taxonomy":"product_cat","embeddable":true,"href":"https:\/\/mymodulo.pl\/sklep\/wp-json\/wp\/v2\/product_cat?post=5973"},{"taxonomy":"product_tag","embeddable":true,"href":"https:\/\/mymodulo.pl\/sklep\/wp-json\/wp\/v2\/product_tag?post=5973"}],"curies":[{"name":"wp","href":"https:\/\/api.w.org\/{rel}","templated":true}]}}