{"id":5915,"date":"2021-10-14T10:15:48","date_gmt":"2021-10-14T08:15:48","guid":{"rendered":"https:\/\/mymodulo.pl\/sklep\/?post_type=product&#038;p=5915"},"modified":"2024-12-17T10:10:48","modified_gmt":"2024-12-17T09:10:48","slug":"lamele-fornirowane-wolnostojace","status":"publish","type":"product","link":"https:\/\/mymodulo.pl\/sklep\/produkt\/lamele-fornirowane-wolnostojace\/","title":{"rendered":"Lamele fornirowane wolnostoj\u0105ce"},"content":{"rendered":"<h1 style=\"text-align: center;\"><\/h1>\n<p><img loading=\"lazy\" class=\"size-full wp-image-3778 aligncenter\" src=\"https:\/\/mymodulo.pl\/sklep\/wp-content\/uploads\/2021\/01\/26112332_784728728401960_1832217184639819710_n.jpg\" alt=\"\" width=\"200\" height=\"200\" srcset=\"https:\/\/mymodulo.pl\/sklep\/wp-content\/uploads\/2021\/01\/26112332_784728728401960_1832217184639819710_n.jpg 200w, https:\/\/mymodulo.pl\/sklep\/wp-content\/uploads\/2021\/01\/26112332_784728728401960_1832217184639819710_n-150x150.jpg 150w, https:\/\/mymodulo.pl\/sklep\/wp-content\/uploads\/2021\/01\/26112332_784728728401960_1832217184639819710_n-187x187.jpg 187w, https:\/\/mymodulo.pl\/sklep\/wp-content\/uploads\/2021\/01\/26112332_784728728401960_1832217184639819710_n-100x100.jpg 100w\" sizes=\"(max-width: 200px) 100vw, 200px\" \/><\/p>\n<p>&nbsp;<\/p>\n<h3 style=\"text-align: center;\"><span style=\"font-family: arial, helvetica, sans-serif;\">ARAN\u017bACJE<\/span><\/h3>\n<p>&nbsp;<\/p>\n<p>&nbsp;<\/p>\n<h3 style=\"text-align: center;\"><span style=\"font-family: arial, helvetica, sans-serif;\">NATURALNA OKLEINA D\u0118BOWA<\/span><\/h3>\n<p style=\"text-align: center;\"><span style=\"font-family: arial, helvetica, sans-serif;\">To materia\u0142, kt\u00f3ry wydobywa to, co najlepsze z drewna d\u0119bowego. Firma Kalithea u\u017cywa jej do wyko\u0144czenia lameli. Uzyskujemy dzi\u0119ki temu unikatowy wz\u00f3r i odcie\u0144 ka\u017cdej listewki. Naturalny olej, kt\u00f3rym impregnujemy ka\u017cd\u0105 z nich uwydatnia ich walory estetyczne, tworz\u0105c w ten spos\u00f3b ciep\u0142\u0105 atmosfer\u0119 domowego wn\u0119trza. Poczuj blisko\u015b\u0107 natury.<\/span><\/p>\n<p>&nbsp;<\/p>\n<p><img loading=\"lazy\" class=\"alignnone wp-image-5932 size-large\" src=\"https:\/\/mymodulo.pl\/sklep\/wp-content\/uploads\/2021\/10\/wolnostojace_4-1024x576.jpg\" alt=\"lamele drewniane wolnostoj\u0105ce\" width=\"1024\" height=\"576\" srcset=\"https:\/\/mymodulo.pl\/sklep\/wp-content\/uploads\/2021\/10\/wolnostojace_4-1024x576.jpg 1024w, https:\/\/mymodulo.pl\/sklep\/wp-content\/uploads\/2021\/10\/wolnostojace_4-300x169.jpg 300w, https:\/\/mymodulo.pl\/sklep\/wp-content\/uploads\/2021\/10\/wolnostojace_4-768x432.jpg 768w, https:\/\/mymodulo.pl\/sklep\/wp-content\/uploads\/2021\/10\/wolnostojace_4-280x158.jpg 280w, https:\/\/mymodulo.pl\/sklep\/wp-content\/uploads\/2021\/10\/wolnostojace_4-1260x709.jpg 1260w, https:\/\/mymodulo.pl\/sklep\/wp-content\/uploads\/2021\/10\/wolnostojace_4-600x338.jpg 600w, https:\/\/mymodulo.pl\/sklep\/wp-content\/uploads\/2021\/10\/wolnostojace_4.jpg 1920w\" sizes=\"(max-width: 1024px) 100vw, 1024px\" \/><\/p>\n<p>&nbsp;<\/p>\n<h3 style=\"text-align: center;\"><span style=\"font-family: arial, helvetica, sans-serif;\">WYMIARY<\/span><\/h3>\n<p style=\"text-align: center;\"><span style=\"font-family: arial, helvetica, sans-serif;\">Maksymalna dost\u0119pna d\u0142ugo\u015b\u0107 ka\u017cdego pakietu wynosi 275cm. Na Twoje \u017cyczenie, przygotujemy pakiet doci\u0119ty na wskazany przez Ciebie wymiar. Dzi\u0119ki temu monta\u017c b\u0119dzie jeszcze \u0142atwiejszy.<\/span><\/p>\n<p style=\"text-align: center;\">Szeroko\u015b\u0107 pojedynczej lameli 38 mm<br \/>\nG\u0142\u0119boko\u015b\u0107 pojedynczej lameli 80 mm<\/p>\n<p>&nbsp;<\/p>\n<p>&nbsp;<\/p>\n<p><img loading=\"lazy\" class=\"alignnone wp-image-5935 size-large\" src=\"https:\/\/mymodulo.pl\/sklep\/wp-content\/uploads\/2021\/10\/wolnostojace_1-819x1024.jpg\" alt=\"lamele drewniane wolnostoj\u0105ce\" width=\"819\" height=\"1024\" srcset=\"https:\/\/mymodulo.pl\/sklep\/wp-content\/uploads\/2021\/10\/wolnostojace_1-819x1024.jpg 819w, https:\/\/mymodulo.pl\/sklep\/wp-content\/uploads\/2021\/10\/wolnostojace_1-240x300.jpg 240w, https:\/\/mymodulo.pl\/sklep\/wp-content\/uploads\/2021\/10\/wolnostojace_1-768x960.jpg 768w, https:\/\/mymodulo.pl\/sklep\/wp-content\/uploads\/2021\/10\/wolnostojace_1-150x187.jpg 150w, https:\/\/mymodulo.pl\/sklep\/wp-content\/uploads\/2021\/10\/wolnostojace_1-1260x1575.jpg 1260w, https:\/\/mymodulo.pl\/sklep\/wp-content\/uploads\/2021\/10\/wolnostojace_1-600x750.jpg 600w, https:\/\/mymodulo.pl\/sklep\/wp-content\/uploads\/2021\/10\/wolnostojace_1.jpg 1536w\" sizes=\"(max-width: 819px) 100vw, 819px\" \/><\/p>\n<p>&nbsp;<\/p>\n<h3 style=\"text-align: center;\"><span style=\"font-family: arial, helvetica, sans-serif;\">WYKO\u0143CZENIE\u00a0<\/span><\/h3>\n<p style=\"text-align: center;\"><span style=\"font-family: arial, helvetica, sans-serif;\">Lamele wolnostoj\u0105ce dost\u0119pne s\u0105 w 1 kolorze, d\u0105b naturalny<\/span><\/p>\n<h3><\/h3>\n<h3 style=\"text-align: center;\"><span style=\"font-family: arial, helvetica, sans-serif;\">MONTA\u017b<\/span><\/h3>\n<p class=\"duze-napisy font-main\" style=\"text-align: center;\">Do monta\u017cu lameli wolnostoj\u0105cych nie potrzebujesz specjalistycznych narz\u0119dzi, umiej\u0119tno\u015bci ani wiedzy.\u00a0Dzi\u0119ki mocowaniom Kalithea monta\u017c to \u015bwietna rozrywka.<\/p>\n<p>&nbsp;<\/p>\n<p><img loading=\"lazy\" class=\"aligncenter wp-image-7374 size-medium\" src=\"https:\/\/mymodulo.pl\/sklep\/wp-content\/uploads\/2021\/10\/mocowania2022-300x188.png\" alt=\"\" width=\"300\" height=\"188\" srcset=\"https:\/\/mymodulo.pl\/sklep\/wp-content\/uploads\/2021\/10\/mocowania2022-300x188.png 300w, https:\/\/mymodulo.pl\/sklep\/wp-content\/uploads\/2021\/10\/mocowania2022-1024x640.png 1024w, https:\/\/mymodulo.pl\/sklep\/wp-content\/uploads\/2021\/10\/mocowania2022-768x480.png 768w, https:\/\/mymodulo.pl\/sklep\/wp-content\/uploads\/2021\/10\/mocowania2022-280x175.png 280w, https:\/\/mymodulo.pl\/sklep\/wp-content\/uploads\/2021\/10\/mocowania2022-600x375.png 600w, https:\/\/mymodulo.pl\/sklep\/wp-content\/uploads\/2021\/10\/mocowania2022.png 1200w\" sizes=\"(max-width: 300px) 100vw, 300px\" \/><\/p>\n<p>&nbsp;<\/p>\n<p>&nbsp;<\/p>\n<p>&nbsp;<\/p>\n<p>&nbsp;<\/p>\n<h3 style=\"text-align: center;\"><span style=\"font-family: arial, helvetica, sans-serif;\">CI\u0118CIE<\/span><\/h3>\n<p style=\"text-align: center;\"><span style=\"font-family: arial, helvetica, sans-serif;\">Je\u015bli chcesz otrzyma\u0107 pakiety doci\u0119te na konkretny wymiar, napisz o tym w uwagach do swojego zam\u00f3wienia.<\/span><br \/>\n<span style=\"font-family: arial, helvetica, sans-serif;\">Pami\u0119taj, \u017ce maksymalna d\u0142ugo\u015b\u0107 pakiet\u00f3w wynosi 275cm.<\/span><\/p>\n<p><img loading=\"lazy\" class=\"aligncenter wp-image-3689 size-full\" src=\"https:\/\/mymodulo.pl\/sklep\/wp-content\/uploads\/2021\/01\/ciecie-3.jpg\" alt=\"\" width=\"800\" height=\"800\" srcset=\"https:\/\/mymodulo.pl\/sklep\/wp-content\/uploads\/2021\/01\/ciecie-3.jpg 800w, https:\/\/mymodulo.pl\/sklep\/wp-content\/uploads\/2021\/01\/ciecie-3-150x150.jpg 150w, https:\/\/mymodulo.pl\/sklep\/wp-content\/uploads\/2021\/01\/ciecie-3-300x300.jpg 300w, https:\/\/mymodulo.pl\/sklep\/wp-content\/uploads\/2021\/01\/ciecie-3-768x768.jpg 768w, https:\/\/mymodulo.pl\/sklep\/wp-content\/uploads\/2021\/01\/ciecie-3-187x187.jpg 187w, https:\/\/mymodulo.pl\/sklep\/wp-content\/uploads\/2021\/01\/ciecie-3-390x390.jpg 390w, https:\/\/mymodulo.pl\/sklep\/wp-content\/uploads\/2021\/01\/ciecie-3-600x600.jpg 600w, https:\/\/mymodulo.pl\/sklep\/wp-content\/uploads\/2021\/01\/ciecie-3-100x100.jpg 100w\" sizes=\"(max-width: 800px) 100vw, 800px\" \/><\/p>\n","protected":false},"excerpt":{"rendered":"<p><span style=\"font-family: arial, helvetica, sans-serif;\">Produkt archiwalny.<\/span><\/p>\n<p>&nbsp;<\/p>\n","protected":false},"featured_media":5946,"template":"","meta":[],"product_cat":[656,657],"product_tag":[],"_links":{"self":[{"href":"https:\/\/mymodulo.pl\/sklep\/wp-json\/wp\/v2\/product\/5915"}],"collection":[{"href":"https:\/\/mymodulo.pl\/sklep\/wp-json\/wp\/v2\/product"}],"about":[{"href":"https:\/\/mymodulo.pl\/sklep\/wp-json\/wp\/v2\/types\/product"}],"wp:featuredmedia":[{"embeddable":true,"href":"https:\/\/mymodulo.pl\/sklep\/wp-json\/wp\/v2\/media\/5946"}],"wp:attachment":[{"href":"https:\/\/mymodulo.pl\/sklep\/wp-json\/wp\/v2\/media?parent=5915"}],"wp:term":[{"taxonomy":"product_cat","embeddable":true,"href":"https:\/\/mymodulo.pl\/sklep\/wp-json\/wp\/v2\/product_cat?post=5915"},{"taxonomy":"product_tag","embeddable":true,"href":"https:\/\/mymodulo.pl\/sklep\/wp-json\/wp\/v2\/product_tag?post=5915"}],"curies":[{"name":"wp","href":"https:\/\/api.w.org\/{rel}","templated":true}]}}