{"id":5846,"date":"2021-10-01T15:38:43","date_gmt":"2021-10-01T13:38:43","guid":{"rendered":"https:\/\/mymodulo.pl\/sklep\/?post_type=product&#038;p=5846"},"modified":"2026-04-14T14:01:40","modified_gmt":"2026-04-14T12:01:40","slug":"panel-akustyczny-eclipse","status":"publish","type":"product","link":"https:\/\/mymodulo.pl\/sklep\/produkt\/panel-akustyczny-eclipse\/","title":{"rendered":"Panel akustyczny ECLIPSE"},"content":{"rendered":"<p><span class=\"has-inline-color has-black-color\">Funkcjonalna przestrze\u0144 to po\u0142\u0105czenie element\u00f3w estetycznych z konkretnymi rozwi\u0105zaniami.\u00a0 Taka jest kolekcja <strong>paneli \u015bciennych ECLIPSE<\/strong> powsta\u0142a w 2019 roku. Kolekcja wprowadzona na rynek przez firm\u0119 Marbet Sp. z o.o.<\/span><\/p>\n<p><span class=\"has-inline-color has-black-color\">Unikatowy wz\u00f3r projektu Tomasza Augustyniaka ma nie tylko efektowne dekoracyjne zastosowanie.\u00a0<\/span>Wypuk\u0142a forma tworzy naturaln\u0105 poduszk\u0119 powietrzn\u0105 mi\u0119dzy panelem a \u015bcian\u0105, co zapewnia optymalne rozproszenie i poch\u0142anianie fal d\u017awi\u0119kowych.<\/p>\n<p><strong>Panele<\/strong> dost\u0119pne s\u0105 w dw\u00f3ch wielko\u015bciach, a ich geometryczny kszta\u0142t, czysto\u015b\u0107 formy i ekologiczna w\u0142\u00f3knina rPET, z kt\u00f3rej s\u0105 wytworzone, zosta\u0142y docenione w Konkursie Dobry Wz\u00f3r 2020 Instytutu Wzornictwa Przemys\u0142owego<br \/>\ni nagrodzone w kategorii Sfera Publiczna.<\/p>\n<h3><img loading=\"lazy\" class=\"alignnone wp-image-5839 size-full\" src=\"https:\/\/mymodulo.pl\/sklep\/wp-content\/uploads\/2021\/10\/7-1.jpg\" alt=\"Akustyczne panele \u015bcienne ECLIPSE | myMODULO.pl\" width=\"860\" height=\"850\" srcset=\"https:\/\/mymodulo.pl\/sklep\/wp-content\/uploads\/2021\/10\/7-1.jpg 860w, https:\/\/mymodulo.pl\/sklep\/wp-content\/uploads\/2021\/10\/7-1-300x297.jpg 300w, https:\/\/mymodulo.pl\/sklep\/wp-content\/uploads\/2021\/10\/7-1-768x759.jpg 768w, https:\/\/mymodulo.pl\/sklep\/wp-content\/uploads\/2021\/10\/7-1-189x187.jpg 189w, https:\/\/mymodulo.pl\/sklep\/wp-content\/uploads\/2021\/10\/7-1-600x593.jpg 600w, https:\/\/mymodulo.pl\/sklep\/wp-content\/uploads\/2021\/10\/7-1-100x100.jpg 100w\" sizes=\"(max-width: 860px) 100vw, 860px\" \/><\/h3>\n<p>&nbsp;<\/p>\n<h3>Recykling, ochrona planety<\/h3>\n<p><strong>Panele akustyczne Petfelt<\/strong> z kolekcji CELL i ECLIPSE marki MarbetFelt\u00a0 nale\u017c\u0105 do grupy produkt\u00f3w monomateria\u0142owych wykonanych w ca\u0142o\u015bci z w\u0142\u00f3knin poliestrowych, w tym z ponad 50% w\u0142\u00f3kien rPET pochodz\u0105cych z recyklingu butelek PET. Co wa\u017cne, dzi\u0119ki specjalnej technologii panele nadaj\u0105 si\u0119 do 100% przetworzenia. To nasz spos\u00f3b na minimalizowanie odpad\u00f3w plastikowych za\u015bmiecaj\u0105cych oceany i degraduj\u0105cych \u015brodowisko naszej planety.<\/p>\n<p>Wytworzona z nich ekologiczna w\u0142\u00f3knina rPET to materia\u0142 wytrzyma\u0142y, o wysokich w\u0142a\u015bciwo\u015bciach akustycznych, a tak\u017ce przyjemny dla oczu i uszu oraz bezpieczny dla otoczenia. W\u0142\u00f3knina rPET jest tak\u017ce odporna na d\u0142ugotrwa\u0142e dzia\u0142anie alkoholowych \u015brodk\u00f3w dezynfekuj\u0105cych.<\/p>\n<h3>Monta\u017c<\/h3>\n<p><strong>Panele ECLIPSE<\/strong> montuje si\u0119 do \u015bciany za pomoc\u0105 elastycznego kleju polimerowego.<br \/>\nIstnieje mo\u017cliwo\u015b\u0107 docinania paneli, we w\u0142asnym zakresie.<\/p>\n<h3>Dost\u0119pne wymiary<\/h3>\n<style type=\"text\/css\">\n\t\t\t\t#gallery-1 {\n\t\t\t\t\tmargin: auto;\n\t\t\t\t}\n\t\t\t\t#gallery-1 .gallery-item {\n\t\t\t\t\tfloat: left;\n\t\t\t\t\tmargin-top: 10px;\n\t\t\t\t\ttext-align: center;\n\t\t\t\t\twidth: 50%;\n\t\t\t\t}\n\t\t\t\t#gallery-1 .gallery-caption {\n\t\t\t\t\tmargin-left: 0;\n\t\t\t\t}\n\t\t\t<\/style><!-- see gallery_shortcode() in wp-includes\/media.php -->\n\t\t\t\n\t\t<div id=\"gallery-1\" class=\"gallery galleryid-5846 mfp-gallery mfp-gallery--images gallery-columns-2 gallery-size-medium\"><div class=\"row zn_image_gallery \"><div class=\"col-sm-6 col-md-4 col-lg-6\"><a href=\"https:\/\/mymodulo.pl\/sklep\/wp-content\/uploads\/2021\/10\/ECW-4-2.jpg\" title=\"\" class=\"hoverBorder\"><img width=\"300\" height=\"300\" src=\"https:\/\/mymodulo.pl\/sklep\/wp-content\/uploads\/2021\/10\/ECW-4-2-300x300.jpg\" class=\"attachment-medium size-medium\" alt=\"\" loading=\"lazy\" fid=\"221\" link=\"none\" columns=\"2\" orderby=\"rml\" size=\"medium\" srcset=\"https:\/\/mymodulo.pl\/sklep\/wp-content\/uploads\/2021\/10\/ECW-4-2-300x300.jpg 300w, https:\/\/mymodulo.pl\/sklep\/wp-content\/uploads\/2021\/10\/ECW-4-2-150x150.jpg 150w, https:\/\/mymodulo.pl\/sklep\/wp-content\/uploads\/2021\/10\/ECW-4-2-187x187.jpg 187w, https:\/\/mymodulo.pl\/sklep\/wp-content\/uploads\/2021\/10\/ECW-4-2-390x390.jpg 390w, https:\/\/mymodulo.pl\/sklep\/wp-content\/uploads\/2021\/10\/ECW-4-2-100x100.jpg 100w, https:\/\/mymodulo.pl\/sklep\/wp-content\/uploads\/2021\/10\/ECW-4-2.jpg 500w\" sizes=\"(max-width: 300px) 100vw, 300px\" \/><span class=\"gallery_caption\"><\/span><\/a><\/div><div class=\"col-sm-6 col-md-4 col-lg-6\"><a href=\"https:\/\/mymodulo.pl\/sklep\/wp-content\/uploads\/2021\/10\/ECW-1-2.jpg\" title=\"\" class=\"hoverBorder\"><img width=\"300\" height=\"300\" src=\"https:\/\/mymodulo.pl\/sklep\/wp-content\/uploads\/2021\/10\/ECW-1-2-300x300.jpg\" class=\"attachment-medium size-medium\" alt=\"\" loading=\"lazy\" fid=\"221\" link=\"none\" columns=\"2\" orderby=\"rml\" size=\"medium\" srcset=\"https:\/\/mymodulo.pl\/sklep\/wp-content\/uploads\/2021\/10\/ECW-1-2-300x300.jpg 300w, https:\/\/mymodulo.pl\/sklep\/wp-content\/uploads\/2021\/10\/ECW-1-2-150x150.jpg 150w, https:\/\/mymodulo.pl\/sklep\/wp-content\/uploads\/2021\/10\/ECW-1-2-187x187.jpg 187w, https:\/\/mymodulo.pl\/sklep\/wp-content\/uploads\/2021\/10\/ECW-1-2-390x390.jpg 390w, https:\/\/mymodulo.pl\/sklep\/wp-content\/uploads\/2021\/10\/ECW-1-2-100x100.jpg 100w, https:\/\/mymodulo.pl\/sklep\/wp-content\/uploads\/2021\/10\/ECW-1-2.jpg 500w\" sizes=\"(max-width: 300px) 100vw, 300px\" \/><span class=\"gallery_caption\"><\/span><\/a><\/div><\/div><\/div>\n<p>&nbsp;<\/p>\n<h3>Akustyka<\/h3>\n<p>Doskona\u0142\u0105 izolacyjno\u015b\u0107 paneli akustycznych CELL i ECLIPSE potwierdzaj\u0105 badania wykonane zgodnie z obowi\u0105zuj\u0105c\u0105 norm\u0105 PN ISO 10053:2001 przeprowadzone przez Laboratorium Akustyki Technicznej w Katedrze Mechaniki i Wibroakustyki AGH w Krakowie.<\/p>\n<p>Panele akustyczne CELL i ECLIPSE poprawiaj\u0105 akustyk\u0119 wn\u0119trz r\u00f3wnie\u017c dzi\u0119ki w\u0142a\u015bciwo\u015bciom absorpcyjnym (klasa D) zgodnie z norm\u0105 PN-EN ISO 354:2005. Parametry d\u017awi\u0119kowe wynikaj\u0105 zar\u00f3wno z u\u017cytego materia\u0142u, jak i formy.<\/p>\n<p>&nbsp;<\/p>\n<h3>Trudnopalno\u015b\u0107<\/h3>\n<p>Panel jako ca\u0142o\u015b\u0107 posiada klas\u0119 B odporno\u015bci na ogie\u0144.<\/p>\n<p>&nbsp;<\/p>\n<h3>Dost\u0119pna kolorystyka<\/h3>\n<p>&nbsp;<\/p>\n<p><strong>W\u0141\u00d3KNINA FILCOWA (rPET) &#8211; BAZOWA<\/strong><br \/>\nSk\u0142ad: 100% PES z udzia\u0142em ponad 50% w\u0142\u00f3kien rPET*; Gramatura: 1000 g\/m2<br \/>\n*rPET \u2013 w\u0142\u00f3knina pochodz\u0105ca z recyklingu butelek PET<br \/>\nW\u0142\u00f3knina kolor rPET<span style=\"color: #000080;\"> stanowi baz\u0119 dla kolorowych w\u0142\u00f3knin filcowych z grupy FL i TEX<\/span><\/p>\n<style type=\"text\/css\">\n\t\t\t\t#gallery-2 {\n\t\t\t\t\tmargin: auto;\n\t\t\t\t}\n\t\t\t\t#gallery-2 .gallery-item {\n\t\t\t\t\tfloat: left;\n\t\t\t\t\tmargin-top: 10px;\n\t\t\t\t\ttext-align: center;\n\t\t\t\t\twidth: 33%;\n\t\t\t\t}\n\t\t\t\t#gallery-2 .gallery-caption {\n\t\t\t\t\tmargin-left: 0;\n\t\t\t\t}\n\t\t\t<\/style><!-- see gallery_shortcode() in wp-includes\/media.php -->\n\t\t\t\n\t\t<div id=\"gallery-2\" class=\"gallery galleryid-5846 mfp-gallery mfp-gallery--images gallery-columns-3 gallery-size-thumbnail\"><div class=\"row zn_image_gallery \"><div class=\"col-sm-6 col-md-4 col-lg-4\"><a href=\"https:\/\/mymodulo.pl\/sklep\/wp-content\/uploads\/2021\/10\/rPET1100.jpg\" title=\"rPET1100\" class=\"hoverBorder\"><img width=\"150\" height=\"150\" src=\"https:\/\/mymodulo.pl\/sklep\/wp-content\/uploads\/2021\/10\/rPET1100-150x150.jpg\" class=\"attachment-thumbnail size-thumbnail\" alt=\"PANELE AKUSTYCZNE\" loading=\"lazy\" fid=\"219\" link=\"none\" orderby=\"rml\" srcset=\"https:\/\/mymodulo.pl\/sklep\/wp-content\/uploads\/2021\/10\/rPET1100-150x150.jpg 150w, https:\/\/mymodulo.pl\/sklep\/wp-content\/uploads\/2021\/10\/rPET1100-390x390.jpg 390w, https:\/\/mymodulo.pl\/sklep\/wp-content\/uploads\/2021\/10\/rPET1100-100x100.jpg 100w\" sizes=\"(max-width: 150px) 100vw, 150px\" \/><span class=\"gallery_caption\">rPET1100<\/span><\/a><\/div><\/div><\/div>\n<p>&nbsp;<\/p>\n<div id=\"panel-gb3376-6156ef6919572-2-1-3\" class=\"so-panel widget widget_sow-headline\" data-index=\"5\">\n<div class=\"panel-widget-style panel-widget-style-for-gb3376-6156ef6919572-2-1-3\">\n<div class=\"so-widget-sow-headline so-widget-sow-headline-default-11bab14b9af8-3376 so-widget-fittext-wrapper\" data-fit-text-compressor=\"0.85\">\n<div class=\"sow-headline-container \">\n<p class=\"sow-headline\"><strong>Grupa TEX &#8211; OGNIOODPORNE<\/strong><\/p>\n<\/div>\n<\/div>\n<\/div>\n<\/div>\n<div id=\"panel-gb3376-6156ef6919572-2-1-4\" class=\"so-panel widget widget_sow-editor panel-last-child\" data-index=\"6\">\n<div class=\"panel-widget-style panel-widget-style-for-gb3376-6156ef6919572-2-1-4\">\n<div class=\"so-widget-sow-editor so-widget-sow-editor-base\">\n<div class=\"siteorigin-widget-tinymce textwidget\">\n<p>W\u0141\u00d3KNINA FILCOWA (TEX) \u2013 TEXFEL\u00ae INTERIORS<br \/>\nSk\u0142ad: 100% PES; Klasa odporno\u015bci na ogie\u0144: EN 13501-1 + A1: B-s1, dASTM E-84-18: klasa A;<br \/>\nWytrzyma\u0142o\u015b\u0107 na \u015bcieranie: UNE-EN 14465 + A1: klasa AISO 12947-2 \/ AC:&gt; 50 000 cykli \u015bcierania Martindale; Odporno\u015b\u0107 na \u015bwiat\u0142o: klasa A, D\u017awi\u0119koch\u0142onno\u015b\u0107: UNE-EN ISO 354: \u03b1W = 0,15 (H); EN ISO 11654: klasa E,<br \/>\nSTANDARD 100 firmy OEKO-TEX\u00ae<\/p>\n<\/div>\n<\/div>\n<style type=\"text\/css\">\n\t\t\t\t#gallery-3 {\n\t\t\t\t\tmargin: auto;\n\t\t\t\t}\n\t\t\t\t#gallery-3 .gallery-item {\n\t\t\t\t\tfloat: left;\n\t\t\t\t\tmargin-top: 10px;\n\t\t\t\t\ttext-align: center;\n\t\t\t\t\twidth: 16%;\n\t\t\t\t}\n\t\t\t\t#gallery-3 .gallery-caption {\n\t\t\t\t\tmargin-left: 0;\n\t\t\t\t}\n\t\t\t<\/style><!-- see gallery_shortcode() in wp-includes\/media.php -->\n\t\t\t\n\t\t<div id=\"gallery-3\" class=\"gallery galleryid-5846 mfp-gallery mfp-gallery--images gallery-columns-6 gallery-size-thumbnail\"><div class=\"row zn_image_gallery \"><div class=\"col-sm-6 col-md-4 col-lg-2\"><a href=\"https:\/\/mymodulo.pl\/sklep\/wp-content\/uploads\/2023\/09\/TEX499SOL.jpg\" title=\"TEX499SOL\" class=\"hoverBorder\"><img width=\"150\" height=\"150\" src=\"https:\/\/mymodulo.pl\/sklep\/wp-content\/uploads\/2023\/09\/TEX499SOL-150x150.jpg\" class=\"attachment-thumbnail size-thumbnail\" alt=\"\" loading=\"lazy\" fid=\"218\" link=\"none\" columns=\"6\" orderby=\"rml\" srcset=\"https:\/\/mymodulo.pl\/sklep\/wp-content\/uploads\/2023\/09\/TEX499SOL-150x150.jpg 150w, https:\/\/mymodulo.pl\/sklep\/wp-content\/uploads\/2023\/09\/TEX499SOL-300x300.jpg 300w, https:\/\/mymodulo.pl\/sklep\/wp-content\/uploads\/2023\/09\/TEX499SOL-187x187.jpg 187w, https:\/\/mymodulo.pl\/sklep\/wp-content\/uploads\/2023\/09\/TEX499SOL-390x390.jpg 390w, https:\/\/mymodulo.pl\/sklep\/wp-content\/uploads\/2023\/09\/TEX499SOL-100x100.jpg 100w, https:\/\/mymodulo.pl\/sklep\/wp-content\/uploads\/2023\/09\/TEX499SOL.jpg 400w\" sizes=\"(max-width: 150px) 100vw, 150px\" \/><span class=\"gallery_caption\">TEX499SOL<\/span><\/a><\/div><div class=\"col-sm-6 col-md-4 col-lg-2\"><a href=\"https:\/\/mymodulo.pl\/sklep\/wp-content\/uploads\/2023\/09\/TEX456SOL.jpg\" title=\"TEX456SOL\" class=\"hoverBorder\"><img width=\"150\" height=\"150\" src=\"https:\/\/mymodulo.pl\/sklep\/wp-content\/uploads\/2023\/09\/TEX456SOL-150x150.jpg\" class=\"attachment-thumbnail size-thumbnail\" alt=\"\" loading=\"lazy\" fid=\"218\" link=\"none\" columns=\"6\" orderby=\"rml\" srcset=\"https:\/\/mymodulo.pl\/sklep\/wp-content\/uploads\/2023\/09\/TEX456SOL-150x150.jpg 150w, https:\/\/mymodulo.pl\/sklep\/wp-content\/uploads\/2023\/09\/TEX456SOL-300x300.jpg 300w, https:\/\/mymodulo.pl\/sklep\/wp-content\/uploads\/2023\/09\/TEX456SOL-187x187.jpg 187w, https:\/\/mymodulo.pl\/sklep\/wp-content\/uploads\/2023\/09\/TEX456SOL-390x390.jpg 390w, https:\/\/mymodulo.pl\/sklep\/wp-content\/uploads\/2023\/09\/TEX456SOL-100x100.jpg 100w, https:\/\/mymodulo.pl\/sklep\/wp-content\/uploads\/2023\/09\/TEX456SOL.jpg 400w\" sizes=\"(max-width: 150px) 100vw, 150px\" \/><span class=\"gallery_caption\">TEX456SOL<\/span><\/a><\/div><div class=\"col-sm-6 col-md-4 col-lg-2\"><a href=\"https:\/\/mymodulo.pl\/sklep\/wp-content\/uploads\/2021\/10\/TEX496ML.jpg\" title=\"TEX496ML\" class=\"hoverBorder\"><img width=\"150\" height=\"150\" src=\"https:\/\/mymodulo.pl\/sklep\/wp-content\/uploads\/2021\/10\/TEX496ML-150x150.jpg\" class=\"attachment-thumbnail size-thumbnail\" alt=\"panele akustyczne\" loading=\"lazy\" fid=\"218\" link=\"none\" columns=\"6\" orderby=\"rml\" srcset=\"https:\/\/mymodulo.pl\/sklep\/wp-content\/uploads\/2021\/10\/TEX496ML-150x150.jpg 150w, https:\/\/mymodulo.pl\/sklep\/wp-content\/uploads\/2021\/10\/TEX496ML-390x390.jpg 390w, https:\/\/mymodulo.pl\/sklep\/wp-content\/uploads\/2021\/10\/TEX496ML-100x100.jpg 100w\" sizes=\"(max-width: 150px) 100vw, 150px\" \/><span class=\"gallery_caption\">TEX496ML<\/span><\/a><\/div><div class=\"col-sm-6 col-md-4 col-lg-2\"><a href=\"https:\/\/mymodulo.pl\/sklep\/wp-content\/uploads\/2021\/10\/TEX494ML.jpg\" title=\"TEX494ML\" class=\"hoverBorder\"><img width=\"150\" height=\"150\" src=\"https:\/\/mymodulo.pl\/sklep\/wp-content\/uploads\/2021\/10\/TEX494ML-150x150.jpg\" class=\"attachment-thumbnail size-thumbnail\" alt=\"panele akustyczne\" loading=\"lazy\" fid=\"218\" link=\"none\" columns=\"6\" orderby=\"rml\" srcset=\"https:\/\/mymodulo.pl\/sklep\/wp-content\/uploads\/2021\/10\/TEX494ML-150x150.jpg 150w, https:\/\/mymodulo.pl\/sklep\/wp-content\/uploads\/2021\/10\/TEX494ML-390x390.jpg 390w, https:\/\/mymodulo.pl\/sklep\/wp-content\/uploads\/2021\/10\/TEX494ML-100x100.jpg 100w\" sizes=\"(max-width: 150px) 100vw, 150px\" \/><span class=\"gallery_caption\">TEX494ML<\/span><\/a><\/div><div class=\"col-sm-6 col-md-4 col-lg-2\"><a href=\"https:\/\/mymodulo.pl\/sklep\/wp-content\/uploads\/2021\/10\/TEX446ML.jpg\" title=\"TEX446ML\" class=\"hoverBorder\"><img width=\"150\" height=\"150\" src=\"https:\/\/mymodulo.pl\/sklep\/wp-content\/uploads\/2021\/10\/TEX446ML-150x150.jpg\" class=\"attachment-thumbnail size-thumbnail\" alt=\"panele akustyczne\" loading=\"lazy\" fid=\"218\" link=\"none\" columns=\"6\" orderby=\"rml\" srcset=\"https:\/\/mymodulo.pl\/sklep\/wp-content\/uploads\/2021\/10\/TEX446ML-150x150.jpg 150w, https:\/\/mymodulo.pl\/sklep\/wp-content\/uploads\/2021\/10\/TEX446ML-390x390.jpg 390w, https:\/\/mymodulo.pl\/sklep\/wp-content\/uploads\/2021\/10\/TEX446ML-100x100.jpg 100w\" sizes=\"(max-width: 150px) 100vw, 150px\" \/><span class=\"gallery_caption\">TEX446ML<\/span><\/a><\/div><div class=\"col-sm-6 col-md-4 col-lg-2\"><a href=\"https:\/\/mymodulo.pl\/sklep\/wp-content\/uploads\/2021\/10\/TEX432ML.jpg\" title=\"TEX432ML\" class=\"hoverBorder\"><img width=\"150\" height=\"150\" src=\"https:\/\/mymodulo.pl\/sklep\/wp-content\/uploads\/2021\/10\/TEX432ML-150x150.jpg\" class=\"attachment-thumbnail size-thumbnail\" alt=\"panele akustyczne\" loading=\"lazy\" fid=\"218\" link=\"none\" columns=\"6\" orderby=\"rml\" srcset=\"https:\/\/mymodulo.pl\/sklep\/wp-content\/uploads\/2021\/10\/TEX432ML-150x150.jpg 150w, https:\/\/mymodulo.pl\/sklep\/wp-content\/uploads\/2021\/10\/TEX432ML-390x390.jpg 390w, https:\/\/mymodulo.pl\/sklep\/wp-content\/uploads\/2021\/10\/TEX432ML-100x100.jpg 100w\" sizes=\"(max-width: 150px) 100vw, 150px\" \/><span class=\"gallery_caption\">TEX432ML<\/span><\/a><\/div><\/div><div class=\"row zn_image_gallery \"><div class=\"col-sm-6 col-md-4 col-lg-2\"><a href=\"https:\/\/mymodulo.pl\/sklep\/wp-content\/uploads\/2021\/10\/TEX428ML.jpg\" title=\"TEX428ML\" class=\"hoverBorder\"><img width=\"150\" height=\"150\" src=\"https:\/\/mymodulo.pl\/sklep\/wp-content\/uploads\/2021\/10\/TEX428ML-150x150.jpg\" class=\"attachment-thumbnail size-thumbnail\" alt=\"panel akustyczny\" loading=\"lazy\" fid=\"218\" link=\"none\" columns=\"6\" orderby=\"rml\" srcset=\"https:\/\/mymodulo.pl\/sklep\/wp-content\/uploads\/2021\/10\/TEX428ML-150x150.jpg 150w, https:\/\/mymodulo.pl\/sklep\/wp-content\/uploads\/2021\/10\/TEX428ML-390x390.jpg 390w, https:\/\/mymodulo.pl\/sklep\/wp-content\/uploads\/2021\/10\/TEX428ML-100x100.jpg 100w\" sizes=\"(max-width: 150px) 100vw, 150px\" \/><span class=\"gallery_caption\">TEX428ML<\/span><\/a><\/div><div class=\"col-sm-6 col-md-4 col-lg-2\"><a href=\"https:\/\/mymodulo.pl\/sklep\/wp-content\/uploads\/2021\/10\/TEX426ML.jpg\" title=\"TEX426ML\" class=\"hoverBorder\"><img width=\"150\" height=\"150\" src=\"https:\/\/mymodulo.pl\/sklep\/wp-content\/uploads\/2021\/10\/TEX426ML-150x150.jpg\" class=\"attachment-thumbnail size-thumbnail\" alt=\"\" loading=\"lazy\" fid=\"218\" link=\"none\" columns=\"6\" orderby=\"rml\" srcset=\"https:\/\/mymodulo.pl\/sklep\/wp-content\/uploads\/2021\/10\/TEX426ML-150x150.jpg 150w, https:\/\/mymodulo.pl\/sklep\/wp-content\/uploads\/2021\/10\/TEX426ML-390x390.jpg 390w, https:\/\/mymodulo.pl\/sklep\/wp-content\/uploads\/2021\/10\/TEX426ML-100x100.jpg 100w\" sizes=\"(max-width: 150px) 100vw, 150px\" \/><span class=\"gallery_caption\">TEX426ML<\/span><\/a><\/div><div class=\"col-sm-6 col-md-4 col-lg-2\"><a href=\"https:\/\/mymodulo.pl\/sklep\/wp-content\/uploads\/2021\/10\/TEX424ML.jpg\" title=\"TEX424ML\" class=\"hoverBorder\"><img width=\"150\" height=\"150\" src=\"https:\/\/mymodulo.pl\/sklep\/wp-content\/uploads\/2021\/10\/TEX424ML-150x150.jpg\" class=\"attachment-thumbnail size-thumbnail\" alt=\"panele akustyczne\" loading=\"lazy\" fid=\"218\" link=\"none\" columns=\"6\" orderby=\"rml\" srcset=\"https:\/\/mymodulo.pl\/sklep\/wp-content\/uploads\/2021\/10\/TEX424ML-150x150.jpg 150w, https:\/\/mymodulo.pl\/sklep\/wp-content\/uploads\/2021\/10\/TEX424ML-390x390.jpg 390w, https:\/\/mymodulo.pl\/sklep\/wp-content\/uploads\/2021\/10\/TEX424ML-100x100.jpg 100w\" sizes=\"(max-width: 150px) 100vw, 150px\" \/><span class=\"gallery_caption\">TEX424ML<\/span><\/a><\/div><div class=\"col-sm-6 col-md-4 col-lg-2\"><a href=\"https:\/\/mymodulo.pl\/sklep\/wp-content\/uploads\/2021\/10\/TEX423ML.jpg\" title=\"TEX423ML\" class=\"hoverBorder\"><img width=\"150\" height=\"150\" src=\"https:\/\/mymodulo.pl\/sklep\/wp-content\/uploads\/2021\/10\/TEX423ML-150x150.jpg\" class=\"attachment-thumbnail size-thumbnail\" alt=\"panele akustyczne\" loading=\"lazy\" fid=\"218\" link=\"none\" columns=\"6\" orderby=\"rml\" srcset=\"https:\/\/mymodulo.pl\/sklep\/wp-content\/uploads\/2021\/10\/TEX423ML-150x150.jpg 150w, https:\/\/mymodulo.pl\/sklep\/wp-content\/uploads\/2021\/10\/TEX423ML-390x390.jpg 390w, https:\/\/mymodulo.pl\/sklep\/wp-content\/uploads\/2021\/10\/TEX423ML-100x100.jpg 100w\" sizes=\"(max-width: 150px) 100vw, 150px\" \/><span class=\"gallery_caption\">TEX423ML<\/span><\/a><\/div><div class=\"col-sm-6 col-md-4 col-lg-2\"><a href=\"https:\/\/mymodulo.pl\/sklep\/wp-content\/uploads\/2021\/10\/Tex409ML.jpg\" title=\"Tex409ML\" class=\"hoverBorder\"><img width=\"150\" height=\"150\" src=\"https:\/\/mymodulo.pl\/sklep\/wp-content\/uploads\/2021\/10\/Tex409ML-150x150.jpg\" class=\"attachment-thumbnail size-thumbnail\" alt=\"panele akustyczne\" loading=\"lazy\" fid=\"218\" link=\"none\" columns=\"6\" orderby=\"rml\" srcset=\"https:\/\/mymodulo.pl\/sklep\/wp-content\/uploads\/2021\/10\/Tex409ML-150x150.jpg 150w, https:\/\/mymodulo.pl\/sklep\/wp-content\/uploads\/2021\/10\/Tex409ML-390x390.jpg 390w, https:\/\/mymodulo.pl\/sklep\/wp-content\/uploads\/2021\/10\/Tex409ML-100x100.jpg 100w\" sizes=\"(max-width: 150px) 100vw, 150px\" \/><span class=\"gallery_caption\">Tex409ML<\/span><\/a><\/div><div class=\"col-sm-6 col-md-4 col-lg-2\"><a href=\"https:\/\/mymodulo.pl\/sklep\/wp-content\/uploads\/2021\/10\/TEX405ML.jpg\" title=\"TEX450ML\" class=\"hoverBorder\"><img width=\"150\" height=\"150\" src=\"https:\/\/mymodulo.pl\/sklep\/wp-content\/uploads\/2021\/10\/TEX405ML-150x150.jpg\" class=\"attachment-thumbnail size-thumbnail\" alt=\"panele akustyczne\" loading=\"lazy\" fid=\"218\" link=\"none\" columns=\"6\" orderby=\"rml\" srcset=\"https:\/\/mymodulo.pl\/sklep\/wp-content\/uploads\/2021\/10\/TEX405ML-150x150.jpg 150w, https:\/\/mymodulo.pl\/sklep\/wp-content\/uploads\/2021\/10\/TEX405ML-390x390.jpg 390w, https:\/\/mymodulo.pl\/sklep\/wp-content\/uploads\/2021\/10\/TEX405ML-100x100.jpg 100w\" sizes=\"(max-width: 150px) 100vw, 150px\" \/><span class=\"gallery_caption\">TEX450ML<\/span><\/a><\/div><\/div><div class=\"row zn_image_gallery \"><div class=\"col-sm-6 col-md-4 col-lg-2\"><a href=\"https:\/\/mymodulo.pl\/sklep\/wp-content\/uploads\/2021\/10\/Tex401ML.jpg\" title=\"Tex401ML\" class=\"hoverBorder\"><img width=\"150\" height=\"150\" src=\"https:\/\/mymodulo.pl\/sklep\/wp-content\/uploads\/2021\/10\/Tex401ML-150x150.jpg\" class=\"attachment-thumbnail size-thumbnail\" alt=\"panele akustyczne\" loading=\"lazy\" fid=\"218\" link=\"none\" columns=\"6\" orderby=\"rml\" srcset=\"https:\/\/mymodulo.pl\/sklep\/wp-content\/uploads\/2021\/10\/Tex401ML-150x150.jpg 150w, https:\/\/mymodulo.pl\/sklep\/wp-content\/uploads\/2021\/10\/Tex401ML-390x390.jpg 390w, https:\/\/mymodulo.pl\/sklep\/wp-content\/uploads\/2021\/10\/Tex401ML-100x100.jpg 100w\" sizes=\"(max-width: 150px) 100vw, 150px\" \/><span class=\"gallery_caption\">Tex401ML<\/span><\/a><\/div><div class=\"col-sm-6 col-md-4 col-lg-2\"><a href=\"https:\/\/mymodulo.pl\/sklep\/wp-content\/uploads\/2021\/10\/Tex400ML.jpg\" title=\"Tex400ML\" class=\"hoverBorder\"><img width=\"150\" height=\"150\" src=\"https:\/\/mymodulo.pl\/sklep\/wp-content\/uploads\/2021\/10\/Tex400ML-150x150.jpg\" class=\"attachment-thumbnail size-thumbnail\" alt=\"panele akustyczne\" loading=\"lazy\" fid=\"218\" link=\"none\" columns=\"6\" orderby=\"rml\" srcset=\"https:\/\/mymodulo.pl\/sklep\/wp-content\/uploads\/2021\/10\/Tex400ML-150x150.jpg 150w, https:\/\/mymodulo.pl\/sklep\/wp-content\/uploads\/2021\/10\/Tex400ML-390x390.jpg 390w, https:\/\/mymodulo.pl\/sklep\/wp-content\/uploads\/2021\/10\/Tex400ML-100x100.jpg 100w\" sizes=\"(max-width: 150px) 100vw, 150px\" \/><span class=\"gallery_caption\">Tex400ML<\/span><\/a><\/div><\/div><\/div>\n<p>&nbsp;<\/p>\n<\/div>\n<p>Zdj\u0119cia: Marbet Sp. z o.o.<\/p>\n<div class=\"panel-widget-style panel-widget-style-for-gb3376-6156ef6919572-2-1-4\">\n<div class=\"so-widget-sow-editor so-widget-sow-editor-base\">\n<h3><span style=\"color: #000080;\">W celu otrzymania dokument\u00f3w dotycz\u0105cych akustyki oraz trudnopalno\u015bci prosimy o\u00a0 przes\u0142anie wiadomo\u015bci na\u00a0\u00a0<\/span><span style=\"color: #000080;\">kontakt@mymodulo.pl<\/span><\/h3>\n<\/div>\n<\/div>\n<\/div>\n","protected":false},"excerpt":{"rendered":"<p>Czas realizacji:<br \/>\nPanele standardowe: ok 5-7 dni roboczych. Przy ilo\u015bciach powy\u017cej 20 sztuk nale\u017cy potwierdzi\u0107 termin realizacji.<br \/>\nPanele trudnopalne: 6-8 tygodni<\/p>\n<p>Panele nale\u017cy zamawia\u0107 w ilo\u015bciach b\u0119d\u0105cych wielokrotno\u015bci\u0105 2 sztuk.<\/p>\n","protected":false},"featured_media":5841,"template":"","meta":[],"product_cat":[631,629,646,665],"product_tag":[],"_links":{"self":[{"href":"https:\/\/mymodulo.pl\/sklep\/wp-json\/wp\/v2\/product\/5846"}],"collection":[{"href":"https:\/\/mymodulo.pl\/sklep\/wp-json\/wp\/v2\/product"}],"about":[{"href":"https:\/\/mymodulo.pl\/sklep\/wp-json\/wp\/v2\/types\/product"}],"wp:featuredmedia":[{"embeddable":true,"href":"https:\/\/mymodulo.pl\/sklep\/wp-json\/wp\/v2\/media\/5841"}],"wp:attachment":[{"href":"https:\/\/mymodulo.pl\/sklep\/wp-json\/wp\/v2\/media?parent=5846"}],"wp:term":[{"taxonomy":"product_cat","embeddable":true,"href":"https:\/\/mymodulo.pl\/sklep\/wp-json\/wp\/v2\/product_cat?post=5846"},{"taxonomy":"product_tag","embeddable":true,"href":"https:\/\/mymodulo.pl\/sklep\/wp-json\/wp\/v2\/product_tag?post=5846"}],"curies":[{"name":"wp","href":"https:\/\/api.w.org\/{rel}","templated":true}]}}