{"id":5580,"date":"2021-09-16T12:07:47","date_gmt":"2021-09-16T10:07:47","guid":{"rendered":"https:\/\/mymodulo.pl\/sklep\/?post_type=product&#038;p=5580"},"modified":"2023-10-25T19:54:38","modified_gmt":"2023-10-25T17:54:38","slug":"kreda-kolorowa-niepylaca","status":"publish","type":"product","link":"https:\/\/mymodulo.pl\/sklep\/produkt\/kreda-kolorowa-niepylaca\/","title":{"rendered":"Kreda kolorowa, niepyl\u0105ca"},"content":{"rendered":"<p><img loading=\"lazy\" class=\"alignnone wp-image-5581 size-medium\" src=\"https:\/\/mymodulo.pl\/sklep\/wp-content\/uploads\/2021\/09\/kreda_toma-300x225.jpg\" alt=\"Kolorowa i niepyl\u0105ca kreda | myMODULO.pl \" width=\"300\" height=\"225\" srcset=\"https:\/\/mymodulo.pl\/sklep\/wp-content\/uploads\/2021\/09\/kreda_toma-300x225.jpg 300w, https:\/\/mymodulo.pl\/sklep\/wp-content\/uploads\/2021\/09\/kreda_toma-249x187.jpg 249w, https:\/\/mymodulo.pl\/sklep\/wp-content\/uploads\/2021\/09\/kreda_toma.jpg 500w\" sizes=\"(max-width: 300px) 100vw, 300px\" \/><\/p>\n<p>Kreda pozwoli Twojemu dziecku na rysowanie tego co wyobra\u017ania mu podpowiada.<\/p>\n<p>&nbsp;<\/p>\n<p>Kreda niepyl\u0105ca, 10 pastelowych kolor\u00f3w<br \/>\nKszta\u0142t: okr\u0105g\u0142e<br \/>\nProducent: TOMA<\/p>\n<p>&nbsp;<\/p>\n<p>*Sprzedawana tylko przy zakupie tablic kredowo &#8211; magnetycznych.<\/p>\n","protected":false},"excerpt":{"rendered":"<p>Kreda pozwoli Twojemu dziecku na rysowanie tego co wyobra\u017ania mu podpowiada. &nbsp; Kreda niepyl\u0105ca, 10 pastelowych kolor\u00f3w Kszta\u0142t: okr\u0105g\u0142e Producent: TOMA &nbsp; *Sprzedawana tylko przy zakupie tablic kredowo &#8211; magnetycznych.<\/p>\n","protected":false},"featured_media":5581,"template":"","meta":[],"product_cat":[627,609],"product_tag":[],"_links":{"self":[{"href":"https:\/\/mymodulo.pl\/sklep\/wp-json\/wp\/v2\/product\/5580"}],"collection":[{"href":"https:\/\/mymodulo.pl\/sklep\/wp-json\/wp\/v2\/product"}],"about":[{"href":"https:\/\/mymodulo.pl\/sklep\/wp-json\/wp\/v2\/types\/product"}],"wp:featuredmedia":[{"embeddable":true,"href":"https:\/\/mymodulo.pl\/sklep\/wp-json\/wp\/v2\/media\/5581"}],"wp:attachment":[{"href":"https:\/\/mymodulo.pl\/sklep\/wp-json\/wp\/v2\/media?parent=5580"}],"wp:term":[{"taxonomy":"product_cat","embeddable":true,"href":"https:\/\/mymodulo.pl\/sklep\/wp-json\/wp\/v2\/product_cat?post=5580"},{"taxonomy":"product_tag","embeddable":true,"href":"https:\/\/mymodulo.pl\/sklep\/wp-json\/wp\/v2\/product_tag?post=5580"}],"curies":[{"name":"wp","href":"https:\/\/api.w.org\/{rel}","templated":true}]}}