{"id":5522,"date":"2021-09-14T15:15:41","date_gmt":"2021-09-14T13:15:41","guid":{"rendered":"https:\/\/mymodulo.pl\/sklep\/?post_type=product&#038;p=5522"},"modified":"2026-02-06T12:20:37","modified_gmt":"2026-02-06T11:20:37","slug":"myszka-kredowo-magnetyczna","status":"publish","type":"product","link":"https:\/\/mymodulo.pl\/sklep\/produkt\/myszka-kredowo-magnetyczna\/","title":{"rendered":"Myszka tablica kredowo-magnetyczna"},"content":{"rendered":"<div><strong>Tablice magnetyczno-kredowe marki Kreato Kidz<\/strong> to po\u0142\u0105czenie wysokiej jako\u015bci materia\u0142\u00f3w z ponadczasowym designem. Proste kszta\u0142ty nie przyt\u0142aczaj\u0105 przestrzeni dzieci\u0119cej. Tablice wykonane s\u0105 w bardzo staranny i estetyczny spos\u00f3b. Tablice s\u0142u\u017c\u0105 kreatywnej zabawie zar\u00f3wno m\u0142odszych jak i starszych dzieci. Stworzone zosta\u0142y w duchu filozofii Montessori. Tablice produkowane s\u0105 w kilku rozmiarach, w 10 starannie dobranych kolorach. <strong>Tablice Kreato Kidz to polski produkt handmade.<\/strong><\/div>\n<div><\/div>\n<div><img loading=\"lazy\" class=\"wp-image-5553 size-large aligncenter\" src=\"https:\/\/mymodulo.pl\/sklep\/wp-content\/uploads\/2021\/09\/IMG_4223-820x1024.jpg\" alt=\"Tablica - myszka kredowo-magnetyczna | myMODULO.pl\" width=\"820\" height=\"1024\" srcset=\"https:\/\/mymodulo.pl\/sklep\/wp-content\/uploads\/2021\/09\/IMG_4223-820x1024.jpg 820w, https:\/\/mymodulo.pl\/sklep\/wp-content\/uploads\/2021\/09\/IMG_4223-240x300.jpg 240w, https:\/\/mymodulo.pl\/sklep\/wp-content\/uploads\/2021\/09\/IMG_4223-768x959.jpg 768w, https:\/\/mymodulo.pl\/sklep\/wp-content\/uploads\/2021\/09\/IMG_4223-150x187.jpg 150w, https:\/\/mymodulo.pl\/sklep\/wp-content\/uploads\/2021\/09\/IMG_4223-600x749.jpg 600w, https:\/\/mymodulo.pl\/sklep\/wp-content\/uploads\/2021\/09\/IMG_4223.jpg 1080w\" sizes=\"(max-width: 820px) 100vw, 820px\" \/><\/div>\n<div><\/div>\n<div><\/div>\n<div><\/div>\n<div>\n<div>Tablica w kszta\u0142cie g\u0142owy misia\u00a0 zosta\u0142a precyzyjnie wyci\u0119ta i pomalowana farb\u0105 magnetyczn\u0105 oraz kredow\u0105.<\/div>\n<div><\/div>\n<h3>Dane techniczne<\/h3>\n<div>Materia\u0142: p\u0142yta mdf<\/div>\n<div><\/div>\n<div>Grubo\u015b\u0107: 8 mm<\/div>\n<div><\/div>\n<div>Tablica jest magnetyczna i kredowa jednocze\u015bnie.<\/div>\n<\/div>\n<div><\/div>\n<h3>Wymiar<\/h3>\n<div>54 x 70 cm<\/div>\n<div><img loading=\"lazy\" class=\"alignnone size-medium wp-image-8038\" src=\"https:\/\/mymodulo.pl\/sklep\/wp-content\/uploads\/2021\/09\/myszka-1-300x228.png\" alt=\"tablica kredowa magnetyczna \" width=\"300\" height=\"228\" srcset=\"https:\/\/mymodulo.pl\/sklep\/wp-content\/uploads\/2021\/09\/myszka-1-300x228.png 300w, https:\/\/mymodulo.pl\/sklep\/wp-content\/uploads\/2021\/09\/myszka-1-246x187.png 246w, https:\/\/mymodulo.pl\/sklep\/wp-content\/uploads\/2021\/09\/myszka-1.png 542w\" sizes=\"(max-width: 300px) 100vw, 300px\" \/><\/div>\n<h3>Dost\u0119pne kolory<\/h3>\n<div>\n<ul>\n<li>r\u00f3\u017c<\/li>\n<li>brudny r\u00f3\u017c<\/li>\n<li>czarny<\/li>\n<li>jasny szary<\/li>\n<li>ciemny szary<\/li>\n<li>mi\u0119towy<\/li>\n<li>turkusowy<\/li>\n<\/ul>\n<div><\/div>\n<div>Jest mo\u017cliwo\u015b\u0107 przygotowania tablic w innych kolorach, ale pod indywidualne zam\u00f3wienie. W tym celu prosimy o kontakt na kontakt@mymodulo.pl<\/div>\n<\/div>\n<div><\/div>\n<div><img loading=\"lazy\" class=\"aligncenter wp-image-8033 size-large\" src=\"https:\/\/mymodulo.pl\/sklep\/wp-content\/uploads\/2021\/09\/343215809_1396672344490902_5162581838779029304_n-1-1024x775.jpg\" alt=\"tablica kredowa magnetyczna\" width=\"1024\" height=\"775\" srcset=\"https:\/\/mymodulo.pl\/sklep\/wp-content\/uploads\/2021\/09\/343215809_1396672344490902_5162581838779029304_n-1-1024x775.jpg 1024w, https:\/\/mymodulo.pl\/sklep\/wp-content\/uploads\/2021\/09\/343215809_1396672344490902_5162581838779029304_n-1-300x227.jpg 300w, https:\/\/mymodulo.pl\/sklep\/wp-content\/uploads\/2021\/09\/343215809_1396672344490902_5162581838779029304_n-1-768x581.jpg 768w, https:\/\/mymodulo.pl\/sklep\/wp-content\/uploads\/2021\/09\/343215809_1396672344490902_5162581838779029304_n-1-247x187.jpg 247w, https:\/\/mymodulo.pl\/sklep\/wp-content\/uploads\/2021\/09\/343215809_1396672344490902_5162581838779029304_n-1-1260x954.jpg 1260w, https:\/\/mymodulo.pl\/sklep\/wp-content\/uploads\/2021\/09\/343215809_1396672344490902_5162581838779029304_n-1-600x454.jpg 600w, https:\/\/mymodulo.pl\/sklep\/wp-content\/uploads\/2021\/09\/343215809_1396672344490902_5162581838779029304_n-1.jpg 1440w\" sizes=\"(max-width: 1024px) 100vw, 1024px\" \/><\/div>\n<div><\/div>\n<h3>Dost\u0119pne wymiary<\/h3>\n<div>54 x 70 cm<\/div>\n<div><\/div>\n<div><\/div>\n<h3>Stosowanie magnes\u00f3w<\/h3>\n<div>\n<div>Zalecamy u\u017cywanie lekkich magnes\u00f3w, posiadaj\u0105cych na odwrocie materia\u0142 magnetyczny (np. ta\u015bm\u0119 magnetyczn\u0105) na ca\u0142ej powierzchni elementu. Dobrym wyborem b\u0119d\u0105 mocne magnesy np. neodymowe lub ferrytowe. Ci\u0119\u017ckie (gliniane, porcelanowe) nie b\u0119d\u0105 dobrze trzyma\u0142y si\u0119 powierzchni tablicy, mog\u0105 si\u0119 zsuwa\u0107.<\/div>\n<\/div>\n<div><\/div>\n<h3>Monta\u017c<\/h3>\n<div>\n<div>Monta\u017c za pomoc\u0105 dwustronnej ta\u015bmy piankowej i\/lub kleju, lub haczyk\u00f3w do samodzielnego wkr\u0119cenia. Haczyki s\u0105 do\u0142\u0105czone do zestawu.<\/div>\n<\/div>\n<div><\/div>\n<h3>Czas realizacji<\/h3>\n<div>\n<div>\n<div>Czas na wykonanie tablicy wynosi do 10 dni roboczych<\/div>\n<\/div>\n<\/div>\n<div><\/div>\n<div>\n<p>&nbsp;<\/p>\n<p><strong>UWAGA! WA\u017bNE!<\/strong><\/p>\n<p>Dok\u0142adamy wszelkich stara\u0144, aby kolory przedstawiane na ekranie jak najdok\u0142adniej odzwierciedla\u0142y kolory naszych produkt\u00f3w. Nie jeste\u015bmy jednak w\u00a0stanie zagwarantowa\u0107 ich idealnego odwzorowania. Zar\u00f3wno kolory zaprezentowane we wzorniku\u00a0 jak i\u00a0kolory na zdj\u0119ciach naszych realizacji czy wizualizacji mog\u0105 si\u0119 nieznacznie r\u00f3\u017cni\u0107 od rzeczywistych \u2013\u00a0wynika to z\u00a0r\u00f3\u017cnorodno\u015bci dost\u0119pnego sprz\u0119tu \u00a0komputerowego oraz jego indywidualnych ustawie\u0144 a\u00a0w szczeg\u00f3lno\u015bci ustawie\u0144 monitora i\u00a0karty graficznej. Szczeg\u00f3lnie zdj\u0119cia realizacji nie s\u0105 w \u017cadnym stopniu odwzorowaniem rzeczywisto\u015bci. Zdj\u0119cia wykonywane s\u0105 w r\u00f3\u017cnych warunkach, w r\u00f3\u017cnym \u015bwietle i r\u00f3\u017cnymi aparatami.<\/p>\n<p>Prosimy o przemy\u015blane zakupy. W przypadku pyta\u0144, zapraszamy do <a href=\"https:\/\/mymodulo.pl\/kontakt\/\">kontaktu<\/a>.<\/p>\n<\/div>\n","protected":false},"excerpt":{"rendered":"<p>Produkt realizowany na zam\u00f3wienie.<br \/>\nCzas realizacji: do 10 dni roboczych<\/p>\n<p>Producent: Kreato Kidz<\/p>\n","protected":false},"featured_media":5553,"template":"","meta":[],"product_cat":[609,628],"product_tag":[],"_links":{"self":[{"href":"https:\/\/mymodulo.pl\/sklep\/wp-json\/wp\/v2\/product\/5522"}],"collection":[{"href":"https:\/\/mymodulo.pl\/sklep\/wp-json\/wp\/v2\/product"}],"about":[{"href":"https:\/\/mymodulo.pl\/sklep\/wp-json\/wp\/v2\/types\/product"}],"wp:featuredmedia":[{"embeddable":true,"href":"https:\/\/mymodulo.pl\/sklep\/wp-json\/wp\/v2\/media\/5553"}],"wp:attachment":[{"href":"https:\/\/mymodulo.pl\/sklep\/wp-json\/wp\/v2\/media?parent=5522"}],"wp:term":[{"taxonomy":"product_cat","embeddable":true,"href":"https:\/\/mymodulo.pl\/sklep\/wp-json\/wp\/v2\/product_cat?post=5522"},{"taxonomy":"product_tag","embeddable":true,"href":"https:\/\/mymodulo.pl\/sklep\/wp-json\/wp\/v2\/product_tag?post=5522"}],"curies":[{"name":"wp","href":"https:\/\/api.w.org\/{rel}","templated":true}]}}