{"id":5406,"date":"2021-09-09T15:29:43","date_gmt":"2021-09-09T13:29:43","guid":{"rendered":"https:\/\/mymodulo.pl\/sklep\/?post_type=product&#038;p=5406"},"modified":"2024-05-20T10:52:13","modified_gmt":"2024-05-20T08:52:13","slug":"rozowa-mapa-swiata-dk345","status":"publish","type":"product","link":"https:\/\/mymodulo.pl\/sklep\/produkt\/rozowa-mapa-swiata-dk345\/","title":{"rendered":"R\u00f3\u017cowa Mapa \u015awiata DK345"},"content":{"rendered":"<p><img loading=\"lazy\" class=\"alignnone wp-image-5415 size-medium\" src=\"https:\/\/mymodulo.pl\/sklep\/wp-content\/uploads\/2021\/09\/r\u00f3\u017cowa-DK345-300x300.jpg\" alt=\"R\u00f3\u017cowa mapa \u015bwiata - naklejka na \u015bcian\u0119 | myMODULO.pl\" width=\"300\" height=\"300\" srcset=\"https:\/\/mymodulo.pl\/sklep\/wp-content\/uploads\/2021\/09\/r\u00f3\u017cowa-DK345-300x300.jpg 300w, https:\/\/mymodulo.pl\/sklep\/wp-content\/uploads\/2021\/09\/r\u00f3\u017cowa-DK345-150x150.jpg 150w, https:\/\/mymodulo.pl\/sklep\/wp-content\/uploads\/2021\/09\/r\u00f3\u017cowa-DK345-187x187.jpg 187w, https:\/\/mymodulo.pl\/sklep\/wp-content\/uploads\/2021\/09\/r\u00f3\u017cowa-DK345-390x390.jpg 390w, https:\/\/mymodulo.pl\/sklep\/wp-content\/uploads\/2021\/09\/r\u00f3\u017cowa-DK345-600x600.jpg 600w, https:\/\/mymodulo.pl\/sklep\/wp-content\/uploads\/2021\/09\/r\u00f3\u017cowa-DK345-100x100.jpg 100w, https:\/\/mymodulo.pl\/sklep\/wp-content\/uploads\/2021\/09\/r\u00f3\u017cowa-DK345.jpg 750w\" sizes=\"(max-width: 300px) 100vw, 300px\" \/><\/p>\n<p>Naklejka na \u015bcian\u0119 wycinana z folii matowej. <strong>R\u00f3\u017cowa mapa \u015bwiata<\/strong> z podzia\u0142em na pa\u0144stwa oraz wybrane zbiorniki wodne.<\/p>\n<p>Nazwy pa\u0144stw s\u0105 ju\u017c naniesione na map\u0119, z kolei morza, oceany czy zatoki nale\u017cy umie\u015bci\u0107 samodzielnie<br \/>\nw odpowiednich miejscach.<\/p>\n<p>Nazwy bardzo ma\u0142ych pa\u0144stw przy rozmiarze L mog\u0105 mie\u0107 gorsz\u0105 czytelno\u015b\u0107.<\/p>\n<p>Dost\u0119pne wymiary<br \/>\nL &#8211; 96 x 54 cm<br \/>\nXL &#8211; 150 x 84 cm<br \/>\nXXL -200 x110 cm<\/p>\n<h3>Cechy produktu<\/h3>\n<ul>\n<li>matowa folia drukowana<\/li>\n<li>naklejka wycinana po obrysie, brak t\u0142a<\/li>\n<li>naklejka posiada foli\u0119 transportow\u0105<\/li>\n<li>odporna na warunki atmosferyczne<\/li>\n<li>bezwonna, bezpieczna dla dzieci<\/li>\n<li>naklejka jednorazowego u\u017cytku (nie nale\u017cy jej przekleja\u0107)<\/li>\n<\/ul>\n<p>Zobacz tak\u017ce: <a href=\"https:\/\/mymodulo.pl\/sklep\/kategoria-produktu\/yokodesign-naklejki-i-plakaty\/mapy-swiata\/\">Inne mapy \u015bwiata<\/a><\/p>\n<p><em>Wizualizacje mog\u0105 nie oddawa\u0107 rzeczywistego wymiaru naklejki, maj\u0105 one charakter podgl\u0105dowy &#8211; prosimy sprawdzi\u0107 wymiary.<\/em><\/p>\n","protected":false},"excerpt":{"rendered":"<p>Produkt realizowany na zam\u00f3wienie.<\/p>\n<p>Czas realizacji: do 10 dni roboczych<\/p>\n<p>Producent: YokoDesign<\/p>\n","protected":false},"featured_media":5421,"template":"","meta":[],"product_cat":[632,626,606],"product_tag":[],"_links":{"self":[{"href":"https:\/\/mymodulo.pl\/sklep\/wp-json\/wp\/v2\/product\/5406"}],"collection":[{"href":"https:\/\/mymodulo.pl\/sklep\/wp-json\/wp\/v2\/product"}],"about":[{"href":"https:\/\/mymodulo.pl\/sklep\/wp-json\/wp\/v2\/types\/product"}],"wp:featuredmedia":[{"embeddable":true,"href":"https:\/\/mymodulo.pl\/sklep\/wp-json\/wp\/v2\/media\/5421"}],"wp:attachment":[{"href":"https:\/\/mymodulo.pl\/sklep\/wp-json\/wp\/v2\/media?parent=5406"}],"wp:term":[{"taxonomy":"product_cat","embeddable":true,"href":"https:\/\/mymodulo.pl\/sklep\/wp-json\/wp\/v2\/product_cat?post=5406"},{"taxonomy":"product_tag","embeddable":true,"href":"https:\/\/mymodulo.pl\/sklep\/wp-json\/wp\/v2\/product_tag?post=5406"}],"curies":[{"name":"wp","href":"https:\/\/api.w.org\/{rel}","templated":true}]}}