{"id":5402,"date":"2021-09-09T15:24:40","date_gmt":"2021-09-09T13:24:40","guid":{"rendered":"https:\/\/mymodulo.pl\/sklep\/?post_type=product&#038;p=5402"},"modified":"2024-05-20T10:53:17","modified_gmt":"2024-05-20T08:53:17","slug":"mapa-swiata-dk331","status":"publish","type":"product","link":"https:\/\/mymodulo.pl\/sklep\/produkt\/mapa-swiata-dk331\/","title":{"rendered":"Mapa \u015awiata DK331"},"content":{"rendered":"<p><img loading=\"lazy\" class=\"alignnone wp-image-5388 size-medium\" src=\"https:\/\/mymodulo.pl\/sklep\/wp-content\/uploads\/2021\/09\/czarno-szara-DK331-c-300x300.jpg\" alt=\"Czarno-szara mapa \u015bwiata - naklejka na \u015bcian\u0119 | myMODULO.pl\" width=\"300\" height=\"300\" srcset=\"https:\/\/mymodulo.pl\/sklep\/wp-content\/uploads\/2021\/09\/czarno-szara-DK331-c-300x300.jpg 300w, https:\/\/mymodulo.pl\/sklep\/wp-content\/uploads\/2021\/09\/czarno-szara-DK331-c-150x150.jpg 150w, https:\/\/mymodulo.pl\/sklep\/wp-content\/uploads\/2021\/09\/czarno-szara-DK331-c-187x187.jpg 187w, https:\/\/mymodulo.pl\/sklep\/wp-content\/uploads\/2021\/09\/czarno-szara-DK331-c-390x390.jpg 390w, https:\/\/mymodulo.pl\/sklep\/wp-content\/uploads\/2021\/09\/czarno-szara-DK331-c-600x600.jpg 600w, https:\/\/mymodulo.pl\/sklep\/wp-content\/uploads\/2021\/09\/czarno-szara-DK331-c-100x100.jpg 100w, https:\/\/mymodulo.pl\/sklep\/wp-content\/uploads\/2021\/09\/czarno-szara-DK331-c.jpg 750w\" sizes=\"(max-width: 300px) 100vw, 300px\" \/><\/p>\n<p>Naklejka niezb\u0119dna dla wszystkich mi\u0142o\u015bnik\u00f3w podr\u00f3\u017cy, ma\u0142ych odkrywc\u00f3w.<br \/>\nDzi\u0119ki zastosowaniu wielu kolor\u00f3w mapa jest uniwersalna i b\u0119dzie pasowa\u0142a do wielu wn\u0119trz.<br \/>\nMapa \u015bwiata wyposa\u017cona jest w zwierz\u0105tka w czarnym kolorze, kt\u00f3re mo\u017cna dowolnie rozmie\u015bci\u0107.<\/p>\n<p>Dost\u0119pne wymiary:<br \/>\nL &#8211; 96 x 54 cm<br \/>\nXL &#8211; 150 x 84 cm<br \/>\nXXL -200 x110 cm<\/p>\n<h3>Cechy produktu:<\/h3>\n<ul>\n<li>matowa folia drukowana<\/li>\n<li>naklejka wycinana po obrysie, brak t\u0142a<\/li>\n<li>naklejka posiada foli\u0119 transportow\u0105<\/li>\n<li>odporna na warunki atmosferyczne<\/li>\n<li>bezwonna, bezpieczna dla dzieci<\/li>\n<li>naklejka jednorazowego u\u017cytku (nie nale\u017cy jej przekleja\u0107)<\/li>\n<\/ul>\n<p>Zobacz tak\u017ce: <a href=\"https:\/\/mymodulo.pl\/sklep\/kategoria-produktu\/yokodesign-naklejki-i-plakaty\/mapy-swiata\/\">Inne mapy \u015bwiata<\/a><\/p>\n<p><em>Wizualizacje mog\u0105 nie oddawa\u0107 rzeczywistego wymiaru naklejki, maj\u0105 one charakter podgl\u0105dowy &#8211; prosimy sprawdzi\u0107 wymiary.<\/em><\/p>\n","protected":false},"excerpt":{"rendered":"<p>Produkt realizowany na zam\u00f3wienie.<\/p>\n<p>Czas realizacji: do 10 dni roboczych<\/p>\n<p>Producent: YokoDesign<\/p>\n","protected":false},"featured_media":5389,"template":"","meta":[],"product_cat":[632,626,606],"product_tag":[],"_links":{"self":[{"href":"https:\/\/mymodulo.pl\/sklep\/wp-json\/wp\/v2\/product\/5402"}],"collection":[{"href":"https:\/\/mymodulo.pl\/sklep\/wp-json\/wp\/v2\/product"}],"about":[{"href":"https:\/\/mymodulo.pl\/sklep\/wp-json\/wp\/v2\/types\/product"}],"wp:featuredmedia":[{"embeddable":true,"href":"https:\/\/mymodulo.pl\/sklep\/wp-json\/wp\/v2\/media\/5389"}],"wp:attachment":[{"href":"https:\/\/mymodulo.pl\/sklep\/wp-json\/wp\/v2\/media?parent=5402"}],"wp:term":[{"taxonomy":"product_cat","embeddable":true,"href":"https:\/\/mymodulo.pl\/sklep\/wp-json\/wp\/v2\/product_cat?post=5402"},{"taxonomy":"product_tag","embeddable":true,"href":"https:\/\/mymodulo.pl\/sklep\/wp-json\/wp\/v2\/product_tag?post=5402"}],"curies":[{"name":"wp","href":"https:\/\/api.w.org\/{rel}","templated":true}]}}