{"id":5378,"date":"2021-09-09T14:32:35","date_gmt":"2021-09-09T12:32:35","guid":{"rendered":"https:\/\/mymodulo.pl\/sklep\/?post_type=product&#038;p=5378"},"modified":"2021-10-05T14:17:05","modified_gmt":"2021-10-05T12:17:05","slug":"naklejka-superbohater-dk283","status":"publish","type":"product","link":"https:\/\/mymodulo.pl\/sklep\/produkt\/naklejka-superbohater-dk283\/","title":{"rendered":"Naklejka Superbohater DK283"},"content":{"rendered":"<p><img loading=\"lazy\" class=\"alignnone wp-image-5319 size-medium\" src=\"https:\/\/mymodulo.pl\/sklep\/wp-content\/uploads\/2021\/09\/naklejka-superbohatera-DK283-b-300x300.jpg\" alt=\"Naklejka na \u015bcian\u0119 - Superbohater | myMODULO.pl\" width=\"300\" height=\"300\" srcset=\"https:\/\/mymodulo.pl\/sklep\/wp-content\/uploads\/2021\/09\/naklejka-superbohatera-DK283-b-300x300.jpg 300w, https:\/\/mymodulo.pl\/sklep\/wp-content\/uploads\/2021\/09\/naklejka-superbohatera-DK283-b-150x150.jpg 150w, https:\/\/mymodulo.pl\/sklep\/wp-content\/uploads\/2021\/09\/naklejka-superbohatera-DK283-b-187x187.jpg 187w, https:\/\/mymodulo.pl\/sklep\/wp-content\/uploads\/2021\/09\/naklejka-superbohatera-DK283-b-390x390.jpg 390w, https:\/\/mymodulo.pl\/sklep\/wp-content\/uploads\/2021\/09\/naklejka-superbohatera-DK283-b-600x600.jpg 600w, https:\/\/mymodulo.pl\/sklep\/wp-content\/uploads\/2021\/09\/naklejka-superbohatera-DK283-b-100x100.jpg 100w, https:\/\/mymodulo.pl\/sklep\/wp-content\/uploads\/2021\/09\/naklejka-superbohatera-DK283-b.jpg 750w\" sizes=\"(max-width: 300px) 100vw, 300px\" \/><\/p>\n<p>&nbsp;<\/p>\n<p>Idealna naklejka dla wszystkich fan\u00f3w SuperBohater\u00f3w. Miaraw charakterystycznych kolorach.<\/p>\n<p>Drukowana naklejka na \u015bcian\u0119 do pokoju dzieci\u0119cego\u00a0wycinana z folii matowej.<\/p>\n<p>Naklejk\u0119 mo\u017cesz umie\u015bci\u0107 na ka\u017cdej\u00a0<strong>g\u0142adkiej powierzchni,<\/strong>\u00a0pozwala to na dekorowanie nie tylko \u015bcian, ale r\u00f3wnie\u017c mebli, okien i innych element\u00f3w wystroju, tworz\u0105c niepowtarzalne aran\u017cacje.<\/p>\n<h3><b>Dost\u0119pne wymiary:<\/b><\/h3>\n<p>Rozmiar M:\u00a0szer. 11cm x wys. 25cm \/ wielko\u015b\u0107 tr\u00f3jk\u0105t\u00f3w: 1cm x 0,7cm<br \/>\nRozmiar L:\u00a0szer. 34cm x wys. 80cm \/\u00a0wielko\u015b\u0107 tr\u00f3jk\u0105t\u00f3w: 3cm x 2cm<br \/>\nRozmiar XL:\u00a0szer. 46cm x wys. 110cm \/\u00a0wielko\u015b\u0107 tr\u00f3jk\u0105t\u00f3w: 4cm x 3cm<b><br \/>\n<\/b><\/p>\n<h3>Cechy produktu:<\/h3>\n<ul>\n<li>matowa folia drukowana<\/li>\n<li>naklejka wycinana po obrysie, brak t\u0142a<\/li>\n<li>naklejka posiada foli\u0119 transportow\u0105<\/li>\n<li>odporna na warunki atmosferyczne<\/li>\n<li>bezwonna, bezpieczna dla dzieci<\/li>\n<li>naklejka jednorazowego u\u017cytku (nie nale\u017cy jej przekleja\u0107)<\/li>\n<\/ul>\n<p>&nbsp;<\/p>\n<p><em>Wizualizacje mog\u0105 nie oddawa\u0107 rzeczywistego wymiaru naklejki, maj\u0105 one charakter podgl\u0105dowy &#8211; prosimy sprawdzi\u0107 wymiary.<\/em><\/p>\n","protected":false},"excerpt":{"rendered":"<p>Produkt realizowany na zam\u00f3wienie.<\/p>\n<p>Czas realizacji: do 10 dni roboczych<\/p>\n<p>Producent: YokoDesign<\/p>\n","protected":false},"featured_media":5319,"template":"","meta":[],"product_cat":[632,625,613,606],"product_tag":[],"_links":{"self":[{"href":"https:\/\/mymodulo.pl\/sklep\/wp-json\/wp\/v2\/product\/5378"}],"collection":[{"href":"https:\/\/mymodulo.pl\/sklep\/wp-json\/wp\/v2\/product"}],"about":[{"href":"https:\/\/mymodulo.pl\/sklep\/wp-json\/wp\/v2\/types\/product"}],"wp:featuredmedia":[{"embeddable":true,"href":"https:\/\/mymodulo.pl\/sklep\/wp-json\/wp\/v2\/media\/5319"}],"wp:attachment":[{"href":"https:\/\/mymodulo.pl\/sklep\/wp-json\/wp\/v2\/media?parent=5378"}],"wp:term":[{"taxonomy":"product_cat","embeddable":true,"href":"https:\/\/mymodulo.pl\/sklep\/wp-json\/wp\/v2\/product_cat?post=5378"},{"taxonomy":"product_tag","embeddable":true,"href":"https:\/\/mymodulo.pl\/sklep\/wp-json\/wp\/v2\/product_tag?post=5378"}],"curies":[{"name":"wp","href":"https:\/\/api.w.org\/{rel}","templated":true}]}}