{"id":5358,"date":"2021-09-09T13:45:58","date_gmt":"2021-09-09T11:45:58","guid":{"rendered":"https:\/\/mymodulo.pl\/sklep\/?post_type=product&#038;p=5358"},"modified":"2021-10-05T14:17:05","modified_gmt":"2021-10-05T12:17:05","slug":"plakat-superbohatera-p064","status":"publish","type":"product","link":"https:\/\/mymodulo.pl\/sklep\/produkt\/plakat-superbohatera-p064\/","title":{"rendered":"Plakat Superbohatera P066"},"content":{"rendered":"<p><img loading=\"lazy\" class=\"alignnone wp-image-5330 size-medium\" src=\"https:\/\/mymodulo.pl\/sklep\/wp-content\/uploads\/2021\/09\/plakaty-batman-300x300.jpg\" alt=\"Plakat Superbbohater - do pokoju dziecka | myMODULO.pl\" width=\"300\" height=\"300\" srcset=\"https:\/\/mymodulo.pl\/sklep\/wp-content\/uploads\/2021\/09\/plakaty-batman-300x300.jpg 300w, https:\/\/mymodulo.pl\/sklep\/wp-content\/uploads\/2021\/09\/plakaty-batman-150x150.jpg 150w, https:\/\/mymodulo.pl\/sklep\/wp-content\/uploads\/2021\/09\/plakaty-batman-187x187.jpg 187w, https:\/\/mymodulo.pl\/sklep\/wp-content\/uploads\/2021\/09\/plakaty-batman-390x390.jpg 390w, https:\/\/mymodulo.pl\/sklep\/wp-content\/uploads\/2021\/09\/plakaty-batman-600x600.jpg 600w, https:\/\/mymodulo.pl\/sklep\/wp-content\/uploads\/2021\/09\/plakaty-batman-100x100.jpg 100w, https:\/\/mymodulo.pl\/sklep\/wp-content\/uploads\/2021\/09\/plakaty-batman.jpg 750w\" sizes=\"(max-width: 300px) 100vw, 300px\" \/><\/p>\n<h3>Dost\u0119pne wymiary:<\/h3>\n<p>A4\u00a0 \u00a021 x 29,7 cm<br \/>\nA3\u00a0 \u00a029,7 x 42 cm<\/p>\n<h3>Dost\u0119pne orientacje:<\/h3>\n<ul>\n<li>pionowa<\/li>\n<\/ul>\n<h3>Opis produktu:<\/h3>\n<ul>\n<li>satynowy papier plakatowy najwy\u017cszej jako\u015bci,<\/li>\n<li>gramatura 200g,<\/li>\n<li>plakat nie posiada ramki,<\/li>\n<li>autorski projekt, produkcja PL,<\/li>\n<\/ul>\n<h3>Plakat sprzedawany bez ramki. Wysy\u0142amy w kartonowych tubach.<\/h3>\n<p>&nbsp;<\/p>\n<p><em>Wizualizacje mog\u0105 nie oddawa\u0107 rzeczywistego wymiaru plakatu, maj\u0105 one charakter podgl\u0105dowy &#8211; prosimy sprawdzi\u0107 wymiary.<\/em><\/p>\n<p>&nbsp;<\/p>\n","protected":false},"excerpt":{"rendered":"<p>Produkt realizowany na zam\u00f3wienie.<\/p>\n<p>Czas realizacji: do 10 dni roboczych<\/p>\n<p>Producent: YokoDesign<\/p>\n","protected":false},"featured_media":5329,"template":"","meta":[],"product_cat":[632,624,613,606],"product_tag":[],"_links":{"self":[{"href":"https:\/\/mymodulo.pl\/sklep\/wp-json\/wp\/v2\/product\/5358"}],"collection":[{"href":"https:\/\/mymodulo.pl\/sklep\/wp-json\/wp\/v2\/product"}],"about":[{"href":"https:\/\/mymodulo.pl\/sklep\/wp-json\/wp\/v2\/types\/product"}],"wp:featuredmedia":[{"embeddable":true,"href":"https:\/\/mymodulo.pl\/sklep\/wp-json\/wp\/v2\/media\/5329"}],"wp:attachment":[{"href":"https:\/\/mymodulo.pl\/sklep\/wp-json\/wp\/v2\/media?parent=5358"}],"wp:term":[{"taxonomy":"product_cat","embeddable":true,"href":"https:\/\/mymodulo.pl\/sklep\/wp-json\/wp\/v2\/product_cat?post=5358"},{"taxonomy":"product_tag","embeddable":true,"href":"https:\/\/mymodulo.pl\/sklep\/wp-json\/wp\/v2\/product_tag?post=5358"}],"curies":[{"name":"wp","href":"https:\/\/api.w.org\/{rel}","templated":true}]}}