{"id":5113,"date":"2021-05-25T11:50:50","date_gmt":"2021-05-25T09:50:50","guid":{"rendered":"https:\/\/mymodulo.pl\/sklep\/?post_type=product&#038;p=5113"},"modified":"2025-03-14T17:19:48","modified_gmt":"2025-03-14T16:19:48","slug":"polka-drewniana-ster","status":"publish","type":"product","link":"https:\/\/mymodulo.pl\/sklep\/produkt\/polka-drewniana-ster\/","title":{"rendered":"P\u00f3\u0142ka drewniana Ster"},"content":{"rendered":"<h3 data-start=\"60\" data-end=\"152\"><strong data-start=\"64\" data-end=\"150\">Drewniana p\u00f3\u0142ka w kszta\u0142cie steru \u2013 marynistyczny element w pokoju Twojego dziecka<\/strong><\/h3>\n<p data-start=\"154\" data-end=\"317\">Zapewnij swojemu dziecku atmosfer\u0119 morskich przyg\u00f3d dzi\u0119ki <strong data-start=\"213\" data-end=\"251\">drewnianej p\u00f3\u0142ce w kszta\u0142cie steru<\/strong>! Idealna dla ma\u0142ych kapitan\u00f3w i mi\u0142o\u015bnik\u00f3w \u017ceglarskich motyw\u00f3w.<\/p>\n<p data-start=\"319\" data-end=\"687\"><strong data-start=\"321\" data-end=\"348\">Wysoka jako\u015b\u0107 wykonania<\/strong> \u2013 solidne drewno gwarantuje trwa\u0142o\u015b\u0107 i wytrzyma\u0142o\u015b\u0107.<br data-start=\"401\" data-end=\"404\" \/><strong data-start=\"406\" data-end=\"424\">Polski produkt<\/strong> \u2013 wykonany z dba\u0142o\u015bci\u0105 o ka\u017cdy szczeg\u00f3\u0142.<br \/>\n<strong data-start=\"470\" data-end=\"502\">Praktyczny i stylowy dodatek<\/strong> \u2013 \u015bwietnie sprawdzi si\u0119 do przechowywania ksi\u0105\u017cek, zabawek czy innych drobiazg\u00f3w.<br data-start=\"584\" data-end=\"587\" \/><strong data-start=\"589\" data-end=\"622\" data-is-only-node=\"\">Idealna do pokoju dzieci\u0119cego<\/strong> \u2013 oryginalny design wprowadza przytulny, marynistyczny klimat.<\/p>\n<p data-start=\"319\" data-end=\"687\">\n<p><img loading=\"lazy\" class=\"alignnone wp-image-5114 size-large\" src=\"https:\/\/mymodulo.pl\/sklep\/wp-content\/uploads\/2021\/05\/2729-1024x768.jpg\" alt=\"Ster, p\u00f3\u0142ka drewniana, motyw marynarski\" width=\"1024\" height=\"768\" srcset=\"https:\/\/mymodulo.pl\/sklep\/wp-content\/uploads\/2021\/05\/2729-1024x768.jpg 1024w, https:\/\/mymodulo.pl\/sklep\/wp-content\/uploads\/2021\/05\/2729-300x225.jpg 300w, https:\/\/mymodulo.pl\/sklep\/wp-content\/uploads\/2021\/05\/2729-768x576.jpg 768w, https:\/\/mymodulo.pl\/sklep\/wp-content\/uploads\/2021\/05\/2729-249x187.jpg 249w, https:\/\/mymodulo.pl\/sklep\/wp-content\/uploads\/2021\/05\/2729-1260x945.jpg 1260w, https:\/\/mymodulo.pl\/sklep\/wp-content\/uploads\/2021\/05\/2729-600x450.jpg 600w\" sizes=\"(max-width: 1024px) 100vw, 1024px\" \/><\/p>\n<h3>Wykonanie, materia\u0142<\/h3>\n<ul>\n<li>P\u00f3\u0142ka jest ju\u017c skr\u0119cona, a Tobie pozostaje jedynie przywiesi\u0107 j\u0105 na \u015bcianie.<\/li>\n<li>P\u0142yta MDF, o grubo\u015bci 18 mm.<\/li>\n<li>Kszta\u0142t steru wycinany jest za pomoc\u0105 profesjonalnej<strong> frezarki CNC<\/strong>, a nie r\u0119cznie, czy laserowo<strong>.\u00a0<\/strong>Dzi\u0119ki temu nie ma osmalonych czarnych kraw\u0119dzi, kt\u00f3re s\u0105\u00a0 szpec\u0105c\u0105 pozosta\u0142o\u015bci\u0105 po wycinaniu laserem, ani niedoskona\u0142o\u015bci wynikaj\u0105cej z r\u0119cznej obr\u00f3bki- takich jak wystrz\u0119pienia, czy\u00a0\u017ale za\u0142amane krzywizny.<\/li>\n<li>Powierzchnia blatu wykonana <strong>z laminatu wysoce odpornego na zarysowania<\/strong> oraz wp\u0142yw \u015brodk\u00f3w czyszcz\u0105cych. Blat jest w ca\u0142o\u015bci ba\u0142y, r\u00f3wnie\u017c na obrze\u017cach.<\/li>\n<\/ul>\n<h3>Wymiary<\/h3>\n<p>Wysoko\u015b\u0107 40 cm<br \/>\nSzeroko\u015b\u0107 40 cm<br \/>\nG\u0142\u0119boko\u015b\u0107 13,8 cm<br \/>\nWymiar blatu\u00a0 26 x 12 cm<br \/>\nWaga 1,6 kg<\/p>\n<h3>Kolor<\/h3>\n<p>Bia\u0142y<\/p>\n<h3>Rodzaj wyko\u0144czenia<\/h3>\n<p><strong>Klasa Elegance \u2013 kraw\u0119dzie w kolorze p\u0142yty MDF<\/strong><\/p>\n<p>Blat p\u00f3\u0142ki wykonany z bia\u0142ego i\u00a0grubego, wysokogatunkowego MDF, oklejony na kraw\u0119dziach profesjonaln\u0105 oklein\u0105 PCV. P\u00f3\u0142ka wykonana r\u00f3wnie\u017c z obustronnie bia\u0142ego MDF, ale<strong>\u00a0jej kraw\u0119dzie zosta\u0142y zachowane w naturalnym kolorze p\u0142yty MDF.<\/strong><\/p>\n<p><img loading=\"lazy\" class=\"alignnone size-medium wp-image-5115\" src=\"https:\/\/mymodulo.pl\/sklep\/wp-content\/uploads\/2021\/05\/2732-300x225.jpg\" alt=\"Ster, p\u00f3\u0142ka drewniana, motyw marynarski\" width=\"300\" height=\"225\" srcset=\"https:\/\/mymodulo.pl\/sklep\/wp-content\/uploads\/2021\/05\/2732-300x225.jpg 300w, https:\/\/mymodulo.pl\/sklep\/wp-content\/uploads\/2021\/05\/2732-768x576.jpg 768w, https:\/\/mymodulo.pl\/sklep\/wp-content\/uploads\/2021\/05\/2732-1024x768.jpg 1024w, https:\/\/mymodulo.pl\/sklep\/wp-content\/uploads\/2021\/05\/2732-249x187.jpg 249w, https:\/\/mymodulo.pl\/sklep\/wp-content\/uploads\/2021\/05\/2732-1260x945.jpg 1260w, https:\/\/mymodulo.pl\/sklep\/wp-content\/uploads\/2021\/05\/2732-600x450.jpg 600w\" sizes=\"(max-width: 300px) 100vw, 300px\" \/><\/p>\n<h3>Monta\u017c<\/h3>\n<ul>\n<li>Unowocze\u015bnione zaczepy, kt\u00f3re s\u0105 wpuszczone w materia\u0142 od ty\u0142u, sprawiaj\u0105, \u017ce wieszanie p\u00f3\u0142ki jest dziecinnie proste, a do tego bardzo stabilne.<\/li>\n<li>Mocowania otrzymujesz GRATIS!<\/li>\n<li>Instrukcja w j. polskim.<\/li>\n<\/ul>\n","protected":false},"excerpt":{"rendered":"<p>Czas realizacji: 3-5 dni roboczych<\/p>\n","protected":false},"featured_media":5117,"template":"","meta":[],"product_cat":[632,714,607],"product_tag":[],"_links":{"self":[{"href":"https:\/\/mymodulo.pl\/sklep\/wp-json\/wp\/v2\/product\/5113"}],"collection":[{"href":"https:\/\/mymodulo.pl\/sklep\/wp-json\/wp\/v2\/product"}],"about":[{"href":"https:\/\/mymodulo.pl\/sklep\/wp-json\/wp\/v2\/types\/product"}],"wp:featuredmedia":[{"embeddable":true,"href":"https:\/\/mymodulo.pl\/sklep\/wp-json\/wp\/v2\/media\/5117"}],"wp:attachment":[{"href":"https:\/\/mymodulo.pl\/sklep\/wp-json\/wp\/v2\/media?parent=5113"}],"wp:term":[{"taxonomy":"product_cat","embeddable":true,"href":"https:\/\/mymodulo.pl\/sklep\/wp-json\/wp\/v2\/product_cat?post=5113"},{"taxonomy":"product_tag","embeddable":true,"href":"https:\/\/mymodulo.pl\/sklep\/wp-json\/wp\/v2\/product_tag?post=5113"}],"curies":[{"name":"wp","href":"https:\/\/api.w.org\/{rel}","templated":true}]}}