{"id":5108,"date":"2021-05-25T11:29:55","date_gmt":"2021-05-25T09:29:55","guid":{"rendered":"https:\/\/mymodulo.pl\/sklep\/?post_type=product&#038;p=5108"},"modified":"2025-03-17T10:30:49","modified_gmt":"2025-03-17T09:30:49","slug":"polka-drewniana-motylek","status":"publish","type":"product","link":"https:\/\/mymodulo.pl\/sklep\/produkt\/polka-drewniana-motylek\/","title":{"rendered":"P\u00f3\u0142ka drewniana Motylek"},"content":{"rendered":"<h3 data-start=\"0\" data-end=\"87\"><strong data-start=\"4\" data-end=\"85\">Drewniana P\u00f3\u0142ka w Kszta\u0142cie Motylka \u2013 Bajkowy Akcent w Pokoju Twojego Dziecka<\/strong><\/h3>\n<p data-start=\"89\" data-end=\"465\">Stw\u00f3rz magiczn\u0105 przestrze\u0144 dla swojej pociechy dzi\u0119ki <strong data-start=\"143\" data-end=\"180\">uroczej p\u00f3\u0142ce w kszta\u0142cie motylka<\/strong>! To nie tylko praktyczny element wyposa\u017cenia, ale tak\u017ce wyj\u0105tkowa dekoracja, kt\u00f3ra doda wn\u0119trzu lekko\u015bci i bajkowego uroku. Delikatny, a zarazem solidny design sprawia, \u017ce p\u00f3\u0142ka doskonale komponuje si\u0119 z dzieci\u0119cymi aran\u017cacjami \u2013 od klasycznych po te w stylu boho czy skandynawskim.<\/p>\n<p data-start=\"467\" data-end=\"889\"><strong data-start=\"470\" data-end=\"491\">Solidne wykonanie<\/strong> \u2013 Wykonana z wysokiej jako\u015bci <strong data-start=\"522\" data-end=\"529\">MDF<\/strong>, co zapewnia trwa\u0142o\u015b\u0107 i stabilno\u015b\u0107.<br data-start=\"565\" data-end=\"568\" \/><strong data-start=\"573\" data-end=\"591\">Polski produkt<\/strong> \u2013 Staranna, r\u0119czna produkcja z dba\u0142o\u015bci\u0105 o ka\u017cdy detal.<br data-start=\"647\" data-end=\"650\" data-is-only-node=\"\" \/><strong data-start=\"653\" data-end=\"682\">Funkcjonalno\u015b\u0107 i estetyka<\/strong> \u2013 Idealna na ksi\u0105\u017cki, zabawki i inne drobiazgi, dodaj\u0105c wn\u0119trzu ciep\u0142a i harmonii.<br data-start=\"765\" data-end=\"768\" \/><strong data-start=\"771\" data-end=\"790\">Subtelny design<\/strong> \u2013 Delikatna forma motylka sprawia, \u017ce pok\u00f3j stanie si\u0119 jeszcze bardziej przytulny i inspiruj\u0105cy.<\/p>\n<p><img loading=\"lazy\" class=\"alignnone wp-image-5111 size-large\" src=\"https:\/\/mymodulo.pl\/sklep\/wp-content\/uploads\/2021\/05\/2408-1024x768.jpg\" alt=\"Motylek p\u00f3\u0142ka drewniana\" width=\"1024\" height=\"768\" srcset=\"https:\/\/mymodulo.pl\/sklep\/wp-content\/uploads\/2021\/05\/2408-1024x768.jpg 1024w, https:\/\/mymodulo.pl\/sklep\/wp-content\/uploads\/2021\/05\/2408-300x225.jpg 300w, https:\/\/mymodulo.pl\/sklep\/wp-content\/uploads\/2021\/05\/2408-768x576.jpg 768w, https:\/\/mymodulo.pl\/sklep\/wp-content\/uploads\/2021\/05\/2408-249x187.jpg 249w, https:\/\/mymodulo.pl\/sklep\/wp-content\/uploads\/2021\/05\/2408-1260x945.jpg 1260w, https:\/\/mymodulo.pl\/sklep\/wp-content\/uploads\/2021\/05\/2408-600x450.jpg 600w\" sizes=\"(max-width: 1024px) 100vw, 1024px\" \/><\/p>\n<h3>Wykonanie, materia\u0142<\/h3>\n<ul>\n<li>P\u00f3\u0142ka jest ju\u017c skr\u0119cona, a Tobie pozostaje jedynie przywiesi\u0107 j\u0105 na \u015bcianie.<\/li>\n<li>P\u0142yta MDF, o grubo\u015bci 18 mm.<\/li>\n<li>Kszta\u0142t Sowy wycinany jest za pomoc\u0105 profesjonalnej<strong> frezarki CNC<\/strong>, a nie r\u0119cznie, czy laserowo<strong>.\u00a0<\/strong>Dzi\u0119ki temu nie ma osmalonych czarnych kraw\u0119dzi, kt\u00f3re s\u0105\u00a0 szpec\u0105c\u0105 pozosta\u0142o\u015bci\u0105 po wycinaniu laserem, ani niedoskona\u0142o\u015bci wynikaj\u0105cej z r\u0119cznej obr\u00f3bki- takich jak wystrz\u0119pienia, czy\u00a0\u017ale za\u0142amane krzywizny.<\/li>\n<li>Powierzchnia blatu wykonana <strong>z laminatu wysoce odpornego na zarysowania<\/strong> oraz wp\u0142yw \u015brodk\u00f3w czyszcz\u0105cych. Blat jest w ca\u0142o\u015bci ba\u0142y, r\u00f3wnie\u017c na obrze\u017cach.<\/li>\n<\/ul>\n<h3>Wymiary<\/h3>\n<p>Wysoko\u015b\u0107 28 cm<br \/>\nSzeroko\u015b\u0107 41 cm<br \/>\nG\u0142\u0119boko\u015b\u0107 13,8 cm<br \/>\nWymiar blatu\u00a0 26 x 12 cm<br \/>\nWaga 2 kg<\/p>\n<h3>Kolor<\/h3>\n<p>Bia\u0142y<\/p>\n<h3>Rodzaj wyko\u0144czenia<\/h3>\n<p><strong>Klasa Elegance \u2013 kraw\u0119dzie w kolorze p\u0142yty MDF<\/strong><\/p>\n<p>Blat p\u00f3\u0142ki wykonany z bia\u0142ego i\u00a0grubego, wysokogatunkowego MDF, oklejony na kraw\u0119dziach profesjonaln\u0105 oklein\u0105 PCV. P\u00f3\u0142ka wykonana r\u00f3wnie\u017c z obustronnie bia\u0142ego MDF, ale<strong>\u00a0jej kraw\u0119dzie zosta\u0142y zachowane w naturalnym kolorze p\u0142yty MDF.<\/strong><\/p>\n<p><img loading=\"lazy\" class=\"alignnone size-medium wp-image-5110\" src=\"https:\/\/mymodulo.pl\/sklep\/wp-content\/uploads\/2021\/05\/2405-300x245.jpg\" alt=\"Motylek p\u00f3\u0142ka drewniana\" width=\"300\" height=\"245\" srcset=\"https:\/\/mymodulo.pl\/sklep\/wp-content\/uploads\/2021\/05\/2405-300x245.jpg 300w, https:\/\/mymodulo.pl\/sklep\/wp-content\/uploads\/2021\/05\/2405-768x627.jpg 768w, https:\/\/mymodulo.pl\/sklep\/wp-content\/uploads\/2021\/05\/2405-1024x837.jpg 1024w, https:\/\/mymodulo.pl\/sklep\/wp-content\/uploads\/2021\/05\/2405-229x187.jpg 229w, https:\/\/mymodulo.pl\/sklep\/wp-content\/uploads\/2021\/05\/2405-1260x1029.jpg 1260w, https:\/\/mymodulo.pl\/sklep\/wp-content\/uploads\/2021\/05\/2405-600x490.jpg 600w\" sizes=\"(max-width: 300px) 100vw, 300px\" \/><\/p>\n<h3>Monta\u017c<\/h3>\n<ul>\n<li>Unowocze\u015bnione zaczepy, kt\u00f3re s\u0105 wpuszczone w materia\u0142 od ty\u0142u, sprawiaj\u0105, \u017ce wieszanie p\u00f3\u0142ki jest dziecinnie proste, a do tego bardzo stabilne.<\/li>\n<li>Mocowania otrzymujesz GRATIS!<\/li>\n<li>Instrukcja w j. polskim.<\/li>\n<\/ul>\n<p>&nbsp;<\/p>\n","protected":false},"excerpt":{"rendered":"<p>Czas realizacji: 3-5 dni roboczych<\/p>\n","protected":false},"featured_media":5110,"template":"","meta":[],"product_cat":[632,713,607],"product_tag":[],"_links":{"self":[{"href":"https:\/\/mymodulo.pl\/sklep\/wp-json\/wp\/v2\/product\/5108"}],"collection":[{"href":"https:\/\/mymodulo.pl\/sklep\/wp-json\/wp\/v2\/product"}],"about":[{"href":"https:\/\/mymodulo.pl\/sklep\/wp-json\/wp\/v2\/types\/product"}],"wp:featuredmedia":[{"embeddable":true,"href":"https:\/\/mymodulo.pl\/sklep\/wp-json\/wp\/v2\/media\/5110"}],"wp:attachment":[{"href":"https:\/\/mymodulo.pl\/sklep\/wp-json\/wp\/v2\/media?parent=5108"}],"wp:term":[{"taxonomy":"product_cat","embeddable":true,"href":"https:\/\/mymodulo.pl\/sklep\/wp-json\/wp\/v2\/product_cat?post=5108"},{"taxonomy":"product_tag","embeddable":true,"href":"https:\/\/mymodulo.pl\/sklep\/wp-json\/wp\/v2\/product_tag?post=5108"}],"curies":[{"name":"wp","href":"https:\/\/api.w.org\/{rel}","templated":true}]}}