{"id":4458,"date":"2021-04-30T12:17:08","date_gmt":"2021-04-30T10:17:08","guid":{"rendered":"https:\/\/mymodulo.pl\/sklep\/?post_type=product&#038;p=4458"},"modified":"2026-01-29T10:08:14","modified_gmt":"2026-01-29T09:08:14","slug":"glowa-krolika-tablica-kreato-kidz","status":"publish","type":"product","link":"https:\/\/mymodulo.pl\/sklep\/produkt\/glowa-krolika-tablica-kreato-kidz\/","title":{"rendered":"G\u0142owa kr\u00f3lika tablica kredowo-magnetyczna"},"content":{"rendered":"<div><strong>Tablica magnetyczno-kredowa w kszta\u0142cie g\u0142owy kr\u00f3lika<\/strong> marki Kreato Kidz to po\u0142\u0105czenie wysokiej jako\u015bci materia\u0142\u00f3w z ponadczasowym designem. Proste kszta\u0142ty nie przyt\u0142aczaj\u0105 przestrzeni dzieci\u0119cej. Tablice wykonane s\u0105 w bardzo staranny i estetyczny spos\u00f3b. Tablice s\u0142u\u017c\u0105 kreatywnej zabawie zar\u00f3wno m\u0142odszych jak i starszych dzieci. Stworzone zosta\u0142y w duchu filozofii Montessori. Tablice produkowane s\u0105 w kilku rozmiarach, w 10 starannie dobranych kolorach. Tablice Kreato Kidz to polski produkt handmade.<\/div>\n<div><\/div>\n<div><img loading=\"lazy\" class=\"alignnone size-medium wp-image-4469\" src=\"https:\/\/mymodulo.pl\/sklep\/wp-content\/uploads\/2021\/04\/g\u0142owa-kr\u00f3lika_1-1-300x300.jpg\" alt=\"Tablica magnetyczna, kredowa, g\u0142owa kr\u00f3lika\" width=\"300\" height=\"300\" srcset=\"https:\/\/mymodulo.pl\/sklep\/wp-content\/uploads\/2021\/04\/g\u0142owa-kr\u00f3lika_1-1-300x300.jpg 300w, https:\/\/mymodulo.pl\/sklep\/wp-content\/uploads\/2021\/04\/g\u0142owa-kr\u00f3lika_1-1-150x150.jpg 150w, https:\/\/mymodulo.pl\/sklep\/wp-content\/uploads\/2021\/04\/g\u0142owa-kr\u00f3lika_1-1-768x768.jpg 768w, https:\/\/mymodulo.pl\/sklep\/wp-content\/uploads\/2021\/04\/g\u0142owa-kr\u00f3lika_1-1-1024x1024.jpg 1024w, https:\/\/mymodulo.pl\/sklep\/wp-content\/uploads\/2021\/04\/g\u0142owa-kr\u00f3lika_1-1-187x187.jpg 187w, https:\/\/mymodulo.pl\/sklep\/wp-content\/uploads\/2021\/04\/g\u0142owa-kr\u00f3lika_1-1-1260x1260.jpg 1260w, https:\/\/mymodulo.pl\/sklep\/wp-content\/uploads\/2021\/04\/g\u0142owa-kr\u00f3lika_1-1-390x390.jpg 390w, https:\/\/mymodulo.pl\/sklep\/wp-content\/uploads\/2021\/04\/g\u0142owa-kr\u00f3lika_1-1-600x600.jpg 600w, https:\/\/mymodulo.pl\/sklep\/wp-content\/uploads\/2021\/04\/g\u0142owa-kr\u00f3lika_1-1-100x100.jpg 100w\" sizes=\"(max-width: 300px) 100vw, 300px\" \/><img loading=\"lazy\" class=\"alignnone size-medium wp-image-4473\" src=\"https:\/\/mymodulo.pl\/sklep\/wp-content\/uploads\/2021\/04\/image3-1-e1619776159728-225x300.jpeg\" alt=\"Tablica magnetyczna, kredowa, g\u0142owa kr\u00f3lika\" width=\"225\" height=\"300\" srcset=\"https:\/\/mymodulo.pl\/sklep\/wp-content\/uploads\/2021\/04\/image3-1-e1619776159728-225x300.jpeg 225w, https:\/\/mymodulo.pl\/sklep\/wp-content\/uploads\/2021\/04\/image3-1-e1619776159728-768x1024.jpeg 768w, https:\/\/mymodulo.pl\/sklep\/wp-content\/uploads\/2021\/04\/image3-1-e1619776159728-140x187.jpeg 140w, https:\/\/mymodulo.pl\/sklep\/wp-content\/uploads\/2021\/04\/image3-1-e1619776159728-1260x1680.jpeg 1260w, https:\/\/mymodulo.pl\/sklep\/wp-content\/uploads\/2021\/04\/image3-1-e1619776159728-600x800.jpeg 600w\" sizes=\"(max-width: 225px) 100vw, 225px\" \/><\/div>\n<div>\n<div><\/div>\n<div>Tablica w kszta\u0142cie g\u0142owy kr\u00f3liczka\u00a0zosta\u0142a precyzyjnie wyci\u0119ta i pomalowana farb\u0105 magnetyczn\u0105 oraz kredow\u0105.<\/div>\n<div><\/div>\n<h3>Dane techniczne<\/h3>\n<div>Materia\u0142: p\u0142yta mdf<\/div>\n<div><\/div>\n<div>Grubo\u015b\u0107: 8 mm<\/div>\n<div><\/div>\n<div>Tablica jest magnetyczna i kredowa jednocze\u015bnie.<\/div>\n<\/div>\n<div><\/div>\n<h3>Dost\u0119pne kolory<\/h3>\n<div>brudny r\u00f3\u017c<\/div>\n<div>butelkowa ziele\u0144<\/div>\n<div>musztardowy<\/div>\n<div>czarny<\/div>\n<div>jasny szary<\/div>\n<div>ciemny szary<\/div>\n<div>mi\u0119towy<\/div>\n<div>r\u00f3\u017cowy<\/div>\n<div>bia\u0142y<\/div>\n<div>turkusowy<\/div>\n<div><\/div>\n<div><img loading=\"lazy\" class=\"alignnone size-medium wp-image-4485\" src=\"https:\/\/mymodulo.pl\/sklep\/wp-content\/uploads\/2021\/04\/kolory_8-300x221.jpg\" alt=\"\" width=\"300\" height=\"221\" srcset=\"https:\/\/mymodulo.pl\/sklep\/wp-content\/uploads\/2021\/04\/kolory_8-300x221.jpg 300w, https:\/\/mymodulo.pl\/sklep\/wp-content\/uploads\/2021\/04\/kolory_8-768x565.jpg 768w, https:\/\/mymodulo.pl\/sklep\/wp-content\/uploads\/2021\/04\/kolory_8-1024x753.jpg 1024w, https:\/\/mymodulo.pl\/sklep\/wp-content\/uploads\/2021\/04\/kolory_8-254x187.jpg 254w, https:\/\/mymodulo.pl\/sklep\/wp-content\/uploads\/2021\/04\/kolory_8-1260x926.jpg 1260w, https:\/\/mymodulo.pl\/sklep\/wp-content\/uploads\/2021\/04\/kolory_8-600x441.jpg 600w\" sizes=\"(max-width: 300px) 100vw, 300px\" \/><\/div>\n<div><\/div>\n<h3>Dost\u0119pne wymiary<\/h3>\n<div>68,5 x 100 cm<br \/>\n60 x 88 cm<br \/>\n44 x 65 cm<\/div>\n<div><img loading=\"lazy\" class=\"alignnone size-medium wp-image-4474\" src=\"https:\/\/mymodulo.pl\/sklep\/wp-content\/uploads\/2021\/04\/krolik-60x88-1-241x300.png\" alt=\"Tablica magnetyczna, kredowa, g\u0142owa kr\u00f3lika\" width=\"241\" height=\"300\" srcset=\"https:\/\/mymodulo.pl\/sklep\/wp-content\/uploads\/2021\/04\/krolik-60x88-1-241x300.png 241w, https:\/\/mymodulo.pl\/sklep\/wp-content\/uploads\/2021\/04\/krolik-60x88-1-150x187.png 150w, https:\/\/mymodulo.pl\/sklep\/wp-content\/uploads\/2021\/04\/krolik-60x88-1.png 340w\" sizes=\"(max-width: 241px) 100vw, 241px\" \/> <img loading=\"lazy\" class=\"alignnone size-medium wp-image-4475\" src=\"https:\/\/mymodulo.pl\/sklep\/wp-content\/uploads\/2021\/04\/kr\u00f3lik_685x100-1-234x300.jpg\" alt=\"Tablica magnetyczna, kredowa, g\u0142owa kr\u00f3lika\" width=\"234\" height=\"300\" srcset=\"https:\/\/mymodulo.pl\/sklep\/wp-content\/uploads\/2021\/04\/kr\u00f3lik_685x100-1-234x300.jpg 234w, https:\/\/mymodulo.pl\/sklep\/wp-content\/uploads\/2021\/04\/kr\u00f3lik_685x100-1-146x187.jpg 146w, https:\/\/mymodulo.pl\/sklep\/wp-content\/uploads\/2021\/04\/kr\u00f3lik_685x100-1.jpg 371w\" sizes=\"(max-width: 234px) 100vw, 234px\" \/><\/div>\n<div><\/div>\n<h3><\/h3>\n<h3>Stosowanie magnes\u00f3w<\/h3>\n<div>\n<div>Zalecamy u\u017cywanie lekkich magnes\u00f3w, posiadaj\u0105cych na odwrocie materia\u0142 magnetyczny (np. ta\u015bm\u0119 magnetyczn\u0105) na ca\u0142ej powierzchni elementu. Dobrym wyborem b\u0119d\u0105 mocne magnesy np. neodymowe lub ferrytowe. Ci\u0119\u017ckie (gliniane, porcelanowe) nie b\u0119d\u0105 dobrze trzyma\u0142y si\u0119 powierzchni tablicy, mog\u0105 si\u0119 zsuwa\u0107.<\/div>\n<\/div>\n<div><\/div>\n<h3>Monta\u017c<\/h3>\n<div>\n<div>Monta\u017c za pomoc\u0105 dwustronnej ta\u015bmy piankowej i\/lub kleju, lub haczyk\u00f3w do samodzielnego wkr\u0119cenia. Haczyki s\u0105 do\u0142\u0105czone do zestawu.<\/div>\n<\/div>\n<div><\/div>\n<h3>Czas realizacji<\/h3>\n<div>\n<div>\n<div>Czas na wykonanie tablicy wynosi do 10 dni roboczych<\/div>\n<\/div>\n<\/div>\n<div><\/div>\n<div>\n<p>&nbsp;<\/p>\n<p><strong>UWAGA! WA\u017bNE!<\/strong><\/p>\n<p>Dok\u0142adamy wszelkich stara\u0144, aby kolory przedstawiane na ekranie jak najdok\u0142adniej odzwierciedla\u0142y kolory naszych produkt\u00f3w. Nie jeste\u015bmy jednak w\u00a0stanie zagwarantowa\u0107 ich idealnego odwzorowania. Zar\u00f3wno kolory zaprezentowane we wzorniku\u00a0 jak i\u00a0kolory na zdj\u0119ciach naszych realizacji czy wizualizacji mog\u0105 si\u0119 nieznacznie r\u00f3\u017cni\u0107 od rzeczywistych \u2013\u00a0wynika to z\u00a0r\u00f3\u017cnorodno\u015bci dost\u0119pnego sprz\u0119tu \u00a0komputerowego oraz jego indywidualnych ustawie\u0144 a\u00a0w szczeg\u00f3lno\u015bci ustawie\u0144 monitora i\u00a0karty graficznej. Szczeg\u00f3lnie zdj\u0119cia realizacji nie s\u0105 w \u017cadnym stopniu odwzorowaniem rzeczywisto\u015bci. Zdj\u0119cia wykonywane s\u0105 w r\u00f3\u017cnych warunkach, w r\u00f3\u017cnym \u015bwietle i r\u00f3\u017cnymi aparatami.<\/p>\n<p>Prosimy o przemy\u015blane zakupy.\u00a0W przypadku dodatkowych pyta\u0144, zapraszamy do <a href=\"https:\/\/mymodulo.pl\/kontakt\/\">kontaktu<\/a>.<\/p>\n<\/div>\n","protected":false},"excerpt":{"rendered":"<p>Produkt realizowany na zam\u00f3wienie.<\/p>\n<p>Czas realizacji: do 10 dni roboczych<\/p>\n<p>Producent: Kreato Kidz<\/p>\n","protected":false},"featured_media":4461,"template":"","meta":[],"product_cat":[609,628],"product_tag":[],"_links":{"self":[{"href":"https:\/\/mymodulo.pl\/sklep\/wp-json\/wp\/v2\/product\/4458"}],"collection":[{"href":"https:\/\/mymodulo.pl\/sklep\/wp-json\/wp\/v2\/product"}],"about":[{"href":"https:\/\/mymodulo.pl\/sklep\/wp-json\/wp\/v2\/types\/product"}],"wp:featuredmedia":[{"embeddable":true,"href":"https:\/\/mymodulo.pl\/sklep\/wp-json\/wp\/v2\/media\/4461"}],"wp:attachment":[{"href":"https:\/\/mymodulo.pl\/sklep\/wp-json\/wp\/v2\/media?parent=4458"}],"wp:term":[{"taxonomy":"product_cat","embeddable":true,"href":"https:\/\/mymodulo.pl\/sklep\/wp-json\/wp\/v2\/product_cat?post=4458"},{"taxonomy":"product_tag","embeddable":true,"href":"https:\/\/mymodulo.pl\/sklep\/wp-json\/wp\/v2\/product_tag?post=4458"}],"curies":[{"name":"wp","href":"https:\/\/api.w.org\/{rel}","templated":true}]}}