{"id":4335,"date":"2021-04-30T10:10:51","date_gmt":"2021-04-30T08:10:51","guid":{"rendered":"https:\/\/mymodulo.pl\/sklep\/?post_type=product&#038;p=4335"},"modified":"2026-03-12T12:50:24","modified_gmt":"2026-03-12T11:50:24","slug":"plakat-dinozaury-p286","status":"publish","type":"product","link":"https:\/\/mymodulo.pl\/sklep\/produkt\/plakat-dinozaury-p286\/","title":{"rendered":"Plakat dinozaury P286"},"content":{"rendered":"<p><img loading=\"lazy\" class=\"alignnone size-medium wp-image-4333\" src=\"https:\/\/mymodulo.pl\/sklep\/wp-content\/uploads\/2021\/04\/PLAKAT-P286-g\u0142\u00f3wne-300x300.jpg\" alt=\"Plakat dinozaury\" width=\"300\" height=\"300\" srcset=\"https:\/\/mymodulo.pl\/sklep\/wp-content\/uploads\/2021\/04\/PLAKAT-P286-g\u0142\u00f3wne-300x300.jpg 300w, https:\/\/mymodulo.pl\/sklep\/wp-content\/uploads\/2021\/04\/PLAKAT-P286-g\u0142\u00f3wne-150x150.jpg 150w, https:\/\/mymodulo.pl\/sklep\/wp-content\/uploads\/2021\/04\/PLAKAT-P286-g\u0142\u00f3wne-187x187.jpg 187w, https:\/\/mymodulo.pl\/sklep\/wp-content\/uploads\/2021\/04\/PLAKAT-P286-g\u0142\u00f3wne-390x390.jpg 390w, https:\/\/mymodulo.pl\/sklep\/wp-content\/uploads\/2021\/04\/PLAKAT-P286-g\u0142\u00f3wne-600x600.jpg 600w, https:\/\/mymodulo.pl\/sklep\/wp-content\/uploads\/2021\/04\/PLAKAT-P286-g\u0142\u00f3wne-100x100.jpg 100w, https:\/\/mymodulo.pl\/sklep\/wp-content\/uploads\/2021\/04\/PLAKAT-P286-g\u0142\u00f3wne.jpg 750w\" sizes=\"(max-width: 300px) 100vw, 300px\" \/><\/p>\n<p>&nbsp;<\/p>\n<h3>Dost\u0119pne wymiary<\/h3>\n<p>A4\u00a0 \u00a021 x 29,7 cm<br \/>\nA3\u00a0 \u00a029,7 x 42 cm<br \/>\n30 x 40 cm<br \/>\n40 x 50 cm<br \/>\n50 x 70 cm<br \/>\n70 x 100 cm<\/p>\n<h3>Dost\u0119pne orientacje<\/h3>\n<p>pozioma<br \/>\npionowa<\/p>\n<h3>Opis produktu<\/h3>\n<ul>\n<li>satynowy papier plakatowy najwy\u017cszej jako\u015bci<\/li>\n<li>gramatura 200g<\/li>\n<li>plakat nie posiada ramki<\/li>\n<li>autorski projekt, produkcja PL<\/li>\n<\/ul>\n<h3>Plakat sprzedawany bez ramki. Wysy\u0142amy w kartonowych tubach.<\/h3>\n<p><em>Wizualizacje mog\u0105 nie oddawa\u0107 rzeczywistego wymiaru plakatu, maj\u0105 one charakter podgl\u0105dowy &#8211; prosimy sprawdzi\u0107 wymiary.<\/em><\/p>\n","protected":false},"excerpt":{"rendered":"<p>Produkt realizowany na zam\u00f3wienie.<\/p>\n<p>Czas realizacji: do 10 dni roboczych<\/p>\n<p>Producent: YokoDesign<\/p>\n","protected":false},"featured_media":4333,"template":"","meta":[],"product_cat":[610,606],"product_tag":[],"_links":{"self":[{"href":"https:\/\/mymodulo.pl\/sklep\/wp-json\/wp\/v2\/product\/4335"}],"collection":[{"href":"https:\/\/mymodulo.pl\/sklep\/wp-json\/wp\/v2\/product"}],"about":[{"href":"https:\/\/mymodulo.pl\/sklep\/wp-json\/wp\/v2\/types\/product"}],"wp:featuredmedia":[{"embeddable":true,"href":"https:\/\/mymodulo.pl\/sklep\/wp-json\/wp\/v2\/media\/4333"}],"wp:attachment":[{"href":"https:\/\/mymodulo.pl\/sklep\/wp-json\/wp\/v2\/media?parent=4335"}],"wp:term":[{"taxonomy":"product_cat","embeddable":true,"href":"https:\/\/mymodulo.pl\/sklep\/wp-json\/wp\/v2\/product_cat?post=4335"},{"taxonomy":"product_tag","embeddable":true,"href":"https:\/\/mymodulo.pl\/sklep\/wp-json\/wp\/v2\/product_tag?post=4335"}],"curies":[{"name":"wp","href":"https:\/\/api.w.org\/{rel}","templated":true}]}}