{"id":3623,"date":"2020-11-25T10:44:45","date_gmt":"2020-11-25T09:44:45","guid":{"rendered":"https:\/\/mymodulo.pl\/sklep\/?post_type=product&#038;p=3623"},"modified":"2025-11-09T19:56:19","modified_gmt":"2025-11-09T18:56:19","slug":"panel-drewniany-heksagon-duzy-zestaw-z-modulem-led","status":"publish","type":"product","link":"https:\/\/mymodulo.pl\/sklep\/produkt\/panel-drewniany-heksagon-duzy-zestaw-z-modulem-led\/","title":{"rendered":"Panel drewniany Heksagon Du\u017cy &#8211; zestaw z modu\u0142em LED"},"content":{"rendered":"<p><strong>Drewniane panele \u015bcienne marki SkotiWood<\/strong> to produkty wykonane w 100% z naturalnego drewna. Cechuje je najwy\u017csza jako\u015b\u0107 i ponadczasowy design. Dzi\u0119ki panelom drewnianym mo\u017cna nada\u0107 wyj\u0105tkowego charakteru ka\u017cdemu wn\u0119trzu. Ka\u017cde pomieszczenie mo\u017cna odmieni\u0107 w bardzo prosty spos\u00f3b, dzi\u0119ki panelom drewnianym SkotiWood.\u00a0 Panel znajd\u0105 swoje zastosowanie zar\u00f3wno w salonie, przedpokoju, pokoju dziecka, ale r\u00f3wnie\u017c w obiektach u\u017cytkowych. Drewno to materia\u0142 ponadczasowy i przede wszystkim naturalny.<\/p>\n<h3>O\u015bwietlenie LED<\/h3>\n<p>Jeden z paneli zosta\u0142 wyposa\u017cony w modu\u0142 LED, kt\u00f3ry mo\u017cna skierowa\u0107 w dowoln\u0105 stron\u0119 i tworzy\u0107 w\u0142asne uk\u0142ady o\u015bwietlenia. Najlepszy efekt uzyskamy kieruj\u0105c strumie\u0144 \u015bwiat\u0142a na panel o grubo\u015bci 6 mm.\u00a0Do zestawu nale\u017cy dokupi\u0107 zasilacz, jego moc musi by\u0107 dobrana do ilo\u015bci zastosowanych modu\u0142\u00f3w.<br \/>\nMoc jednego modu\u0142u wynosi 0,72W<br \/>\nZasilanie 12V<br \/>\nBarwa \u015bwiat\u0142a \u2013 ciep\u0142a 3000 K<\/p>\n<h3>Realizacje i inspiracje<\/h3>\n<style type=\"text\/css\">\n\t\t\t\t#gallery-1 {\n\t\t\t\t\tmargin: auto;\n\t\t\t\t}\n\t\t\t\t#gallery-1 .gallery-item {\n\t\t\t\t\tfloat: left;\n\t\t\t\t\tmargin-top: 10px;\n\t\t\t\t\ttext-align: center;\n\t\t\t\t\twidth: 33%;\n\t\t\t\t}\n\t\t\t\t#gallery-1 .gallery-caption {\n\t\t\t\t\tmargin-left: 0;\n\t\t\t\t}\n\t\t\t<\/style><!-- see gallery_shortcode() in wp-includes\/media.php -->\n\t\t\t\n\t\t<div id=\"gallery-1\" class=\"gallery galleryid-3623 mfp-gallery mfp-gallery--images gallery-columns-3 gallery-size-medium\"><div class=\"row zn_image_gallery \"><div class=\"col-sm-6 col-md-4 col-lg-4\"><a href=\"https:\/\/mymodulo.pl\/sklep\/wp-content\/uploads\/2020\/11\/IMG_20201012_140312_resized_20201116_100110499.jpg\" title=\"\" class=\"hoverBorder\"><img width=\"300\" height=\"225\" src=\"https:\/\/mymodulo.pl\/sklep\/wp-content\/uploads\/2020\/11\/IMG_20201012_140312_resized_20201116_100110499-300x225.jpg\" class=\"attachment-medium size-medium\" alt=\"\" loading=\"lazy\" fid=\"138\" link=\"none\" orderby=\"rml\" size=\"medium\" srcset=\"https:\/\/mymodulo.pl\/sklep\/wp-content\/uploads\/2020\/11\/IMG_20201012_140312_resized_20201116_100110499-300x225.jpg 300w, https:\/\/mymodulo.pl\/sklep\/wp-content\/uploads\/2020\/11\/IMG_20201012_140312_resized_20201116_100110499-768x576.jpg 768w, https:\/\/mymodulo.pl\/sklep\/wp-content\/uploads\/2020\/11\/IMG_20201012_140312_resized_20201116_100110499-1024x768.jpg 1024w, https:\/\/mymodulo.pl\/sklep\/wp-content\/uploads\/2020\/11\/IMG_20201012_140312_resized_20201116_100110499-249x187.jpg 249w, https:\/\/mymodulo.pl\/sklep\/wp-content\/uploads\/2020\/11\/IMG_20201012_140312_resized_20201116_100110499-1260x945.jpg 1260w, https:\/\/mymodulo.pl\/sklep\/wp-content\/uploads\/2020\/11\/IMG_20201012_140312_resized_20201116_100110499-600x450.jpg 600w, https:\/\/mymodulo.pl\/sklep\/wp-content\/uploads\/2020\/11\/IMG_20201012_140312_resized_20201116_100110499.jpg 1824w\" sizes=\"(max-width: 300px) 100vw, 300px\" \/><span class=\"gallery_caption\"><\/span><\/a><\/div><div class=\"col-sm-6 col-md-4 col-lg-4\"><a href=\"https:\/\/mymodulo.pl\/sklep\/wp-content\/uploads\/2020\/11\/126923296_818513145635738_309534849394249626_o.jpg\" title=\"\" class=\"hoverBorder\"><img width=\"300\" height=\"232\" src=\"https:\/\/mymodulo.pl\/sklep\/wp-content\/uploads\/2020\/11\/126923296_818513145635738_309534849394249626_o-300x232.jpg\" class=\"attachment-medium size-medium\" alt=\"\" loading=\"lazy\" fid=\"138\" link=\"none\" orderby=\"rml\" size=\"medium\" srcset=\"https:\/\/mymodulo.pl\/sklep\/wp-content\/uploads\/2020\/11\/126923296_818513145635738_309534849394249626_o-300x232.jpg 300w, https:\/\/mymodulo.pl\/sklep\/wp-content\/uploads\/2020\/11\/126923296_818513145635738_309534849394249626_o-768x593.jpg 768w, https:\/\/mymodulo.pl\/sklep\/wp-content\/uploads\/2020\/11\/126923296_818513145635738_309534849394249626_o-1024x791.jpg 1024w, https:\/\/mymodulo.pl\/sklep\/wp-content\/uploads\/2020\/11\/126923296_818513145635738_309534849394249626_o-242x187.jpg 242w, https:\/\/mymodulo.pl\/sklep\/wp-content\/uploads\/2020\/11\/126923296_818513145635738_309534849394249626_o-1260x973.jpg 1260w, https:\/\/mymodulo.pl\/sklep\/wp-content\/uploads\/2020\/11\/126923296_818513145635738_309534849394249626_o-600x463.jpg 600w, https:\/\/mymodulo.pl\/sklep\/wp-content\/uploads\/2020\/11\/126923296_818513145635738_309534849394249626_o.jpg 1578w\" sizes=\"(max-width: 300px) 100vw, 300px\" \/><span class=\"gallery_caption\"><\/span><\/a><\/div><div class=\"col-sm-6 col-md-4 col-lg-4\"><a href=\"https:\/\/mymodulo.pl\/sklep\/wp-content\/uploads\/2020\/11\/125128572_809696746517378_2583825143558923986_o.jpg\" title=\"\" class=\"hoverBorder\"><img width=\"185\" height=\"300\" src=\"https:\/\/mymodulo.pl\/sklep\/wp-content\/uploads\/2020\/11\/125128572_809696746517378_2583825143558923986_o-185x300.jpg\" class=\"attachment-medium size-medium\" alt=\"\" loading=\"lazy\" fid=\"138\" link=\"none\" orderby=\"rml\" size=\"medium\" srcset=\"https:\/\/mymodulo.pl\/sklep\/wp-content\/uploads\/2020\/11\/125128572_809696746517378_2583825143558923986_o-185x300.jpg 185w, https:\/\/mymodulo.pl\/sklep\/wp-content\/uploads\/2020\/11\/125128572_809696746517378_2583825143558923986_o-768x1243.jpg 768w, https:\/\/mymodulo.pl\/sklep\/wp-content\/uploads\/2020\/11\/125128572_809696746517378_2583825143558923986_o-633x1024.jpg 633w, https:\/\/mymodulo.pl\/sklep\/wp-content\/uploads\/2020\/11\/125128572_809696746517378_2583825143558923986_o-116x187.jpg 116w, https:\/\/mymodulo.pl\/sklep\/wp-content\/uploads\/2020\/11\/125128572_809696746517378_2583825143558923986_o-600x971.jpg 600w, https:\/\/mymodulo.pl\/sklep\/wp-content\/uploads\/2020\/11\/125128572_809696746517378_2583825143558923986_o.jpg 1212w\" sizes=\"(max-width: 185px) 100vw, 185px\" \/><span class=\"gallery_caption\"><\/span><\/a><\/div><\/div><div class=\"row zn_image_gallery \"><div class=\"col-sm-6 col-md-4 col-lg-4\"><a href=\"https:\/\/mymodulo.pl\/sklep\/wp-content\/uploads\/2020\/11\/124889462_809696823184037_8923046822376511603_o.jpg\" title=\"\" class=\"hoverBorder\"><img width=\"224\" height=\"300\" src=\"https:\/\/mymodulo.pl\/sklep\/wp-content\/uploads\/2020\/11\/124889462_809696823184037_8923046822376511603_o-224x300.jpg\" class=\"attachment-medium size-medium\" alt=\"\" loading=\"lazy\" fid=\"138\" link=\"none\" orderby=\"rml\" size=\"medium\" srcset=\"https:\/\/mymodulo.pl\/sklep\/wp-content\/uploads\/2020\/11\/124889462_809696823184037_8923046822376511603_o-224x300.jpg 224w, https:\/\/mymodulo.pl\/sklep\/wp-content\/uploads\/2020\/11\/124889462_809696823184037_8923046822376511603_o-768x1026.jpg 768w, https:\/\/mymodulo.pl\/sklep\/wp-content\/uploads\/2020\/11\/124889462_809696823184037_8923046822376511603_o-766x1024.jpg 766w, https:\/\/mymodulo.pl\/sklep\/wp-content\/uploads\/2020\/11\/124889462_809696823184037_8923046822376511603_o-140x187.jpg 140w, https:\/\/mymodulo.pl\/sklep\/wp-content\/uploads\/2020\/11\/124889462_809696823184037_8923046822376511603_o-1260x1684.jpg 1260w, https:\/\/mymodulo.pl\/sklep\/wp-content\/uploads\/2020\/11\/124889462_809696823184037_8923046822376511603_o-600x802.jpg 600w, https:\/\/mymodulo.pl\/sklep\/wp-content\/uploads\/2020\/11\/124889462_809696823184037_8923046822376511603_o.jpg 1528w\" sizes=\"(max-width: 224px) 100vw, 224px\" \/><span class=\"gallery_caption\"><\/span><\/a><\/div><\/div><\/div>\n<h3>Materia\u0142<\/h3>\n<p>100% naturalne drewno<\/p>\n<h3>Wymiary<\/h3>\n<p>30&#215;26 cm<br \/>\nBok = 15 cm<br \/>\nZestaw zawiera panele o grubo\u015bci: 6, 6, 12, 18 mm<\/p>\n<h3>Dost\u0119pne kolory<\/h3>\n<p><img loading=\"lazy\" class=\"alignnone size-medium wp-image-3597\" src=\"https:\/\/mymodulo.pl\/sklep\/wp-content\/uploads\/2019\/04\/koloratka-300x106.jpg\" alt=\"\" width=\"300\" height=\"106\" srcset=\"https:\/\/mymodulo.pl\/sklep\/wp-content\/uploads\/2019\/04\/koloratka-300x106.jpg 300w, https:\/\/mymodulo.pl\/sklep\/wp-content\/uploads\/2019\/04\/koloratka-768x273.jpg 768w, https:\/\/mymodulo.pl\/sklep\/wp-content\/uploads\/2019\/04\/koloratka-1024x363.jpg 1024w, https:\/\/mymodulo.pl\/sklep\/wp-content\/uploads\/2019\/04\/koloratka-280x99.jpg 280w, https:\/\/mymodulo.pl\/sklep\/wp-content\/uploads\/2019\/04\/koloratka-1260x447.jpg 1260w, https:\/\/mymodulo.pl\/sklep\/wp-content\/uploads\/2019\/04\/koloratka-600x213.jpg 600w, https:\/\/mymodulo.pl\/sklep\/wp-content\/uploads\/2019\/04\/koloratka.jpg 1341w\" sizes=\"(max-width: 300px) 100vw, 300px\" \/><\/p>\n<p><span style=\"color: #ff0000;\"><em>Wa\u017cne: widoczna na ekranie monitora kolorystyka mo\u017ce nieznacznie odbiega\u0107 od oryginalnej kolorystyki z powodu r\u00f3\u017cnych rodzaj\u00f3w monitor\u00f3w oraz ich skalibrowania.<\/em><\/span><\/p>\n<h3>Monta\u017c<\/h3>\n<p>Panele montuje si\u0119 na klej monta\u017cowy.<\/p>\n<p>&nbsp;<\/p>\n<h3>Czas realizacji<\/h3>\n<p>Czas realizacji zam\u00f3wienia to 2-4 tygodnie.<\/p>\n<p>&nbsp;<\/p>\n<p>&nbsp;<\/p>\n<p>&nbsp;<\/p>\n","protected":false},"excerpt":{"rendered":"<p>Produkt wycofany przez producenta.<\/p>\n","protected":false},"featured_media":3587,"template":"","meta":[],"product_cat":[582],"product_tag":[],"_links":{"self":[{"href":"https:\/\/mymodulo.pl\/sklep\/wp-json\/wp\/v2\/product\/3623"}],"collection":[{"href":"https:\/\/mymodulo.pl\/sklep\/wp-json\/wp\/v2\/product"}],"about":[{"href":"https:\/\/mymodulo.pl\/sklep\/wp-json\/wp\/v2\/types\/product"}],"wp:featuredmedia":[{"embeddable":true,"href":"https:\/\/mymodulo.pl\/sklep\/wp-json\/wp\/v2\/media\/3587"}],"wp:attachment":[{"href":"https:\/\/mymodulo.pl\/sklep\/wp-json\/wp\/v2\/media?parent=3623"}],"wp:term":[{"taxonomy":"product_cat","embeddable":true,"href":"https:\/\/mymodulo.pl\/sklep\/wp-json\/wp\/v2\/product_cat?post=3623"},{"taxonomy":"product_tag","embeddable":true,"href":"https:\/\/mymodulo.pl\/sklep\/wp-json\/wp\/v2\/product_tag?post=3623"}],"curies":[{"name":"wp","href":"https:\/\/api.w.org\/{rel}","templated":true}]}}