{"id":3202,"date":"2020-03-10T14:17:26","date_gmt":"2020-03-10T13:17:26","guid":{"rendered":"https:\/\/mymodulo.pl\/?post_type=product&#038;p=3202"},"modified":"2025-11-09T19:50:26","modified_gmt":"2025-11-09T18:50:26","slug":"heksagon-mech","status":"publish","type":"product","link":"https:\/\/mymodulo.pl\/sklep\/produkt\/heksagon-mech\/","title":{"rendered":"Heksagon Mech Chrobotek Reniferowy ma\u0142y"},"content":{"rendered":"<p><strong>Heksagon Mech<\/strong>\u00a0to <strong>panele dekoracyjne z mchu<\/strong> &#8211; chrobotka reniferowego. G\u0119sta pokrywa mchu, gruba na kilka centymetr\u00f3w osadzona zosta\u0142a w d\u0119bowej ramie wyko\u0144czonej olejem. Panele mo\u017cna zastosowa\u0107 jako wzmocnienie kompozycji z drewnianych heksagon\u00f3w lub jako samodzielny obraz. Jest to idealne rozwi\u0105zanie dla os\u00f3b, kt\u00f3re chc\u0105 wprowadzi\u0107 ro\u015bliny do swojej przestrzeni, a jednocze\u015bnie ceni\u0105 \u0142atwo\u015b\u0107 utrzymania. Rozwi\u0105zanie, kt\u00f3re b\u0119dzie zachwyca\u0142o zar\u00f3wno domownik\u00f3w, pracownik\u00f3w czy Waszych go\u015bci.<\/p>\n<p><strong>Ro\u015bliny stabilizowane<\/strong> nie wymagaj\u0105 podlewania ani piel\u0119gnacji, poniewa\u017c zosta\u0142y one poddane procesowi stabilizacji.\u00a0 S\u0105 one bogate w chlorofil, dzi\u0119ki czemu mog\u0105 \u017cy\u0107 bez dost\u0119pu do naturalnego \u015bwiat\u0142a s\u0142onecznego<\/p>\n<h3>Realizacje i inspiracje<\/h3>\n<style type=\"text\/css\">\n\t\t\t\t#gallery-1 {\n\t\t\t\t\tmargin: auto;\n\t\t\t\t}\n\t\t\t\t#gallery-1 .gallery-item {\n\t\t\t\t\tfloat: left;\n\t\t\t\t\tmargin-top: 10px;\n\t\t\t\t\ttext-align: center;\n\t\t\t\t\twidth: 33%;\n\t\t\t\t}\n\t\t\t\t#gallery-1 .gallery-caption {\n\t\t\t\t\tmargin-left: 0;\n\t\t\t\t}\n\t\t\t<\/style><!-- see gallery_shortcode() in wp-includes\/media.php -->\n\t\t\t\n\t\t<div id=\"gallery-1\" class=\"gallery galleryid-3202 mfp-gallery mfp-gallery--images gallery-columns-3 gallery-size-medium\"><div class=\"row zn_image_gallery \"><div class=\"col-sm-6 col-md-4 col-lg-4\"><a href=\"https:\/\/mymodulo.pl\/sklep\/wp-content\/uploads\/2020\/11\/Panele-scienne-mech-heksagon-160x160.jpg\" title=\"\" class=\"hoverBorder\"><img width=\"160\" height=\"160\" src=\"https:\/\/mymodulo.pl\/sklep\/wp-content\/uploads\/2020\/11\/Panele-scienne-mech-heksagon-160x160.jpg\" class=\"attachment-medium size-medium\" alt=\"\" loading=\"lazy\" fid=\"139\" link=\"none\" orderby=\"rml\" size=\"medium\" srcset=\"https:\/\/mymodulo.pl\/sklep\/wp-content\/uploads\/2020\/11\/Panele-scienne-mech-heksagon-160x160.jpg 160w, https:\/\/mymodulo.pl\/sklep\/wp-content\/uploads\/2020\/11\/Panele-scienne-mech-heksagon-160x160-150x150.jpg 150w, https:\/\/mymodulo.pl\/sklep\/wp-content\/uploads\/2020\/11\/Panele-scienne-mech-heksagon-160x160-100x100.jpg 100w\" sizes=\"(max-width: 160px) 100vw, 160px\" \/><span class=\"gallery_caption\"><\/span><\/a><\/div><div class=\"col-sm-6 col-md-4 col-lg-4\"><a href=\"https:\/\/mymodulo.pl\/sklep\/wp-content\/uploads\/2020\/11\/Heksagon-drewniany-mech-Skotiwood.jpg\" title=\"\" class=\"hoverBorder\"><img width=\"300\" height=\"180\" src=\"https:\/\/mymodulo.pl\/sklep\/wp-content\/uploads\/2020\/11\/Heksagon-drewniany-mech-Skotiwood-300x180.jpg\" class=\"attachment-medium size-medium\" alt=\"\" loading=\"lazy\" fid=\"139\" link=\"none\" orderby=\"rml\" size=\"medium\" srcset=\"https:\/\/mymodulo.pl\/sklep\/wp-content\/uploads\/2020\/11\/Heksagon-drewniany-mech-Skotiwood-300x180.jpg 300w, https:\/\/mymodulo.pl\/sklep\/wp-content\/uploads\/2020\/11\/Heksagon-drewniany-mech-Skotiwood-768x461.jpg 768w, https:\/\/mymodulo.pl\/sklep\/wp-content\/uploads\/2020\/11\/Heksagon-drewniany-mech-Skotiwood-280x168.jpg 280w, https:\/\/mymodulo.pl\/sklep\/wp-content\/uploads\/2020\/11\/Heksagon-drewniany-mech-Skotiwood-600x360.jpg 600w, https:\/\/mymodulo.pl\/sklep\/wp-content\/uploads\/2020\/11\/Heksagon-drewniany-mech-Skotiwood.jpg 1000w\" sizes=\"(max-width: 300px) 100vw, 300px\" \/><span class=\"gallery_caption\"><\/span><\/a><\/div><div class=\"col-sm-6 col-md-4 col-lg-4\"><a href=\"https:\/\/mymodulo.pl\/sklep\/wp-content\/uploads\/2020\/11\/Drewniane-panele-scienne-heksagon-mech.jpg\" title=\"\" class=\"hoverBorder\"><img width=\"300\" height=\"180\" src=\"https:\/\/mymodulo.pl\/sklep\/wp-content\/uploads\/2020\/11\/Drewniane-panele-scienne-heksagon-mech-300x180.jpg\" class=\"attachment-medium size-medium\" alt=\"\" loading=\"lazy\" fid=\"139\" link=\"none\" orderby=\"rml\" size=\"medium\" srcset=\"https:\/\/mymodulo.pl\/sklep\/wp-content\/uploads\/2020\/11\/Drewniane-panele-scienne-heksagon-mech-300x180.jpg 300w, https:\/\/mymodulo.pl\/sklep\/wp-content\/uploads\/2020\/11\/Drewniane-panele-scienne-heksagon-mech-768x461.jpg 768w, https:\/\/mymodulo.pl\/sklep\/wp-content\/uploads\/2020\/11\/Drewniane-panele-scienne-heksagon-mech-280x168.jpg 280w, https:\/\/mymodulo.pl\/sklep\/wp-content\/uploads\/2020\/11\/Drewniane-panele-scienne-heksagon-mech-600x360.jpg 600w, https:\/\/mymodulo.pl\/sklep\/wp-content\/uploads\/2020\/11\/Drewniane-panele-scienne-heksagon-mech.jpg 1000w\" sizes=\"(max-width: 300px) 100vw, 300px\" \/><span class=\"gallery_caption\"><\/span><\/a><\/div><\/div><div class=\"row zn_image_gallery \"><div class=\"col-sm-6 col-md-4 col-lg-4\"><a href=\"https:\/\/mymodulo.pl\/sklep\/wp-content\/uploads\/2020\/11\/117887946_738440883642965_8350426561510905379_n.jpg\" title=\"\" class=\"hoverBorder\"><img width=\"300\" height=\"258\" src=\"https:\/\/mymodulo.pl\/sklep\/wp-content\/uploads\/2020\/11\/117887946_738440883642965_8350426561510905379_n-300x258.jpg\" class=\"attachment-medium size-medium\" alt=\"\" loading=\"lazy\" fid=\"139\" link=\"none\" orderby=\"rml\" size=\"medium\" srcset=\"https:\/\/mymodulo.pl\/sklep\/wp-content\/uploads\/2020\/11\/117887946_738440883642965_8350426561510905379_n-300x258.jpg 300w, https:\/\/mymodulo.pl\/sklep\/wp-content\/uploads\/2020\/11\/117887946_738440883642965_8350426561510905379_n-218x187.jpg 218w, https:\/\/mymodulo.pl\/sklep\/wp-content\/uploads\/2020\/11\/117887946_738440883642965_8350426561510905379_n-600x515.jpg 600w, https:\/\/mymodulo.pl\/sklep\/wp-content\/uploads\/2020\/11\/117887946_738440883642965_8350426561510905379_n.jpg 738w\" sizes=\"(max-width: 300px) 100vw, 300px\" \/><span class=\"gallery_caption\"><\/span><\/a><\/div><div class=\"col-sm-6 col-md-4 col-lg-4\"><a href=\"https:\/\/mymodulo.pl\/sklep\/wp-content\/uploads\/2020\/11\/84801429_610866703067051_2029622731716165632_o.jpg\" title=\"\" class=\"hoverBorder\"><img width=\"300\" height=\"188\" src=\"https:\/\/mymodulo.pl\/sklep\/wp-content\/uploads\/2020\/11\/84801429_610866703067051_2029622731716165632_o-300x188.jpg\" class=\"attachment-medium size-medium\" alt=\"\" loading=\"lazy\" fid=\"139\" link=\"none\" orderby=\"rml\" size=\"medium\" srcset=\"https:\/\/mymodulo.pl\/sklep\/wp-content\/uploads\/2020\/11\/84801429_610866703067051_2029622731716165632_o-300x188.jpg 300w, https:\/\/mymodulo.pl\/sklep\/wp-content\/uploads\/2020\/11\/84801429_610866703067051_2029622731716165632_o-768x481.jpg 768w, https:\/\/mymodulo.pl\/sklep\/wp-content\/uploads\/2020\/11\/84801429_610866703067051_2029622731716165632_o-280x175.jpg 280w, https:\/\/mymodulo.pl\/sklep\/wp-content\/uploads\/2020\/11\/84801429_610866703067051_2029622731716165632_o-600x376.jpg 600w, https:\/\/mymodulo.pl\/sklep\/wp-content\/uploads\/2020\/11\/84801429_610866703067051_2029622731716165632_o.jpg 958w\" sizes=\"(max-width: 300px) 100vw, 300px\" \/><span class=\"gallery_caption\"><\/span><\/a><\/div><div class=\"col-sm-6 col-md-4 col-lg-4\"><a href=\"https:\/\/mymodulo.pl\/sklep\/wp-content\/uploads\/2020\/11\/82770310_600480367439018_6540748288545521664_o.jpg\" title=\"\" class=\"hoverBorder\"><img width=\"300\" height=\"298\" src=\"https:\/\/mymodulo.pl\/sklep\/wp-content\/uploads\/2020\/11\/82770310_600480367439018_6540748288545521664_o-300x298.jpg\" class=\"attachment-medium size-medium\" alt=\"\" loading=\"lazy\" fid=\"139\" link=\"none\" orderby=\"rml\" size=\"medium\" srcset=\"https:\/\/mymodulo.pl\/sklep\/wp-content\/uploads\/2020\/11\/82770310_600480367439018_6540748288545521664_o-300x298.jpg 300w, https:\/\/mymodulo.pl\/sklep\/wp-content\/uploads\/2020\/11\/82770310_600480367439018_6540748288545521664_o-150x150.jpg 150w, https:\/\/mymodulo.pl\/sklep\/wp-content\/uploads\/2020\/11\/82770310_600480367439018_6540748288545521664_o-768x763.jpg 768w, https:\/\/mymodulo.pl\/sklep\/wp-content\/uploads\/2020\/11\/82770310_600480367439018_6540748288545521664_o-188x187.jpg 188w, https:\/\/mymodulo.pl\/sklep\/wp-content\/uploads\/2020\/11\/82770310_600480367439018_6540748288545521664_o-600x596.jpg 600w, https:\/\/mymodulo.pl\/sklep\/wp-content\/uploads\/2020\/11\/82770310_600480367439018_6540748288545521664_o-100x100.jpg 100w, https:\/\/mymodulo.pl\/sklep\/wp-content\/uploads\/2020\/11\/82770310_600480367439018_6540748288545521664_o.jpg 960w\" sizes=\"(max-width: 300px) 100vw, 300px\" \/><span class=\"gallery_caption\"><\/span><\/a><\/div><\/div><\/div>\n<h3>Materia\u0142<\/h3>\n<p>100% naturalne drewno<\/p>\n<h3>Wymiary<\/h3>\n<p>20 x 17,3 cm, bok = 10 cm<\/p>\n<h3>Dost\u0119pne kolory ramki<\/h3>\n<p><img loading=\"lazy\" class=\"alignnone size-medium wp-image-3597\" src=\"https:\/\/mymodulo.pl\/sklep\/wp-content\/uploads\/2019\/04\/koloratka-300x106.jpg\" alt=\"\" width=\"300\" height=\"106\" srcset=\"https:\/\/mymodulo.pl\/sklep\/wp-content\/uploads\/2019\/04\/koloratka-300x106.jpg 300w, https:\/\/mymodulo.pl\/sklep\/wp-content\/uploads\/2019\/04\/koloratka-768x273.jpg 768w, https:\/\/mymodulo.pl\/sklep\/wp-content\/uploads\/2019\/04\/koloratka-1024x363.jpg 1024w, https:\/\/mymodulo.pl\/sklep\/wp-content\/uploads\/2019\/04\/koloratka-280x99.jpg 280w, https:\/\/mymodulo.pl\/sklep\/wp-content\/uploads\/2019\/04\/koloratka-1260x447.jpg 1260w, https:\/\/mymodulo.pl\/sklep\/wp-content\/uploads\/2019\/04\/koloratka-600x213.jpg 600w, https:\/\/mymodulo.pl\/sklep\/wp-content\/uploads\/2019\/04\/koloratka.jpg 1341w\" sizes=\"(max-width: 300px) 100vw, 300px\" \/><\/p>\n<p><span style=\"color: #ff0000;\"><em>Wa\u017cne: widoczna na ekranie monitora kolorystyka mo\u017ce nieznacznie odbiega\u0107 od oryginalnej kolorystyki z powodu r\u00f3\u017cnych rodzaj\u00f3w monitor\u00f3w oraz ich skalibrowania.<\/em><\/span><\/p>\n<h3>Monta\u017c &#8211; warunki monta\u017cu<\/h3>\n<p>Panele montuje si\u0119 na klej monta\u017cowy. Nale\u017cy unika\u0107 bardzo d\u0142ugiego, bezpo\u015bredniego nas\u0142onecznienia oraz \u017ar\u00f3de\u0142 ciep\u0142a, takich jak grzejniki. Skrajne warunki mog\u0105 negatywnie wp\u0142yn\u0105\u0107 na trwa\u0142o\u015b\u0107 ro\u015blin stabilizowanych. Najlepiej si\u0119 czuj\u0105 je\u015bli wilgotno\u015b\u0107 we wn\u0119trzu utrzymuje si\u0119 na poziomie oko\u0142o 40-60%.<\/p>\n<p>&nbsp;<\/p>\n<p>&nbsp;<\/p>\n<p>&nbsp;<\/p>\n<p>&nbsp;<\/p>\n<p>&nbsp;<\/p>\n","protected":false},"excerpt":{"rendered":"<p>Produkt wycofany przez producenta.<\/p>\n","protected":false},"featured_media":8640,"template":"","meta":[],"product_cat":[667,671,670,673],"product_tag":[],"_links":{"self":[{"href":"https:\/\/mymodulo.pl\/sklep\/wp-json\/wp\/v2\/product\/3202"}],"collection":[{"href":"https:\/\/mymodulo.pl\/sklep\/wp-json\/wp\/v2\/product"}],"about":[{"href":"https:\/\/mymodulo.pl\/sklep\/wp-json\/wp\/v2\/types\/product"}],"wp:featuredmedia":[{"embeddable":true,"href":"https:\/\/mymodulo.pl\/sklep\/wp-json\/wp\/v2\/media\/8640"}],"wp:attachment":[{"href":"https:\/\/mymodulo.pl\/sklep\/wp-json\/wp\/v2\/media?parent=3202"}],"wp:term":[{"taxonomy":"product_cat","embeddable":true,"href":"https:\/\/mymodulo.pl\/sklep\/wp-json\/wp\/v2\/product_cat?post=3202"},{"taxonomy":"product_tag","embeddable":true,"href":"https:\/\/mymodulo.pl\/sklep\/wp-json\/wp\/v2\/product_tag?post=3202"}],"curies":[{"name":"wp","href":"https:\/\/api.w.org\/{rel}","templated":true}]}}