{"id":3025,"date":"2019-11-29T09:41:02","date_gmt":"2019-11-29T08:41:02","guid":{"rendered":"https:\/\/mymodulo.pl\/?post_type=product&#038;p=3025"},"modified":"2024-02-28T09:01:30","modified_gmt":"2024-02-28T08:01:30","slug":"panel-korkowy-kite","status":"publish","type":"product","link":"https:\/\/mymodulo.pl\/sklep\/produkt\/panel-korkowy-kite\/","title":{"rendered":"Panel korkowy KITE"},"content":{"rendered":"<p>CORKBEE to Polska marka \u0142\u0105cz\u0105ca w sobie zami\u0142owanie do naturalnego designu i prostych form. CORKBEE stawia na wysok\u0105 jako\u015b\u0107 i szczero\u015b\u0107 materia\u0142u. Kluczowe jest tworzenie rzeczy wyj\u0105tkowych, kt\u00f3re sprawdz\u0105 si\u0119 w ka\u017cdym wn\u0119trzu.<\/p>\n<p>Corkwall to kolekcja przyjaznych dla \u015brodowiska \u015bciennych paneli 3D. Panele wykonane s\u0105 z naturalnego korka tym samym s\u0105 przyjazne dla \u015brodowiska. Panele corkwall to po\u0142\u0105czenie najwy\u017cszej jako\u015bci i unikatowego designu.<\/p>\n<p>Panele \u015bcienne 3D sprawi\u0105, \u017ce ka\u017cde pomieszczenie stanie si\u0119 wyj\u0105tkowe i przytulne. Wp\u0142yn\u0105 na popraw\u0119 akustyki i zadbaj\u0105 o odpowiedni mikroklimat w pomieszczeniu. Panele corkwall posiadaj\u0105 bardzo wa\u017cn\u0105 zalet\u0119, s\u0105 biodegradowalne, powstaj\u0105 bez szk\u00f3d dla \u015brodowiska naturalnego.<\/p>\n<p><img loading=\"lazy\" class=\"aligncenter wp-image-6450 size-full\" src=\"https:\/\/mymodulo.pl\/sklep\/wp-content\/uploads\/2019\/11\/corkbee-kite-1.jpg\" alt=\"akustyczne panele korkowe \" width=\"1000\" height=\"750\" srcset=\"https:\/\/mymodulo.pl\/sklep\/wp-content\/uploads\/2019\/11\/corkbee-kite-1.jpg 1000w, https:\/\/mymodulo.pl\/sklep\/wp-content\/uploads\/2019\/11\/corkbee-kite-1-300x225.jpg 300w, https:\/\/mymodulo.pl\/sklep\/wp-content\/uploads\/2019\/11\/corkbee-kite-1-768x576.jpg 768w, https:\/\/mymodulo.pl\/sklep\/wp-content\/uploads\/2019\/11\/corkbee-kite-1-249x187.jpg 249w, https:\/\/mymodulo.pl\/sklep\/wp-content\/uploads\/2019\/11\/corkbee-kite-1-600x450.jpg 600w\" sizes=\"(max-width: 1000px) 100vw, 1000px\" \/><\/p>\n<h3><strong>Aran\u017cacje<\/strong><\/h3>\n<style type=\"text\/css\">\n\t\t\t\t#gallery-1 {\n\t\t\t\t\tmargin: auto;\n\t\t\t\t}\n\t\t\t\t#gallery-1 .gallery-item {\n\t\t\t\t\tfloat: left;\n\t\t\t\t\tmargin-top: 10px;\n\t\t\t\t\ttext-align: center;\n\t\t\t\t\twidth: 33%;\n\t\t\t\t}\n\t\t\t\t#gallery-1 .gallery-caption {\n\t\t\t\t\tmargin-left: 0;\n\t\t\t\t}\n\t\t\t<\/style><!-- see gallery_shortcode() in wp-includes\/media.php -->\n\t\t\t\n\t\t<div id=\"gallery-1\" class=\"gallery galleryid-3025 mfp-gallery mfp-gallery--images gallery-columns-3 gallery-size-medium\"><div class=\"row zn_image_gallery \"><div class=\"col-sm-6 col-md-4 col-lg-4\"><a href=\"https:\/\/mymodulo.pl\/sklep\/wp-content\/uploads\/2020\/09\/panele-3d.jpg\" title=\"\" class=\"hoverBorder\"><img width=\"225\" height=\"300\" src=\"https:\/\/mymodulo.pl\/sklep\/wp-content\/uploads\/2020\/09\/panele-3d-225x300.jpg\" class=\"attachment-medium size-medium\" alt=\"\" loading=\"lazy\" fid=\"128\" link=\"none\" orderby=\"rml\" size=\"medium\" srcset=\"https:\/\/mymodulo.pl\/sklep\/wp-content\/uploads\/2020\/09\/panele-3d-225x300.jpg 225w, https:\/\/mymodulo.pl\/sklep\/wp-content\/uploads\/2020\/09\/panele-3d-140x187.jpg 140w, https:\/\/mymodulo.pl\/sklep\/wp-content\/uploads\/2020\/09\/panele-3d-600x800.jpg 600w, https:\/\/mymodulo.pl\/sklep\/wp-content\/uploads\/2020\/09\/panele-3d.jpg 756w\" sizes=\"(max-width: 225px) 100vw, 225px\" \/><span class=\"gallery_caption\"><\/span><\/a><\/div><div class=\"col-sm-6 col-md-4 col-lg-4\"><a href=\"https:\/\/mymodulo.pl\/sklep\/wp-content\/uploads\/2020\/09\/korkowe-panele.jpg\" title=\"\" class=\"hoverBorder\"><img width=\"225\" height=\"300\" src=\"https:\/\/mymodulo.pl\/sklep\/wp-content\/uploads\/2020\/09\/korkowe-panele-225x300.jpg\" class=\"attachment-medium size-medium\" alt=\"\" loading=\"lazy\" fid=\"128\" link=\"none\" orderby=\"rml\" size=\"medium\" srcset=\"https:\/\/mymodulo.pl\/sklep\/wp-content\/uploads\/2020\/09\/korkowe-panele-225x300.jpg 225w, https:\/\/mymodulo.pl\/sklep\/wp-content\/uploads\/2020\/09\/korkowe-panele-140x187.jpg 140w, https:\/\/mymodulo.pl\/sklep\/wp-content\/uploads\/2020\/09\/korkowe-panele-600x800.jpg 600w, https:\/\/mymodulo.pl\/sklep\/wp-content\/uploads\/2020\/09\/korkowe-panele.jpg 756w\" sizes=\"(max-width: 225px) 100vw, 225px\" \/><span class=\"gallery_caption\"><\/span><\/a><\/div><div class=\"col-sm-6 col-md-4 col-lg-4\"><a href=\"https:\/\/mymodulo.pl\/sklep\/wp-content\/uploads\/2019\/11\/corkbee-kite.jpg\" title=\"\" class=\"hoverBorder\"><img width=\"300\" height=\"225\" src=\"https:\/\/mymodulo.pl\/sklep\/wp-content\/uploads\/2019\/11\/corkbee-kite-300x225.jpg\" class=\"attachment-medium size-medium\" alt=\"\" loading=\"lazy\" fid=\"128\" link=\"none\" orderby=\"rml\" size=\"medium\" srcset=\"https:\/\/mymodulo.pl\/sklep\/wp-content\/uploads\/2019\/11\/corkbee-kite-300x225.jpg 300w, https:\/\/mymodulo.pl\/sklep\/wp-content\/uploads\/2019\/11\/corkbee-kite-768x576.jpg 768w, https:\/\/mymodulo.pl\/sklep\/wp-content\/uploads\/2019\/11\/corkbee-kite-249x187.jpg 249w, https:\/\/mymodulo.pl\/sklep\/wp-content\/uploads\/2019\/11\/corkbee-kite-600x450.jpg 600w, https:\/\/mymodulo.pl\/sklep\/wp-content\/uploads\/2019\/11\/corkbee-kite.jpg 1000w\" sizes=\"(max-width: 300px) 100vw, 300px\" \/><span class=\"gallery_caption\"><\/span><\/a><\/div><\/div><\/div>\n<p>&nbsp;<\/p>\n<h3>Wymiar<\/h3>\n<p><img loading=\"lazy\" class=\"alignnone size-medium wp-image-9787\" src=\"https:\/\/mymodulo.pl\/sklep\/wp-content\/uploads\/2019\/11\/kite-300x300.png\" alt=\"panel korkowy kite\" width=\"300\" height=\"300\" srcset=\"https:\/\/mymodulo.pl\/sklep\/wp-content\/uploads\/2019\/11\/kite-300x300.png 300w, https:\/\/mymodulo.pl\/sklep\/wp-content\/uploads\/2019\/11\/kite-150x150.png 150w, https:\/\/mymodulo.pl\/sklep\/wp-content\/uploads\/2019\/11\/kite-187x187.png 187w, https:\/\/mymodulo.pl\/sklep\/wp-content\/uploads\/2019\/11\/kite-390x390.png 390w, https:\/\/mymodulo.pl\/sklep\/wp-content\/uploads\/2019\/11\/kite-600x600.png 600w, https:\/\/mymodulo.pl\/sklep\/wp-content\/uploads\/2019\/11\/kite-100x100.png 100w, https:\/\/mymodulo.pl\/sklep\/wp-content\/uploads\/2019\/11\/kite.png 750w\" sizes=\"(max-width: 300px) 100vw, 300px\" \/><\/p>\n<p>&nbsp;<\/p>\n<p>grubo\u015b\u0107: 20-40 mm<\/p>\n<p>Ilo\u015b\u0107 paneli dla 1 m2: 40 sztuk<\/p>\n<p>Minimalne zam\u00f3wienie: 6 sztuk<\/p>\n<p>Mo\u017cliwo\u015bci u\u0142o\u017cenia<\/p>\n<p><img loading=\"lazy\" class=\"alignnone size-medium wp-image-3481\" src=\"https:\/\/mymodulo.pl\/wp-content\/uploads\/2019\/11\/corkbee-kite-mozliwosci-ulozenia-300x300.jpg\" alt=\"\" width=\"300\" height=\"300\" srcset=\"https:\/\/mymodulo.pl\/sklep\/wp-content\/uploads\/2019\/11\/corkbee-kite-mozliwosci-ulozenia-300x300.jpg 300w, https:\/\/mymodulo.pl\/sklep\/wp-content\/uploads\/2019\/11\/corkbee-kite-mozliwosci-ulozenia-150x150.jpg 150w, https:\/\/mymodulo.pl\/sklep\/wp-content\/uploads\/2019\/11\/corkbee-kite-mozliwosci-ulozenia-187x187.jpg 187w, https:\/\/mymodulo.pl\/sklep\/wp-content\/uploads\/2019\/11\/corkbee-kite-mozliwosci-ulozenia-390x390.jpg 390w, https:\/\/mymodulo.pl\/sklep\/wp-content\/uploads\/2019\/11\/corkbee-kite-mozliwosci-ulozenia-600x600.jpg 600w, https:\/\/mymodulo.pl\/sklep\/wp-content\/uploads\/2019\/11\/corkbee-kite-mozliwosci-ulozenia-100x100.jpg 100w, https:\/\/mymodulo.pl\/sklep\/wp-content\/uploads\/2019\/11\/corkbee-kite-mozliwosci-ulozenia.jpg 750w\" sizes=\"(max-width: 300px) 100vw, 300px\" \/><\/p>\n<h3><strong>Zalety<\/strong><\/h3>\n<ul>\n<li>lekkie<\/li>\n<li>\u0142atwe w monta\u017cu<\/li>\n<li>naturalna izolacja akustyczna i termiczna<\/li>\n<li>wiele mo\u017cliwo\u015bci u\u0142o\u017cenia<\/li>\n<li>przyjazne \u015brodowisku<\/li>\n<li>odnawialne, nadaj\u0105ce si\u0119 do recyklingu<\/li>\n<li>8 dost\u0119pnych kolor\u00f3w<\/li>\n<\/ul>\n<p>&nbsp;<\/p>\n<h3><strong>Materia\u0142<\/strong><\/h3>\n<p>Korek aglomerowany formowany pod ci\u015bnieniem. Do produkcji u\u017cywane s\u0105 odpady\u00a0 z produkcji kork\u00f3w do win.\u00a0 Granulat korkowy formowany jest\u00a0 przy u\u017cyciu ci\u015bnienia, temperatury i spoiwa w formach do tego stworzonych.<\/p>\n<h3>Trudnopalno\u015b\u0107<\/h3>\n<p>Panele korkowe w podstawowej opcji nie s\u0105 trudnopalne.<\/p>\n<p>Istnieje mo\u017cliwo\u015b\u0107 pokrycia paneli impregnatem przeciwogniowym w celu uzyskania produktu trudnozapalnego C-s2,d0<br \/>\nKoszt impregnacji 2 z\u0142\/1 panel<\/p>\n<h3><strong>Dost\u0119pne kolory<\/strong><\/h3>\n<style type=\"text\/css\">\n\t\t\t\t#gallery-2 {\n\t\t\t\t\tmargin: auto;\n\t\t\t\t}\n\t\t\t\t#gallery-2 .gallery-item {\n\t\t\t\t\tfloat: left;\n\t\t\t\t\tmargin-top: 10px;\n\t\t\t\t\ttext-align: center;\n\t\t\t\t\twidth: 25%;\n\t\t\t\t}\n\t\t\t\t#gallery-2 .gallery-caption {\n\t\t\t\t\tmargin-left: 0;\n\t\t\t\t}\n\t\t\t<\/style><!-- see gallery_shortcode() in wp-includes\/media.php -->\n\t\t\t\n\t\t<div id=\"gallery-2\" class=\"gallery galleryid-3025 mfp-gallery mfp-gallery--images gallery-columns-4 gallery-size-medium\"><div class=\"row zn_image_gallery \"><div class=\"col-sm-6 col-md-4 col-lg-3\"><a href=\"https:\/\/mymodulo.pl\/sklep\/wp-content\/uploads\/2020\/09\/KITE-maroon.jpg\" title=\"MAROON\" class=\"hoverBorder\"><img width=\"300\" height=\"300\" src=\"https:\/\/mymodulo.pl\/sklep\/wp-content\/uploads\/2020\/09\/KITE-maroon-300x300.jpg\" class=\"attachment-medium size-medium\" alt=\"\" loading=\"lazy\" fid=\"127\" link=\"none\" columns=\"4\" orderby=\"rml\" size=\"medium\" srcset=\"https:\/\/mymodulo.pl\/sklep\/wp-content\/uploads\/2020\/09\/KITE-maroon-300x300.jpg 300w, https:\/\/mymodulo.pl\/sklep\/wp-content\/uploads\/2020\/09\/KITE-maroon-150x150.jpg 150w, https:\/\/mymodulo.pl\/sklep\/wp-content\/uploads\/2020\/09\/KITE-maroon-187x187.jpg 187w, https:\/\/mymodulo.pl\/sklep\/wp-content\/uploads\/2020\/09\/KITE-maroon-390x390.jpg 390w, https:\/\/mymodulo.pl\/sklep\/wp-content\/uploads\/2020\/09\/KITE-maroon-600x600.jpg 600w, https:\/\/mymodulo.pl\/sklep\/wp-content\/uploads\/2020\/09\/KITE-maroon-100x100.jpg 100w, https:\/\/mymodulo.pl\/sklep\/wp-content\/uploads\/2020\/09\/KITE-maroon.jpg 750w\" sizes=\"(max-width: 300px) 100vw, 300px\" \/><span class=\"gallery_caption\">MAROON<\/span><\/a><\/div><div class=\"col-sm-6 col-md-4 col-lg-3\"><a href=\"https:\/\/mymodulo.pl\/sklep\/wp-content\/uploads\/2020\/09\/KITE-grey.jpg\" title=\"GREY\" class=\"hoverBorder\"><img width=\"300\" height=\"300\" src=\"https:\/\/mymodulo.pl\/sklep\/wp-content\/uploads\/2020\/09\/KITE-grey-300x300.jpg\" class=\"attachment-medium size-medium\" alt=\"\" loading=\"lazy\" fid=\"127\" link=\"none\" columns=\"4\" orderby=\"rml\" size=\"medium\" srcset=\"https:\/\/mymodulo.pl\/sklep\/wp-content\/uploads\/2020\/09\/KITE-grey-300x300.jpg 300w, https:\/\/mymodulo.pl\/sklep\/wp-content\/uploads\/2020\/09\/KITE-grey-150x150.jpg 150w, https:\/\/mymodulo.pl\/sklep\/wp-content\/uploads\/2020\/09\/KITE-grey-187x187.jpg 187w, https:\/\/mymodulo.pl\/sklep\/wp-content\/uploads\/2020\/09\/KITE-grey-390x390.jpg 390w, https:\/\/mymodulo.pl\/sklep\/wp-content\/uploads\/2020\/09\/KITE-grey-600x600.jpg 600w, https:\/\/mymodulo.pl\/sklep\/wp-content\/uploads\/2020\/09\/KITE-grey-100x100.jpg 100w, https:\/\/mymodulo.pl\/sklep\/wp-content\/uploads\/2020\/09\/KITE-grey.jpg 750w\" sizes=\"(max-width: 300px) 100vw, 300px\" \/><span class=\"gallery_caption\">GREY<\/span><\/a><\/div><div class=\"col-sm-6 col-md-4 col-lg-3\"><a href=\"https:\/\/mymodulo.pl\/sklep\/wp-content\/uploads\/2020\/09\/KITE-black.jpg\" title=\"BLACK\" class=\"hoverBorder\"><img width=\"300\" height=\"300\" src=\"https:\/\/mymodulo.pl\/sklep\/wp-content\/uploads\/2020\/09\/KITE-black-300x300.jpg\" class=\"attachment-medium size-medium\" alt=\"\" loading=\"lazy\" fid=\"127\" link=\"none\" columns=\"4\" orderby=\"rml\" size=\"medium\" srcset=\"https:\/\/mymodulo.pl\/sklep\/wp-content\/uploads\/2020\/09\/KITE-black-300x300.jpg 300w, https:\/\/mymodulo.pl\/sklep\/wp-content\/uploads\/2020\/09\/KITE-black-150x150.jpg 150w, https:\/\/mymodulo.pl\/sklep\/wp-content\/uploads\/2020\/09\/KITE-black-187x187.jpg 187w, https:\/\/mymodulo.pl\/sklep\/wp-content\/uploads\/2020\/09\/KITE-black-390x390.jpg 390w, https:\/\/mymodulo.pl\/sklep\/wp-content\/uploads\/2020\/09\/KITE-black-600x600.jpg 600w, https:\/\/mymodulo.pl\/sklep\/wp-content\/uploads\/2020\/09\/KITE-black-100x100.jpg 100w, https:\/\/mymodulo.pl\/sklep\/wp-content\/uploads\/2020\/09\/KITE-black.jpg 750w\" sizes=\"(max-width: 300px) 100vw, 300px\" \/><span class=\"gallery_caption\">BLACK<\/span><\/a><\/div><div class=\"col-sm-6 col-md-4 col-lg-3\"><a href=\"https:\/\/mymodulo.pl\/sklep\/wp-content\/uploads\/2019\/11\/KITE-yellow.jpg\" title=\"YELLOW\" class=\"hoverBorder\"><img width=\"300\" height=\"300\" src=\"https:\/\/mymodulo.pl\/sklep\/wp-content\/uploads\/2019\/11\/KITE-yellow-300x300.jpg\" class=\"attachment-medium size-medium\" alt=\"\" loading=\"lazy\" fid=\"127\" link=\"none\" columns=\"4\" orderby=\"rml\" size=\"medium\" srcset=\"https:\/\/mymodulo.pl\/sklep\/wp-content\/uploads\/2019\/11\/KITE-yellow-300x300.jpg 300w, https:\/\/mymodulo.pl\/sklep\/wp-content\/uploads\/2019\/11\/KITE-yellow-150x150.jpg 150w, https:\/\/mymodulo.pl\/sklep\/wp-content\/uploads\/2019\/11\/KITE-yellow-187x187.jpg 187w, https:\/\/mymodulo.pl\/sklep\/wp-content\/uploads\/2019\/11\/KITE-yellow-390x390.jpg 390w, https:\/\/mymodulo.pl\/sklep\/wp-content\/uploads\/2019\/11\/KITE-yellow-600x600.jpg 600w, https:\/\/mymodulo.pl\/sklep\/wp-content\/uploads\/2019\/11\/KITE-yellow-100x100.jpg 100w, https:\/\/mymodulo.pl\/sklep\/wp-content\/uploads\/2019\/11\/KITE-yellow.jpg 750w\" sizes=\"(max-width: 300px) 100vw, 300px\" \/><span class=\"gallery_caption\">YELLOW<\/span><\/a><\/div><\/div><div class=\"row zn_image_gallery \"><div class=\"col-sm-6 col-md-4 col-lg-3\"><a href=\"https:\/\/mymodulo.pl\/sklep\/wp-content\/uploads\/2019\/11\/KITE-deep-blue.jpg\" title=\"DEEP BLUE\n\" class=\"hoverBorder\"><img width=\"300\" height=\"300\" src=\"https:\/\/mymodulo.pl\/sklep\/wp-content\/uploads\/2019\/11\/KITE-deep-blue-300x300.jpg\" class=\"attachment-medium size-medium\" alt=\"\" loading=\"lazy\" fid=\"127\" link=\"none\" columns=\"4\" orderby=\"rml\" size=\"medium\" srcset=\"https:\/\/mymodulo.pl\/sklep\/wp-content\/uploads\/2019\/11\/KITE-deep-blue-300x300.jpg 300w, https:\/\/mymodulo.pl\/sklep\/wp-content\/uploads\/2019\/11\/KITE-deep-blue-150x150.jpg 150w, https:\/\/mymodulo.pl\/sklep\/wp-content\/uploads\/2019\/11\/KITE-deep-blue-187x187.jpg 187w, https:\/\/mymodulo.pl\/sklep\/wp-content\/uploads\/2019\/11\/KITE-deep-blue-390x390.jpg 390w, https:\/\/mymodulo.pl\/sklep\/wp-content\/uploads\/2019\/11\/KITE-deep-blue-600x600.jpg 600w, https:\/\/mymodulo.pl\/sklep\/wp-content\/uploads\/2019\/11\/KITE-deep-blue-100x100.jpg 100w, https:\/\/mymodulo.pl\/sklep\/wp-content\/uploads\/2019\/11\/KITE-deep-blue.jpg 750w\" sizes=\"(max-width: 300px) 100vw, 300px\" \/><span class=\"gallery_caption\">DEEP BLUE\n<\/span><\/a><\/div><div class=\"col-sm-6 col-md-4 col-lg-3\"><a href=\"https:\/\/mymodulo.pl\/sklep\/wp-content\/uploads\/2019\/11\/KITE-natural.jpg\" title=\"NATURAL\" class=\"hoverBorder\"><img width=\"300\" height=\"300\" src=\"https:\/\/mymodulo.pl\/sklep\/wp-content\/uploads\/2019\/11\/KITE-natural-300x300.jpg\" class=\"attachment-medium size-medium\" alt=\"\" loading=\"lazy\" fid=\"127\" link=\"none\" columns=\"4\" orderby=\"rml\" size=\"medium\" srcset=\"https:\/\/mymodulo.pl\/sklep\/wp-content\/uploads\/2019\/11\/KITE-natural-300x300.jpg 300w, https:\/\/mymodulo.pl\/sklep\/wp-content\/uploads\/2019\/11\/KITE-natural-150x150.jpg 150w, https:\/\/mymodulo.pl\/sklep\/wp-content\/uploads\/2019\/11\/KITE-natural-187x187.jpg 187w, https:\/\/mymodulo.pl\/sklep\/wp-content\/uploads\/2019\/11\/KITE-natural-390x390.jpg 390w, https:\/\/mymodulo.pl\/sklep\/wp-content\/uploads\/2019\/11\/KITE-natural-600x600.jpg 600w, https:\/\/mymodulo.pl\/sklep\/wp-content\/uploads\/2019\/11\/KITE-natural-100x100.jpg 100w, https:\/\/mymodulo.pl\/sklep\/wp-content\/uploads\/2019\/11\/KITE-natural.jpg 750w\" sizes=\"(max-width: 300px) 100vw, 300px\" \/><span class=\"gallery_caption\">NATURAL<\/span><\/a><\/div><div class=\"col-sm-6 col-md-4 col-lg-3\"><a href=\"https:\/\/mymodulo.pl\/sklep\/wp-content\/uploads\/2019\/11\/KITE-ivory.jpg\" title=\"IVORY\" class=\"hoverBorder\"><img width=\"300\" height=\"300\" src=\"https:\/\/mymodulo.pl\/sklep\/wp-content\/uploads\/2019\/11\/KITE-ivory-300x300.jpg\" class=\"attachment-medium size-medium\" alt=\"\" loading=\"lazy\" fid=\"127\" link=\"none\" columns=\"4\" orderby=\"rml\" size=\"medium\" srcset=\"https:\/\/mymodulo.pl\/sklep\/wp-content\/uploads\/2019\/11\/KITE-ivory-300x300.jpg 300w, https:\/\/mymodulo.pl\/sklep\/wp-content\/uploads\/2019\/11\/KITE-ivory-150x150.jpg 150w, https:\/\/mymodulo.pl\/sklep\/wp-content\/uploads\/2019\/11\/KITE-ivory-187x187.jpg 187w, https:\/\/mymodulo.pl\/sklep\/wp-content\/uploads\/2019\/11\/KITE-ivory-390x390.jpg 390w, https:\/\/mymodulo.pl\/sklep\/wp-content\/uploads\/2019\/11\/KITE-ivory-600x600.jpg 600w, https:\/\/mymodulo.pl\/sklep\/wp-content\/uploads\/2019\/11\/KITE-ivory-100x100.jpg 100w, https:\/\/mymodulo.pl\/sklep\/wp-content\/uploads\/2019\/11\/KITE-ivory.jpg 750w\" sizes=\"(max-width: 300px) 100vw, 300px\" \/><span class=\"gallery_caption\">IVORY<\/span><\/a><\/div><div class=\"col-sm-6 col-md-4 col-lg-3\"><a href=\"https:\/\/mymodulo.pl\/sklep\/wp-content\/uploads\/2019\/11\/KITE-green.jpg\" title=\"GREEN\" class=\"hoverBorder\"><img width=\"300\" height=\"300\" src=\"https:\/\/mymodulo.pl\/sklep\/wp-content\/uploads\/2019\/11\/KITE-green-300x300.jpg\" class=\"attachment-medium size-medium\" alt=\"\" loading=\"lazy\" fid=\"127\" link=\"none\" columns=\"4\" orderby=\"rml\" size=\"medium\" srcset=\"https:\/\/mymodulo.pl\/sklep\/wp-content\/uploads\/2019\/11\/KITE-green-300x300.jpg 300w, https:\/\/mymodulo.pl\/sklep\/wp-content\/uploads\/2019\/11\/KITE-green-150x150.jpg 150w, https:\/\/mymodulo.pl\/sklep\/wp-content\/uploads\/2019\/11\/KITE-green-187x187.jpg 187w, https:\/\/mymodulo.pl\/sklep\/wp-content\/uploads\/2019\/11\/KITE-green-390x390.jpg 390w, https:\/\/mymodulo.pl\/sklep\/wp-content\/uploads\/2019\/11\/KITE-green-600x600.jpg 600w, https:\/\/mymodulo.pl\/sklep\/wp-content\/uploads\/2019\/11\/KITE-green-100x100.jpg 100w, https:\/\/mymodulo.pl\/sklep\/wp-content\/uploads\/2019\/11\/KITE-green.jpg 750w\" sizes=\"(max-width: 300px) 100vw, 300px\" \/><span class=\"gallery_caption\">GREEN<\/span><\/a><\/div><\/div><div class=\"row zn_image_gallery \"><div class=\"col-sm-6 col-md-4 col-lg-3\"><a href=\"https:\/\/mymodulo.pl\/sklep\/wp-content\/uploads\/2019\/11\/KITE-dark-green.jpg\" title=\"DARK GREEN\n\" class=\"hoverBorder\"><img width=\"300\" height=\"300\" src=\"https:\/\/mymodulo.pl\/sklep\/wp-content\/uploads\/2019\/11\/KITE-dark-green-300x300.jpg\" class=\"attachment-medium size-medium\" alt=\"\" loading=\"lazy\" fid=\"127\" link=\"none\" columns=\"4\" orderby=\"rml\" size=\"medium\" srcset=\"https:\/\/mymodulo.pl\/sklep\/wp-content\/uploads\/2019\/11\/KITE-dark-green-300x300.jpg 300w, https:\/\/mymodulo.pl\/sklep\/wp-content\/uploads\/2019\/11\/KITE-dark-green-150x150.jpg 150w, https:\/\/mymodulo.pl\/sklep\/wp-content\/uploads\/2019\/11\/KITE-dark-green-187x187.jpg 187w, https:\/\/mymodulo.pl\/sklep\/wp-content\/uploads\/2019\/11\/KITE-dark-green-390x390.jpg 390w, https:\/\/mymodulo.pl\/sklep\/wp-content\/uploads\/2019\/11\/KITE-dark-green-600x600.jpg 600w, https:\/\/mymodulo.pl\/sklep\/wp-content\/uploads\/2019\/11\/KITE-dark-green-100x100.jpg 100w, https:\/\/mymodulo.pl\/sklep\/wp-content\/uploads\/2019\/11\/KITE-dark-green.jpg 750w\" sizes=\"(max-width: 300px) 100vw, 300px\" \/><span class=\"gallery_caption\">DARK GREEN\n<\/span><\/a><\/div><div class=\"col-sm-6 col-md-4 col-lg-3\"><a href=\"https:\/\/mymodulo.pl\/sklep\/wp-content\/uploads\/2019\/11\/KITE-brown-1.jpg\" title=\"BROWN\n\" class=\"hoverBorder\"><img width=\"300\" height=\"300\" src=\"https:\/\/mymodulo.pl\/sklep\/wp-content\/uploads\/2019\/11\/KITE-brown-1-300x300.jpg\" class=\"attachment-medium size-medium\" alt=\"\" loading=\"lazy\" fid=\"127\" link=\"none\" columns=\"4\" orderby=\"rml\" size=\"medium\" srcset=\"https:\/\/mymodulo.pl\/sklep\/wp-content\/uploads\/2019\/11\/KITE-brown-1-300x300.jpg 300w, https:\/\/mymodulo.pl\/sklep\/wp-content\/uploads\/2019\/11\/KITE-brown-1-150x150.jpg 150w, https:\/\/mymodulo.pl\/sklep\/wp-content\/uploads\/2019\/11\/KITE-brown-1-187x187.jpg 187w, https:\/\/mymodulo.pl\/sklep\/wp-content\/uploads\/2019\/11\/KITE-brown-1-390x390.jpg 390w, https:\/\/mymodulo.pl\/sklep\/wp-content\/uploads\/2019\/11\/KITE-brown-1-600x600.jpg 600w, https:\/\/mymodulo.pl\/sklep\/wp-content\/uploads\/2019\/11\/KITE-brown-1-100x100.jpg 100w, https:\/\/mymodulo.pl\/sklep\/wp-content\/uploads\/2019\/11\/KITE-brown-1.jpg 750w\" sizes=\"(max-width: 300px) 100vw, 300px\" \/><span class=\"gallery_caption\">BROWN\n<\/span><\/a><\/div><div class=\"col-sm-6 col-md-4 col-lg-3\"><a href=\"https:\/\/mymodulo.pl\/sklep\/wp-content\/uploads\/2019\/11\/KITE-blue.jpg\" title=\"BLUE\n\" class=\"hoverBorder\"><img width=\"300\" height=\"300\" src=\"https:\/\/mymodulo.pl\/sklep\/wp-content\/uploads\/2019\/11\/KITE-blue-300x300.jpg\" class=\"attachment-medium size-medium\" alt=\"\" loading=\"lazy\" fid=\"127\" link=\"none\" columns=\"4\" orderby=\"rml\" size=\"medium\" srcset=\"https:\/\/mymodulo.pl\/sklep\/wp-content\/uploads\/2019\/11\/KITE-blue-300x300.jpg 300w, https:\/\/mymodulo.pl\/sklep\/wp-content\/uploads\/2019\/11\/KITE-blue-150x150.jpg 150w, https:\/\/mymodulo.pl\/sklep\/wp-content\/uploads\/2019\/11\/KITE-blue-187x187.jpg 187w, https:\/\/mymodulo.pl\/sklep\/wp-content\/uploads\/2019\/11\/KITE-blue-390x390.jpg 390w, https:\/\/mymodulo.pl\/sklep\/wp-content\/uploads\/2019\/11\/KITE-blue-600x600.jpg 600w, https:\/\/mymodulo.pl\/sklep\/wp-content\/uploads\/2019\/11\/KITE-blue-100x100.jpg 100w, https:\/\/mymodulo.pl\/sklep\/wp-content\/uploads\/2019\/11\/KITE-blue.jpg 750w\" sizes=\"(max-width: 300px) 100vw, 300px\" \/><span class=\"gallery_caption\">BLUE\n<\/span><\/a><\/div><\/div><\/div>\n<p>&nbsp;<\/p>\n<p><strong>UWAGA! WA\u017bNE!<\/strong><\/p>\n<p>Dok\u0142adamy wszelkich stara\u0144, aby kolory przedstawiane na ekranie jak najdok\u0142adniej odzwierciedla\u0142y kolory naszych produkt\u00f3w. Nie jeste\u015bmy jednak w stanie zagwarantowa\u0107 ich idealnego odwzorowania. Zar\u00f3wno kolory zaprezentowane we wzorniku\u00a0 jak i kolory na zdj\u0119ciach naszych realizacji czy wizualizacji mog\u0105 si\u0119 nieznacznie r\u00f3\u017cni\u0107 od rzeczywistych \u2013 wynika to z r\u00f3\u017cnorodno\u015bci dost\u0119pnego sprz\u0119tu \u00a0komputerowego oraz jego indywidualnych ustawie\u0144 a w szczeg\u00f3lno\u015bci ustawie\u0144 monitora i karty graficznej.\u00a0 Szczeg\u00f3lnie zdj\u0119cia realizacji nie s\u0105 w \u017cadnym stopniu odwzorowaniem rzeczywisto\u015bci. Zdj\u0119cia wykonywane s\u0105 w r\u00f3\u017cnych warunkach, w r\u00f3\u017cnym \u015bwietle i r\u00f3\u017cnymi aparatami.<\/p>\n<p>Zgodno\u015b\u0107 koloru gwarantowana jest dla danej partii. Sprzedawca nie gwarantuje uzyskania identycznego koloru dla paneli wyprodukowanych w partiach p\u00f3\u017aniejszych.<\/p>\n<p>Prosimy o przemy\u015blane zakupy.<\/p>\n<p>&nbsp;<\/p>\n<h3 style=\"text-align: center;\"><\/h3>\n","protected":false},"excerpt":{"rendered":"<p>Korkowy panel \u015bcienny 3D<br \/>\nCena dotyczy 1 elementu.<\/p>\n<p>Produkt dost\u0119pny na zam\u00f3wienie. Czas realizacji 10-20 dni roboczych.<\/p>\n","protected":false},"featured_media":3034,"template":"","meta":[],"product_cat":[631,630,579],"product_tag":[],"_links":{"self":[{"href":"https:\/\/mymodulo.pl\/sklep\/wp-json\/wp\/v2\/product\/3025"}],"collection":[{"href":"https:\/\/mymodulo.pl\/sklep\/wp-json\/wp\/v2\/product"}],"about":[{"href":"https:\/\/mymodulo.pl\/sklep\/wp-json\/wp\/v2\/types\/product"}],"wp:featuredmedia":[{"embeddable":true,"href":"https:\/\/mymodulo.pl\/sklep\/wp-json\/wp\/v2\/media\/3034"}],"wp:attachment":[{"href":"https:\/\/mymodulo.pl\/sklep\/wp-json\/wp\/v2\/media?parent=3025"}],"wp:term":[{"taxonomy":"product_cat","embeddable":true,"href":"https:\/\/mymodulo.pl\/sklep\/wp-json\/wp\/v2\/product_cat?post=3025"},{"taxonomy":"product_tag","embeddable":true,"href":"https:\/\/mymodulo.pl\/sklep\/wp-json\/wp\/v2\/product_tag?post=3025"}],"curies":[{"name":"wp","href":"https:\/\/api.w.org\/{rel}","templated":true}]}}