{"id":2101,"date":"2018-10-02T13:25:58","date_gmt":"2018-10-02T11:25:58","guid":{"rendered":"https:\/\/mymodulo.pl\/?post_type=product&#038;p=2101"},"modified":"2023-10-13T09:31:42","modified_gmt":"2023-10-13T07:31:42","slug":"zestaw-montazowy-maskownicy-grzejnikowej","status":"publish","type":"product","link":"https:\/\/mymodulo.pl\/sklep\/produkt\/zestaw-montazowy-maskownicy-grzejnikowej\/","title":{"rendered":"Zestaw monta\u017cowy maskownicy grzejnikowej"},"content":{"rendered":"<p>&nbsp;<\/p>\n<p>Podstawowy zestaw umo\u017cliwiaj\u0105cy monta\u017c maskownic na grzejnikach p\u0142ytowych lub aluminiowych.<br \/>\nMo\u017cliwy jest r\u00f3wnie\u017c monta\u017c na grzejniku \u017ceberkowym. W takim przypadku dodatkowo wymagany jest uzupe\u0142niaj\u0105cy zestaw monta\u017cowy &#8211; adapter grzejnika \u017ceberkowego.<\/p>\n<p>Komplet zawiera 2 zestawy s\u0142u\u017c\u0105ce do zamontowania 1 maskownicy.<\/p>\n<p>Minimalne zam\u00f3wienie: 15 sztuk<\/p>\n<p><img loading=\"lazy\" class=\"alignnone size-medium wp-image-2103\" src=\"https:\/\/mymodulo.pl\/wp-content\/uploads\/2018\/10\/zmmg01-300x114.jpg\" alt=\"\" width=\"300\" height=\"114\" srcset=\"https:\/\/mymodulo.pl\/sklep\/wp-content\/uploads\/2018\/10\/zmmg01-300x114.jpg 300w, https:\/\/mymodulo.pl\/sklep\/wp-content\/uploads\/2018\/10\/zmmg01-280x106.jpg 280w, https:\/\/mymodulo.pl\/sklep\/wp-content\/uploads\/2018\/10\/zmmg01-390x150.jpg 390w, https:\/\/mymodulo.pl\/sklep\/wp-content\/uploads\/2018\/10\/zmmg01.jpg 396w\" sizes=\"(max-width: 300px) 100vw, 300px\" \/><\/p>\n<p>&nbsp;<\/p>\n","protected":false},"excerpt":{"rendered":"<p>&nbsp; Podstawowy zestaw umo\u017cliwiaj\u0105cy monta\u017c maskownic na grzejnikach p\u0142ytowych lub aluminiowych. Mo\u017cliwy jest r\u00f3wnie\u017c monta\u017c na grzejniku \u017ceberkowym. W takim przypadku dodatkowo wymagany jest uzupe\u0142niaj\u0105cy zestaw monta\u017cowy &#8211; adapter grzejnika \u017ceberkowego. Komplet zawiera 2 zestawy s\u0142u\u017c\u0105ce do zamontowania 1 maskownicy. Minimalne zam\u00f3wienie: 15 sztuk &nbsp;<\/p>\n","protected":false},"featured_media":2102,"template":"","meta":[],"product_cat":[630,634,555],"product_tag":[],"_links":{"self":[{"href":"https:\/\/mymodulo.pl\/sklep\/wp-json\/wp\/v2\/product\/2101"}],"collection":[{"href":"https:\/\/mymodulo.pl\/sklep\/wp-json\/wp\/v2\/product"}],"about":[{"href":"https:\/\/mymodulo.pl\/sklep\/wp-json\/wp\/v2\/types\/product"}],"wp:featuredmedia":[{"embeddable":true,"href":"https:\/\/mymodulo.pl\/sklep\/wp-json\/wp\/v2\/media\/2102"}],"wp:attachment":[{"href":"https:\/\/mymodulo.pl\/sklep\/wp-json\/wp\/v2\/media?parent=2101"}],"wp:term":[{"taxonomy":"product_cat","embeddable":true,"href":"https:\/\/mymodulo.pl\/sklep\/wp-json\/wp\/v2\/product_cat?post=2101"},{"taxonomy":"product_tag","embeddable":true,"href":"https:\/\/mymodulo.pl\/sklep\/wp-json\/wp\/v2\/product_tag?post=2101"}],"curies":[{"name":"wp","href":"https:\/\/api.w.org\/{rel}","templated":true}]}}