{"id":1296,"date":"2018-04-24T13:49:44","date_gmt":"2018-04-24T11:49:44","guid":{"rendered":"https:\/\/mymodulo.pl\/?post_type=product&#038;p=1296"},"modified":"2024-06-06T15:38:19","modified_gmt":"2024-06-06T13:38:19","slug":"tapeta-scienna-metal-fence","status":"publish","type":"product","link":"https:\/\/mymodulo.pl\/sklep\/produkt\/tapeta-scienna-metal-fence\/","title":{"rendered":"Tapeta \u015bcienna Metal Fence"},"content":{"rendered":"<p>Tapeta dla dzieci Metal Fence to produkt, kt\u00f3ry \u015bwietnie nadaje si\u0119 do dekoracji wn\u0119trz dzieci\u0119cych oraz m\u0142odzie\u017cowych.<\/p>\n<h3><strong>Aran\u017cacje\u00a0<\/strong><\/h3>\n<div class=\"woocommerce-product-details__short-description\">\n<h3>\u00a0<img loading=\"lazy\" class=\"alignnone size-medium wp-image-1297\" src=\"https:\/\/mymodulo.pl\/wp-content\/uploads\/2018\/04\/WR0002NW1705-a-300x248.jpg\" alt=\"\" width=\"300\" height=\"248\" srcset=\"https:\/\/mymodulo.pl\/sklep\/wp-content\/uploads\/2018\/04\/WR0002NW1705-a-300x248.jpg 300w, https:\/\/mymodulo.pl\/sklep\/wp-content\/uploads\/2018\/04\/WR0002NW1705-a-768x636.jpg 768w, https:\/\/mymodulo.pl\/sklep\/wp-content\/uploads\/2018\/04\/WR0002NW1705-a-1024x847.jpg 1024w, https:\/\/mymodulo.pl\/sklep\/wp-content\/uploads\/2018\/04\/WR0002NW1705-a-226x187.jpg 226w, https:\/\/mymodulo.pl\/sklep\/wp-content\/uploads\/2018\/04\/WR0002NW1705-a-1260x1043.jpg 1260w, https:\/\/mymodulo.pl\/sklep\/wp-content\/uploads\/2018\/04\/WR0002NW1705-a-600x497.jpg 600w, https:\/\/mymodulo.pl\/sklep\/wp-content\/uploads\/2018\/04\/WR0002NW1705-a.jpg 1392w\" sizes=\"(max-width: 300px) 100vw, 300px\" \/> <img loading=\"lazy\" class=\"alignnone wp-image-1298\" src=\"https:\/\/mymodulo.pl\/wp-content\/uploads\/2018\/04\/WR0002NW1705-b-269x300.jpg\" alt=\"\" width=\"221\" height=\"246\" srcset=\"https:\/\/mymodulo.pl\/sklep\/wp-content\/uploads\/2018\/04\/WR0002NW1705-b-269x300.jpg 269w, https:\/\/mymodulo.pl\/sklep\/wp-content\/uploads\/2018\/04\/WR0002NW1705-b-768x855.jpg 768w, https:\/\/mymodulo.pl\/sklep\/wp-content\/uploads\/2018\/04\/WR0002NW1705-b-920x1024.jpg 920w, https:\/\/mymodulo.pl\/sklep\/wp-content\/uploads\/2018\/04\/WR0002NW1705-b-168x187.jpg 168w, https:\/\/mymodulo.pl\/sklep\/wp-content\/uploads\/2018\/04\/WR0002NW1705-b-600x668.jpg 600w, https:\/\/mymodulo.pl\/sklep\/wp-content\/uploads\/2018\/04\/WR0002NW1705-b.jpg 1200w\" sizes=\"(max-width: 221px) 100vw, 221px\" \/><\/h3>\n<h3>Wymiary rolki<\/h3>\n<p>szeroko\u015b\u0107 120 cm<br \/>\nwysoko\u015b\u0107 285 cm<\/p>\n<h3>Materia\u0142<\/h3>\n<p>tapeta winylowa o podk\u0142adzie flizelinowym<\/p>\n<h3>Certyfikaty<\/h3>\n<p>niepalno\u015bci B1<br \/>\nnordycka etykieta ekologiczna Nordic Swan<\/p>\n<p>&nbsp;<\/p>\n<\/div>\n<h3>Minimalne zam\u00f3wienie<\/h3>\n<p>Minimalne zam\u00f3wienie to jedna rolka.<\/p>\n<p>Istnieje mo\u017cliwo\u015b\u0107 zam\u00f3wie\u0144 tapety pod konkretny wymiar.<\/p>\n<div class=\"woocommerce-product-details__short-description\">\n<p>&nbsp;<\/p>\n<\/div>\n<div class=\"screeyn-social-sharing social-sharing clearfix\"><\/div>\n","protected":false},"excerpt":{"rendered":"<p>nr produktu WR0200NW1705<\/p>\n<p>Rolka 120 x 285 cm<\/p>\n","protected":false},"featured_media":1299,"template":"","meta":[],"product_cat":[632,537,546],"product_tag":[],"_links":{"self":[{"href":"https:\/\/mymodulo.pl\/sklep\/wp-json\/wp\/v2\/product\/1296"}],"collection":[{"href":"https:\/\/mymodulo.pl\/sklep\/wp-json\/wp\/v2\/product"}],"about":[{"href":"https:\/\/mymodulo.pl\/sklep\/wp-json\/wp\/v2\/types\/product"}],"wp:featuredmedia":[{"embeddable":true,"href":"https:\/\/mymodulo.pl\/sklep\/wp-json\/wp\/v2\/media\/1299"}],"wp:attachment":[{"href":"https:\/\/mymodulo.pl\/sklep\/wp-json\/wp\/v2\/media?parent=1296"}],"wp:term":[{"taxonomy":"product_cat","embeddable":true,"href":"https:\/\/mymodulo.pl\/sklep\/wp-json\/wp\/v2\/product_cat?post=1296"},{"taxonomy":"product_tag","embeddable":true,"href":"https:\/\/mymodulo.pl\/sklep\/wp-json\/wp\/v2\/product_tag?post=1296"}],"curies":[{"name":"wp","href":"https:\/\/api.w.org\/{rel}","templated":true}]}}