{"id":1257,"date":"2018-04-20T11:40:33","date_gmt":"2018-04-20T09:40:33","guid":{"rendered":"https:\/\/mymodulo.pl\/?post_type=product&#038;p=1257"},"modified":"2024-06-06T15:38:19","modified_gmt":"2024-06-06T13:38:19","slug":"tapeta-scienna-mask","status":"publish","type":"product","link":"https:\/\/mymodulo.pl\/sklep\/produkt\/tapeta-scienna-mask\/","title":{"rendered":"Tapeta \u015bcienna Mask"},"content":{"rendered":"<p>Tapeta dzieci\u0119ca Masks to produkt, kt\u00f3ry pomaga stworzy\u0107 wyj\u0105tkow\u0105 przestrze\u0144 dla dziecka w ka\u017cdym wieku. Elementy wzoru zawieraj\u0105 czarne gwiazdki, maski, kule oraz kokardki. Tapeta posiada bia\u0142e t\u0142o.<\/p>\n<p>Tapeta\u00a0 wykorzystywana w przestrzeniach komercyjnych jak przedszkola oraz plac\u00f3wki edukacyjne. Cieszy si\u0119 du\u017c\u0105 popularno\u015bci\u0105 w nowoczesnych przestrzeniach.<\/p>\n<h3><\/h3>\n<h3><strong>Aran\u017cacje\u00a0<\/strong><\/h3>\n<p><img loading=\"lazy\" class=\"alignnone size-medium wp-image-1260\" src=\"https:\/\/mymodulo.pl\/wp-content\/uploads\/2018\/04\/WR0100NW1302-Masks-300x240.jpg\" alt=\"\" width=\"300\" height=\"240\" srcset=\"https:\/\/mymodulo.pl\/sklep\/wp-content\/uploads\/2018\/04\/WR0100NW1302-Masks-300x240.jpg 300w, https:\/\/mymodulo.pl\/sklep\/wp-content\/uploads\/2018\/04\/WR0100NW1302-Masks-768x614.jpg 768w, https:\/\/mymodulo.pl\/sklep\/wp-content\/uploads\/2018\/04\/WR0100NW1302-Masks-234x187.jpg 234w, https:\/\/mymodulo.pl\/sklep\/wp-content\/uploads\/2018\/04\/WR0100NW1302-Masks-600x480.jpg 600w, https:\/\/mymodulo.pl\/sklep\/wp-content\/uploads\/2018\/04\/WR0100NW1302-Masks.jpg 1000w\" sizes=\"(max-width: 300px) 100vw, 300px\" \/> <img loading=\"lazy\" class=\"alignnone wp-image-1259\" src=\"https:\/\/mymodulo.pl\/wp-content\/uploads\/2018\/04\/WR0100NW1302-Masks-a-254x300.jpg\" alt=\"\" width=\"204\" height=\"241\" srcset=\"https:\/\/mymodulo.pl\/sklep\/wp-content\/uploads\/2018\/04\/WR0100NW1302-Masks-a-254x300.jpg 254w, https:\/\/mymodulo.pl\/sklep\/wp-content\/uploads\/2018\/04\/WR0100NW1302-Masks-a-768x909.jpg 768w, https:\/\/mymodulo.pl\/sklep\/wp-content\/uploads\/2018\/04\/WR0100NW1302-Masks-a-865x1024.jpg 865w, https:\/\/mymodulo.pl\/sklep\/wp-content\/uploads\/2018\/04\/WR0100NW1302-Masks-a-158x187.jpg 158w, https:\/\/mymodulo.pl\/sklep\/wp-content\/uploads\/2018\/04\/WR0100NW1302-Masks-a-600x710.jpg 600w, https:\/\/mymodulo.pl\/sklep\/wp-content\/uploads\/2018\/04\/WR0100NW1302-Masks-a.jpg 900w\" sizes=\"(max-width: 204px) 100vw, 204px\" \/><\/p>\n<div class=\"woocommerce-product-details__short-description\">\n<h3><\/h3>\n<h3>Wymiary rolki<\/h3>\n<p>szeroko\u015b\u0107 120 cm<br \/>\nwysoko\u015b\u0107 285 cm<\/p>\n<h3>Materia\u0142<\/h3>\n<p>tapeta winylowa o podk\u0142adzie flizelinowym<\/p>\n<h3>Certyfikaty<\/h3>\n<p>niepalno\u015bci B1<br \/>\nnordycka etykieta ekologiczna Nordic Swan<\/p>\n<p>&nbsp;<\/p>\n<h3>Cechy g\u0142\u00f3wne produktu<\/h3>\n<h5>Wielko\u015bci wzoru:<\/h5>\n<p>Gwiazdki\u00a0 \u00a0 \u00a0 \u00a0 \u00a0 szer. 4,5 cm\u00a0 \u00a0 wys. 4,3 cm<\/p>\n<p>Maski\u00a0 \u00a0 \u00a0 \u00a0 \u00a0 \u00a0 \u00a0 \u00a0szer. 25 cm\u00a0 \u00a0 \u00a0wys. 13 cm<\/p>\n<p>Kule\u00a0 \u00a0 \u00a0 \u00a0 \u00a0 \u00a0 \u00a0 \u00a0 \u00a0szer. 15 cm\u00a0 \u00a0 \u00a0wys. 15 cm<\/p>\n<p>Kokardki\u00a0 \u00a0 \u00a0 \u00a0 \u00a0 szer. 13 cm\u00a0 \u00a0 \u00a0wys. 7 cm<\/p>\n<p>Tr\u00f3jk\u0105ciki\u00a0 \u00a0 \u00a0 \u00a0\u00a0 szer. 7 cm\u00a0 \u00a0 \u00a0 \u00a0wys. 9 cm<\/p>\n<p>Wielko\u015b\u0107 raportu 40 cm.<\/p>\n<p>&nbsp;<\/p>\n<\/div>\n<h3>Minimalne zam\u00f3wienie<\/h3>\n<p>Minimalne zam\u00f3wienie to jedna rolka.<\/p>\n<p>Istnieje mo\u017cliwo\u015b\u0107 zam\u00f3wie\u0144 tapety pod konkretny wymiar.<\/p>\n<div class=\"woocommerce-product-details__short-description\">\n<p>&nbsp;<\/p>\n<\/div>\n<div class=\"screeyn-social-sharing social-sharing clearfix\"><\/div>\n","protected":false},"excerpt":{"rendered":"<p>nr produktu WR0100NW1302<\/p>\n<p>Rolka 120 x 285 cm<\/p>\n","protected":false},"featured_media":1258,"template":"","meta":[],"product_cat":[632,537,544],"product_tag":[],"_links":{"self":[{"href":"https:\/\/mymodulo.pl\/sklep\/wp-json\/wp\/v2\/product\/1257"}],"collection":[{"href":"https:\/\/mymodulo.pl\/sklep\/wp-json\/wp\/v2\/product"}],"about":[{"href":"https:\/\/mymodulo.pl\/sklep\/wp-json\/wp\/v2\/types\/product"}],"wp:featuredmedia":[{"embeddable":true,"href":"https:\/\/mymodulo.pl\/sklep\/wp-json\/wp\/v2\/media\/1258"}],"wp:attachment":[{"href":"https:\/\/mymodulo.pl\/sklep\/wp-json\/wp\/v2\/media?parent=1257"}],"wp:term":[{"taxonomy":"product_cat","embeddable":true,"href":"https:\/\/mymodulo.pl\/sklep\/wp-json\/wp\/v2\/product_cat?post=1257"},{"taxonomy":"product_tag","embeddable":true,"href":"https:\/\/mymodulo.pl\/sklep\/wp-json\/wp\/v2\/product_tag?post=1257"}],"curies":[{"name":"wp","href":"https:\/\/api.w.org\/{rel}","templated":true}]}}