{"id":1254,"date":"2018-04-20T11:12:47","date_gmt":"2018-04-20T09:12:47","guid":{"rendered":"https:\/\/mymodulo.pl\/?post_type=product&#038;p=1254"},"modified":"2024-06-06T15:27:35","modified_gmt":"2024-06-06T13:27:35","slug":"tapeta-scienna-alice-ii","status":"publish","type":"product","link":"https:\/\/mymodulo.pl\/sklep\/produkt\/tapeta-scienna-alice-ii\/","title":{"rendered":"Tapeta \u015bcienna Alice II"},"content":{"rendered":"<p>Tapeta dzieci\u0119ca Alice II to gra prostych form o serce kr\u00f3lowej. Nada ona tajemniczy klimat w pokoju twojego dziecka.\u00a0Elementy wzoru zawieraj\u0105 kszta\u0142t czarnych kluczy przeplatane czterema kolorami kart. Tapeta posiada bia\u0142e t\u0142o.<\/p>\n<p>Tapeta\u00a0 wykorzystywana w przestrzeniach komercyjnych jak przedszkola oraz plac\u00f3wki edukacyjne. Cieszy si\u0119 du\u017c\u0105 popularno\u015bci\u0105 w nowoczesnych przestrzeniach, w pokoju dla dziewczynek gdzie mo\u017cna spotka\u0107 bia\u0142e dodatki, jasne meble i naturalne wyko\u0144czenia.<\/p>\n<h3><\/h3>\n<h3><strong>Aran\u017cacje\u00a0<\/strong><\/h3>\n<p><img loading=\"lazy\" class=\"alignnone size-medium wp-image-1255\" src=\"https:\/\/mymodulo.pl\/wp-content\/uploads\/2018\/04\/WR0100NW1313-Alice-II-a-300x248.jpg\" alt=\"\" width=\"300\" height=\"248\" srcset=\"https:\/\/mymodulo.pl\/sklep\/wp-content\/uploads\/2018\/04\/WR0100NW1313-Alice-II-a-300x248.jpg 300w, https:\/\/mymodulo.pl\/sklep\/wp-content\/uploads\/2018\/04\/WR0100NW1313-Alice-II-a-768x636.jpg 768w, https:\/\/mymodulo.pl\/sklep\/wp-content\/uploads\/2018\/04\/WR0100NW1313-Alice-II-a-1024x847.jpg 1024w, https:\/\/mymodulo.pl\/sklep\/wp-content\/uploads\/2018\/04\/WR0100NW1313-Alice-II-a-226x187.jpg 226w, https:\/\/mymodulo.pl\/sklep\/wp-content\/uploads\/2018\/04\/WR0100NW1313-Alice-II-a-1260x1043.jpg 1260w, https:\/\/mymodulo.pl\/sklep\/wp-content\/uploads\/2018\/04\/WR0100NW1313-Alice-II-a-600x497.jpg 600w, https:\/\/mymodulo.pl\/sklep\/wp-content\/uploads\/2018\/04\/WR0100NW1313-Alice-II-a.jpg 1682w\" sizes=\"(max-width: 300px) 100vw, 300px\" \/><\/p>\n<div class=\"woocommerce-product-details__short-description\">\n<h3><\/h3>\n<h3>Wymiary rolki<\/h3>\n<p>szeroko\u015b\u0107 120 cm<br \/>\nwysoko\u015b\u0107 285 cm<\/p>\n<h3>Materia\u0142<\/h3>\n<p>tapeta winylowa o podk\u0142adzie flizelinowym<\/p>\n<h3>Certyfikaty<\/h3>\n<p>niepalno\u015bci B1<br \/>\nnordycka etykieta ekologiczna Nordic Swan<\/p>\n<p>&nbsp;<\/p>\n<h3>Cechy g\u0142\u00f3wne produktu<\/h3>\n<h5>Wielko\u015bci wzoru:<\/h5>\n<p>Piki\u00a0 \u00a0 \u00a0 \u00a0 \u00a0 \u00a0 szer. 21 cm wys. 27 cm<\/p>\n<p>Caro\u00a0 \u00a0 \u00a0 \u00a0 \u00a0 szer. 18 cm wys. 29 cm<\/p>\n<p>Trefl\u00a0 \u00a0 \u00a0 \u00a0 \u00a0 \u00a0szer. 7,5 cm wys. 25 cm<\/p>\n<p>Serce\u00a0 \u00a0 \u00a0 \u00a0 \u00a0szer.\u00a0 20 cm wys. 21 cm<\/p>\n<p>Korona\u00a0 \u00a0 \u00a0 \u00a0szer. 23 cm wys. 27 cm<\/p>\n<p>Klucz\u00a0 \u00a0 \u00a0 \u00a0 \u00a0 szer.\u00a0 \u00a07 cm wys. 17 cm<\/p>\n<p>Klepsydra\u00a0 \u00a0szer. 40 cm wys. 35,5 cm<\/p>\n<p>Wielko\u015b\u0107 raportu:\u00a0 71 cm<\/p>\n<p>&nbsp;<\/p>\n<\/div>\n<h3>Minimalne zam\u00f3wienie<\/h3>\n<p>Minimalne zam\u00f3wienie to jedna rolka.<\/p>\n<p>Istnieje mo\u017cliwo\u015b\u0107 zam\u00f3wie\u0144 tapety pod konkretny wymiar.<\/p>\n<div class=\"woocommerce-product-details__short-description\">\n<p>&nbsp;<\/p>\n<\/div>\n<div class=\"screeyn-social-sharing social-sharing clearfix\"><\/div>\n","protected":false},"excerpt":{"rendered":"<p>nr produktu WR0100NW1313<\/p>\n<p>Rolka 120 x 285 cm<\/p>\n","protected":false},"featured_media":1256,"template":"","meta":[],"product_cat":[632,537,544],"product_tag":[],"_links":{"self":[{"href":"https:\/\/mymodulo.pl\/sklep\/wp-json\/wp\/v2\/product\/1254"}],"collection":[{"href":"https:\/\/mymodulo.pl\/sklep\/wp-json\/wp\/v2\/product"}],"about":[{"href":"https:\/\/mymodulo.pl\/sklep\/wp-json\/wp\/v2\/types\/product"}],"wp:featuredmedia":[{"embeddable":true,"href":"https:\/\/mymodulo.pl\/sklep\/wp-json\/wp\/v2\/media\/1256"}],"wp:attachment":[{"href":"https:\/\/mymodulo.pl\/sklep\/wp-json\/wp\/v2\/media?parent=1254"}],"wp:term":[{"taxonomy":"product_cat","embeddable":true,"href":"https:\/\/mymodulo.pl\/sklep\/wp-json\/wp\/v2\/product_cat?post=1254"},{"taxonomy":"product_tag","embeddable":true,"href":"https:\/\/mymodulo.pl\/sklep\/wp-json\/wp\/v2\/product_tag?post=1254"}],"curies":[{"name":"wp","href":"https:\/\/api.w.org\/{rel}","templated":true}]}}