{"id":1236,"date":"2018-04-16T13:44:57","date_gmt":"2018-04-16T11:44:57","guid":{"rendered":"https:\/\/mymodulo.pl\/?post_type=product&#038;p=1236"},"modified":"2024-06-06T15:26:41","modified_gmt":"2024-06-06T13:26:41","slug":"tapeta-scienna-alice-in-wonderland","status":"publish","type":"product","link":"https:\/\/mymodulo.pl\/sklep\/produkt\/tapeta-scienna-alice-in-wonderland\/","title":{"rendered":"Tapeta \u015bcienna Alice in Wonderland"},"content":{"rendered":"<p>&nbsp;<\/p>\n<p>Tapeta dzieci\u0119ca Alice in Wonderland to produkt, kt\u00f3ry pomaga stworzy\u0107 wyj\u0105tkow\u0105 przestrze\u0144 dla dziecka w ka\u017cdym wieku. Elementy wzoru zawieraj\u0105 czarne piki, a cienie g\u0142\u00f3wnych bohater\u00f3w bajki s\u0105 wtopione w geometryczne kolorowe struktury. Tapeta posiada bia\u0142e t\u0142o.<\/p>\n<p>Tapeta wykorzystywana w przestrzeniach komercyjnych jak przedszkola oraz plac\u00f3wki edukacyjne. Cieszy si\u0119 du\u017c\u0105 popularno\u015bci\u0105 w nowoczesnych przestrzeniach, w pokoju dla dziewczynek gdzie mo\u017cna spotka\u0107 bia\u0142e dodatki, jasne meble, we\u0142niane dywany i z naturalnych materia\u0142\u00f3w wyko\u0144czenia.<\/p>\n<h3><\/h3>\n<h3><strong>Aran\u017cacje\u00a0<\/strong><\/h3>\n<p><img loading=\"lazy\" class=\"alignnone size-medium wp-image-1240\" src=\"https:\/\/mymodulo.pl\/wp-content\/uploads\/2018\/04\/WR0100NW1316-Alice-in-Wonderland-a-300x248.jpg\" alt=\"\" width=\"300\" height=\"248\" srcset=\"https:\/\/mymodulo.pl\/sklep\/wp-content\/uploads\/2018\/04\/WR0100NW1316-Alice-in-Wonderland-a-300x248.jpg 300w, https:\/\/mymodulo.pl\/sklep\/wp-content\/uploads\/2018\/04\/WR0100NW1316-Alice-in-Wonderland-a-768x636.jpg 768w, https:\/\/mymodulo.pl\/sklep\/wp-content\/uploads\/2018\/04\/WR0100NW1316-Alice-in-Wonderland-a-1024x847.jpg 1024w, https:\/\/mymodulo.pl\/sklep\/wp-content\/uploads\/2018\/04\/WR0100NW1316-Alice-in-Wonderland-a-226x187.jpg 226w, https:\/\/mymodulo.pl\/sklep\/wp-content\/uploads\/2018\/04\/WR0100NW1316-Alice-in-Wonderland-a-1260x1043.jpg 1260w, https:\/\/mymodulo.pl\/sklep\/wp-content\/uploads\/2018\/04\/WR0100NW1316-Alice-in-Wonderland-a-600x497.jpg 600w, https:\/\/mymodulo.pl\/sklep\/wp-content\/uploads\/2018\/04\/WR0100NW1316-Alice-in-Wonderland-a.jpg 1392w\" sizes=\"(max-width: 300px) 100vw, 300px\" \/><\/p>\n<div class=\"woocommerce-product-details__short-description\">\n<h3><\/h3>\n<h3>Wymiary rolki<\/h3>\n<p>szeroko\u015b\u0107 120 cm<br \/>\nwysoko\u015b\u0107 285 cm<\/p>\n<h3>Materia\u0142<\/h3>\n<p>tapeta winylowa o podk\u0142adzie flizelinowym<\/p>\n<h3>Certyfikaty<\/h3>\n<p>niepalno\u015bci B1<br \/>\nnordycka etykieta ekologiczna Nordic Swan<\/p>\n<p>&nbsp;<\/p>\n<h3>Cechy g\u0142\u00f3wne produktu<\/h3>\n<h5>Wielko\u015bci wzoru:<\/h5>\n<p>Piki\u00a0 \u00a0 \u00a0 \u00a0 \u00a0 \u00a0 szer. 10 cm wys. 13 cm<\/p>\n<p>Alicja\u00a0 \u00a0 \u00a0 \u00a0 \u00a0szer. 15 cm wys. 30 cm<\/p>\n<p>Kr\u00f3lik\u00a0 \u00a0 \u00a0 \u00a0 \u00a0szer. 18 cm wys. 25 cm<\/p>\n<p>Kapelusz\u00a0 \u00a0 szer. 12 cm wys. 13 cm<\/p>\n<p>Wielko\u015b\u0107 raportu:\u00a0 tapeta bez pasowania wzoru.<\/p>\n<p>&nbsp;<\/p>\n<\/div>\n<h3>Minimalne zam\u00f3wienie<\/h3>\n<p>Minimalne zam\u00f3wienie to jedna rolka.<\/p>\n<p>Istnieje mo\u017cliwo\u015b\u0107 zam\u00f3wie\u0144 tapety pod konkretny wymiar.<\/p>\n<div class=\"woocommerce-product-details__short-description\">\n<p>&nbsp;<\/p>\n<\/div>\n<div class=\"screeyn-social-sharing social-sharing clearfix\"><\/div>\n","protected":false},"excerpt":{"rendered":"<p>nr produktu WR0100NW1316<\/p>\n<p>Rolka 120 x 285 cm<\/p>\n","protected":false},"featured_media":1239,"template":"","meta":[],"product_cat":[632,537,544],"product_tag":[],"_links":{"self":[{"href":"https:\/\/mymodulo.pl\/sklep\/wp-json\/wp\/v2\/product\/1236"}],"collection":[{"href":"https:\/\/mymodulo.pl\/sklep\/wp-json\/wp\/v2\/product"}],"about":[{"href":"https:\/\/mymodulo.pl\/sklep\/wp-json\/wp\/v2\/types\/product"}],"wp:featuredmedia":[{"embeddable":true,"href":"https:\/\/mymodulo.pl\/sklep\/wp-json\/wp\/v2\/media\/1239"}],"wp:attachment":[{"href":"https:\/\/mymodulo.pl\/sklep\/wp-json\/wp\/v2\/media?parent=1236"}],"wp:term":[{"taxonomy":"product_cat","embeddable":true,"href":"https:\/\/mymodulo.pl\/sklep\/wp-json\/wp\/v2\/product_cat?post=1236"},{"taxonomy":"product_tag","embeddable":true,"href":"https:\/\/mymodulo.pl\/sklep\/wp-json\/wp\/v2\/product_tag?post=1236"}],"curies":[{"name":"wp","href":"https:\/\/api.w.org\/{rel}","templated":true}]}}