{"id":1227,"date":"2018-04-16T11:50:24","date_gmt":"2018-04-16T09:50:24","guid":{"rendered":"https:\/\/mymodulo.pl\/?post_type=product&#038;p=1227"},"modified":"2021-10-05T14:15:38","modified_gmt":"2021-10-05T12:15:38","slug":"tapeta-scienna-cactus","status":"publish","type":"product","link":"https:\/\/mymodulo.pl\/sklep\/produkt\/tapeta-scienna-cactus\/","title":{"rendered":"Tapeta \u015bcienna Cactus"},"content":{"rendered":"<p>Tapeta dzieci\u0119ca Cactus to tapeta w zielone kaktury zamieszka\u0142e w kolorowych doniczkach to pomys\u0142 dekoracji pokoju dla ma\u0142ych botanik\u00f3w. Jest tapet\u0105 jedn\u0105 z wielu propozycji kolekcji Green Way. Elementami wzoru s\u0105 zielone i szaro niebieskie kaktusy a w tle rozrzucone losowo czarne tr\u00f3jk\u0105ciki symbolizuj\u0105ce kolce. Tapeta posiada bia\u0142e t\u0142o.<\/p>\n<p>Tapeta zielono bia\u0142a wykorzystywana g\u0142\u00f3wnie w pokojach dzieci\u0119cych. Tapeta jest motywem dekoracyjnym sprzedawanym w panelach 120 x 285 cm. Jej delikatny wz\u00f3r jest na tyle uniwersalny \u017ce klienci ch\u0119tnie wykorzystuj\u0105 go r\u00f3wnie\u017c w pomieszczeniach mieszkalnych jak kuchnia czy przedpok\u00f3j.<\/p>\n<h3><strong>Aran\u017cacje\u00a0<\/strong><\/h3>\n<p><img loading=\"lazy\" class=\"alignnone size-medium wp-image-1229\" src=\"https:\/\/mymodulo.pl\/wp-content\/uploads\/2018\/04\/cactus1-300x248.jpg\" alt=\"\" width=\"300\" height=\"248\" srcset=\"https:\/\/mymodulo.pl\/sklep\/wp-content\/uploads\/2018\/04\/cactus1-300x248.jpg 300w, https:\/\/mymodulo.pl\/sklep\/wp-content\/uploads\/2018\/04\/cactus1-768x636.jpg 768w, https:\/\/mymodulo.pl\/sklep\/wp-content\/uploads\/2018\/04\/cactus1-1024x847.jpg 1024w, https:\/\/mymodulo.pl\/sklep\/wp-content\/uploads\/2018\/04\/cactus1-226x187.jpg 226w, https:\/\/mymodulo.pl\/sklep\/wp-content\/uploads\/2018\/04\/cactus1-1260x1043.jpg 1260w, https:\/\/mymodulo.pl\/sklep\/wp-content\/uploads\/2018\/04\/cactus1-600x497.jpg 600w, https:\/\/mymodulo.pl\/sklep\/wp-content\/uploads\/2018\/04\/cactus1.jpg 1392w\" sizes=\"(max-width: 300px) 100vw, 300px\" \/> <img loading=\"lazy\" class=\"alignnone size-medium wp-image-1230\" src=\"https:\/\/mymodulo.pl\/wp-content\/uploads\/2018\/04\/cactus2-300x248.jpg\" alt=\"\" width=\"300\" height=\"248\" srcset=\"https:\/\/mymodulo.pl\/sklep\/wp-content\/uploads\/2018\/04\/cactus2-300x248.jpg 300w, https:\/\/mymodulo.pl\/sklep\/wp-content\/uploads\/2018\/04\/cactus2-768x636.jpg 768w, https:\/\/mymodulo.pl\/sklep\/wp-content\/uploads\/2018\/04\/cactus2-1024x847.jpg 1024w, https:\/\/mymodulo.pl\/sklep\/wp-content\/uploads\/2018\/04\/cactus2-226x187.jpg 226w, https:\/\/mymodulo.pl\/sklep\/wp-content\/uploads\/2018\/04\/cactus2-1260x1043.jpg 1260w, https:\/\/mymodulo.pl\/sklep\/wp-content\/uploads\/2018\/04\/cactus2-600x497.jpg 600w, https:\/\/mymodulo.pl\/sklep\/wp-content\/uploads\/2018\/04\/cactus2.jpg 1392w\" sizes=\"(max-width: 300px) 100vw, 300px\" \/><\/p>\n<div class=\"woocommerce-product-details__short-description\">\n<h3><\/h3>\n<h3>Wymiary rolki<\/h3>\n<p>szeroko\u015b\u0107 120 cm<br \/>\nwysoko\u015b\u0107 285 cm<\/p>\n<h3>Materia\u0142<\/h3>\n<p>tapeta winylowa o podk\u0142adzie flizelinowym<\/p>\n<h3>Certyfikaty<\/h3>\n<p>niepalno\u015bci B1<br \/>\nnordycka etykieta ekologiczna Nordic Swan<\/p>\n<p>&nbsp;<\/p>\n<h3>Cechy g\u0142\u00f3wne produktu<\/h3>\n<h5>Wielko\u015bci wzoru:<\/h5>\n<p>Kaktus w doniczce (1)\u00a0 \u00a0 \u00a0 \u00a0 \u00a0szer. 12 cm\u00a0 \u00a0 \u00a0 wys. 50 cm<\/p>\n<p>Kaktus w doniczce (2)\u00a0 \u00a0 \u00a0 \u00a0 \u00a0szer. 15 cm\u00a0 \u00a0 \u00a0 wys. 28 cm<\/p>\n<p>Kaktus w doniczce (3)\u00a0 \u00a0 \u00a0 \u00a0 \u00a0szer. 17 cm\u00a0 \u00a0 \u00a0wys. 24 cm<\/p>\n<p>Wielko\u015b\u0107 raportu: tapeta bez pasowania wzoru.<\/p>\n<p>&nbsp;<\/p>\n<\/div>\n<h3>Minimalne zam\u00f3wienie<\/h3>\n<p>Minimalne zam\u00f3wienie to jedna rolka.<\/p>\n<p>Istnieje mo\u017cliwo\u015b\u0107 zam\u00f3wie\u0144 tapety pod konkretny wymiar.<\/p>\n<div class=\"woocommerce-product-details__short-description\">\n<p>&nbsp;<\/p>\n<\/div>\n<div class=\"screeyn-social-sharing social-sharing clearfix\"><\/div>\n","protected":false},"excerpt":{"rendered":"<p>nr produktu WR0600NW1703<\/p>\n<p>Rolka 120 x 285 cm<\/p>\n","protected":false},"featured_media":1228,"template":"","meta":[],"product_cat":[632,537,538],"product_tag":[],"_links":{"self":[{"href":"https:\/\/mymodulo.pl\/sklep\/wp-json\/wp\/v2\/product\/1227"}],"collection":[{"href":"https:\/\/mymodulo.pl\/sklep\/wp-json\/wp\/v2\/product"}],"about":[{"href":"https:\/\/mymodulo.pl\/sklep\/wp-json\/wp\/v2\/types\/product"}],"wp:featuredmedia":[{"embeddable":true,"href":"https:\/\/mymodulo.pl\/sklep\/wp-json\/wp\/v2\/media\/1228"}],"wp:attachment":[{"href":"https:\/\/mymodulo.pl\/sklep\/wp-json\/wp\/v2\/media?parent=1227"}],"wp:term":[{"taxonomy":"product_cat","embeddable":true,"href":"https:\/\/mymodulo.pl\/sklep\/wp-json\/wp\/v2\/product_cat?post=1227"},{"taxonomy":"product_tag","embeddable":true,"href":"https:\/\/mymodulo.pl\/sklep\/wp-json\/wp\/v2\/product_tag?post=1227"}],"curies":[{"name":"wp","href":"https:\/\/api.w.org\/{rel}","templated":true}]}}