{"id":1221,"date":"2018-04-16T11:38:11","date_gmt":"2018-04-16T09:38:11","guid":{"rendered":"https:\/\/mymodulo.pl\/?post_type=product&#038;p=1221"},"modified":"2021-10-05T14:15:38","modified_gmt":"2021-10-05T12:15:38","slug":"tapeta-scienna-painted-dots","status":"publish","type":"product","link":"https:\/\/mymodulo.pl\/sklep\/produkt\/tapeta-scienna-painted-dots\/","title":{"rendered":"Tapeta \u015bcienna Painted Dots"},"content":{"rendered":"<p>Tapeta dzieci\u0119ca Painted Dots z kolekcji Green Way to pomys\u0142 na \u015bwie\u017c\u0105, soczy\u015bcie zielon\u0105 \u015bcian\u0119 w pokoju dziecka lub nastolatka. Elementami wzoru s\u0105 zielone kropki imituj\u0105ce kropki malowane farb\u0105. Tapeta posiada bia\u0142e t\u0142o.<\/p>\n<p>Tapeta zielono bia\u0142a w stylu skandynawskim, minimalistycznym, wykorzystywana g\u0142\u00f3wnie w pokojach dzieci\u0119cych. Tapeta jest motywem dekoracyjnym sprzedawanym w panelach 120 x 285 cm. Ju\u017c jeden panel mo\u017ce nada\u0107 szczeg\u00f3lny charakter w pomieszczeniu, a przy wi\u0119kszych powierzchniach pi\u0119knie prezentuje si\u0119 na jednej czy dw\u00f3ch \u015bcianach. Jej delikatny wz\u00f3r jest na tyle uniwersalny \u017ce klienci ch\u0119tnie wykorzystuj\u0105 go r\u00f3wnie\u017c w pomieszczeniach mieszkalnych jak kuchnia czy przedpok\u00f3j.<\/p>\n<p>&nbsp;<\/p>\n<h3><strong>Aran\u017cacje\u00a0<\/strong><\/h3>\n<p><img loading=\"lazy\" class=\"alignnone size-medium wp-image-1222\" src=\"https:\/\/mymodulo.pl\/wp-content\/uploads\/2018\/04\/painted-dots-280x300.jpg\" alt=\"\" width=\"280\" height=\"300\" srcset=\"https:\/\/mymodulo.pl\/sklep\/wp-content\/uploads\/2018\/04\/painted-dots-280x300.jpg 280w, https:\/\/mymodulo.pl\/sklep\/wp-content\/uploads\/2018\/04\/painted-dots-768x824.jpg 768w, https:\/\/mymodulo.pl\/sklep\/wp-content\/uploads\/2018\/04\/painted-dots-174x187.jpg 174w, https:\/\/mymodulo.pl\/sklep\/wp-content\/uploads\/2018\/04\/painted-dots-600x644.jpg 600w, https:\/\/mymodulo.pl\/sklep\/wp-content\/uploads\/2018\/04\/painted-dots.jpg 895w\" sizes=\"(max-width: 280px) 100vw, 280px\" \/> <img loading=\"lazy\" class=\"alignnone size-medium wp-image-1223\" src=\"https:\/\/mymodulo.pl\/wp-content\/uploads\/2018\/04\/painted-dots3-260x300.jpg\" alt=\"\" width=\"260\" height=\"300\" srcset=\"https:\/\/mymodulo.pl\/sklep\/wp-content\/uploads\/2018\/04\/painted-dots3-260x300.jpg 260w, https:\/\/mymodulo.pl\/sklep\/wp-content\/uploads\/2018\/04\/painted-dots3.jpg 768w, https:\/\/mymodulo.pl\/sklep\/wp-content\/uploads\/2018\/04\/painted-dots3-162x187.jpg 162w, https:\/\/mymodulo.pl\/sklep\/wp-content\/uploads\/2018\/04\/painted-dots3-600x692.jpg 600w\" sizes=\"(max-width: 260px) 100vw, 260px\" \/><\/p>\n<div class=\"woocommerce-product-details__short-description\">\n<h3><\/h3>\n<h3>Wymiary rolki<\/h3>\n<p>szeroko\u015b\u0107 120 cm<br \/>\nwysoko\u015b\u0107 285 cm<\/p>\n<h3>Materia\u0142<\/h3>\n<p>tapeta winylowa o podk\u0142adzie flizelinowym<\/p>\n<h3>Certyfikaty<\/h3>\n<p>niepalno\u015bci B1<br \/>\nnordycka etykieta ekologiczna Nordic Swan<\/p>\n<h3>Cechy g\u0142\u00f3wne produktu<\/h3>\n<h5>Wielko\u015bci wzoru:<\/h5>\n<p>Kropka du\u017ca\u00a0 \u00a0 \u00a0 \u00a0 \u00a0 szer. 14,5 cm\u00a0 \u00a0 wys. 14,5 cm<\/p>\n<p>Kropka ma\u0142a\u00a0 \u00a0 \u00a0 \u00a0 \u00a0 szer. 7 cm\u00a0 \u00a0 \u00a0wys. 7 cm<\/p>\n<p>Wielko\u015b\u0107 raportu: tapeta bez pasowania wzoru.<\/p>\n<\/div>\n<p>&nbsp;<\/p>\n<h3>Minimalne zam\u00f3wienie<\/h3>\n<p>Minimalne zam\u00f3wienie to jedna rolka.<\/p>\n<p>Istnieje mo\u017cliwo\u015b\u0107 zam\u00f3wie\u0144 tapety pod konkretny wymiar.<\/p>\n<div class=\"woocommerce-product-details__short-description\">\n<p>&nbsp;<\/p>\n<\/div>\n<div class=\"screeyn-social-sharing social-sharing clearfix\"><\/div>\n","protected":false},"excerpt":{"rendered":"<p>nr produktu WR0600NW1702<\/p>\n<p>Rolka 120 x 285 cm<\/p>\n","protected":false},"featured_media":1224,"template":"","meta":[],"product_cat":[632,537,538],"product_tag":[],"_links":{"self":[{"href":"https:\/\/mymodulo.pl\/sklep\/wp-json\/wp\/v2\/product\/1221"}],"collection":[{"href":"https:\/\/mymodulo.pl\/sklep\/wp-json\/wp\/v2\/product"}],"about":[{"href":"https:\/\/mymodulo.pl\/sklep\/wp-json\/wp\/v2\/types\/product"}],"wp:featuredmedia":[{"embeddable":true,"href":"https:\/\/mymodulo.pl\/sklep\/wp-json\/wp\/v2\/media\/1224"}],"wp:attachment":[{"href":"https:\/\/mymodulo.pl\/sklep\/wp-json\/wp\/v2\/media?parent=1221"}],"wp:term":[{"taxonomy":"product_cat","embeddable":true,"href":"https:\/\/mymodulo.pl\/sklep\/wp-json\/wp\/v2\/product_cat?post=1221"},{"taxonomy":"product_tag","embeddable":true,"href":"https:\/\/mymodulo.pl\/sklep\/wp-json\/wp\/v2\/product_tag?post=1221"}],"curies":[{"name":"wp","href":"https:\/\/api.w.org\/{rel}","templated":true}]}}