{"id":1215,"date":"2018-04-16T09:57:02","date_gmt":"2018-04-16T07:57:02","guid":{"rendered":"https:\/\/mymodulo.pl\/?post_type=product&#038;p=1215"},"modified":"2021-10-05T14:15:38","modified_gmt":"2021-10-05T12:15:38","slug":"tapeta-scienna-monstera-leaf","status":"publish","type":"product","link":"https:\/\/mymodulo.pl\/sklep\/produkt\/tapeta-scienna-monstera-leaf\/","title":{"rendered":"Tapeta \u015bcienna Monstera Leaf"},"content":{"rendered":"<p>Tapeta \u015bcienna Monstera leaf to produkt, kt\u00f3ry pomaga stworzy\u0107 wyj\u0105tkow\u0105\u00a0przestrze\u0144\u00a0w naszym mieszkaniu. Ten florystyczny styl jest na tyle uniwersalny \u017ce nadaje si\u0119 do pokoju dziecka jak innych pomieszcze\u0144 naszego wyj\u0105tkowego domu. Tapeta posiada bia\u0142e t\u0142o.<\/p>\n<p>Tapeta wykorzystywana we wn\u0119trzach komercyjnych jak pomieszczeniach biurowych czy restauracjach, oraz w pomieszczeniach mieszkalnych jak pokoje dla dzieci, kuchnie, \u0142azienki czy pokoje dzienne. Tapeta jest motywem dekoracyjnym sprzedawanym w panelach 120 x 285 cm. Ju\u017c jeden panel mo\u017ce nada\u0107 szczeg\u00f3lny charakter w pomieszczeniu.<\/p>\n<p>Cieszy si\u0119 du\u017c\u0105 popularno\u015bci\u0105 w obiektach u\u017cyteczno\u015bci publicznej oraz w nowoczesnych mieszkaniach. Tapeta Monstera nadaje egzotyczny klimat.<\/p>\n<p>Tapeta jest dost\u0119pna w wersji winylowej (z mo\u017cliwo\u015bci\u0105 zmywania zabrudze\u0144 oraz z mo\u017cliwo\u015bci\u0105 lepszej piel\u0119gnacji \u015bciany) b\u0105d\u017c na szczeg\u00f3lne zam\u00f3wienie w wersji ekologicznej na pod\u0142o\u017cu flizelinowym.<\/p>\n<p>&nbsp;<\/p>\n<h3><strong>Aran\u017cacje\u00a0<\/strong><\/h3>\n<p><img loading=\"lazy\" class=\"size-medium wp-image-1218 alignleft\" src=\"https:\/\/mymodulo.pl\/wp-content\/uploads\/2018\/04\/tapeta-monstera-300x248.jpg\" alt=\"\" width=\"300\" height=\"248\" srcset=\"https:\/\/mymodulo.pl\/sklep\/wp-content\/uploads\/2018\/04\/tapeta-monstera-300x248.jpg 300w, https:\/\/mymodulo.pl\/sklep\/wp-content\/uploads\/2018\/04\/tapeta-monstera-768x636.jpg 768w, https:\/\/mymodulo.pl\/sklep\/wp-content\/uploads\/2018\/04\/tapeta-monstera-1024x847.jpg 1024w, https:\/\/mymodulo.pl\/sklep\/wp-content\/uploads\/2018\/04\/tapeta-monstera-226x187.jpg 226w, https:\/\/mymodulo.pl\/sklep\/wp-content\/uploads\/2018\/04\/tapeta-monstera-1260x1043.jpg 1260w, https:\/\/mymodulo.pl\/sklep\/wp-content\/uploads\/2018\/04\/tapeta-monstera-600x497.jpg 600w, https:\/\/mymodulo.pl\/sklep\/wp-content\/uploads\/2018\/04\/tapeta-monstera.jpg 1392w\" sizes=\"(max-width: 300px) 100vw, 300px\" \/> <img loading=\"lazy\" class=\"size-medium wp-image-1217 alignleft\" src=\"https:\/\/mymodulo.pl\/wp-content\/uploads\/2018\/04\/monstera-300x248.jpg\" alt=\"\" width=\"300\" height=\"248\" srcset=\"https:\/\/mymodulo.pl\/sklep\/wp-content\/uploads\/2018\/04\/monstera-300x248.jpg 300w, https:\/\/mymodulo.pl\/sklep\/wp-content\/uploads\/2018\/04\/monstera-768x636.jpg 768w, https:\/\/mymodulo.pl\/sklep\/wp-content\/uploads\/2018\/04\/monstera-1024x847.jpg 1024w, https:\/\/mymodulo.pl\/sklep\/wp-content\/uploads\/2018\/04\/monstera-226x187.jpg 226w, https:\/\/mymodulo.pl\/sklep\/wp-content\/uploads\/2018\/04\/monstera-1260x1043.jpg 1260w, https:\/\/mymodulo.pl\/sklep\/wp-content\/uploads\/2018\/04\/monstera-600x497.jpg 600w, https:\/\/mymodulo.pl\/sklep\/wp-content\/uploads\/2018\/04\/monstera.jpg 1392w\" sizes=\"(max-width: 300px) 100vw, 300px\" \/><\/p>\n<div class=\"woocommerce-product-details__short-description\">\n<h3><\/h3>\n<h3><\/h3>\n<h3><\/h3>\n<h3><\/h3>\n<h3><\/h3>\n<h3><\/h3>\n<h3><\/h3>\n<h3>Wymiary rolki<\/h3>\n<p>szeroko\u015b\u0107 120 cm<br \/>\nwysoko\u015b\u0107 285 cm<\/p>\n<h3>Materia\u0142<\/h3>\n<p>tapeta winylowa o podk\u0142adzie flizelinowym<\/p>\n<h3>Certyfikaty<\/h3>\n<p>niepalno\u015bci B1<br \/>\nnordycka etykieta ekologiczna Nordic Swan<\/p>\n<h3>Cechy g\u0142\u00f3wne produktu<\/h3>\n<h5>Wielko\u015bci wzoru:<\/h5>\n<p>Li\u015b\u0107 Monstery du\u017cy\u00a0 \u00a0 \u00a0 \u00a0 \u00a0 \u00a0 \u00a0 \u00a0szer. 80 cm\u00a0 wys. 78 cm<\/p>\n<p>Li\u015b\u0107 Monstery ma\u0142y\u00a0 \u00a0 \u00a0 \u00a0 \u00a0 \u00a0 \u00a0 \u00a0szer. 27 cm wys. 27 cm<\/p>\n<\/div>\n<p>&nbsp;<\/p>\n<h3>Minimalne zam\u00f3wienie<\/h3>\n<p>Minimalne zam\u00f3wienie to jedna rolka.<\/p>\n<p>Istnieje mo\u017cliwo\u015b\u0107 zam\u00f3wie\u0144 tapety pod konkretny wymiar.<\/p>\n<div class=\"woocommerce-product-details__short-description\">\n<p>&nbsp;<\/p>\n<\/div>\n<div class=\"screeyn-social-sharing social-sharing clearfix\"><\/div>\n","protected":false},"excerpt":{"rendered":"<p>nr produktu WR0616NW1701<\/p>\n<p>Rolka 120 x 285 cm<\/p>\n","protected":false},"featured_media":1214,"template":"","meta":[],"product_cat":[632,537,538],"product_tag":[],"_links":{"self":[{"href":"https:\/\/mymodulo.pl\/sklep\/wp-json\/wp\/v2\/product\/1215"}],"collection":[{"href":"https:\/\/mymodulo.pl\/sklep\/wp-json\/wp\/v2\/product"}],"about":[{"href":"https:\/\/mymodulo.pl\/sklep\/wp-json\/wp\/v2\/types\/product"}],"wp:featuredmedia":[{"embeddable":true,"href":"https:\/\/mymodulo.pl\/sklep\/wp-json\/wp\/v2\/media\/1214"}],"wp:attachment":[{"href":"https:\/\/mymodulo.pl\/sklep\/wp-json\/wp\/v2\/media?parent=1215"}],"wp:term":[{"taxonomy":"product_cat","embeddable":true,"href":"https:\/\/mymodulo.pl\/sklep\/wp-json\/wp\/v2\/product_cat?post=1215"},{"taxonomy":"product_tag","embeddable":true,"href":"https:\/\/mymodulo.pl\/sklep\/wp-json\/wp\/v2\/product_tag?post=1215"}],"curies":[{"name":"wp","href":"https:\/\/api.w.org\/{rel}","templated":true}]}}