{"id":11716,"date":"2025-03-20T13:15:25","date_gmt":"2025-03-20T12:15:25","guid":{"rendered":"https:\/\/mymodulo.pl\/sklep\/?post_type=product&#038;p=11716"},"modified":"2025-04-07T16:21:41","modified_gmt":"2025-04-07T14:21:41","slug":"lozko-tapicerowane-lunaro","status":"publish","type":"product","link":"https:\/\/mymodulo.pl\/sklep\/produkt\/lozko-tapicerowane-lunaro\/","title":{"rendered":"\u0141\u00f3\u017cko tapicerowane Lunaro"},"content":{"rendered":"<p>Wybieraj\u0105c meble do sypialni zawsze zastanawiamy si\u0119 nad ich wygl\u0105dem oraz dopasowaniem do ca\u0142ej aran\u017cacji wn\u0119trza, ale coraz cz\u0119\u015bciej zwracamy uwag\u0119 tak\u017ce na praktyczno\u015b\u0107 i funkcjonalno\u015b\u0107. Ma to szczeg\u00f3lne znaczenie w przypadku \u0142\u00f3\u017cka, kt\u00f3re powinno by\u0107 nie tylko komfortowe i wygodne, ale tak\u017ce ergonomiczne. Czy zatem warto wybra\u0107 \u0142\u00f3\u017cko z wezg\u0142owiem do swojej sypialni?<\/p>\n<h3 style=\"text-align: center;\"><strong>Stylowe tapicerowane \u0142\u00f3\u017cko z pojemnikiem na po\u015bciel<\/strong><br \/>\n<strong>Po\u0142\u0105czenie elegancji i praktyczno\u015bci<\/strong><\/h3>\n<h3 style=\"text-align: center;\">LUNARO<\/h3>\n<p data-start=\"157\" data-end=\"418\">Twoja sypialnia zas\u0142uguje na mebel, kt\u00f3ry nie tylko zachwyca wygl\u0105dem, ale tak\u017ce gwarantuje wygod\u0119 na najwy\u017cszym poziomie. To stylowe, tapicerowane \u0142\u00f3\u017cko \u0142\u0105czy elegancj\u0119 z praktyczno\u015bci\u0105, tworz\u0105c harmonijn\u0105 ca\u0142o\u015b\u0107, kt\u00f3ra doskonale wpasuje si\u0119 w ka\u017cde wn\u0119trze.<\/p>\n<p data-start=\"420\" data-end=\"467\"><strong data-start=\"420\" data-end=\"465\">Idealne dopasowanie do Twojej przestrzeni<\/strong><\/p>\n<p data-start=\"469\" data-end=\"717\">Dost\u0119pne w kilku rozmiarach, \u015bwietnie sprawdzi si\u0119 zar\u00f3wno w przestronnych, jak i bardziej przytulnych sypialniach. Bogata paleta tkanin obiciowych pozwala na pe\u0142n\u0105 personalizacj\u0119 \u2013 od klasycznych, stonowanych barw po bardziej wyraziste odcienie.<\/p>\n<p>&nbsp;<\/p>\n<div id=\"attachment_11737\" style=\"width: 1034px\" class=\"wp-caption alignnone\"><img aria-describedby=\"caption-attachment-11737\" loading=\"lazy\" class=\"wp-image-11737 size-large\" src=\"https:\/\/mymodulo.pl\/sklep\/wp-content\/uploads\/2025\/03\/Zdjecie-WhatsApp-2025-03-18-o-11.38.12_71bfbdf2-1024x766.jpg\" alt=\"\u0141\u00f3\u017cko tapicerowane z zag\u0142\u00f3wkiem\" width=\"1024\" height=\"766\" srcset=\"https:\/\/mymodulo.pl\/sklep\/wp-content\/uploads\/2025\/03\/Zdjecie-WhatsApp-2025-03-18-o-11.38.12_71bfbdf2-1024x766.jpg 1024w, https:\/\/mymodulo.pl\/sklep\/wp-content\/uploads\/2025\/03\/Zdjecie-WhatsApp-2025-03-18-o-11.38.12_71bfbdf2-300x224.jpg 300w, https:\/\/mymodulo.pl\/sklep\/wp-content\/uploads\/2025\/03\/Zdjecie-WhatsApp-2025-03-18-o-11.38.12_71bfbdf2-768x575.jpg 768w, https:\/\/mymodulo.pl\/sklep\/wp-content\/uploads\/2025\/03\/Zdjecie-WhatsApp-2025-03-18-o-11.38.12_71bfbdf2-1536x1149.jpg 1536w, https:\/\/mymodulo.pl\/sklep\/wp-content\/uploads\/2025\/03\/Zdjecie-WhatsApp-2025-03-18-o-11.38.12_71bfbdf2-250x187.jpg 250w, https:\/\/mymodulo.pl\/sklep\/wp-content\/uploads\/2025\/03\/Zdjecie-WhatsApp-2025-03-18-o-11.38.12_71bfbdf2-1260x943.jpg 1260w, https:\/\/mymodulo.pl\/sklep\/wp-content\/uploads\/2025\/03\/Zdjecie-WhatsApp-2025-03-18-o-11.38.12_71bfbdf2-600x449.jpg 600w, https:\/\/mymodulo.pl\/sklep\/wp-content\/uploads\/2025\/03\/Zdjecie-WhatsApp-2025-03-18-o-11.38.12_71bfbdf2.jpg 1600w\" sizes=\"(max-width: 1024px) 100vw, 1024px\" \/><p id=\"caption-attachment-11737\" class=\"wp-caption-text\">Zdj\u0119cie: Dappi<\/p><\/div>\n<p data-start=\"719\" data-end=\"763\"><strong data-start=\"719\" data-end=\"761\">Luksusowe detale i solidna konstrukcja<\/strong><\/p>\n<p data-start=\"765\" data-end=\"1003\">Szeroka, efektownie marszczona rama oraz niskie, mi\u0119kkie wezg\u0142owie nadaj\u0105 \u0142\u00f3\u017cku wyj\u0105tkowego charakteru. Starannie dobrane materia\u0142y i precyzyjne wyko\u0144czenie sprawiaj\u0105, \u017ce jest to wyb\u00f3r na lata \u2013 trwa\u0142y, elegancki i niezwykle komfortowy.<\/p>\n<p data-start=\"1005\" data-end=\"1039\"><strong data-start=\"1005\" data-end=\"1037\">Wygoda, na kt\u00f3r\u0105 zas\u0142ugujesz<\/strong><\/p>\n<p data-start=\"1041\" data-end=\"1284\">To \u0142\u00f3\u017cko nie tylko podkre\u015bli charakter Twojej sypialni, ale tak\u017ce zapewni idealne warunki do odpoczynku. Niezale\u017cnie od stylu aran\u017cacji \u2013 nowoczesnego czy klasycznego \u2013 stanie si\u0119 centralnym punktem wn\u0119trza, \u0142\u0105cz\u0105c pi\u0119kno z funkcjonalno\u015bci\u0105.<\/p>\n<p data-start=\"1286\" data-end=\"1398\">Wybierz komfort i styl na najwy\u017cszym poziomie \u2013 zam\u00f3w ju\u017c dzi\u015b i ciesz si\u0119 perfekcyjnym designem ka\u017cdego dnia!<\/p>\n<h3>Funkcjonalno\u015b\u0107, kt\u00f3ra u\u0142atwia codzienne \u017cycie<\/h3>\n<p>\u0141\u00f3\u017cko wyposa\u017cone jest w <strong>praktyczny pojemnik na po\u015bciel<\/strong>, kt\u00f3ry umo\u017cliwia wygodne przechowywanie koc\u00f3w, poduszek czy dodatkowej po\u015bcieli. To idealne rozwi\u0105zanie dla os\u00f3b ceni\u0105cych porz\u0105dek i funkcjonalne rozwi\u0105zania w sypialni. \u015arodek \u0142\u00f3\u017cka jest tapicerowany, wy\u0142o\u017cony czarn\u0105 hydrofobow\u0105 tkanin\u0105.<\/p>\n<p>\u0141\u00f3\u017cko jest wyposa\u017cone w solidny stalowy stela\u017c, kt\u00f3ry sk\u0142ada si\u0119\u00a0 z 48 listewek gi\u0119tych. Stela\u017c podnoszony jest na si\u0142ownikach gazowych.<\/p>\n<p>&nbsp;<\/p>\n<h3>Co wyr\u00f3\u017cnia \u0142\u00f3\u017cko Lunaro?<\/h3>\n<ul>\n<li><strong>Wymiary<\/strong>: dost\u0119pne w czterech rozmiarach, aby dopasowa\u0107 si\u0119 do Twoich potrzeb.<\/li>\n<li><strong>Tkaniny<\/strong>: szeroki wyb\u00f3r materia\u0142\u00f3w i kolor\u00f3w pozwala na pe\u0142n\u0105 personalizacj\u0119.<\/li>\n<li><strong>Pojemnik na po\u015bciel<\/strong>: idealny na przechowywanie, zapewniaj\u0105c porz\u0105dek w sypialni.<\/li>\n<li><strong>Designerski zag\u0142\u00f3wek<\/strong>:\u00a0 wygodny i stylowy \u2013 doskona\u0142y do wieczornego relaksu.<\/li>\n<\/ul>\n<p><img loading=\"lazy\" class=\"aligncenter wp-image-11741 size-large\" src=\"https:\/\/mymodulo.pl\/sklep\/wp-content\/uploads\/2025\/03\/Zdjecie-WhatsApp-2025-03-18-o-11.38.13_b258a721-768x1024.jpg\" alt=\"\u0141\u00f3\u017cko tapicerowane z zag\u0142\u00f3wkiem\" width=\"768\" height=\"1024\" srcset=\"https:\/\/mymodulo.pl\/sklep\/wp-content\/uploads\/2025\/03\/Zdjecie-WhatsApp-2025-03-18-o-11.38.13_b258a721-768x1024.jpg 768w, https:\/\/mymodulo.pl\/sklep\/wp-content\/uploads\/2025\/03\/Zdjecie-WhatsApp-2025-03-18-o-11.38.13_b258a721-225x300.jpg 225w, https:\/\/mymodulo.pl\/sklep\/wp-content\/uploads\/2025\/03\/Zdjecie-WhatsApp-2025-03-18-o-11.38.13_b258a721-1152x1536.jpg 1152w, https:\/\/mymodulo.pl\/sklep\/wp-content\/uploads\/2025\/03\/Zdjecie-WhatsApp-2025-03-18-o-11.38.13_b258a721-140x187.jpg 140w, https:\/\/mymodulo.pl\/sklep\/wp-content\/uploads\/2025\/03\/Zdjecie-WhatsApp-2025-03-18-o-11.38.13_b258a721-600x800.jpg 600w, https:\/\/mymodulo.pl\/sklep\/wp-content\/uploads\/2025\/03\/Zdjecie-WhatsApp-2025-03-18-o-11.38.13_b258a721.jpg 1200w\" sizes=\"(max-width: 768px) 100vw, 768px\" \/><\/p>\n<p>&nbsp;<\/p>\n<h3>Dost\u0119pne wymiary \u0142\u00f3\u017cka Lunaro<\/h3>\n<p>\u0141\u00f3\u017cko dost\u0119pne jest dla materaca o wymiarach:<\/p>\n<p>140&#215;200 cm<br \/>\n160&#215;200 cm<br \/>\n180&#215;200 cm<br \/>\n200&#215;220 cm<\/p>\n<p><strong>Wymiary \u0142\u00f3\u017cka:<\/strong><\/p>\n<p>Wysoko\u015b\u0107 ramy \u0142\u00f3\u017cka: 35 cm na \u015blizgach<br \/>\nWysoko\u015b\u0107 zag\u0142\u00f3wka: 120 cm od pod\u0142ogi<br \/>\nGrubo\u015b\u0107 zag\u0142\u00f3wka: 10 cm<br \/>\nGrubo\u015b\u0107 ramy: 5 cm<br \/>\nZag\u0142\u0119bienie materaca ok 8-9 cm<\/p>\n<p>Je\u017celi jeste\u015b zainteresowany\/a innym rozmiarem \u0142\u00f3\u017cka napisz do nas na kontakt@mymodulo.pl<\/p>\n<p>Ty\u0142 zag\u0142\u00f3wka wyko\u0144czony jest czarn\u0105 tkanina tapicersk\u0105. Je\u017celi \u017cyczysz sobie wyko\u0144czenie zag\u0142\u00f3wka tkanin\u0105 &#8211; poinformuj nas o tym przy sk\u0142adaniu zam\u00f3wienia.<\/p>\n<p>Meble s\u0105 wykonywane r\u0119cznie, nale\u017cy przyj\u0105\u0107 tolerancj\u0119 wymiarow\u0105 +\/- 2 cm.<\/p>\n<h3><\/h3>\n<h3>Warunki zam\u00f3wienia, dostawy, monta\u017cu<\/h3>\n<ul>\n<li>Zam\u00f3wienie z\u0142\u00f3\u017c w sklepie internetowym lub wy\u015blij e-mail na kontakt@mymodulo.pl.<\/li>\n<li>Koszt dostawy<br \/>\n250 z\u0142 &#8211; spedycja meblowa (bez wniesienia, bez monta\u017cu)<br \/>\n500 z\u0142 &#8211; spedycja meblowa (z wniesieniem, bez monta\u017cu)<br \/>\nDostawa z monta\u017cem jest wyceniana indywidualnie, koszt uzale\u017cniony jest od miejsca realizacji.<\/li>\n<li>Po op\u0142aceniu zam\u00f3wienia mo\u017cemy wys\u0142a\u0107 do 10 pr\u00f3bek tkanin<\/li>\n<li>Termin realizacji zam\u00f3wienia ok 25-30\u00a0 dni roboczych od momentu zaksi\u0119gowania wp\u0142aty oraz otrzymania informacji odno\u015bnie wybranej tkaniny. Do czasu realizacji nale\u017cy doliczy\u0107 czas dostawy.<\/li>\n<li>Czas dostawy wynosi do 10 dni roboczych od momentu zako\u0144czenia realizacji zam\u00f3wienia.<\/li>\n<li>Zam\u00f3wienie nie podlega zwrotowi<\/li>\n<\/ul>\n<p>Sprawd\u017a tak\u017ce inne <a href=\"https:\/\/mymodulo.pl\/sklep\/kategoria-produktu\/lozka-tapicerowane-do-sypialni\/\">\u0142\u00f3\u017cka tapicerowane do sypialni<\/a><\/p>\n<h3><\/h3>\n<h3>Wzornik kolorystyczny<\/h3>\n<p>\u0141\u00f3\u017cko Lunaro doskonale prezentuje si\u0119 w tkaninie Manza. W\u0142a\u015bnie t\u0105 tkanin\u0119 dedykujemy dla tego \u0142\u00f3\u017cka.<\/p>\n<p>Kolekcja Manza, to wsp\u00f3\u0142czesna interpretacja definicji elegancji\u00a0i\u00a0komfortu. Tkanina boucle\u00a0 o\u00a0unikatowym satynowym wyko\u0144czeniu, prezentowana w\u00a0delikatnych odcieniach be\u017cy i\u00a0szaro\u015bci\u00a0 z\u00a0mocniejszym akcentem z\u0142ota oraz\u00a0gorzkiej czekolady. Mi\u0119kko\u015b\u0107 w\u00a0dotyku tkaninie nadaje faktura p\u0119telek o\u00a0\u017cakardowym splocie.<\/p>\n<style type=\"text\/css\">\n\t\t\t\t#gallery-1 {\n\t\t\t\t\tmargin: auto;\n\t\t\t\t}\n\t\t\t\t#gallery-1 .gallery-item {\n\t\t\t\t\tfloat: left;\n\t\t\t\t\tmargin-top: 10px;\n\t\t\t\t\ttext-align: center;\n\t\t\t\t\twidth: 25%;\n\t\t\t\t}\n\t\t\t\t#gallery-1 .gallery-caption {\n\t\t\t\t\tmargin-left: 0;\n\t\t\t\t}\n\t\t\t<\/style><!-- see gallery_shortcode() in wp-includes\/media.php -->\n\t\t\t\n\t\t<div id=\"gallery-1\" class=\"gallery galleryid-11716 mfp-gallery mfp-gallery--images gallery-columns-4 gallery-size-thumbnail\"><div class=\"row zn_image_gallery \"><div class=\"col-sm-6 col-md-4 col-lg-3\"><a href=\"https:\/\/mymodulo.pl\/sklep\/wp-content\/uploads\/2025\/03\/Manza29.jpg\" title=\"Manza 29\" class=\"hoverBorder\"><img width=\"150\" height=\"150\" src=\"https:\/\/mymodulo.pl\/sklep\/wp-content\/uploads\/2025\/03\/Manza29-150x150.jpg\" class=\"attachment-thumbnail size-thumbnail\" alt=\"\" loading=\"lazy\" fid=\"249\" link=\"none\" columns=\"4\" orderby=\"rml\" srcset=\"https:\/\/mymodulo.pl\/sklep\/wp-content\/uploads\/2025\/03\/Manza29-150x150.jpg 150w, https:\/\/mymodulo.pl\/sklep\/wp-content\/uploads\/2025\/03\/Manza29-300x300.jpg 300w, https:\/\/mymodulo.pl\/sklep\/wp-content\/uploads\/2025\/03\/Manza29-1024x1024.jpg 1024w, https:\/\/mymodulo.pl\/sklep\/wp-content\/uploads\/2025\/03\/Manza29-768x768.jpg 768w, https:\/\/mymodulo.pl\/sklep\/wp-content\/uploads\/2025\/03\/Manza29-1536x1536.jpg 1536w, https:\/\/mymodulo.pl\/sklep\/wp-content\/uploads\/2025\/03\/Manza29-187x187.jpg 187w, https:\/\/mymodulo.pl\/sklep\/wp-content\/uploads\/2025\/03\/Manza29-1260x1260.jpg 1260w, https:\/\/mymodulo.pl\/sklep\/wp-content\/uploads\/2025\/03\/Manza29-390x390.jpg 390w, https:\/\/mymodulo.pl\/sklep\/wp-content\/uploads\/2025\/03\/Manza29-600x600.jpg 600w, https:\/\/mymodulo.pl\/sklep\/wp-content\/uploads\/2025\/03\/Manza29-100x100.jpg 100w, https:\/\/mymodulo.pl\/sklep\/wp-content\/uploads\/2025\/03\/Manza29.jpg 1920w\" sizes=\"(max-width: 150px) 100vw, 150px\" \/><span class=\"gallery_caption\">Manza 29<\/span><\/a><\/div><div class=\"col-sm-6 col-md-4 col-lg-3\"><a href=\"https:\/\/mymodulo.pl\/sklep\/wp-content\/uploads\/2025\/03\/Manza-99.jpg\" title=\"Manza 99\" class=\"hoverBorder\"><img width=\"150\" height=\"150\" src=\"https:\/\/mymodulo.pl\/sklep\/wp-content\/uploads\/2025\/03\/Manza-99-150x150.jpg\" class=\"attachment-thumbnail size-thumbnail\" alt=\"\" loading=\"lazy\" fid=\"249\" link=\"none\" columns=\"4\" orderby=\"rml\" srcset=\"https:\/\/mymodulo.pl\/sklep\/wp-content\/uploads\/2025\/03\/Manza-99-150x150.jpg 150w, https:\/\/mymodulo.pl\/sklep\/wp-content\/uploads\/2025\/03\/Manza-99-300x300.jpg 300w, https:\/\/mymodulo.pl\/sklep\/wp-content\/uploads\/2025\/03\/Manza-99-1024x1024.jpg 1024w, https:\/\/mymodulo.pl\/sklep\/wp-content\/uploads\/2025\/03\/Manza-99-768x768.jpg 768w, https:\/\/mymodulo.pl\/sklep\/wp-content\/uploads\/2025\/03\/Manza-99-1536x1536.jpg 1536w, https:\/\/mymodulo.pl\/sklep\/wp-content\/uploads\/2025\/03\/Manza-99-187x187.jpg 187w, https:\/\/mymodulo.pl\/sklep\/wp-content\/uploads\/2025\/03\/Manza-99-1260x1260.jpg 1260w, https:\/\/mymodulo.pl\/sklep\/wp-content\/uploads\/2025\/03\/Manza-99-390x390.jpg 390w, https:\/\/mymodulo.pl\/sklep\/wp-content\/uploads\/2025\/03\/Manza-99-600x600.jpg 600w, https:\/\/mymodulo.pl\/sklep\/wp-content\/uploads\/2025\/03\/Manza-99-100x100.jpg 100w, https:\/\/mymodulo.pl\/sklep\/wp-content\/uploads\/2025\/03\/Manza-99.jpg 1920w\" sizes=\"(max-width: 150px) 100vw, 150px\" \/><span class=\"gallery_caption\">Manza 99<\/span><\/a><\/div><div class=\"col-sm-6 col-md-4 col-lg-3\"><a href=\"https:\/\/mymodulo.pl\/sklep\/wp-content\/uploads\/2025\/03\/Manza-92.jpg\" title=\"Manza 92\" class=\"hoverBorder\"><img width=\"150\" height=\"150\" src=\"https:\/\/mymodulo.pl\/sklep\/wp-content\/uploads\/2025\/03\/Manza-92-150x150.jpg\" class=\"attachment-thumbnail size-thumbnail\" alt=\"\" loading=\"lazy\" fid=\"249\" link=\"none\" columns=\"4\" orderby=\"rml\" srcset=\"https:\/\/mymodulo.pl\/sklep\/wp-content\/uploads\/2025\/03\/Manza-92-150x150.jpg 150w, https:\/\/mymodulo.pl\/sklep\/wp-content\/uploads\/2025\/03\/Manza-92-300x300.jpg 300w, https:\/\/mymodulo.pl\/sklep\/wp-content\/uploads\/2025\/03\/Manza-92-1024x1024.jpg 1024w, https:\/\/mymodulo.pl\/sklep\/wp-content\/uploads\/2025\/03\/Manza-92-768x768.jpg 768w, https:\/\/mymodulo.pl\/sklep\/wp-content\/uploads\/2025\/03\/Manza-92-1536x1536.jpg 1536w, https:\/\/mymodulo.pl\/sklep\/wp-content\/uploads\/2025\/03\/Manza-92-187x187.jpg 187w, https:\/\/mymodulo.pl\/sklep\/wp-content\/uploads\/2025\/03\/Manza-92-1260x1260.jpg 1260w, https:\/\/mymodulo.pl\/sklep\/wp-content\/uploads\/2025\/03\/Manza-92-390x390.jpg 390w, https:\/\/mymodulo.pl\/sklep\/wp-content\/uploads\/2025\/03\/Manza-92-600x600.jpg 600w, https:\/\/mymodulo.pl\/sklep\/wp-content\/uploads\/2025\/03\/Manza-92-100x100.jpg 100w, https:\/\/mymodulo.pl\/sklep\/wp-content\/uploads\/2025\/03\/Manza-92.jpg 1920w\" sizes=\"(max-width: 150px) 100vw, 150px\" \/><span class=\"gallery_caption\">Manza 92<\/span><\/a><\/div><div class=\"col-sm-6 col-md-4 col-lg-3\"><a href=\"https:\/\/mymodulo.pl\/sklep\/wp-content\/uploads\/2025\/03\/Manza-83.jpg\" title=\"Manza 83\" class=\"hoverBorder\"><img width=\"150\" height=\"150\" src=\"https:\/\/mymodulo.pl\/sklep\/wp-content\/uploads\/2025\/03\/Manza-83-150x150.jpg\" class=\"attachment-thumbnail size-thumbnail\" alt=\"\" loading=\"lazy\" fid=\"249\" link=\"none\" columns=\"4\" orderby=\"rml\" srcset=\"https:\/\/mymodulo.pl\/sklep\/wp-content\/uploads\/2025\/03\/Manza-83-150x150.jpg 150w, https:\/\/mymodulo.pl\/sklep\/wp-content\/uploads\/2025\/03\/Manza-83-300x300.jpg 300w, https:\/\/mymodulo.pl\/sklep\/wp-content\/uploads\/2025\/03\/Manza-83-1024x1024.jpg 1024w, https:\/\/mymodulo.pl\/sklep\/wp-content\/uploads\/2025\/03\/Manza-83-768x768.jpg 768w, https:\/\/mymodulo.pl\/sklep\/wp-content\/uploads\/2025\/03\/Manza-83-1536x1536.jpg 1536w, https:\/\/mymodulo.pl\/sklep\/wp-content\/uploads\/2025\/03\/Manza-83-187x187.jpg 187w, https:\/\/mymodulo.pl\/sklep\/wp-content\/uploads\/2025\/03\/Manza-83-1260x1260.jpg 1260w, https:\/\/mymodulo.pl\/sklep\/wp-content\/uploads\/2025\/03\/Manza-83-390x390.jpg 390w, https:\/\/mymodulo.pl\/sklep\/wp-content\/uploads\/2025\/03\/Manza-83-600x600.jpg 600w, https:\/\/mymodulo.pl\/sklep\/wp-content\/uploads\/2025\/03\/Manza-83-100x100.jpg 100w, https:\/\/mymodulo.pl\/sklep\/wp-content\/uploads\/2025\/03\/Manza-83.jpg 1920w\" sizes=\"(max-width: 150px) 100vw, 150px\" \/><span class=\"gallery_caption\">Manza 83<\/span><\/a><\/div><\/div><div class=\"row zn_image_gallery \"><div class=\"col-sm-6 col-md-4 col-lg-3\"><a href=\"https:\/\/mymodulo.pl\/sklep\/wp-content\/uploads\/2025\/03\/Manza-22.jpg\" title=\"Manza 22\" class=\"hoverBorder\"><img width=\"150\" height=\"150\" src=\"https:\/\/mymodulo.pl\/sklep\/wp-content\/uploads\/2025\/03\/Manza-22-150x150.jpg\" class=\"attachment-thumbnail size-thumbnail\" alt=\"\" loading=\"lazy\" fid=\"249\" link=\"none\" columns=\"4\" orderby=\"rml\" srcset=\"https:\/\/mymodulo.pl\/sklep\/wp-content\/uploads\/2025\/03\/Manza-22-150x150.jpg 150w, https:\/\/mymodulo.pl\/sklep\/wp-content\/uploads\/2025\/03\/Manza-22-300x300.jpg 300w, https:\/\/mymodulo.pl\/sklep\/wp-content\/uploads\/2025\/03\/Manza-22-1024x1024.jpg 1024w, https:\/\/mymodulo.pl\/sklep\/wp-content\/uploads\/2025\/03\/Manza-22-768x768.jpg 768w, https:\/\/mymodulo.pl\/sklep\/wp-content\/uploads\/2025\/03\/Manza-22-1536x1536.jpg 1536w, https:\/\/mymodulo.pl\/sklep\/wp-content\/uploads\/2025\/03\/Manza-22-187x187.jpg 187w, https:\/\/mymodulo.pl\/sklep\/wp-content\/uploads\/2025\/03\/Manza-22-1260x1260.jpg 1260w, https:\/\/mymodulo.pl\/sklep\/wp-content\/uploads\/2025\/03\/Manza-22-390x390.jpg 390w, https:\/\/mymodulo.pl\/sklep\/wp-content\/uploads\/2025\/03\/Manza-22-600x600.jpg 600w, https:\/\/mymodulo.pl\/sklep\/wp-content\/uploads\/2025\/03\/Manza-22-100x100.jpg 100w, https:\/\/mymodulo.pl\/sklep\/wp-content\/uploads\/2025\/03\/Manza-22.jpg 1920w\" sizes=\"(max-width: 150px) 100vw, 150px\" \/><span class=\"gallery_caption\">Manza 22<\/span><\/a><\/div><div class=\"col-sm-6 col-md-4 col-lg-3\"><a href=\"https:\/\/mymodulo.pl\/sklep\/wp-content\/uploads\/2025\/03\/Manza-15.jpg\" title=\"Manza 15\" class=\"hoverBorder\"><img width=\"150\" height=\"150\" src=\"https:\/\/mymodulo.pl\/sklep\/wp-content\/uploads\/2025\/03\/Manza-15-150x150.jpg\" class=\"attachment-thumbnail size-thumbnail\" alt=\"\" loading=\"lazy\" fid=\"249\" link=\"none\" columns=\"4\" orderby=\"rml\" srcset=\"https:\/\/mymodulo.pl\/sklep\/wp-content\/uploads\/2025\/03\/Manza-15-150x150.jpg 150w, https:\/\/mymodulo.pl\/sklep\/wp-content\/uploads\/2025\/03\/Manza-15-300x300.jpg 300w, https:\/\/mymodulo.pl\/sklep\/wp-content\/uploads\/2025\/03\/Manza-15-1024x1024.jpg 1024w, https:\/\/mymodulo.pl\/sklep\/wp-content\/uploads\/2025\/03\/Manza-15-768x768.jpg 768w, https:\/\/mymodulo.pl\/sklep\/wp-content\/uploads\/2025\/03\/Manza-15-1536x1536.jpg 1536w, https:\/\/mymodulo.pl\/sklep\/wp-content\/uploads\/2025\/03\/Manza-15-187x187.jpg 187w, https:\/\/mymodulo.pl\/sklep\/wp-content\/uploads\/2025\/03\/Manza-15-1260x1260.jpg 1260w, https:\/\/mymodulo.pl\/sklep\/wp-content\/uploads\/2025\/03\/Manza-15-390x390.jpg 390w, https:\/\/mymodulo.pl\/sklep\/wp-content\/uploads\/2025\/03\/Manza-15-600x600.jpg 600w, https:\/\/mymodulo.pl\/sklep\/wp-content\/uploads\/2025\/03\/Manza-15-100x100.jpg 100w, https:\/\/mymodulo.pl\/sklep\/wp-content\/uploads\/2025\/03\/Manza-15.jpg 1920w\" sizes=\"(max-width: 150px) 100vw, 150px\" \/><span class=\"gallery_caption\">Manza 15<\/span><\/a><\/div><div class=\"col-sm-6 col-md-4 col-lg-3\"><a href=\"https:\/\/mymodulo.pl\/sklep\/wp-content\/uploads\/2025\/03\/Manza-04.jpg\" title=\"Manza 04\" class=\"hoverBorder\"><img width=\"150\" height=\"150\" src=\"https:\/\/mymodulo.pl\/sklep\/wp-content\/uploads\/2025\/03\/Manza-04-150x150.jpg\" class=\"attachment-thumbnail size-thumbnail\" alt=\"\" loading=\"lazy\" fid=\"249\" link=\"none\" columns=\"4\" orderby=\"rml\" srcset=\"https:\/\/mymodulo.pl\/sklep\/wp-content\/uploads\/2025\/03\/Manza-04-150x150.jpg 150w, https:\/\/mymodulo.pl\/sklep\/wp-content\/uploads\/2025\/03\/Manza-04-300x300.jpg 300w, https:\/\/mymodulo.pl\/sklep\/wp-content\/uploads\/2025\/03\/Manza-04-1024x1024.jpg 1024w, https:\/\/mymodulo.pl\/sklep\/wp-content\/uploads\/2025\/03\/Manza-04-768x768.jpg 768w, https:\/\/mymodulo.pl\/sklep\/wp-content\/uploads\/2025\/03\/Manza-04-1536x1536.jpg 1536w, https:\/\/mymodulo.pl\/sklep\/wp-content\/uploads\/2025\/03\/Manza-04-187x187.jpg 187w, https:\/\/mymodulo.pl\/sklep\/wp-content\/uploads\/2025\/03\/Manza-04-1260x1260.jpg 1260w, https:\/\/mymodulo.pl\/sklep\/wp-content\/uploads\/2025\/03\/Manza-04-390x390.jpg 390w, https:\/\/mymodulo.pl\/sklep\/wp-content\/uploads\/2025\/03\/Manza-04-600x600.jpg 600w, https:\/\/mymodulo.pl\/sklep\/wp-content\/uploads\/2025\/03\/Manza-04-100x100.jpg 100w, https:\/\/mymodulo.pl\/sklep\/wp-content\/uploads\/2025\/03\/Manza-04.jpg 1920w\" sizes=\"(max-width: 150px) 100vw, 150px\" \/><span class=\"gallery_caption\">Manza 04<\/span><\/a><\/div><div class=\"col-sm-6 col-md-4 col-lg-3\"><a href=\"https:\/\/mymodulo.pl\/sklep\/wp-content\/uploads\/2025\/03\/001_1.jpg\" title=\"Manza 01\" class=\"hoverBorder\"><img width=\"150\" height=\"150\" src=\"https:\/\/mymodulo.pl\/sklep\/wp-content\/uploads\/2025\/03\/001_1-150x150.jpg\" class=\"attachment-thumbnail size-thumbnail\" alt=\"\" loading=\"lazy\" fid=\"249\" link=\"none\" columns=\"4\" orderby=\"rml\" srcset=\"https:\/\/mymodulo.pl\/sklep\/wp-content\/uploads\/2025\/03\/001_1-150x150.jpg 150w, https:\/\/mymodulo.pl\/sklep\/wp-content\/uploads\/2025\/03\/001_1-300x300.jpg 300w, https:\/\/mymodulo.pl\/sklep\/wp-content\/uploads\/2025\/03\/001_1-1024x1024.jpg 1024w, https:\/\/mymodulo.pl\/sklep\/wp-content\/uploads\/2025\/03\/001_1-768x768.jpg 768w, https:\/\/mymodulo.pl\/sklep\/wp-content\/uploads\/2025\/03\/001_1-1536x1536.jpg 1536w, https:\/\/mymodulo.pl\/sklep\/wp-content\/uploads\/2025\/03\/001_1-187x187.jpg 187w, https:\/\/mymodulo.pl\/sklep\/wp-content\/uploads\/2025\/03\/001_1-1260x1260.jpg 1260w, https:\/\/mymodulo.pl\/sklep\/wp-content\/uploads\/2025\/03\/001_1-390x390.jpg 390w, https:\/\/mymodulo.pl\/sklep\/wp-content\/uploads\/2025\/03\/001_1-600x600.jpg 600w, https:\/\/mymodulo.pl\/sklep\/wp-content\/uploads\/2025\/03\/001_1-100x100.jpg 100w, https:\/\/mymodulo.pl\/sklep\/wp-content\/uploads\/2025\/03\/001_1.jpg 1920w\" sizes=\"(max-width: 150px) 100vw, 150px\" \/><span class=\"gallery_caption\">Manza 01<\/span><\/a><\/div><\/div><\/div>\n<p>&nbsp;<\/p>\n<p>&nbsp;<\/p>\n<p><strong>UWAGA! WA\u017bNE!<\/strong><\/p>\n<p>Dok\u0142adamy wszelkich stara\u0144, aby kolory przedstawiane na ekranie jak najdok\u0142adniej odzwierciedla\u0142y kolory naszych produkt\u00f3w. Nie jeste\u015bmy jednak w\u00a0stanie zagwarantowa\u0107 ich idealnego odwzorowania. Zar\u00f3wno kolory zaprezentowane we wzorniku\u00a0 jak i\u00a0kolory na zdj\u0119ciach naszych realizacji czy wizualizacji mog\u0105 si\u0119 nieznacznie r\u00f3\u017cni\u0107 od rzeczywistych \u2013\u00a0wynika to z\u00a0r\u00f3\u017cnorodno\u015bci dost\u0119pnego sprz\u0119tu \u00a0komputerowego oraz jego indywidualnych ustawie\u0144 a\u00a0w szczeg\u00f3lno\u015bci ustawie\u0144 monitora i\u00a0karty graficznej. Szczeg\u00f3lnie zdj\u0119cia realizacji nie s\u0105 w \u017cadnym stopniu odwzorowaniem rzeczywisto\u015bci. Zdj\u0119cia wykonywane s\u0105 w r\u00f3\u017cnych warunkach, w r\u00f3\u017cnym \u015bwietle i r\u00f3\u017cnymi aparatami.<\/p>\n<p>Zgodno\u015b\u0107 koloru gwarantowana jest dla danej partii. Sprzedawca nie gwarantuje uzyskania identycznego koloru dla produkt\u00f3w wyprodukowanych w partiach p\u00f3\u017aniejszych.<\/p>\n<p>Prosimy o przemy\u015blane zakupy.<\/p>\n<p>&nbsp;<\/p>\n<p>Zdj\u0119cia: Dappi<\/p>\n","protected":false},"excerpt":{"rendered":"<p>Produkt realizowany pod zam\u00f3wienie.<br \/>\nCzas realizacji 19 dni roboczych + czas dostawy<br \/>\nCena dotyczy \u0142\u00f3\u017cka bez materaca, po\u015bcieli, dodatk\u00f3w\u00a0 itp. widocznych na zdj\u0119ciach.<br \/>\nWybrany kolor tkaniny podaj w uwagach do zam\u00f3wienia.<br \/>\nPolski producent<\/p>\n","protected":false},"featured_media":11737,"template":"","meta":[],"product_cat":[658],"product_tag":[659],"_links":{"self":[{"href":"https:\/\/mymodulo.pl\/sklep\/wp-json\/wp\/v2\/product\/11716"}],"collection":[{"href":"https:\/\/mymodulo.pl\/sklep\/wp-json\/wp\/v2\/product"}],"about":[{"href":"https:\/\/mymodulo.pl\/sklep\/wp-json\/wp\/v2\/types\/product"}],"wp:featuredmedia":[{"embeddable":true,"href":"https:\/\/mymodulo.pl\/sklep\/wp-json\/wp\/v2\/media\/11737"}],"wp:attachment":[{"href":"https:\/\/mymodulo.pl\/sklep\/wp-json\/wp\/v2\/media?parent=11716"}],"wp:term":[{"taxonomy":"product_cat","embeddable":true,"href":"https:\/\/mymodulo.pl\/sklep\/wp-json\/wp\/v2\/product_cat?post=11716"},{"taxonomy":"product_tag","embeddable":true,"href":"https:\/\/mymodulo.pl\/sklep\/wp-json\/wp\/v2\/product_tag?post=11716"}],"curies":[{"name":"wp","href":"https:\/\/api.w.org\/{rel}","templated":true}]}}