{"id":11619,"date":"2025-03-17T10:36:12","date_gmt":"2025-03-17T09:36:12","guid":{"rendered":"https:\/\/mymodulo.pl\/sklep\/?post_type=product&#038;p=11619"},"modified":"2025-03-17T11:05:25","modified_gmt":"2025-03-17T10:05:25","slug":"polka-drewniana-serce","status":"publish","type":"product","link":"https:\/\/mymodulo.pl\/sklep\/produkt\/polka-drewniana-serce\/","title":{"rendered":"P\u00f3\u0142ka drewniana Serce"},"content":{"rendered":"<h3 data-start=\"0\" data-end=\"85\"><strong data-start=\"4\" data-end=\"83\">Drewniana P\u00f3\u0142ka w Kszta\u0142cie Serca \u2013 Uroczy Akcent do Pokoju Twojego Dziecka<\/strong><\/h3>\n<p data-start=\"87\" data-end=\"435\">Stw\u00f3rz ciep\u0142\u0105 i przytuln\u0105 przestrze\u0144 w pokoju swojego dziecka dzi\u0119ki <strong data-start=\"156\" data-end=\"191\">uroczej p\u00f3\u0142ce w kszta\u0142cie serca<\/strong>! To nie tylko praktyczny mebel do przechowywania drobiazg\u00f3w, ale tak\u017ce pi\u0119kna dekoracja, kt\u00f3ra wprowadzi do wn\u0119trza atmosfer\u0119 mi\u0142o\u015bci i harmonii. Idealna do pokoju dziewczynki lub ch\u0142opca \u2013 \u015bwietnie komponuje si\u0119 z r\u00f3\u017cnymi stylami aran\u017cacji.<\/p>\n<p data-start=\"437\" data-end=\"877\"><strong data-start=\"440\" data-end=\"461\">Solidne wykonanie<\/strong> \u2013 Wykonana z wysokiej jako\u015bci <strong data-start=\"492\" data-end=\"499\">MDF<\/strong>, zapewniaj\u0105cego trwa\u0142o\u015b\u0107 i stabilno\u015b\u0107.<br data-start=\"538\" data-end=\"541\" \/><strong data-start=\"546\" data-end=\"564\">Polski produkt<\/strong> \u2013 R\u0119czna produkcja z dba\u0142o\u015bci\u0105 o ka\u017cdy szczeg\u00f3\u0142.<br data-start=\"613\" data-end=\"616\" data-is-only-node=\"\" \/><strong data-start=\"619\" data-end=\"648\">Funkcjonalno\u015b\u0107 i estetyka<\/strong> \u2013 Doskona\u0142a na ksi\u0105\u017cki, zabawki i inne drobiazgi, nadaj\u0105c wn\u0119trzu przytulno\u015bci.<br data-start=\"728\" data-end=\"731\" \/><strong data-start=\"734\" data-end=\"756\">Uniwersalny design<\/strong> \u2013 Klasyczny kszta\u0142t serca sprawia, \u017ce p\u00f3\u0142ka pasuje do r\u00f3\u017cnych styl\u00f3w wn\u0119trz \u2013 od nowoczesnych po skandynawskie i boho.<\/p>\n<p>&nbsp;<\/p>\n<p><img loading=\"lazy\" class=\"aligncenter wp-image-11627 size-full\" src=\"https:\/\/mymodulo.pl\/sklep\/wp-content\/uploads\/2025\/03\/elegance-XL-2.jpg\" alt=\"p\u00f3\u0142ka drewniana do pokoju dziewczynki serce\" width=\"1000\" height=\"1000\" srcset=\"https:\/\/mymodulo.pl\/sklep\/wp-content\/uploads\/2025\/03\/elegance-XL-2.jpg 1000w, https:\/\/mymodulo.pl\/sklep\/wp-content\/uploads\/2025\/03\/elegance-XL-2-300x300.jpg 300w, https:\/\/mymodulo.pl\/sklep\/wp-content\/uploads\/2025\/03\/elegance-XL-2-150x150.jpg 150w, https:\/\/mymodulo.pl\/sklep\/wp-content\/uploads\/2025\/03\/elegance-XL-2-768x768.jpg 768w, https:\/\/mymodulo.pl\/sklep\/wp-content\/uploads\/2025\/03\/elegance-XL-2-187x187.jpg 187w, https:\/\/mymodulo.pl\/sklep\/wp-content\/uploads\/2025\/03\/elegance-XL-2-390x390.jpg 390w, https:\/\/mymodulo.pl\/sklep\/wp-content\/uploads\/2025\/03\/elegance-XL-2-600x600.jpg 600w, https:\/\/mymodulo.pl\/sklep\/wp-content\/uploads\/2025\/03\/elegance-XL-2-100x100.jpg 100w\" sizes=\"(max-width: 1000px) 100vw, 1000px\" \/><\/p>\n<h3>Wykonanie, materia\u0142<\/h3>\n<ul>\n<li>P\u00f3\u0142ka jest ju\u017c skr\u0119cona, a Tobie pozostaje jedynie przywiesi\u0107 j\u0105 na \u015bcianie.<\/li>\n<li>P\u0142yta MDF, o grubo\u015bci 18 mm.<\/li>\n<li>Kszta\u0142t Sowy wycinany jest za pomoc\u0105 profesjonalnej<strong> frezarki CNC<\/strong>, a nie r\u0119cznie, czy laserowo<strong>.\u00a0<\/strong>Dzi\u0119ki temu nie ma osmalonych czarnych kraw\u0119dzi, kt\u00f3re s\u0105\u00a0 szpec\u0105c\u0105 pozosta\u0142o\u015bci\u0105 po wycinaniu laserem, ani niedoskona\u0142o\u015bci wynikaj\u0105cej z r\u0119cznej obr\u00f3bki- takich jak wystrz\u0119pienia, czy\u00a0\u017ale za\u0142amane krzywizny.<\/li>\n<li>Powierzchnia blatu wykonana <strong>z laminatu wysoce odpornego na zarysowania<\/strong> oraz wp\u0142yw \u015brodk\u00f3w czyszcz\u0105cych. Blat jest w ca\u0142o\u015bci ba\u0142y, r\u00f3wnie\u017c na obrze\u017cach.<\/li>\n<\/ul>\n<p>&nbsp;<\/p>\n<p>&nbsp;<\/p>\n<p>&nbsp;<\/p>\n<h3>Wymiary<\/h3>\n<p>W tym wzorze dost\u0119pne s\u0105 dwa wymiary p\u00f3\u0142ek<\/p>\n<p>rozmiar L<br \/>\n32 x 28 cm<br \/>\nrozmiar blatu 26 x 12 cm<br \/>\ngrubo\u015b\u0107 p\u0142yty 18 mm<\/p>\n<p><img loading=\"lazy\" class=\"alignnone size-medium wp-image-11626\" src=\"https:\/\/mymodulo.pl\/sklep\/wp-content\/uploads\/2025\/03\/elegance-L-300x300.jpg\" alt=\"p\u00f3\u0142ka drewniana do pokoju dziewczynki serce\" width=\"300\" height=\"300\" srcset=\"https:\/\/mymodulo.pl\/sklep\/wp-content\/uploads\/2025\/03\/elegance-L-300x300.jpg 300w, https:\/\/mymodulo.pl\/sklep\/wp-content\/uploads\/2025\/03\/elegance-L-150x150.jpg 150w, https:\/\/mymodulo.pl\/sklep\/wp-content\/uploads\/2025\/03\/elegance-L-768x768.jpg 768w, https:\/\/mymodulo.pl\/sklep\/wp-content\/uploads\/2025\/03\/elegance-L-187x187.jpg 187w, https:\/\/mymodulo.pl\/sklep\/wp-content\/uploads\/2025\/03\/elegance-L-390x390.jpg 390w, https:\/\/mymodulo.pl\/sklep\/wp-content\/uploads\/2025\/03\/elegance-L-600x600.jpg 600w, https:\/\/mymodulo.pl\/sklep\/wp-content\/uploads\/2025\/03\/elegance-L-100x100.jpg 100w, https:\/\/mymodulo.pl\/sklep\/wp-content\/uploads\/2025\/03\/elegance-L.jpg 1000w\" sizes=\"(max-width: 300px) 100vw, 300px\" \/> <img loading=\"lazy\" class=\"alignnone size-medium wp-image-11632\" src=\"https:\/\/mymodulo.pl\/sklep\/wp-content\/uploads\/2025\/03\/polka-serce-ekstra-l-elegance-300x300.jpg\" alt=\"p\u00f3\u0142ka drewniana do pokoju dziewczynki serce\" width=\"300\" height=\"300\" srcset=\"https:\/\/mymodulo.pl\/sklep\/wp-content\/uploads\/2025\/03\/polka-serce-ekstra-l-elegance-300x300.jpg 300w, https:\/\/mymodulo.pl\/sklep\/wp-content\/uploads\/2025\/03\/polka-serce-ekstra-l-elegance-150x150.jpg 150w, https:\/\/mymodulo.pl\/sklep\/wp-content\/uploads\/2025\/03\/polka-serce-ekstra-l-elegance-768x768.jpg 768w, https:\/\/mymodulo.pl\/sklep\/wp-content\/uploads\/2025\/03\/polka-serce-ekstra-l-elegance-187x187.jpg 187w, https:\/\/mymodulo.pl\/sklep\/wp-content\/uploads\/2025\/03\/polka-serce-ekstra-l-elegance-390x390.jpg 390w, https:\/\/mymodulo.pl\/sklep\/wp-content\/uploads\/2025\/03\/polka-serce-ekstra-l-elegance-600x600.jpg 600w, https:\/\/mymodulo.pl\/sklep\/wp-content\/uploads\/2025\/03\/polka-serce-ekstra-l-elegance-100x100.jpg 100w, https:\/\/mymodulo.pl\/sklep\/wp-content\/uploads\/2025\/03\/polka-serce-ekstra-l-elegance.jpg 1000w\" sizes=\"(max-width: 300px) 100vw, 300px\" \/><\/p>\n<p>rozmiar XL40 x 40 cm<\/p>\n<p>rozmiar blatu 26 x 12 cm<br \/>\ngrubo\u015b\u0107 p\u0142yty 18 mm<\/p>\n<p><img loading=\"lazy\" class=\"alignnone size-medium wp-image-11640\" src=\"https:\/\/mymodulo.pl\/sklep\/wp-content\/uploads\/2025\/03\/prestige-XL-300x300.jpg\" alt=\"p\u00f3\u0142ka drewniana do pokoju dziewczynki serce\" width=\"300\" height=\"300\" srcset=\"https:\/\/mymodulo.pl\/sklep\/wp-content\/uploads\/2025\/03\/prestige-XL-300x300.jpg 300w, https:\/\/mymodulo.pl\/sklep\/wp-content\/uploads\/2025\/03\/prestige-XL-150x150.jpg 150w, https:\/\/mymodulo.pl\/sklep\/wp-content\/uploads\/2025\/03\/prestige-XL-768x768.jpg 768w, https:\/\/mymodulo.pl\/sklep\/wp-content\/uploads\/2025\/03\/prestige-XL-187x187.jpg 187w, https:\/\/mymodulo.pl\/sklep\/wp-content\/uploads\/2025\/03\/prestige-XL-390x390.jpg 390w, https:\/\/mymodulo.pl\/sklep\/wp-content\/uploads\/2025\/03\/prestige-XL-600x600.jpg 600w, https:\/\/mymodulo.pl\/sklep\/wp-content\/uploads\/2025\/03\/prestige-XL-100x100.jpg 100w, https:\/\/mymodulo.pl\/sklep\/wp-content\/uploads\/2025\/03\/prestige-XL.jpg 1000w\" sizes=\"(max-width: 300px) 100vw, 300px\" \/> <img loading=\"lazy\" class=\"alignnone size-medium wp-image-11630\" src=\"https:\/\/mymodulo.pl\/sklep\/wp-content\/uploads\/2025\/03\/elegnace-XL-300x300.jpg\" alt=\"p\u00f3\u0142ka drewniana do pokoju dziewczynki serce\" width=\"300\" height=\"300\" srcset=\"https:\/\/mymodulo.pl\/sklep\/wp-content\/uploads\/2025\/03\/elegnace-XL-300x300.jpg 300w, https:\/\/mymodulo.pl\/sklep\/wp-content\/uploads\/2025\/03\/elegnace-XL-150x150.jpg 150w, https:\/\/mymodulo.pl\/sklep\/wp-content\/uploads\/2025\/03\/elegnace-XL-768x768.jpg 768w, https:\/\/mymodulo.pl\/sklep\/wp-content\/uploads\/2025\/03\/elegnace-XL-187x187.jpg 187w, https:\/\/mymodulo.pl\/sklep\/wp-content\/uploads\/2025\/03\/elegnace-XL-390x390.jpg 390w, https:\/\/mymodulo.pl\/sklep\/wp-content\/uploads\/2025\/03\/elegnace-XL-600x600.jpg 600w, https:\/\/mymodulo.pl\/sklep\/wp-content\/uploads\/2025\/03\/elegnace-XL-100x100.jpg 100w, https:\/\/mymodulo.pl\/sklep\/wp-content\/uploads\/2025\/03\/elegnace-XL.jpg 1000w\" sizes=\"(max-width: 300px) 100vw, 300px\" \/><\/p>\n<p>Serduszka na froncie dla rozmiaru L i XL s\u0105 r\u00f3\u017cnych wielko\u015bci.<\/p>\n<h3>Kolor<\/h3>\n<p>Bia\u0142y<\/p>\n<h3>Rodzaj wyko\u0144czenia<\/h3>\n<p><strong>Klasa ELEGANCE \u2013 kraw\u0119dzie w kolorze p\u0142yty MDF<\/strong><\/p>\n<p>Blat p\u00f3\u0142ki wykonany z bia\u0142ego i\u00a0grubego, wysokogatunkowego MDF, oklejony na kraw\u0119dziach profesjonaln\u0105 oklein\u0105 PCV. P\u00f3\u0142ka wykonana r\u00f3wnie\u017c z obustronnie bia\u0142ego MDF, ale<strong>\u00a0jej kraw\u0119dzie zosta\u0142y zachowane w naturalnym kolorze p\u0142yty MDF.<\/strong><\/p>\n<p><img loading=\"lazy\" class=\"alignnone size-medium wp-image-11626\" src=\"https:\/\/mymodulo.pl\/sklep\/wp-content\/uploads\/2025\/03\/elegance-L-300x300.jpg\" alt=\"p\u00f3\u0142ka drewniana do pokoju dziewczynki serce\" width=\"300\" height=\"300\" srcset=\"https:\/\/mymodulo.pl\/sklep\/wp-content\/uploads\/2025\/03\/elegance-L-300x300.jpg 300w, https:\/\/mymodulo.pl\/sklep\/wp-content\/uploads\/2025\/03\/elegance-L-150x150.jpg 150w, https:\/\/mymodulo.pl\/sklep\/wp-content\/uploads\/2025\/03\/elegance-L-768x768.jpg 768w, https:\/\/mymodulo.pl\/sklep\/wp-content\/uploads\/2025\/03\/elegance-L-187x187.jpg 187w, https:\/\/mymodulo.pl\/sklep\/wp-content\/uploads\/2025\/03\/elegance-L-390x390.jpg 390w, https:\/\/mymodulo.pl\/sklep\/wp-content\/uploads\/2025\/03\/elegance-L-600x600.jpg 600w, https:\/\/mymodulo.pl\/sklep\/wp-content\/uploads\/2025\/03\/elegance-L-100x100.jpg 100w, https:\/\/mymodulo.pl\/sklep\/wp-content\/uploads\/2025\/03\/elegance-L.jpg 1000w\" sizes=\"(max-width: 300px) 100vw, 300px\" \/><\/p>\n<p><strong>Klasa PRESTIGE &#8211; p\u00f3\u0142ka ca\u0142a bia\u0142a<\/strong><\/p>\n<p>P\u00f3\u0142ki s\u0105\u00a0w ca\u0142o\u015bci bia\u0142e. Powierzchnie chmurek i blat\u00f3w s\u0105 wykonane z laminatu o podwy\u017cszonej odporno\u015bci na zarysowania i \u015brodki chemiczne \/ czyszcz\u0105ce.<strong>\u00a0Obrze\u017ca\u00a0chmurki malowane s\u0105 na bia\u0142o<\/strong>\u00a0profesjonalnymi atestowanymi, hipoalergicznymi i bezwonnymi emaliami akrylowymi spe\u0142niaj\u0105cymi europejsk\u0105 norm\u0119\u00a0<strong>\u201eBezpiecze\u0144stwo Zabawek\u201d<\/strong>. Blaty p\u00f3\u0142ek wykonane z bia\u0142ego i grubego wysokogatunkowego MDF, oklejone na kraw\u0119dziach profesjonaln\u0105 oklein\u0105 PCV.<\/p>\n<p><img loading=\"lazy\" class=\"alignnone size-medium wp-image-11638\" src=\"https:\/\/mymodulo.pl\/sklep\/wp-content\/uploads\/2025\/03\/polka-serce-ekstra-l-prestige-300x300.jpg\" alt=\"p\u00f3\u0142ka drewniana do pokoju dziewczynki serce\" width=\"300\" height=\"300\" srcset=\"https:\/\/mymodulo.pl\/sklep\/wp-content\/uploads\/2025\/03\/polka-serce-ekstra-l-prestige-300x300.jpg 300w, https:\/\/mymodulo.pl\/sklep\/wp-content\/uploads\/2025\/03\/polka-serce-ekstra-l-prestige-150x150.jpg 150w, https:\/\/mymodulo.pl\/sklep\/wp-content\/uploads\/2025\/03\/polka-serce-ekstra-l-prestige-768x768.jpg 768w, https:\/\/mymodulo.pl\/sklep\/wp-content\/uploads\/2025\/03\/polka-serce-ekstra-l-prestige-187x187.jpg 187w, https:\/\/mymodulo.pl\/sklep\/wp-content\/uploads\/2025\/03\/polka-serce-ekstra-l-prestige-390x390.jpg 390w, https:\/\/mymodulo.pl\/sklep\/wp-content\/uploads\/2025\/03\/polka-serce-ekstra-l-prestige-600x600.jpg 600w, https:\/\/mymodulo.pl\/sklep\/wp-content\/uploads\/2025\/03\/polka-serce-ekstra-l-prestige-100x100.jpg 100w, https:\/\/mymodulo.pl\/sklep\/wp-content\/uploads\/2025\/03\/polka-serce-ekstra-l-prestige.jpg 1000w\" sizes=\"(max-width: 300px) 100vw, 300px\" \/><\/p>\n<p>&nbsp;<\/p>\n<p>&nbsp;<\/p>\n<h3>Monta\u017c<\/h3>\n<ul>\n<li>Unowocze\u015bnione zaczepy, kt\u00f3re s\u0105 wpuszczone w materia\u0142 od ty\u0142u, sprawiaj\u0105, \u017ce wieszanie p\u00f3\u0142ki jest dziecinnie proste, a do tego bardzo stabilne.<\/li>\n<li>Mocowania otrzymujesz GRATIS!<\/li>\n<li>Instrukcja w j. polskim.<\/li>\n<\/ul>\n<p>&nbsp;<\/p>\n","protected":false},"excerpt":{"rendered":"<p>Czas realizacji: 3-5 dni roboczych<\/p>\n","protected":false},"featured_media":11627,"template":"","meta":[],"product_cat":[632,713,607],"product_tag":[],"_links":{"self":[{"href":"https:\/\/mymodulo.pl\/sklep\/wp-json\/wp\/v2\/product\/11619"}],"collection":[{"href":"https:\/\/mymodulo.pl\/sklep\/wp-json\/wp\/v2\/product"}],"about":[{"href":"https:\/\/mymodulo.pl\/sklep\/wp-json\/wp\/v2\/types\/product"}],"wp:featuredmedia":[{"embeddable":true,"href":"https:\/\/mymodulo.pl\/sklep\/wp-json\/wp\/v2\/media\/11627"}],"wp:attachment":[{"href":"https:\/\/mymodulo.pl\/sklep\/wp-json\/wp\/v2\/media?parent=11619"}],"wp:term":[{"taxonomy":"product_cat","embeddable":true,"href":"https:\/\/mymodulo.pl\/sklep\/wp-json\/wp\/v2\/product_cat?post=11619"},{"taxonomy":"product_tag","embeddable":true,"href":"https:\/\/mymodulo.pl\/sklep\/wp-json\/wp\/v2\/product_tag?post=11619"}],"curies":[{"name":"wp","href":"https:\/\/api.w.org\/{rel}","templated":true}]}}