{"id":11588,"date":"2025-03-13T22:45:43","date_gmt":"2025-03-13T21:45:43","guid":{"rendered":"https:\/\/mymodulo.pl\/sklep\/?post_type=product&#038;p=11588"},"modified":"2025-03-13T22:56:31","modified_gmt":"2025-03-13T21:56:31","slug":"ekspozytor-organizer-polka-na-autka-rakieta","status":"publish","type":"product","link":"https:\/\/mymodulo.pl\/sklep\/produkt\/ekspozytor-organizer-polka-na-autka-rakieta\/","title":{"rendered":"Ekspozytor, organizer, p\u00f3\u0142ka na autka Rakieta"},"content":{"rendered":"<p data-start=\"48\" data-end=\"348\">Utrzymanie du\u017cej ilo\u015bci autek w \u0142adzie i porz\u0105dku nie jest \u0142atwym zadaniem. <strong>P\u00f3\u0142ka w kszta\u0142cie rakiety<\/strong> to doskona\u0142y organizer dla samochodzik\u00f3w, resorak\u00f3w i autek typu Hot Wheels. Dzi\u0119ki niej kolekcja jest uporz\u0105dkowana, a sam ekspozytor stanowi oryginaln\u0105 dekoracj\u0119 pokoju ka\u017cdego fana motoryzacji.<\/p>\n<p data-start=\"350\" data-end=\"636\">P\u00f3\u0142ka zosta\u0142a wykonana z trwa\u0142ych materia\u0142\u00f3w i posiada kilka poziom\u00f3w przegr\u00f3dek, kt\u00f3re umo\u017cliwiaj\u0105 estetyczne rozmieszczenie modeli. Oryginalny design rakiety nadaje wn\u0119trzu dynamiczny, kosmiczny charakter, doskonale pasuj\u0105c do pokoju dzieci\u0119cego lub kolekcjonerskiej przestrzeni. \ud83d\ude80<\/p>\n<p data-start=\"638\" data-end=\"868\">Ekspozytor oferuje a\u017c 50 miejsc postojowych. Wi\u0119kszo\u015b\u0107 przegr\u00f3dek ma wymiary 9 cm \u00d7 3,5 cm, a ich g\u0142\u0119boko\u015b\u0107 wynosi 3,6 cm. Dodatkowo uwzgl\u0119dniono wi\u0119ksze kieszenie, dostosowane do modeli z lawetami i innymi wi\u0119kszymi elementami.<\/p>\n<p>&nbsp;<\/p>\n<p><img loading=\"lazy\" class=\"aligncenter wp-image-11589 size-full\" src=\"https:\/\/mymodulo.pl\/sklep\/wp-content\/uploads\/2025\/03\/ekspozytor-na-resoraki-rakieta-70s-1.jpg\" alt=\"p\u00f3\u0142ka ekspozytor na autka, na resoraki, rakieta\" width=\"1000\" height=\"1000\" srcset=\"https:\/\/mymodulo.pl\/sklep\/wp-content\/uploads\/2025\/03\/ekspozytor-na-resoraki-rakieta-70s-1.jpg 1000w, https:\/\/mymodulo.pl\/sklep\/wp-content\/uploads\/2025\/03\/ekspozytor-na-resoraki-rakieta-70s-1-300x300.jpg 300w, https:\/\/mymodulo.pl\/sklep\/wp-content\/uploads\/2025\/03\/ekspozytor-na-resoraki-rakieta-70s-1-150x150.jpg 150w, https:\/\/mymodulo.pl\/sklep\/wp-content\/uploads\/2025\/03\/ekspozytor-na-resoraki-rakieta-70s-1-768x768.jpg 768w, https:\/\/mymodulo.pl\/sklep\/wp-content\/uploads\/2025\/03\/ekspozytor-na-resoraki-rakieta-70s-1-187x187.jpg 187w, https:\/\/mymodulo.pl\/sklep\/wp-content\/uploads\/2025\/03\/ekspozytor-na-resoraki-rakieta-70s-1-390x390.jpg 390w, https:\/\/mymodulo.pl\/sklep\/wp-content\/uploads\/2025\/03\/ekspozytor-na-resoraki-rakieta-70s-1-600x600.jpg 600w, https:\/\/mymodulo.pl\/sklep\/wp-content\/uploads\/2025\/03\/ekspozytor-na-resoraki-rakieta-70s-1-100x100.jpg 100w\" sizes=\"(max-width: 1000px) 100vw, 1000px\" \/><\/p>\n<p><img loading=\"lazy\" class=\"aligncenter wp-image-11590 size-full\" src=\"https:\/\/mymodulo.pl\/sklep\/wp-content\/uploads\/2025\/03\/ekspozytor-na-resoraki-rakieta-70s-2.jpg\" alt=\"p\u00f3\u0142ka ekspozytor na autka, na resoraki, rakieta\" width=\"1000\" height=\"1000\" srcset=\"https:\/\/mymodulo.pl\/sklep\/wp-content\/uploads\/2025\/03\/ekspozytor-na-resoraki-rakieta-70s-2.jpg 1000w, https:\/\/mymodulo.pl\/sklep\/wp-content\/uploads\/2025\/03\/ekspozytor-na-resoraki-rakieta-70s-2-300x300.jpg 300w, https:\/\/mymodulo.pl\/sklep\/wp-content\/uploads\/2025\/03\/ekspozytor-na-resoraki-rakieta-70s-2-150x150.jpg 150w, https:\/\/mymodulo.pl\/sklep\/wp-content\/uploads\/2025\/03\/ekspozytor-na-resoraki-rakieta-70s-2-768x768.jpg 768w, https:\/\/mymodulo.pl\/sklep\/wp-content\/uploads\/2025\/03\/ekspozytor-na-resoraki-rakieta-70s-2-187x187.jpg 187w, https:\/\/mymodulo.pl\/sklep\/wp-content\/uploads\/2025\/03\/ekspozytor-na-resoraki-rakieta-70s-2-390x390.jpg 390w, https:\/\/mymodulo.pl\/sklep\/wp-content\/uploads\/2025\/03\/ekspozytor-na-resoraki-rakieta-70s-2-600x600.jpg 600w, https:\/\/mymodulo.pl\/sklep\/wp-content\/uploads\/2025\/03\/ekspozytor-na-resoraki-rakieta-70s-2-100x100.jpg 100w\" sizes=\"(max-width: 1000px) 100vw, 1000px\" \/><\/p>\n<p>&nbsp;<\/p>\n<h3>Materia\u0142<\/h3>\n<p>P\u0142yta MDF 18 mm x 2<\/p>\n<h3>Wymiary<\/h3>\n<p>Ilo\u015b\u0107 miejsc:\u00a0 50<br \/>\nWymiary:\u00a0 50 x 70 cm<br \/>\nWymiar 1 miejsca: 9 x 3,5 cm<\/p>\n<p>Grubo\u015b\u0107 : 3,6 cm<\/p>\n<h3>Wyko\u0144czenie<\/h3>\n<p>Sam\u00a0rega\u0142\u00a0<strong>wykonany MEGA solidnie, bo z obustronnie bia\u0142ego MDF o grubo\u015bci 18mm.<\/strong> Obrze\u017ca p\u0142yty pozostaj\u0105 w kolorze naturalnego MDF. Ekspozytor nie posiada z ty\u0142u \u017cadnej dykty ani \u015bcianki- po co zas\u0142ania\u0107 zazwyczaj eleganck\u0105 tapet\u0119, czy \u015bcian\u0119 w pokoju dzieci\u0119cym.<\/p>\n<h3>Monta\u017c<\/h3>\n<p>Wraz z p\u00f3\u0142k\u0105\u00a0<strong>otrzymujesz porz\u0105dne haki monta\u017cowe<\/strong>, by\u015bcie nie musieli si\u0119 zastanawia\u0107 jak j\u0105 powiesi\u0107.<\/p>\n","protected":false},"excerpt":{"rendered":"<p>Czas realizacji 3-5 dni roboczych<\/p>\n","protected":false},"featured_media":11590,"template":"","meta":[],"product_cat":[632,710,607],"product_tag":[],"_links":{"self":[{"href":"https:\/\/mymodulo.pl\/sklep\/wp-json\/wp\/v2\/product\/11588"}],"collection":[{"href":"https:\/\/mymodulo.pl\/sklep\/wp-json\/wp\/v2\/product"}],"about":[{"href":"https:\/\/mymodulo.pl\/sklep\/wp-json\/wp\/v2\/types\/product"}],"wp:featuredmedia":[{"embeddable":true,"href":"https:\/\/mymodulo.pl\/sklep\/wp-json\/wp\/v2\/media\/11590"}],"wp:attachment":[{"href":"https:\/\/mymodulo.pl\/sklep\/wp-json\/wp\/v2\/media?parent=11588"}],"wp:term":[{"taxonomy":"product_cat","embeddable":true,"href":"https:\/\/mymodulo.pl\/sklep\/wp-json\/wp\/v2\/product_cat?post=11588"},{"taxonomy":"product_tag","embeddable":true,"href":"https:\/\/mymodulo.pl\/sklep\/wp-json\/wp\/v2\/product_tag?post=11588"}],"curies":[{"name":"wp","href":"https:\/\/api.w.org\/{rel}","templated":true}]}}