{"id":11498,"date":"2025-02-18T12:44:53","date_gmt":"2025-02-18T11:44:53","guid":{"rendered":"https:\/\/mymodulo.pl\/sklep\/?post_type=product&#038;p=11498"},"modified":"2025-02-18T12:52:15","modified_gmt":"2025-02-18T11:52:15","slug":"panel-3d-zicaro-raxer","status":"publish","type":"product","link":"https:\/\/mymodulo.pl\/sklep\/produkt\/panel-3d-zicaro-raxer\/","title":{"rendered":"Panel 3D Zicaro Raxer"},"content":{"rendered":"<h3 style=\"text-align: center;\">Zicaro 3D \u2013 design, kt\u00f3ry wyr\u00f3\u017cnia \u015bciany<\/h3>\n<p>Odkryj wyj\u0105tkow\u0105 kolekcj\u0119<strong> paneli \u015bciennych 3D Zicaro<\/strong> \u2013 nowoczesne rozwi\u0105zanie dla tych, kt\u00f3rzy ceni\u0105 oryginalny design i najwy\u017csz\u0105 jako\u015b\u0107. Panele Zicaro wykonane s\u0105 z modyfikowanego, naturalnego <strong>gipsu ceramicznego<\/strong> Crystal X, kt\u00f3ry gwarantuje trwa\u0142o\u015b\u0107 i estetyk\u0119 na lata. Dzi\u0119ki barwieniu w masie panele po przeci\u0119ciu maj\u0105 taki sam kolor co powierzchnia. Wybierz spo\u015br\u00f3d 11 unikalnych wzor\u00f3w dost\u0119pnych w 3 eleganckich odcieniach i stw\u00f3rz niepowtarzalne wn\u0119trze, kt\u00f3re zachwyca form\u0105 i g\u0142\u0119bi\u0105 detalu.<\/p>\n<p class=\"my-0\"><strong>Panel 3D Raxer<\/strong>, kt\u00f3ry \u0142\u0105czy w sobie elegancj\u0119 geometrycznych kszta\u0142t\u00f3w i nowoczesny minimalizm. Jego wz\u00f3r, oparty na po\u0142\u0105czeniu kwadrat\u00f3w i segment\u00f3w okr\u0119gu, zdobiony delikatnym \u017c\u0142obieniem, tworzy hipnotyzuj\u0105cy efekt g\u0142\u0119bi i ruchu. Wykonany z wysokiej jako\u015bci gipsu ceramicznego, <strong>Raxer<\/strong> dodaje \u015bcianom wyrafinowanego charakteru i teksturalnej z\u0142o\u017cono\u015bci. Idealny do salon\u00f3w, biur, hoteli, a tak\u017ce innych przestrzeni komercyjnych, kt\u00f3re maj\u0105 si\u0119 wyr\u00f3\u017cnia\u0107 oryginalnym designem. <strong>Panel 3D Raxer<\/strong> to doskona\u0142y wyb\u00f3r dla os\u00f3b, kt\u00f3re ceni\u0105 sobie po\u0142\u0105czenie nowoczesnej estetyki z subtelnymi detalami. Jego unikalny wz\u00f3r doskonale komponuje si\u0119 z r\u00f3\u017cnymi stylami wn\u0119trz, dodaj\u0105c im elegancji i indywidualnego charakteru.<\/p>\n<p>&nbsp;<\/p>\n<p><img loading=\"lazy\" class=\"aligncenter wp-image-11503 size-large\" src=\"https:\/\/mymodulo.pl\/sklep\/wp-content\/uploads\/2025\/02\/RAXER-1-1-logo-1024x717.jpg\" alt=\"panele \u015bcienne 3D gips ceramiczny\" width=\"1024\" height=\"717\" srcset=\"https:\/\/mymodulo.pl\/sklep\/wp-content\/uploads\/2025\/02\/RAXER-1-1-logo-1024x717.jpg 1024w, https:\/\/mymodulo.pl\/sklep\/wp-content\/uploads\/2025\/02\/RAXER-1-1-logo-300x210.jpg 300w, https:\/\/mymodulo.pl\/sklep\/wp-content\/uploads\/2025\/02\/RAXER-1-1-logo-768x538.jpg 768w, https:\/\/mymodulo.pl\/sklep\/wp-content\/uploads\/2025\/02\/RAXER-1-1-logo-267x187.jpg 267w, https:\/\/mymodulo.pl\/sklep\/wp-content\/uploads\/2025\/02\/RAXER-1-1-logo-1260x882.jpg 1260w, https:\/\/mymodulo.pl\/sklep\/wp-content\/uploads\/2025\/02\/RAXER-1-1-logo-600x420.jpg 600w, https:\/\/mymodulo.pl\/sklep\/wp-content\/uploads\/2025\/02\/RAXER-1-1-logo.jpg 1400w\" sizes=\"(max-width: 1024px) 100vw, 1024px\" \/><\/p>\n<p>&nbsp;<\/p>\n<h3>Materia\u0142<\/h3>\n<p>Gips ceramiczny naturalny Crystal-X<br \/>\nPowierzchnia: porowata.<br \/>\nNa \u017cyczenie powierzchnia mo\u017ce by\u0107 g\u0142adka.<\/p>\n<p>&nbsp;<\/p>\n<p><img loading=\"lazy\" class=\"aligncenter wp-image-11424 size-large\" src=\"https:\/\/mymodulo.pl\/sklep\/wp-content\/uploads\/2025\/02\/Kolory-2021-logo-1024x567.png\" alt=\"panele 3d zicaro gips ceramiczny\" width=\"1024\" height=\"567\" srcset=\"https:\/\/mymodulo.pl\/sklep\/wp-content\/uploads\/2025\/02\/Kolory-2021-logo-1024x567.png 1024w, https:\/\/mymodulo.pl\/sklep\/wp-content\/uploads\/2025\/02\/Kolory-2021-logo-300x166.png 300w, https:\/\/mymodulo.pl\/sklep\/wp-content\/uploads\/2025\/02\/Kolory-2021-logo-768x425.png 768w, https:\/\/mymodulo.pl\/sklep\/wp-content\/uploads\/2025\/02\/Kolory-2021-logo-280x155.png 280w, https:\/\/mymodulo.pl\/sklep\/wp-content\/uploads\/2025\/02\/Kolory-2021-logo-1260x698.png 1260w, https:\/\/mymodulo.pl\/sklep\/wp-content\/uploads\/2025\/02\/Kolory-2021-logo-600x332.png 600w, https:\/\/mymodulo.pl\/sklep\/wp-content\/uploads\/2025\/02\/Kolory-2021-logo.png 1444w\" sizes=\"(max-width: 1024px) 100vw, 1024px\" \/><\/p>\n<h3><\/h3>\n<h3>Wymiar<\/h3>\n<p>600 mm x 300 mm<\/p>\n<p>grubo\u015b\u0107: 25 mm*<br \/>\nwaga: ok\u00a0 4,5\u00a0 kg<br \/>\nPowierzchnia jednego panela: 0,18 m2<br \/>\nIlo\u015b\u0107 paneli na metr kwadratowy: 5,55 szt<\/p>\n<p>*Tolerancja grubo\u015bci wynosi 4 mm (do niwelacji podczas monta\u017cu)<\/p>\n<p>&nbsp;<\/p>\n<h3>Dost\u0119pne kolory<\/h3>\n<ol>\n<li>white flash<\/li>\n<li>moon stone<\/li>\n<li>gray rock<\/li>\n<\/ol>\n<p>&nbsp;<\/p>\n<p><img loading=\"lazy\" class=\"wp-image-11502 size-large\" src=\"https:\/\/mymodulo.pl\/sklep\/wp-content\/uploads\/2025\/02\/kolory-logo-1024x334.jpg\" alt=\"panele \u015bcienne 3D gips ceramiczny\" width=\"1024\" height=\"334\" srcset=\"https:\/\/mymodulo.pl\/sklep\/wp-content\/uploads\/2025\/02\/kolory-logo-1024x334.jpg 1024w, https:\/\/mymodulo.pl\/sklep\/wp-content\/uploads\/2025\/02\/kolory-logo-300x98.jpg 300w, https:\/\/mymodulo.pl\/sklep\/wp-content\/uploads\/2025\/02\/kolory-logo-768x251.jpg 768w, https:\/\/mymodulo.pl\/sklep\/wp-content\/uploads\/2025\/02\/kolory-logo-280x91.jpg 280w, https:\/\/mymodulo.pl\/sklep\/wp-content\/uploads\/2025\/02\/kolory-logo-1260x411.jpg 1260w, https:\/\/mymodulo.pl\/sklep\/wp-content\/uploads\/2025\/02\/kolory-logo-600x196.jpg 600w, https:\/\/mymodulo.pl\/sklep\/wp-content\/uploads\/2025\/02\/kolory-logo.jpg 1444w\" sizes=\"(max-width: 1024px) 100vw, 1024px\" \/><\/p>\n<p>Od lewej: white flash, moon stone, gray rock&nbsp;<\/p>\n<h3>Monta\u017c<\/h3>\n<p>Monta\u017c paneli Zicaro wymaga dok\u0142adnego zapoznania si\u0119 z instrukcj\u0105 monta\u017cu. Instrukcje monta\u017cu znajdziesz w osobnej zak\u0142adce.<\/p>\n<p>Nie przestrzeganie powy\u017cszych zasad mo\u017ce skutkowa\u0107 wadliwym zwi\u0105zaniem paneli z pod\u0142o\u017cem\u00a0oraz b\u0119dzie podstaw\u0105 do odmowy ewentualnej reklamacji.<\/p>\n<p>&nbsp;<\/p>\n<p>&nbsp;<\/p>\n<p><img loading=\"lazy\" class=\"aligncenter wp-image-11505 size-large\" src=\"https:\/\/mymodulo.pl\/sklep\/wp-content\/uploads\/2025\/02\/RAXER23-logo-1024x406.jpg\" alt=\"panele \u015bcienne 3D gips ceramiczny\" width=\"1024\" height=\"406\" srcset=\"https:\/\/mymodulo.pl\/sklep\/wp-content\/uploads\/2025\/02\/RAXER23-logo-1024x406.jpg 1024w, https:\/\/mymodulo.pl\/sklep\/wp-content\/uploads\/2025\/02\/RAXER23-logo-300x119.jpg 300w, https:\/\/mymodulo.pl\/sklep\/wp-content\/uploads\/2025\/02\/RAXER23-logo-768x304.jpg 768w, https:\/\/mymodulo.pl\/sklep\/wp-content\/uploads\/2025\/02\/RAXER23-logo-280x111.jpg 280w, https:\/\/mymodulo.pl\/sklep\/wp-content\/uploads\/2025\/02\/RAXER23-logo-1260x500.jpg 1260w, https:\/\/mymodulo.pl\/sklep\/wp-content\/uploads\/2025\/02\/RAXER23-logo-600x238.jpg 600w, https:\/\/mymodulo.pl\/sklep\/wp-content\/uploads\/2025\/02\/RAXER23-logo.jpg 1400w\" sizes=\"(max-width: 1024px) 100vw, 1024px\" \/><\/p>\n<p>&nbsp;<\/p>\n<p>&nbsp;<\/p>\n<div id=\"panel-gb3376-6156ef6919572-2-1-4\" class=\"so-panel widget widget_sow-editor panel-last-child\" data-index=\"6\">\n<div class=\"panel-widget-style panel-widget-style-for-gb3376-6156ef6919572-2-1-4\">\n<p><strong>UWAGA! WA\u017bNE!<\/strong><\/p>\n<p>Dok\u0142adamy wszelkich stara\u0144, aby kolory przedstawiane na ekranie jak najdok\u0142adniej odzwierciedla\u0142y kolory naszych produkt\u00f3w. Nie jeste\u015bmy jednak w\u00a0stanie zagwarantowa\u0107 ich idealnego odwzorowania. Zar\u00f3wno kolory zaprezentowane we wzorniku\u00a0 jak i\u00a0kolory na zdj\u0119ciach naszych realizacji czy wizualizacji mog\u0105 si\u0119 nieznacznie r\u00f3\u017cni\u0107 od rzeczywistych \u2013\u00a0wynika to z\u00a0r\u00f3\u017cnorodno\u015bci dost\u0119pnego sprz\u0119tu \u00a0komputerowego oraz jego indywidualnych ustawie\u0144 a\u00a0w szczeg\u00f3lno\u015bci ustawie\u0144 monitora i\u00a0karty graficznej. Szczeg\u00f3lnie zdj\u0119cia realizacji nie s\u0105 w \u017cadnym stopniu odwzorowaniem rzeczywisto\u015bci. Zdj\u0119cia wykonywane s\u0105 w r\u00f3\u017cnych warunkach, w r\u00f3\u017cnym \u015bwietle i r\u00f3\u017cnymi aparatami.<\/p>\n<p>Prosimy o przemy\u015blane zakupy.<\/p>\n<p>&nbsp;<\/p>\n<\/div>\n<p>Producent: marka Proform.eu<br \/>\nPodmiot odpowiedzialny Lumatech Sp. z o.o<\/p>\n<div class=\"panel-widget-style panel-widget-style-for-gb3376-6156ef6919572-2-1-4\">\n<div class=\"so-widget-sow-editor so-widget-sow-editor-base\">\n<h3><\/h3>\n<\/div>\n<\/div>\n<\/div>\n","protected":false},"excerpt":{"rendered":"<p>Produkt realizowany pod zam\u00f3wienie<br \/>\nCzas realizacji 10-20 dni roboczych<br \/>\nPolski producent.<\/p>\n","protected":false},"featured_media":11503,"template":"","meta":[],"product_cat":[631,707,708],"product_tag":[],"_links":{"self":[{"href":"https:\/\/mymodulo.pl\/sklep\/wp-json\/wp\/v2\/product\/11498"}],"collection":[{"href":"https:\/\/mymodulo.pl\/sklep\/wp-json\/wp\/v2\/product"}],"about":[{"href":"https:\/\/mymodulo.pl\/sklep\/wp-json\/wp\/v2\/types\/product"}],"wp:featuredmedia":[{"embeddable":true,"href":"https:\/\/mymodulo.pl\/sklep\/wp-json\/wp\/v2\/media\/11503"}],"wp:attachment":[{"href":"https:\/\/mymodulo.pl\/sklep\/wp-json\/wp\/v2\/media?parent=11498"}],"wp:term":[{"taxonomy":"product_cat","embeddable":true,"href":"https:\/\/mymodulo.pl\/sklep\/wp-json\/wp\/v2\/product_cat?post=11498"},{"taxonomy":"product_tag","embeddable":true,"href":"https:\/\/mymodulo.pl\/sklep\/wp-json\/wp\/v2\/product_tag?post=11498"}],"curies":[{"name":"wp","href":"https:\/\/api.w.org\/{rel}","templated":true}]}}