{"id":11434,"date":"2025-02-17T20:52:50","date_gmt":"2025-02-17T19:52:50","guid":{"rendered":"https:\/\/mymodulo.pl\/sklep\/?post_type=product&#038;p=11434"},"modified":"2025-02-17T21:00:36","modified_gmt":"2025-02-17T20:00:36","slug":"panel-3d-zicaro-etna","status":"publish","type":"product","link":"https:\/\/mymodulo.pl\/sklep\/produkt\/panel-3d-zicaro-etna\/","title":{"rendered":"Panel 3D Zicaro Etna"},"content":{"rendered":"<h3 style=\"text-align: center;\">Zicaro 3D \u2013 design, kt\u00f3ry wyr\u00f3\u017cnia \u015bciany<\/h3>\n<p>Odkryj wyj\u0105tkow\u0105 kolekcj\u0119<strong> paneli \u015bciennych 3D Zicaro<\/strong> \u2013 nowoczesne rozwi\u0105zanie dla tych, kt\u00f3rzy ceni\u0105 oryginalny design i najwy\u017csz\u0105 jako\u015b\u0107. Panele Zicaro wykonane s\u0105 z modyfikowanego, naturalnego <strong>gipsu ceramicznego<\/strong> Crystal X, kt\u00f3ry gwarantuje trwa\u0142o\u015b\u0107 i estetyk\u0119 na lata. Dzi\u0119ki barwieniu w masie panele po przeci\u0119ciu maj\u0105 taki sam kolor co powierzchnia. Wybierz spo\u015br\u00f3d 11 unikalnych wzor\u00f3w dost\u0119pnych w 3 eleganckich odcieniach i stw\u00f3rz niepowtarzalne wn\u0119trze, kt\u00f3re zachwyca form\u0105 i g\u0142\u0119bi\u0105 detalu.<\/p>\n<p><strong>Panel 3D Luna<\/strong> Panel Luna to geometryczny wz\u00f3r sk\u0142adaj\u0105cy si\u0119 z ma\u0142ych kwadrat\u00f3w o r\u00f3\u017cnych g\u0142\u0119boko\u015bciach. Tworzy on efekt pikselizacji, kt\u00f3ry jest zar\u00f3wno nowoczesny, jak i minimalistyczny. Panel Luna jest idealny do nowoczesnych wn\u0119trz, kt\u00f3rym doda tekstury i g\u0142\u0119bi. Doskonale sprawdzi si\u0119 w salonie, sypialni, a nawet biurze.<\/p>\n<p><img loading=\"lazy\" class=\"aligncenter wp-image-11438 size-large\" src=\"https:\/\/mymodulo.pl\/sklep\/wp-content\/uploads\/2025\/02\/Etna-sciana-1-logo-1024x512.jpg\" alt=\"panele 3d zicaro gips ceramiczny\" width=\"1024\" height=\"512\" srcset=\"https:\/\/mymodulo.pl\/sklep\/wp-content\/uploads\/2025\/02\/Etna-sciana-1-logo-1024x512.jpg 1024w, https:\/\/mymodulo.pl\/sklep\/wp-content\/uploads\/2025\/02\/Etna-sciana-1-logo-300x150.jpg 300w, https:\/\/mymodulo.pl\/sklep\/wp-content\/uploads\/2025\/02\/Etna-sciana-1-logo-768x384.jpg 768w, https:\/\/mymodulo.pl\/sklep\/wp-content\/uploads\/2025\/02\/Etna-sciana-1-logo-1536x768.jpg 1536w, https:\/\/mymodulo.pl\/sklep\/wp-content\/uploads\/2025\/02\/Etna-sciana-1-logo-280x140.jpg 280w, https:\/\/mymodulo.pl\/sklep\/wp-content\/uploads\/2025\/02\/Etna-sciana-1-logo-1260x630.jpg 1260w, https:\/\/mymodulo.pl\/sklep\/wp-content\/uploads\/2025\/02\/Etna-sciana-1-logo-600x300.jpg 600w, https:\/\/mymodulo.pl\/sklep\/wp-content\/uploads\/2025\/02\/Etna-sciana-1-logo.jpg 2000w\" sizes=\"(max-width: 1024px) 100vw, 1024px\" \/><\/p>\n<p>&nbsp;<\/p>\n<h3>Materia\u0142<\/h3>\n<p>Gips ceramiczny naturalny Crystal-X<br \/>\nPowierzchnia: porowata.<br \/>\nNa \u017cyczenie powierzchnia mo\u017ce by\u0107 g\u0142adka.<\/p>\n<p>&nbsp;<\/p>\n<p><img loading=\"lazy\" class=\"aligncenter wp-image-11424 size-large\" src=\"https:\/\/mymodulo.pl\/sklep\/wp-content\/uploads\/2025\/02\/Kolory-2021-logo-1024x567.png\" alt=\"panele 3d zicaro gips ceramiczny\" width=\"1024\" height=\"567\" srcset=\"https:\/\/mymodulo.pl\/sklep\/wp-content\/uploads\/2025\/02\/Kolory-2021-logo-1024x567.png 1024w, https:\/\/mymodulo.pl\/sklep\/wp-content\/uploads\/2025\/02\/Kolory-2021-logo-300x166.png 300w, https:\/\/mymodulo.pl\/sklep\/wp-content\/uploads\/2025\/02\/Kolory-2021-logo-768x425.png 768w, https:\/\/mymodulo.pl\/sklep\/wp-content\/uploads\/2025\/02\/Kolory-2021-logo-280x155.png 280w, https:\/\/mymodulo.pl\/sklep\/wp-content\/uploads\/2025\/02\/Kolory-2021-logo-1260x698.png 1260w, https:\/\/mymodulo.pl\/sklep\/wp-content\/uploads\/2025\/02\/Kolory-2021-logo-600x332.png 600w, https:\/\/mymodulo.pl\/sklep\/wp-content\/uploads\/2025\/02\/Kolory-2021-logo.png 1444w\" sizes=\"(max-width: 1024px) 100vw, 1024px\" \/><\/p>\n<h3><\/h3>\n<h3>Wymiar<\/h3>\n<p>600 mm x 520 mm<\/p>\n<p>grubo\u015b\u0107: 30 mm*<br \/>\nwaga: ok\u00a0 7 kg<br \/>\nPowierzchnia jednego panela: 0,234 m2<br \/>\nIlo\u015b\u0107 paneli na metr kwadratowy: 4,27 szt<\/p>\n<p>*Tolerancja grubo\u015bci wynosi 4 mm (do niwelacji podczas monta\u017cu)<\/p>\n<p>&nbsp;<\/p>\n<h3>Dost\u0119pne kolory<\/h3>\n<ol>\n<li>white flash<\/li>\n<li>moon stone<\/li>\n<li>gray rock<\/li>\n<\/ol>\n<div id=\"attachment_11439\" style=\"width: 1034px\" class=\"wp-caption aligncenter\"><img aria-describedby=\"caption-attachment-11439\" loading=\"lazy\" class=\"wp-image-11439 size-large\" src=\"https:\/\/mymodulo.pl\/sklep\/wp-content\/uploads\/2025\/02\/ETNA-1-logo-1024x334.jpg\" alt=\"panele 3d zicaro gips ceramiczny\" width=\"1024\" height=\"334\" srcset=\"https:\/\/mymodulo.pl\/sklep\/wp-content\/uploads\/2025\/02\/ETNA-1-logo-1024x334.jpg 1024w, https:\/\/mymodulo.pl\/sklep\/wp-content\/uploads\/2025\/02\/ETNA-1-logo-300x98.jpg 300w, https:\/\/mymodulo.pl\/sklep\/wp-content\/uploads\/2025\/02\/ETNA-1-logo-768x251.jpg 768w, https:\/\/mymodulo.pl\/sklep\/wp-content\/uploads\/2025\/02\/ETNA-1-logo-280x91.jpg 280w, https:\/\/mymodulo.pl\/sklep\/wp-content\/uploads\/2025\/02\/ETNA-1-logo-1260x411.jpg 1260w, https:\/\/mymodulo.pl\/sklep\/wp-content\/uploads\/2025\/02\/ETNA-1-logo-600x196.jpg 600w, https:\/\/mymodulo.pl\/sklep\/wp-content\/uploads\/2025\/02\/ETNA-1-logo.jpg 1444w\" sizes=\"(max-width: 1024px) 100vw, 1024px\" \/><p id=\"caption-attachment-11439\" class=\"wp-caption-text\">Od lewej: white flash, moon stone, gray rock<\/p><\/div>\n<h3>Monta\u017c<\/h3>\n<p>Monta\u017c paneli Zicaro wymaga dok\u0142adnego zapoznania si\u0119 z instrukcj\u0105 monta\u017cu. Instrukcje monta\u017cu znajdziesz w osobnej zak\u0142adce.<\/p>\n<p>Nie przestrzeganie powy\u017cszych zasad mo\u017ce skutkowa\u0107 wadliwym zwi\u0105zaniem paneli z pod\u0142o\u017cem\u00a0oraz b\u0119dzie podstaw\u0105 do odmowy ewentualnej reklamacji.<\/p>\n<p>&nbsp;<\/p>\n<p><strong>Panele Etna mo\u017cna \u0142\u0105czy\u0107 z innymi wzorami z kolekcji Zicaro, np. z panelami Zaria<\/strong><\/p>\n<p><img loading=\"lazy\" class=\"aligncenter wp-image-11442 size-large\" src=\"https:\/\/mymodulo.pl\/sklep\/wp-content\/uploads\/2025\/02\/Etna-Zaria-scena-1-logo-1024x512.jpg\" alt=\"panele \u015bcienne 3D gips ceramiczny\" width=\"1024\" height=\"512\" srcset=\"https:\/\/mymodulo.pl\/sklep\/wp-content\/uploads\/2025\/02\/Etna-Zaria-scena-1-logo-1024x512.jpg 1024w, https:\/\/mymodulo.pl\/sklep\/wp-content\/uploads\/2025\/02\/Etna-Zaria-scena-1-logo-300x150.jpg 300w, https:\/\/mymodulo.pl\/sklep\/wp-content\/uploads\/2025\/02\/Etna-Zaria-scena-1-logo-768x384.jpg 768w, https:\/\/mymodulo.pl\/sklep\/wp-content\/uploads\/2025\/02\/Etna-Zaria-scena-1-logo-280x140.jpg 280w, https:\/\/mymodulo.pl\/sklep\/wp-content\/uploads\/2025\/02\/Etna-Zaria-scena-1-logo-600x300.jpg 600w, https:\/\/mymodulo.pl\/sklep\/wp-content\/uploads\/2025\/02\/Etna-Zaria-scena-1-logo.jpg 1200w\" sizes=\"(max-width: 1024px) 100vw, 1024px\" \/><\/p>\n<p>&nbsp;<\/p>\n<p>&nbsp;<\/p>\n<div id=\"panel-gb3376-6156ef6919572-2-1-4\" class=\"so-panel widget widget_sow-editor panel-last-child\" data-index=\"6\">\n<div class=\"panel-widget-style panel-widget-style-for-gb3376-6156ef6919572-2-1-4\">\n<p><strong>UWAGA! WA\u017bNE!<\/strong><\/p>\n<p>Dok\u0142adamy wszelkich stara\u0144, aby kolory przedstawiane na ekranie jak najdok\u0142adniej odzwierciedla\u0142y kolory naszych produkt\u00f3w. Nie jeste\u015bmy jednak w\u00a0stanie zagwarantowa\u0107 ich idealnego odwzorowania. Zar\u00f3wno kolory zaprezentowane we wzorniku\u00a0 jak i\u00a0kolory na zdj\u0119ciach naszych realizacji czy wizualizacji mog\u0105 si\u0119 nieznacznie r\u00f3\u017cni\u0107 od rzeczywistych \u2013\u00a0wynika to z\u00a0r\u00f3\u017cnorodno\u015bci dost\u0119pnego sprz\u0119tu \u00a0komputerowego oraz jego indywidualnych ustawie\u0144 a\u00a0w szczeg\u00f3lno\u015bci ustawie\u0144 monitora i\u00a0karty graficznej. Szczeg\u00f3lnie zdj\u0119cia realizacji nie s\u0105 w \u017cadnym stopniu odwzorowaniem rzeczywisto\u015bci. Zdj\u0119cia wykonywane s\u0105 w r\u00f3\u017cnych warunkach, w r\u00f3\u017cnym \u015bwietle i r\u00f3\u017cnymi aparatami.<\/p>\n<p>Prosimy o przemy\u015blane zakupy.<\/p>\n<p>&nbsp;<\/p>\n<\/div>\n<p>Producent: marka Proform.eu<br \/>\nPodmiot odpowiedzialny Lumatech Sp. z o.o<\/p>\n<div class=\"panel-widget-style panel-widget-style-for-gb3376-6156ef6919572-2-1-4\">\n<div class=\"so-widget-sow-editor so-widget-sow-editor-base\">\n<h3><\/h3>\n<\/div>\n<\/div>\n<\/div>\n","protected":false},"excerpt":{"rendered":"<p>Produkt realizowany pod zam\u00f3wienie<br \/>\nCzas realizacji 10-20 dni roboczych<br \/>\nPolski producent.<\/p>\n","protected":false},"featured_media":11438,"template":"","meta":[],"product_cat":[631,707,708],"product_tag":[],"_links":{"self":[{"href":"https:\/\/mymodulo.pl\/sklep\/wp-json\/wp\/v2\/product\/11434"}],"collection":[{"href":"https:\/\/mymodulo.pl\/sklep\/wp-json\/wp\/v2\/product"}],"about":[{"href":"https:\/\/mymodulo.pl\/sklep\/wp-json\/wp\/v2\/types\/product"}],"wp:featuredmedia":[{"embeddable":true,"href":"https:\/\/mymodulo.pl\/sklep\/wp-json\/wp\/v2\/media\/11438"}],"wp:attachment":[{"href":"https:\/\/mymodulo.pl\/sklep\/wp-json\/wp\/v2\/media?parent=11434"}],"wp:term":[{"taxonomy":"product_cat","embeddable":true,"href":"https:\/\/mymodulo.pl\/sklep\/wp-json\/wp\/v2\/product_cat?post=11434"},{"taxonomy":"product_tag","embeddable":true,"href":"https:\/\/mymodulo.pl\/sklep\/wp-json\/wp\/v2\/product_tag?post=11434"}],"curies":[{"name":"wp","href":"https:\/\/api.w.org\/{rel}","templated":true}]}}