{"id":11206,"date":"2025-01-16T11:51:12","date_gmt":"2025-01-16T10:51:12","guid":{"rendered":"https:\/\/mymodulo.pl\/sklep\/?post_type=product&#038;p=11206"},"modified":"2025-01-16T12:12:08","modified_gmt":"2025-01-16T11:12:08","slug":"tapeta-samoprzylepne-luk-piwonie","status":"publish","type":"product","link":"https:\/\/mymodulo.pl\/sklep\/produkt\/tapeta-samoprzylepne-luk-piwonie\/","title":{"rendered":"Tapeta samoprzylepne \u0142uk Piwonie"},"content":{"rendered":"<div class=\"flex-shrink-0 flex flex-col relative items-end\">\n<div>\n<div class=\"pt-0\">\n<div class=\"gizmo-shadow-stroke flex h-8 w-8 items-center justify-center overflow-hidden rounded-full\">\n<div class=\"h-full w-full\">\n<div class=\"gizmo-shadow-stroke overflow-hidden rounded-full\"><\/div>\n<\/div>\n<\/div>\n<\/div>\n<\/div>\n<\/div>\n<div class=\"group\/conversation-turn relative flex w-full min-w-0 flex-col agent-turn\">\n<div class=\"flex-col gap-1 md:gap-3\">\n<div class=\"flex max-w-full flex-col flex-grow\">\n<div class=\"min-h-8 text-message flex w-full flex-col items-end gap-2 whitespace-normal break-words text-start [.text-message+&amp;]:mt-5\" dir=\"auto\" data-message-author-role=\"assistant\" data-message-id=\"fe8c3e23-4bb0-4276-bf58-fe9b8dcf29c5\" data-message-model-slug=\"gpt-4o\">\n<div class=\"flex w-full flex-col gap-1 empty:hidden first:pt-[3px]\">\n<div class=\"markdown prose w-full break-words dark:prose-invert light\">\n<p><strong>Tapety samoprzylepne od YokoDesign<\/strong> to perfekcyjny wyb\u00f3r do salonu, sypialni czy domowego gabinetu. \u0141\u0105cz\u0105 w sobie elegancj\u0119 i funkcjonalno\u015b\u0107, umo\u017cliwiaj\u0105c szybk\u0105 metamorfoz\u0119 wn\u0119trza bez zb\u0119dnego wysi\u0142ku. Ich \u0142atwy monta\u017c \u2013 bez kleju i dodatkowych narz\u0119dzi \u2013 sprawia, \u017ce odmienisz przestrze\u0144 w mgnieniu oka. Kolekcja obejmuje szerok\u0105 gam\u0119 wzor\u00f3w, od klasycznych i stonowanych motyw\u00f3w po nowoczesne, geometryczne desenie i inspiracje natur\u0105. Tapety doskonale wpisuj\u0105 si\u0119 w r\u00f3\u017cnorodne style aran\u017cacji, nadaj\u0105c wn\u0119trzom ciep\u0142a, harmonii i niepowtarzalnego charakteru. To idealne rozwi\u0105zanie dla os\u00f3b, kt\u00f3re ceni\u0105 sobie styl, jako\u015b\u0107 i prostot\u0119 w dekoracji wn\u0119trz.<\/p>\n<\/div>\n<\/div>\n<\/div>\n<\/div>\n<\/div>\n<\/div>\n<p><img loading=\"lazy\" class=\"aligncenter wp-image-11207 size-large\" src=\"https:\/\/mymodulo.pl\/sklep\/wp-content\/uploads\/2025\/01\/1_max-16-1024x1024.jpg\" alt=\"tapety samoprzylepne\" width=\"1024\" height=\"1024\" srcset=\"https:\/\/mymodulo.pl\/sklep\/wp-content\/uploads\/2025\/01\/1_max-16-1024x1024.jpg 1024w, https:\/\/mymodulo.pl\/sklep\/wp-content\/uploads\/2025\/01\/1_max-16-300x300.jpg 300w, https:\/\/mymodulo.pl\/sklep\/wp-content\/uploads\/2025\/01\/1_max-16-150x150.jpg 150w, https:\/\/mymodulo.pl\/sklep\/wp-content\/uploads\/2025\/01\/1_max-16-768x768.jpg 768w, https:\/\/mymodulo.pl\/sklep\/wp-content\/uploads\/2025\/01\/1_max-16-187x187.jpg 187w, https:\/\/mymodulo.pl\/sklep\/wp-content\/uploads\/2025\/01\/1_max-16-390x390.jpg 390w, https:\/\/mymodulo.pl\/sklep\/wp-content\/uploads\/2025\/01\/1_max-16-600x600.jpg 600w, https:\/\/mymodulo.pl\/sklep\/wp-content\/uploads\/2025\/01\/1_max-16-100x100.jpg 100w, https:\/\/mymodulo.pl\/sklep\/wp-content\/uploads\/2025\/01\/1_max-16.jpg 1080w\" sizes=\"(max-width: 1024px) 100vw, 1024px\" \/><\/p>\n<p>&nbsp;<\/p>\n<p>&nbsp;<\/p>\n<div class=\"flex-shrink-0 flex flex-col relative items-end\">\n<div class=\"pt-0\">\n<div class=\"gizmo-bot-avatar flex h-8 w-8 items-center justify-center overflow-hidden rounded-full\">\n<div class=\"relative p-1 rounded-sm flex items-center justify-center bg-token-main-surface-primary text-token-text-primary h-8 w-8\">\n<div class=\"group\/conversation-turn relative flex w-full min-w-0 flex-col agent-turn\">\n<div class=\"flex-col gap-1 md:gap-3\">\n<div class=\"flex max-w-full flex-col flex-grow\">\n<div class=\"min-h-8 text-message flex w-full flex-col items-end gap-2 whitespace-normal break-words text-start [.text-message+&amp;]:mt-5\" dir=\"auto\" data-message-author-role=\"assistant\" data-message-id=\"e7b09b26-5d28-4a1f-acad-32e04c15c611\" data-message-model-slug=\"gpt-4o\">\n<div class=\"flex w-full flex-col gap-1 empty:hidden first:pt-[3px]\">\n<div class=\"markdown prose w-full break-words dark:prose-invert light\">\n<p>Tapety samoprzylepne z <strong>motywem natury<\/strong>\u00a0 to zaproszenie do \u015bwiata pe\u0142nego harmonii i pi\u0119kna. Delikatne kwiaty, majestatyczne ptaki i zachwycaj\u0105ce krajobrazy wprowadz\u0105 do wn\u0119trza spok\u00f3j oraz wyj\u0105tkowy klimat blisko\u015bci z przyrod\u0105. Idealne do salonu, sypialni czy pokoju dziecka lub nastolatka, pozwalaj\u0105 stworzy\u0107 przestrze\u0144 sprzyjaj\u0105c\u0105 relaksowi i wyciszeniu.<\/p>\n<\/div>\n<\/div>\n<\/div>\n<\/div>\n<\/div>\n<\/div>\n<\/div>\n<\/div>\n<\/div>\n<\/div>\n<h3>Wymiary<\/h3>\n<p>szeroko\u015b\u0107\u00a0 130 cm<br \/>\nwysoko\u015b\u0107: 250 cm<\/p>\n<p><img loading=\"lazy\" class=\"alignnone size-medium wp-image-11208\" src=\"https:\/\/mymodulo.pl\/sklep\/wp-content\/uploads\/2025\/01\/2_max-21-300x300.jpg\" alt=\"\" width=\"300\" height=\"300\" srcset=\"https:\/\/mymodulo.pl\/sklep\/wp-content\/uploads\/2025\/01\/2_max-21-300x300.jpg 300w, https:\/\/mymodulo.pl\/sklep\/wp-content\/uploads\/2025\/01\/2_max-21-1024x1024.jpg 1024w, https:\/\/mymodulo.pl\/sklep\/wp-content\/uploads\/2025\/01\/2_max-21-150x150.jpg 150w, https:\/\/mymodulo.pl\/sklep\/wp-content\/uploads\/2025\/01\/2_max-21-768x768.jpg 768w, https:\/\/mymodulo.pl\/sklep\/wp-content\/uploads\/2025\/01\/2_max-21-187x187.jpg 187w, https:\/\/mymodulo.pl\/sklep\/wp-content\/uploads\/2025\/01\/2_max-21-390x390.jpg 390w, https:\/\/mymodulo.pl\/sklep\/wp-content\/uploads\/2025\/01\/2_max-21-600x600.jpg 600w, https:\/\/mymodulo.pl\/sklep\/wp-content\/uploads\/2025\/01\/2_max-21-100x100.jpg 100w, https:\/\/mymodulo.pl\/sklep\/wp-content\/uploads\/2025\/01\/2_max-21.jpg 1080w\" sizes=\"(max-width: 300px) 100vw, 300px\" \/><\/p>\n<p>&nbsp;<\/p>\n<h3>Materia\u0142<\/h3>\n<p>Produkt wykonany jest z wysokiej jako\u015bci samoprzylepnej tapety winylowej o gramaturze 270 g\/m2 i strukturze p\u0142\u00f3tna. Wyko\u0144czenie winylowe gwarantuje \u0142atwo\u015b\u0107 w czyszczeniu i odporno\u015b\u0107 na wilgo\u0107, co czyni ko\u0142a idealn\u0105 dekoracj\u0105 r\u00f3wnie\u017c do kuchni, \u0142azienki czy przedpokoju.<\/p>\n<p>Wszelkie \u015bwie\u017ce zabrudzenia mo\u017cesz usun\u0105\u0107 przecieraj\u0105c tapet\u0119 wilgotn\u0105 szmatk\u0105 i delikatnym detergentem. Materia\u0142 jest odporny na ple\u015b\u0144 i gnicie.<\/p>\n<h3>Aplikacja<\/h3>\n<p><strong>Wa\u017cne:<\/strong>\u00a0Po odebraniu zam\u00f3wienia niezw\u0142ocznie sprawd\u017a jego kompletno\u015b\u0107. Wa\u017cne, aby zrobi\u0107 to zanim przyst\u0105pisz do w\u0142a\u015bciwej aplikacji produktu na \u015bcianie. Przed monta\u017cem sprawd\u017a r\u00f3wnie\u017c poprawno\u015b\u0107 wydruku.<\/p>\n<p>\u015aciana, na kt\u00f3rej b\u0119dziesz aplikowa\u0107 naklejk\u0119 powinna by\u0107 g\u0142adka, dobrze zagruntowana, czysta i sucha. W przypadku \u015bwie\u017co malowanych \u015bcian nale\u017cy odczeka\u0107 oko\u0142o 3 tygodni od malowania.<\/p>\n<p><strong>Do aplikacji nie potrzebujesz kleju!<\/strong>\u00a0Materia\u0142, z kt\u00f3rego wykonany jest produkt jest ju\u017c nim pokryty. Wystarczy, \u017ce odkleisz \u0142uk od papieru podk\u0142adowego i umie\u015bcisz go w po\u017c\u0105danym miejscu. Do pracy przyda si\u0119 dodatkowa, pomocna para r\u0105k! \ud83d\ude09<\/p>\n<p>W trakcie przenoszenia produktu z papieru podk\u0142adowego na miejsce docelowe przydatna mo\u017ce okaza\u0107 si\u0119 rakla oraz no\u017cyk segmentowy \u00a0(produkty te mo\u017cecie kupi\u0107 r\u00f3wnie\u017c w zestawie).<\/p>\n<p>&nbsp;<\/p>\n<p><strong>Instrukcja monta\u017cu<\/strong><\/p>\n<p><img loading=\"lazy\" class=\"alignleft wp-image-11141 size-medium\" src=\"https:\/\/mymodulo.pl\/sklep\/wp-content\/uploads\/2025\/01\/instrukcja_naklejki1-300x213.png\" alt=\"\" width=\"300\" height=\"213\" srcset=\"https:\/\/mymodulo.pl\/sklep\/wp-content\/uploads\/2025\/01\/instrukcja_naklejki1-300x213.png 300w, https:\/\/mymodulo.pl\/sklep\/wp-content\/uploads\/2025\/01\/instrukcja_naklejki1-1024x728.png 1024w, https:\/\/mymodulo.pl\/sklep\/wp-content\/uploads\/2025\/01\/instrukcja_naklejki1-768x546.png 768w, https:\/\/mymodulo.pl\/sklep\/wp-content\/uploads\/2025\/01\/instrukcja_naklejki1-1536x1092.png 1536w, https:\/\/mymodulo.pl\/sklep\/wp-content\/uploads\/2025\/01\/instrukcja_naklejki1-2048x1456.png 2048w, https:\/\/mymodulo.pl\/sklep\/wp-content\/uploads\/2025\/01\/instrukcja_naklejki1-263x187.png 263w, https:\/\/mymodulo.pl\/sklep\/wp-content\/uploads\/2025\/01\/instrukcja_naklejki1-1260x896.png 1260w, https:\/\/mymodulo.pl\/sklep\/wp-content\/uploads\/2025\/01\/instrukcja_naklejki1-600x427.png 600w\" sizes=\"(max-width: 300px) 100vw, 300px\" \/><\/p>\n<p>&nbsp;<\/p>\n<p>&nbsp;<\/p>\n<p>&nbsp;<\/p>\n<p>&nbsp;<\/p>\n<p>&nbsp;<\/p>\n<p>&nbsp;<\/p>\n<p>Nie jeste\u015b pewny co do wzoru lub tekstury? Oferujemy mo\u017cliwo\u015b\u0107 zam\u00f3wienia pr\u00f3bek. Napisz do nas: kontakt@mymodulo.pl<\/p>\n<p>&nbsp;<\/p>\n<p><em>Wizualizacje mog\u0105 nie oddawa\u0107 rzeczywistego wymiaru naklejek, maj\u0105 one charakter podgl\u0105dowy \u2013 prosimy sprawdzi\u0107 wymiary.<br \/>\nKolor produkt\u00f3w na wizualizacji zale\u017cy od ustawie\u0144 monitora, dlatego te\u017c mo\u017ce si\u0119 nieznacznie r\u00f3\u017cni\u0107 od tego w rzeczywisto\u015bci. Zach\u0119camy do zam\u00f3wienia bezp\u0142atnych pr\u00f3bek.<\/em><\/p>\n","protected":false},"excerpt":{"rendered":"<p>Produkt realizowany na zam\u00f3wienie.<\/p>\n<p>Czas realizacji: do 7-10 dni roboczych<\/p>\n<p>Producent: YokoDesign<\/p>\n","protected":false},"featured_media":11207,"template":"","meta":[],"product_cat":[700,706,701,702,704,705],"product_tag":[],"_links":{"self":[{"href":"https:\/\/mymodulo.pl\/sklep\/wp-json\/wp\/v2\/product\/11206"}],"collection":[{"href":"https:\/\/mymodulo.pl\/sklep\/wp-json\/wp\/v2\/product"}],"about":[{"href":"https:\/\/mymodulo.pl\/sklep\/wp-json\/wp\/v2\/types\/product"}],"wp:featuredmedia":[{"embeddable":true,"href":"https:\/\/mymodulo.pl\/sklep\/wp-json\/wp\/v2\/media\/11207"}],"wp:attachment":[{"href":"https:\/\/mymodulo.pl\/sklep\/wp-json\/wp\/v2\/media?parent=11206"}],"wp:term":[{"taxonomy":"product_cat","embeddable":true,"href":"https:\/\/mymodulo.pl\/sklep\/wp-json\/wp\/v2\/product_cat?post=11206"},{"taxonomy":"product_tag","embeddable":true,"href":"https:\/\/mymodulo.pl\/sklep\/wp-json\/wp\/v2\/product_tag?post=11206"}],"curies":[{"name":"wp","href":"https:\/\/api.w.org\/{rel}","templated":true}]}}