{"id":11169,"date":"2025-01-13T14:48:50","date_gmt":"2025-01-13T13:48:50","guid":{"rendered":"https:\/\/mymodulo.pl\/sklep\/?post_type=product&#038;p=11169"},"modified":"2025-01-14T15:01:11","modified_gmt":"2025-01-14T14:01:11","slug":"tapeta-samoprzylepne-luk-komiks-iii","status":"publish","type":"product","link":"https:\/\/mymodulo.pl\/sklep\/produkt\/tapeta-samoprzylepne-luk-komiks-iii\/","title":{"rendered":"Tapeta samoprzylepne \u0142uk Komiks III"},"content":{"rendered":"<div class=\"flex-shrink-0 flex flex-col relative items-end\">\n<div class=\"pt-0\">\n<div class=\"gizmo-shadow-stroke flex h-8 w-8 items-center justify-center overflow-hidden rounded-full\">\n<div class=\"h-full w-full\">\n<div class=\"gizmo-shadow-stroke overflow-hidden rounded-full\"><strong>Tapety samoprzylepne od Yoko Design<\/strong> to idealne rozwi\u0105zanie zar\u00f3wno do pokoju dzieci\u0119cego, jak i m\u0142odzie\u017cowego, kt\u00f3re pozwala w szybki i prosty spos\u00f3b stworzy\u0107 przytuln\u0105, a zarazem wyj\u0105tkow\u0105 przestrze\u0144. Dzi\u0119ki \u0142atwemu monta\u017cowi oraz szerokiemu wyborowi wzor\u00f3w mo\u017cna dopasowa\u0107 tapet\u0119 do zainteresowa\u0144 dziecka lub nastolatka \u2013 od radosnych motyw\u00f3w dla najm\u0142odszych po nowoczesne i wyraziste desenie, kt\u00f3re podkre\u015bl\u0105 charakter m\u0142odzie\u017cowego wn\u0119trza. To perfekcyjny spos\u00f3b na od\u015bwie\u017cenie ka\u017cdego pokoju i nadanie mu indywidualnego stylu. Wi\u0119cej inspiracji znajdziesz na<\/div>\n<\/div>\n<\/div>\n<\/div>\n<\/div>\n<p><img loading=\"lazy\" class=\"aligncenter wp-image-11170 size-large\" src=\"https:\/\/mymodulo.pl\/sklep\/wp-content\/uploads\/2025\/01\/1_max-12-1024x1024.jpg\" alt=\"tapety samoprzylepne, pokoje dzieci\u0119ce\" width=\"1024\" height=\"1024\" srcset=\"https:\/\/mymodulo.pl\/sklep\/wp-content\/uploads\/2025\/01\/1_max-12-1024x1024.jpg 1024w, https:\/\/mymodulo.pl\/sklep\/wp-content\/uploads\/2025\/01\/1_max-12-300x300.jpg 300w, https:\/\/mymodulo.pl\/sklep\/wp-content\/uploads\/2025\/01\/1_max-12-150x150.jpg 150w, https:\/\/mymodulo.pl\/sklep\/wp-content\/uploads\/2025\/01\/1_max-12-768x768.jpg 768w, https:\/\/mymodulo.pl\/sklep\/wp-content\/uploads\/2025\/01\/1_max-12-187x187.jpg 187w, https:\/\/mymodulo.pl\/sklep\/wp-content\/uploads\/2025\/01\/1_max-12-390x390.jpg 390w, https:\/\/mymodulo.pl\/sklep\/wp-content\/uploads\/2025\/01\/1_max-12-600x600.jpg 600w, https:\/\/mymodulo.pl\/sklep\/wp-content\/uploads\/2025\/01\/1_max-12-100x100.jpg 100w, https:\/\/mymodulo.pl\/sklep\/wp-content\/uploads\/2025\/01\/1_max-12.jpg 1080w\" sizes=\"(max-width: 1024px) 100vw, 1024px\" \/><\/p>\n<p>&nbsp;<\/p>\n<p>&nbsp;<\/p>\n<p>Kolekcja samoprzylepnych tapet YokoDesign z motywem <strong>komiksu<\/strong> to prawdziwa gratka dla fan\u00f3w dynamicznych i wyrazistych wn\u0119trz. Wysokiej jako\u015bci tapety, kt\u00f3re s\u0105 \u0142atwe w aplikacji, wprowadz\u0105 do Twojego domu atmosfer\u0119 rodem z kart <strong>komiksu<\/strong>. Idealne do pokoju dzieci\u0119cego lubprzestrzeni m\u0142odzie\u017cowej. Wyj\u0105tkowe wzory i \u017cywe kolory o\u017cywi\u0105 ka\u017cd\u0105 przestrze\u0144, nadaj\u0105c jej oryginalny i nowoczesny charakter.<\/p>\n<h3>Wymiary<\/h3>\n<p>szeroko\u015b\u0107\u00a0 130 cm<br \/>\nwysoko\u015b\u0107: 250 cm<\/p>\n<p><img loading=\"lazy\" class=\"alignnone size-medium wp-image-11171\" src=\"https:\/\/mymodulo.pl\/sklep\/wp-content\/uploads\/2025\/01\/2_max-14-300x300.jpg\" alt=\"tapety samoprzylepne, pokoje dzieci\u0119ce\" width=\"300\" height=\"300\" srcset=\"https:\/\/mymodulo.pl\/sklep\/wp-content\/uploads\/2025\/01\/2_max-14-300x300.jpg 300w, https:\/\/mymodulo.pl\/sklep\/wp-content\/uploads\/2025\/01\/2_max-14-1024x1024.jpg 1024w, https:\/\/mymodulo.pl\/sklep\/wp-content\/uploads\/2025\/01\/2_max-14-150x150.jpg 150w, https:\/\/mymodulo.pl\/sklep\/wp-content\/uploads\/2025\/01\/2_max-14-768x768.jpg 768w, https:\/\/mymodulo.pl\/sklep\/wp-content\/uploads\/2025\/01\/2_max-14-187x187.jpg 187w, https:\/\/mymodulo.pl\/sklep\/wp-content\/uploads\/2025\/01\/2_max-14-390x390.jpg 390w, https:\/\/mymodulo.pl\/sklep\/wp-content\/uploads\/2025\/01\/2_max-14-600x600.jpg 600w, https:\/\/mymodulo.pl\/sklep\/wp-content\/uploads\/2025\/01\/2_max-14-100x100.jpg 100w, https:\/\/mymodulo.pl\/sklep\/wp-content\/uploads\/2025\/01\/2_max-14.jpg 1080w\" sizes=\"(max-width: 300px) 100vw, 300px\" \/><\/p>\n<p>&nbsp;<\/p>\n<h3>Materia\u0142<\/h3>\n<p>Produkt wykonany jest z wysokiej jako\u015bci samoprzylepnej tapety winylowej o gramaturze 270 g\/m2 i strukturze p\u0142\u00f3tna. Wyko\u0144czenie winylowe gwarantuje \u0142atwo\u015b\u0107 w czyszczeniu i odporno\u015b\u0107 na wilgo\u0107, co czyni ko\u0142a idealn\u0105 dekoracj\u0105 r\u00f3wnie\u017c do kuchni, \u0142azienki czy przedpokoju.<\/p>\n<p>Wszelkie \u015bwie\u017ce zabrudzenia mo\u017cesz usun\u0105\u0107 przecieraj\u0105c tapet\u0119 wilgotn\u0105 szmatk\u0105 i delikatnym detergentem. Materia\u0142 jest odporny na ple\u015b\u0144 i gnicie.<\/p>\n<h3>Aplikacja<\/h3>\n<p><strong>Wa\u017cne:<\/strong>\u00a0Po odebraniu zam\u00f3wienia niezw\u0142ocznie sprawd\u017a jego kompletno\u015b\u0107. Wa\u017cne, aby zrobi\u0107 to zanim przyst\u0105pisz do w\u0142a\u015bciwej aplikacji produktu na \u015bcianie. Przed monta\u017cem sprawd\u017a r\u00f3wnie\u017c poprawno\u015b\u0107 wydruku.<\/p>\n<p>\u015aciana, na kt\u00f3rej b\u0119dziesz aplikowa\u0107 naklejk\u0119 powinna by\u0107 g\u0142adka, dobrze zagruntowana, czysta i sucha. W przypadku \u015bwie\u017co malowanych \u015bcian nale\u017cy odczeka\u0107 oko\u0142o 3 tygodni od malowania.<\/p>\n<p><strong>Do aplikacji nie potrzebujesz kleju!<\/strong>\u00a0Materia\u0142, z kt\u00f3rego wykonany jest produkt jest ju\u017c nim pokryty. Wystarczy, \u017ce odkleisz \u0142uk od papieru podk\u0142adowego i umie\u015bcisz go w po\u017c\u0105danym miejscu. Do pracy przyda si\u0119 dodatkowa, pomocna para r\u0105k! \ud83d\ude09<\/p>\n<p>W trakcie przenoszenia produktu z papieru podk\u0142adowego na miejsce docelowe przydatna mo\u017ce okaza\u0107 si\u0119 rakla oraz no\u017cyk segmentowy \u00a0(produkty te mo\u017cecie kupi\u0107 r\u00f3wnie\u017c w zestawie).<\/p>\n<p>&nbsp;<\/p>\n<p><strong>Instrukcja monta\u017cu<\/strong><\/p>\n<p><img loading=\"lazy\" class=\"alignleft wp-image-11141 size-medium\" src=\"https:\/\/mymodulo.pl\/sklep\/wp-content\/uploads\/2025\/01\/instrukcja_naklejki1-300x213.png\" alt=\"\" width=\"300\" height=\"213\" srcset=\"https:\/\/mymodulo.pl\/sklep\/wp-content\/uploads\/2025\/01\/instrukcja_naklejki1-300x213.png 300w, https:\/\/mymodulo.pl\/sklep\/wp-content\/uploads\/2025\/01\/instrukcja_naklejki1-1024x728.png 1024w, https:\/\/mymodulo.pl\/sklep\/wp-content\/uploads\/2025\/01\/instrukcja_naklejki1-768x546.png 768w, https:\/\/mymodulo.pl\/sklep\/wp-content\/uploads\/2025\/01\/instrukcja_naklejki1-1536x1092.png 1536w, https:\/\/mymodulo.pl\/sklep\/wp-content\/uploads\/2025\/01\/instrukcja_naklejki1-2048x1456.png 2048w, https:\/\/mymodulo.pl\/sklep\/wp-content\/uploads\/2025\/01\/instrukcja_naklejki1-263x187.png 263w, https:\/\/mymodulo.pl\/sklep\/wp-content\/uploads\/2025\/01\/instrukcja_naklejki1-1260x896.png 1260w, https:\/\/mymodulo.pl\/sklep\/wp-content\/uploads\/2025\/01\/instrukcja_naklejki1-600x427.png 600w\" sizes=\"(max-width: 300px) 100vw, 300px\" \/><\/p>\n<p>&nbsp;<\/p>\n<p>&nbsp;<\/p>\n<p>&nbsp;<\/p>\n<p>&nbsp;<\/p>\n<p>&nbsp;<\/p>\n<p>&nbsp;<\/p>\n<p>Nie jeste\u015b pewny co do wzoru lub tekstury? Oferujemy mo\u017cliwo\u015b\u0107 zam\u00f3wienia pr\u00f3bek. Napisz do nas: kontakt@mymodulo.pl<\/p>\n<p>&nbsp;<\/p>\n<p><em>Wizualizacje mog\u0105 nie oddawa\u0107 rzeczywistego wymiaru naklejek, maj\u0105 one charakter podgl\u0105dowy \u2013 prosimy sprawdzi\u0107 wymiary.<br \/>\nKolor produkt\u00f3w na wizualizacji zale\u017cy od ustawie\u0144 monitora, dlatego te\u017c mo\u017ce si\u0119 nieznacznie r\u00f3\u017cni\u0107 od tego w rzeczywisto\u015bci. Zach\u0119camy do zam\u00f3wienia bezp\u0142atnych pr\u00f3bek.<\/em><\/p>\n","protected":false},"excerpt":{"rendered":"<p>Produkt realizowany na zam\u00f3wienie.<\/p>\n<p>Czas realizacji: do 7-10 dni roboczych<\/p>\n<p>Producent: YokoDesign<\/p>\n","protected":false},"featured_media":11170,"template":"","meta":[],"product_cat":[632,700,701,702,704],"product_tag":[],"_links":{"self":[{"href":"https:\/\/mymodulo.pl\/sklep\/wp-json\/wp\/v2\/product\/11169"}],"collection":[{"href":"https:\/\/mymodulo.pl\/sklep\/wp-json\/wp\/v2\/product"}],"about":[{"href":"https:\/\/mymodulo.pl\/sklep\/wp-json\/wp\/v2\/types\/product"}],"wp:featuredmedia":[{"embeddable":true,"href":"https:\/\/mymodulo.pl\/sklep\/wp-json\/wp\/v2\/media\/11170"}],"wp:attachment":[{"href":"https:\/\/mymodulo.pl\/sklep\/wp-json\/wp\/v2\/media?parent=11169"}],"wp:term":[{"taxonomy":"product_cat","embeddable":true,"href":"https:\/\/mymodulo.pl\/sklep\/wp-json\/wp\/v2\/product_cat?post=11169"},{"taxonomy":"product_tag","embeddable":true,"href":"https:\/\/mymodulo.pl\/sklep\/wp-json\/wp\/v2\/product_tag?post=11169"}],"curies":[{"name":"wp","href":"https:\/\/api.w.org\/{rel}","templated":true}]}}