{"id":465,"date":"2018-01-25T23:16:20","date_gmt":"2018-01-25T22:16:20","guid":{"rendered":"https:\/\/mymodulo.pl\/?page_id=465"},"modified":"2025-03-03T20:52:04","modified_gmt":"2025-03-03T19:52:04","slug":"czas-i-koszty-dostawy","status":"publish","type":"page","link":"https:\/\/mymodulo.pl\/sklep\/czas-i-koszty-dostawy\/","title":{"rendered":"Czas i koszty dostawy"},"content":{"rendered":"<h2 style=\"text-align: left;\"><span style=\"color: #808080;\"><strong>Czas realizacji<\/strong><\/span><\/h2>\n<p style=\"text-align: left;\">Czas realizacji podany jest w ka\u017cdej karcie produktu i t\u0105 informacj\u0105 nale\u017cy si\u0119 kierowa\u0107.<\/p>\n<h2 style=\"text-align: left;\"><strong style=\"color: #808080;\">Koszty dostawy<\/strong><\/h2>\n<p style=\"text-align: left;\">Nasze produkty dostarczamy za po\u015brednictwem znanych i sprawdzonych firm kurierskich. Najni\u017cszy koszt przesy\u0142ki wynosi 35 z\u0142. Koszt dostawy uzale\u017cniony jest od gabarytu zam\u00f3wionych produkt\u00f3w.<\/p>\n<p style=\"text-align: left;\">\u0141\u00f3\u017cka tapicerowane dostarczane s\u0105 spedycj\u0105 meblow\u0105 lub transportem w\u0142asnym.<br \/>\n250 z\u0142 &#8211; koszt dostawy bez wniesienie, bez monta\u017cu<br \/>\n500 z\u0142 &#8211; koszt dostawy z wniesieniem, bez monta\u017cu<br \/>\nDostawy z monta\u017cem wyceniane s\u0105 indywidualnie. W tym celu nale\u017cy skontaktowa\u0107 si\u0119 z nami pod numerem 510 632 360 lub mailowo na kontakt@mymodulo.pl<\/p>\n<p style=\"text-align: left;\">Koszt dostawy widnieje zawsze w podsumowaniu zam\u00f3wienia.<\/p>\n<p style=\"text-align: left;\"><span style=\"color: #ff0000;\">Ka\u017cdorazowo nale\u017cy sprawdzi\u0107 stan przesy\u0142ki. Je\u017celi zostan\u0105 zauwa\u017cone \u015blady naruszenia przesy\u0142ki (uszkodzenia kartonu, naruszona ta\u015bma pakowa itp.) konieczne jest aby w obecno\u015bci kuriera spisa\u0107 protok\u00f3\u0142 szkody. Taki protok\u00f3\u0142 jest warunkiem zg\u0142oszenia reklamacji w firmie kurierskiej.<\/span><\/p>\n<h2 style=\"text-align: left;\"><span style=\"color: #808080;\"><strong>Dostawy zagraniczne<\/strong><\/span><\/h2>\n<p style=\"text-align: left;\">Dostarczamy nasze produkty r\u00f3wnie\u017c za granic\u0119. Przesy\u0142ki zagraniczne zawsze wyceniamy indywidualnie. Koszt uzale\u017cniony jest od wielko\u015bci zam\u00f3wienia i miejsca dostawy. W celu ustalenia kosztu przesy\u0142ki prosimy o kontakt 510 632 360\u00a0 lub kontakt@mymodulo.pl<\/p>\n<p>Nie realizujemy dostaw poza UE.<\/p>\n<p>&nbsp;<\/p>\n<p>&nbsp;<\/p>\n","protected":false},"excerpt":{"rendered":"<p>Czas realizacji Czas realizacji podany jest w ka\u017cdej karcie produktu i t\u0105 informacj\u0105 nale\u017cy si\u0119 kierowa\u0107. Koszty dostawy Nasze produkty dostarczamy za po\u015brednictwem znanych i sprawdzonych firm kurierskich. Najni\u017cszy koszt przesy\u0142ki wynosi 35 z\u0142. Koszt dostawy uzale\u017cniony jest od gabarytu zam\u00f3wionych produkt\u00f3w. \u0141\u00f3\u017cka tapicerowane dostarczane s\u0105 spedycj\u0105 meblow\u0105 lub transportem w\u0142asnym. 250 z\u0142 &#8211; koszt<\/p>\n","protected":false},"author":1,"featured_media":0,"parent":0,"menu_order":0,"comment_status":"closed","ping_status":"closed","template":"","meta":[],"_links":{"self":[{"href":"https:\/\/mymodulo.pl\/sklep\/wp-json\/wp\/v2\/pages\/465"}],"collection":[{"href":"https:\/\/mymodulo.pl\/sklep\/wp-json\/wp\/v2\/pages"}],"about":[{"href":"https:\/\/mymodulo.pl\/sklep\/wp-json\/wp\/v2\/types\/page"}],"author":[{"embeddable":true,"href":"https:\/\/mymodulo.pl\/sklep\/wp-json\/wp\/v2\/users\/1"}],"replies":[{"embeddable":true,"href":"https:\/\/mymodulo.pl\/sklep\/wp-json\/wp\/v2\/comments?post=465"}],"version-history":[{"count":28,"href":"https:\/\/mymodulo.pl\/sklep\/wp-json\/wp\/v2\/pages\/465\/revisions"}],"predecessor-version":[{"id":11549,"href":"https:\/\/mymodulo.pl\/sklep\/wp-json\/wp\/v2\/pages\/465\/revisions\/11549"}],"wp:attachment":[{"href":"https:\/\/mymodulo.pl\/sklep\/wp-json\/wp\/v2\/media?parent=465"}],"curies":[{"name":"wp","href":"https:\/\/api.w.org\/{rel}","templated":true}]}}